{"id":3462,"date":"2025-07-18T20:15:51","date_gmt":"2025-07-18T19:15:51","guid":{"rendered":"https:\/\/babylove.se\/produkt\/haklapp-wood-fairytales-rose-ng-baby\/"},"modified":"2026-04-08T08:00:39","modified_gmt":"2026-04-08T07:00:39","slug":"haklapp-wood-eventyr-rose-ng-baby","status":"publish","type":"product","link":"https:\/\/babylove.se\/no\/produkt\/haklapp-wood-eventyr-rose-ng-baby\/","title":{"rendered":"Haklapp ,Wood &#038; Fairytales Rose , NG Baby"},"content":{"rendered":"<p>Denne meget fine, myke og \u00f8kologiske smekken er full av vakre figurer p\u00e5 en rosa bakgrunn. Denne modellen er utviklet for \u00e5 beskytte barnet mot \u00e5 s\u00f8le og skitne seg til n\u00e5r det spiser.&nbsp;<\/p>\n<p>Stoffet er laget av bomull som er GOTS-sertifisert og er vannavvisende, det er derfor meget enkelt \u00e5 t\u00f8rke av med en klut eller skylle under rennende vann.&nbsp;<\/p>\n<p>Lett \u00e5 ta p\u00e5 gjennom borrel\u00e5s<span>&nbsp;<\/span>i nakken.<\/p>\n<p><strong>St\u00f8rrelse&nbsp;<\/strong>Bredde: 25 cm | H\u00f8yde: 34 cm<\/p>\n<p><strong>Ytterstoff&nbsp;<\/strong>100 % \u00f8kologisk GOTS-sertifisert bomull<\/p>\n<p><strong>Vasker\u00e5d<\/strong> Vaskes i 40 grader<\/p>\n","protected":false},"excerpt":{"rendered":"<p>Denne meget fine, myke og \u00f8kologiske smekken er full av vakre figurer p\u00e5 en rosa bakgrunn. Denne modellen er utviklet for \u00e5 beskytte barnet mot \u00e5 s\u00f8le og skitne seg til n\u00e5r det spiser.&nbsp; Stoffet er laget av bomull som er GOTS-sertifisert og er vannavvisende, det er derfor meget enkelt \u00e5 t\u00f8rke av med en [&hellip;]<\/p>\n","protected":false},"featured_media":3464,"comment_status":"closed","ping_status":"open","template":"","meta":{"_acf_changed":false},"product_brand":[107],"product_cat":[110,25,109,206],"product_tag":[1689],"class_list":{"0":"post-3462","1":"product","2":"type-product","3":"status-publish","4":"has-post-thumbnail","6":"product_brand-ng-baby","7":"product_cat-cyber-monday","8":"product_cat-ikke-bare-jenter","9":"product_cat-ng-baby","10":"product_cat-smekker","11":"product_tag-bestillingsvaror","13":"first","14":"outofstock","15":"taxable","16":"shipping-taxable","17":"purchasable","18":"product-type-simple"},"acf":[],"yoast_head":"<!-- This site is optimized with the Yoast SEO Premium plugin v25.8 (Yoast SEO v27.2) - https:\/\/yoast.com\/product\/yoast-seo-premium-wordpress\/ -->\n<title>Haklapp ,Wood &amp; Fairytales Rose , NG Baby - Babylove Norska<\/title>\n<meta name=\"robots\" content=\"noindex, follow, max-snippet:-1, max-image-preview:large, max-video-preview:-1\" \/>\n<meta property=\"og:locale\" content=\"nb_NO\" \/>\n<meta property=\"og:type\" content=\"article\" \/>\n<meta property=\"og:title\" content=\"Haklapp ,Wood &amp; Fairytales Rose , NG Baby\" \/>\n<meta property=\"og:description\" content=\"Denne meget fine, myke og \u00f8kologiske smekken er full av vakre figurer p\u00e5 en rosa bakgrunn. Denne modellen er utviklet for \u00e5 beskytte barnet mot \u00e5 s\u00f8le og skitne seg til n\u00e5r det spiser.&nbsp; Stoffet er laget av bomull som er GOTS-sertifisert og er vannavvisende, det er derfor meget enkelt \u00e5 t\u00f8rke av med en [&hellip;]\" \/>\n<meta property=\"og:url\" content=\"https:\/\/babylove.se\/no\/produkt\/haklapp-wood-eventyr-rose-ng-baby\/\" \/>\n<meta property=\"og:site_name\" content=\"Babylove Norska\" \/>\n<meta property=\"article:modified_time\" content=\"2026-04-08T07:00:39+00:00\" \/>\n<meta property=\"og:image\" content=\"https:\/\/babylove.se\/no\/wp-content\/uploads\/sites\/3\/2025\/07\/5dbacfa1dc9ca.jpeg\" \/>\n\t<meta property=\"og:image:width\" content=\"750\" \/>\n\t<meta property=\"og:image:height\" content=\"750\" \/>\n\t<meta property=\"og:image:type\" content=\"image\/jpeg\" \/>\n<meta name=\"twitter:card\" content=\"summary_large_image\" \/>\n<meta name=\"twitter:label1\" content=\"Price\" \/>\n\t<meta name=\"twitter:data1\" content=\"149,00&nbsp;&#107;&#114;\" \/>\n\t<meta name=\"twitter:label2\" content=\"Availability\" \/>\n\t<meta name=\"twitter:data2\" content=\"Out of stock\" \/>\n<script type=\"application\/ld+json\" class=\"yoast-schema-graph\">{\"@context\":\"https:\/\/schema.org\",\"@graph\":[{\"@type\":\"WebPage\",\"@id\":\"https:\/\/babylove.se\/no\/produkt\/haklapp-wood-eventyr-rose-ng-baby\/\",\"url\":\"https:\/\/babylove.se\/no\/produkt\/haklapp-wood-eventyr-rose-ng-baby\/\",\"name\":\"Haklapp ,Wood & Fairytales Rose , NG Baby - Babylove Norska\",\"isPartOf\":{\"@id\":\"https:\/\/babylove.se\/no\/#website\"},\"primaryImageOfPage\":{\"@id\":\"https:\/\/babylove.se\/no\/produkt\/haklapp-wood-eventyr-rose-ng-baby\/#primaryimage\"},\"image\":{\"@id\":\"https:\/\/babylove.se\/no\/produkt\/haklapp-wood-eventyr-rose-ng-baby\/#primaryimage\"},\"thumbnailUrl\":\"https:\/\/babylove.se\/no\/wp-content\/uploads\/sites\/3\/2025\/07\/5dbacfa1dc9ca.jpeg\",\"datePublished\":\"2025-07-18T19:15:51+00:00\",\"dateModified\":\"2026-04-08T07:00:39+00:00\",\"breadcrumb\":{\"@id\":\"https:\/\/babylove.se\/no\/produkt\/haklapp-wood-eventyr-rose-ng-baby\/#breadcrumb\"},\"inLanguage\":\"nb-NO\",\"potentialAction\":[{\"@type\":\"ReadAction\",\"target\":[\"https:\/\/babylove.se\/no\/produkt\/haklapp-wood-eventyr-rose-ng-baby\/\"]}]},{\"@type\":\"ImageObject\",\"inLanguage\":\"nb-NO\",\"@id\":\"https:\/\/babylove.se\/no\/produkt\/haklapp-wood-eventyr-rose-ng-baby\/#primaryimage\",\"url\":\"https:\/\/babylove.se\/no\/wp-content\/uploads\/sites\/3\/2025\/07\/5dbacfa1dc9ca.jpeg\",\"contentUrl\":\"https:\/\/babylove.se\/no\/wp-content\/uploads\/sites\/3\/2025\/07\/5dbacfa1dc9ca.jpeg\",\"width\":750,\"height\":750},{\"@type\":\"BreadcrumbList\",\"@id\":\"https:\/\/babylove.se\/no\/produkt\/haklapp-wood-eventyr-rose-ng-baby\/#breadcrumb\",\"itemListElement\":[{\"@type\":\"ListItem\",\"position\":1,\"name\":\"Hem\",\"item\":\"https:\/\/babylove.se\/no\/\"},{\"@type\":\"ListItem\",\"position\":2,\"name\":\"Butik\",\"item\":\"https:\/\/babylove.se\/no\/butik\/\"},{\"@type\":\"ListItem\",\"position\":3,\"name\":\"Haklapp ,Wood &#038; Fairytales Rose , NG Baby\"}]},{\"@type\":\"WebSite\",\"@id\":\"https:\/\/babylove.se\/no\/#website\",\"url\":\"https:\/\/babylove.se\/no\/\",\"name\":\"Babylove Norska\",\"description\":\"\",\"potentialAction\":[{\"@type\":\"SearchAction\",\"target\":{\"@type\":\"EntryPoint\",\"urlTemplate\":\"https:\/\/babylove.se\/no\/?s={search_term_string}\"},\"query-input\":{\"@type\":\"PropertyValueSpecification\",\"valueRequired\":true,\"valueName\":\"search_term_string\"}}],\"inLanguage\":\"nb-NO\"}]}<\/script>\n<meta property=\"product:brand\" content=\"Ng Baby\" \/>\n<meta property=\"product:price:amount\" content=\"149.00\" \/>\n<meta property=\"product:price:currency\" content=\"SEK\" \/>\n<meta property=\"og:availability\" content=\"out of stock\" \/>\n<meta property=\"product:availability\" content=\"out of stock\" \/>\n<meta property=\"product:retailer_item_id\" content=\"90940516\" \/>\n<meta property=\"product:condition\" content=\"new\" \/>\n<!-- \/ Yoast SEO Premium plugin. -->","yoast_head_json":{"title":"Haklapp ,Wood & Fairytales Rose , NG Baby - Babylove Norska","robots":{"index":"noindex","follow":"follow","max-snippet":"max-snippet:-1","max-image-preview":"max-image-preview:large","max-video-preview":"max-video-preview:-1"},"og_locale":"nb_NO","og_type":"article","og_title":"Haklapp ,Wood & Fairytales Rose , NG Baby","og_description":"Denne meget fine, myke og \u00f8kologiske smekken er full av vakre figurer p\u00e5 en rosa bakgrunn. Denne modellen er utviklet for \u00e5 beskytte barnet mot \u00e5 s\u00f8le og skitne seg til n\u00e5r det spiser.&nbsp; Stoffet er laget av bomull som er GOTS-sertifisert og er vannavvisende, det er derfor meget enkelt \u00e5 t\u00f8rke av med en [&hellip;]","og_url":"https:\/\/babylove.se\/no\/produkt\/haklapp-wood-eventyr-rose-ng-baby\/","og_site_name":"Babylove Norska","article_modified_time":"2026-04-08T07:00:39+00:00","og_image":[{"width":750,"height":750,"url":"https:\/\/babylove.se\/no\/wp-content\/uploads\/sites\/3\/2025\/07\/5dbacfa1dc9ca.jpeg","type":"image\/jpeg"}],"twitter_card":"summary_large_image","twitter_misc":{"Price":"149,00&nbsp;&#107;&#114;","Availability":"Out of stock"},"schema":{"@context":"https:\/\/schema.org","@graph":[{"@type":"WebPage","@id":"https:\/\/babylove.se\/no\/produkt\/haklapp-wood-eventyr-rose-ng-baby\/","url":"https:\/\/babylove.se\/no\/produkt\/haklapp-wood-eventyr-rose-ng-baby\/","name":"Haklapp ,Wood & Fairytales Rose , NG Baby - Babylove Norska","isPartOf":{"@id":"https:\/\/babylove.se\/no\/#website"},"primaryImageOfPage":{"@id":"https:\/\/babylove.se\/no\/produkt\/haklapp-wood-eventyr-rose-ng-baby\/#primaryimage"},"image":{"@id":"https:\/\/babylove.se\/no\/produkt\/haklapp-wood-eventyr-rose-ng-baby\/#primaryimage"},"thumbnailUrl":"https:\/\/babylove.se\/no\/wp-content\/uploads\/sites\/3\/2025\/07\/5dbacfa1dc9ca.jpeg","datePublished":"2025-07-18T19:15:51+00:00","dateModified":"2026-04-08T07:00:39+00:00","breadcrumb":{"@id":"https:\/\/babylove.se\/no\/produkt\/haklapp-wood-eventyr-rose-ng-baby\/#breadcrumb"},"inLanguage":"nb-NO","potentialAction":[{"@type":"ReadAction","target":["https:\/\/babylove.se\/no\/produkt\/haklapp-wood-eventyr-rose-ng-baby\/"]}]},{"@type":"ImageObject","inLanguage":"nb-NO","@id":"https:\/\/babylove.se\/no\/produkt\/haklapp-wood-eventyr-rose-ng-baby\/#primaryimage","url":"https:\/\/babylove.se\/no\/wp-content\/uploads\/sites\/3\/2025\/07\/5dbacfa1dc9ca.jpeg","contentUrl":"https:\/\/babylove.se\/no\/wp-content\/uploads\/sites\/3\/2025\/07\/5dbacfa1dc9ca.jpeg","width":750,"height":750},{"@type":"BreadcrumbList","@id":"https:\/\/babylove.se\/no\/produkt\/haklapp-wood-eventyr-rose-ng-baby\/#breadcrumb","itemListElement":[{"@type":"ListItem","position":1,"name":"Hem","item":"https:\/\/babylove.se\/no\/"},{"@type":"ListItem","position":2,"name":"Butik","item":"https:\/\/babylove.se\/no\/butik\/"},{"@type":"ListItem","position":3,"name":"Haklapp ,Wood &#038; Fairytales Rose , NG Baby"}]},{"@type":"WebSite","@id":"https:\/\/babylove.se\/no\/#website","url":"https:\/\/babylove.se\/no\/","name":"Babylove Norska","description":"","potentialAction":[{"@type":"SearchAction","target":{"@type":"EntryPoint","urlTemplate":"https:\/\/babylove.se\/no\/?s={search_term_string}"},"query-input":{"@type":"PropertyValueSpecification","valueRequired":true,"valueName":"search_term_string"}}],"inLanguage":"nb-NO"}]},"product_brand":"Ng Baby","product_price_amount":"149.00","product_price_currency":"SEK","og_availability":"out of stock","product_availability":"out of stock","product_retailer_item_id":"90940516","product_condition":"new"},"_links":{"self":[{"href":"https:\/\/babylove.se\/no\/wp-json\/wp\/v2\/product\/3462","targetHints":{"allow":["GET"]}}],"collection":[{"href":"https:\/\/babylove.se\/no\/wp-json\/wp\/v2\/product"}],"about":[{"href":"https:\/\/babylove.se\/no\/wp-json\/wp\/v2\/types\/product"}],"replies":[{"embeddable":true,"href":"https:\/\/babylove.se\/no\/wp-json\/wp\/v2\/comments?post=3462"}],"wp:featuredmedia":[{"embeddable":true,"href":"https:\/\/babylove.se\/no\/wp-json\/wp\/v2\/media\/3464"}],"wp:attachment":[{"href":"https:\/\/babylove.se\/no\/wp-json\/wp\/v2\/media?parent=3462"}],"wp:term":[{"taxonomy":"product_brand","embeddable":true,"href":"https:\/\/babylove.se\/no\/wp-json\/wp\/v2\/product_brand?post=3462"},{"taxonomy":"product_cat","embeddable":true,"href":"https:\/\/babylove.se\/no\/wp-json\/wp\/v2\/product_cat?post=3462"},{"taxonomy":"product_tag","embeddable":true,"href":"https:\/\/babylove.se\/no\/wp-json\/wp\/v2\/product_tag?post=3462"}],"curies":[{"name":"wp","href":"https:\/\/api.w.org\/{rel}","templated":true}]}}