{"id":34622,"date":"2025-07-19T00:58:15","date_gmt":"2025-07-18T23:58:15","guid":{"rendered":"https:\/\/babylove.se\/produkt\/pocketmadrass-till-barnsang-treviso-olika-storlekar-och-tjocklekar\/"},"modified":"2026-04-08T12:14:40","modified_gmt":"2026-04-08T11:14:40","slug":"pocketmadrass-til-barneseng-treviso-forskjellige-storrelser-og-tykkelser","status":"publish","type":"product","link":"https:\/\/babylove.se\/no\/produkt\/pocketmadrass-til-barneseng-treviso-forskjellige-storrelser-og-tykkelser\/","title":{"rendered":"Lommeadmadrass til Barneseng, Treviso (forskjellige st\u00f8rrelser og tykkelser)"},"content":{"rendered":"<p>En komfortabel madrass med multipocketfj\u00e6rer som passer til en barneseng eller til en hysseng. Madrassen har et avtagbart overtrekk som gj\u00f8r at du enkelt kan vaske den og holde den frisk.<\/p>\n<p>Madrassen er inndelt i 7 soner med ulik fasthet ved ulike punkter. Pocketfj\u00e6rene gj\u00f8r at madrassen former seg etter kroppens form og vekt for korrekt ergonomisk st\u00f8tte. Rundt fj\u00e6rene ligger polyuretanskum som ikke deformeres hvilket garanterer st\u00f8tte for ryggen og s\u00f8vnkomfort. Treviso er en holdbar madrass da fj\u00e6rene er laget av dobbeltherdet tr\u00e5d som forlenger levetiden betydelig.<\/p>\n<p>Denne barnemadrassen fungerer perfekt til v\u00e5re kjempefine loftsenger og hyssenger.<\/p>\n<p>Madrassen er semi-myk, produsert for \u00e5 passe barn og garanterer en god s\u00f8vn.<\/p>\n<p><u>M\u00e5l p\u00e5 madrassen:<\/u><\/p>\n<p>Finnes i ulike st\u00f8rrelser og to ulike tykkelser &#8211; 14 og 23 cm. Den tykkere varianten finnes bare i de st\u00f8rre st\u00f8rrelsene.<\/p>\n<p><u>Materiale<\/u>: polyuretanskum T25 og multipocketfj\u00e6rer<\/p>\n<p>Vasker\u00e5d: Overtrekk maskinvaskes i 30\u00b0 C &nbsp;<\/p>\n<p>Madrassene produseres i Europa av 100 % OEKO-TEX-sertifisert stoff. Fyllet er antiallergisk samt giftfritt og produseres av sertifisert leverand\u00f8r.<\/p>\n<p><strong>Obs!&nbsp;<\/strong><em>Da madrassen er en spesialprodusert vare, s\u00e5 gjelder ikke angrerett.&nbsp;<\/em><\/p>\n<p><em>Dette er en barnemadrass og er produsert og tilpasset for de minste. Madrassen skal ikke brukes eller testes av voksne.<\/em><\/p>\n<p><em><em>Det kan forekomme fargevariasjoner p\u00e5 skuminnsatsen hvilket skyldes at naturbaserte ingredienser kan variere i farge.<\/em><\/em><\/p>\n","protected":false},"excerpt":{"rendered":"<p>En komfortabel madrass med multipocketfj\u00e6rer som passer til en barneseng eller til en hysseng. Madrassen har et avtagbart overtrekk som gj\u00f8r at du enkelt kan vaske den og holde den frisk. Madrassen er inndelt i 7 soner med ulik fasthet ved ulike punkter. Pocketfj\u00e6rene gj\u00f8r at madrassen former seg etter kroppens form og vekt for [&hellip;]<\/p>\n","protected":false},"featured_media":34624,"comment_status":"closed","ping_status":"open","template":"","meta":{"_acf_changed":false},"product_brand":[378],"product_cat":[377,590],"product_tag":[1689],"class_list":{"0":"post-34622","1":"product","2":"type-product","3":"status-publish","4":"has-post-thumbnail","6":"product_brand-fdm","7":"product_cat-barnmadrasser","8":"product_cat-fdm","9":"product_tag-bestillingsvaror","10":"pa_storlek-100x200-cm","11":"pa_storlek-120x200-cm","12":"pa_storlek-140x190-cm","13":"pa_storlek-140x200-cm","14":"pa_storlek-160x200-cm","15":"pa_storlek-180x200-cm","16":"pa_storlek-200x200-cm","17":"pa_storlek-70x160-cm","18":"pa_storlek-80x140-cm","19":"pa_storlek-80x160-cm","20":"pa_storlek-80x180-cm","21":"pa_storlek-80x190-cm","22":"pa_storlek-80x200-cm","23":"pa_storlek-90x160-cm","24":"pa_storlek-90x180-cm","25":"pa_storlek-90x190-cm","26":"pa_storlek-90x200-cm","27":"pa_tjocklek-14-cm","28":"pa_tjocklek-23-cm","30":"first","31":"instock","32":"taxable","33":"shipping-taxable","34":"purchasable","35":"product-type-variable"},"acf":[],"yoast_head":"<!-- This site is optimized with the Yoast SEO Premium plugin v25.8 (Yoast SEO v27.2) - https:\/\/yoast.com\/product\/yoast-seo-premium-wordpress\/ -->\n<title>Lommeadmadrass til Barneseng, Treviso (forskjellige st\u00f8rrelser og tykkelser) - Babylove Norska<\/title>\n<meta name=\"robots\" content=\"noindex, follow, max-snippet:-1, max-image-preview:large, max-video-preview:-1\" \/>\n<meta property=\"og:locale\" content=\"nb_NO\" \/>\n<meta property=\"og:type\" content=\"article\" \/>\n<meta property=\"og:title\" content=\"Lommeadmadrass til Barneseng, Treviso (forskjellige st\u00f8rrelser og tykkelser)\" \/>\n<meta property=\"og:description\" content=\"En komfortabel madrass med multipocketfj\u00e6rer som passer til en barneseng eller til en hysseng. Madrassen har et avtagbart overtrekk som gj\u00f8r at du enkelt kan vaske den og holde den frisk. Madrassen er inndelt i 7 soner med ulik fasthet ved ulike punkter. Pocketfj\u00e6rene gj\u00f8r at madrassen former seg etter kroppens form og vekt for [&hellip;]\" \/>\n<meta property=\"og:url\" content=\"https:\/\/babylove.se\/no\/produkt\/pocketmadrass-til-barneseng-treviso-forskjellige-storrelser-og-tykkelser\/\" \/>\n<meta property=\"og:site_name\" content=\"Babylove Norska\" \/>\n<meta property=\"article:modified_time\" content=\"2026-04-08T11:14:40+00:00\" \/>\n<meta property=\"og:image\" content=\"https:\/\/babylove.se\/no\/wp-content\/uploads\/sites\/3\/2025\/07\/683ef821784f8.png\" \/>\n\t<meta property=\"og:image:width\" content=\"800\" \/>\n\t<meta property=\"og:image:height\" content=\"800\" \/>\n\t<meta property=\"og:image:type\" content=\"image\/png\" \/>\n<meta name=\"twitter:card\" content=\"summary_large_image\" \/>\n<meta name=\"twitter:label1\" content=\"Availability\" \/>\n\t<meta name=\"twitter:data1\" content=\"In stock\" \/>\n<script type=\"application\/ld+json\" class=\"yoast-schema-graph\">{\"@context\":\"https:\/\/schema.org\",\"@graph\":[{\"@type\":\"WebPage\",\"@id\":\"https:\/\/babylove.se\/no\/produkt\/pocketmadrass-til-barneseng-treviso-forskjellige-storrelser-og-tykkelser\/\",\"url\":\"https:\/\/babylove.se\/no\/produkt\/pocketmadrass-til-barneseng-treviso-forskjellige-storrelser-og-tykkelser\/\",\"name\":\"Lommeadmadrass til Barneseng, Treviso (forskjellige st\u00f8rrelser og tykkelser) - Babylove Norska\",\"isPartOf\":{\"@id\":\"https:\/\/babylove.se\/no\/#website\"},\"primaryImageOfPage\":{\"@id\":\"https:\/\/babylove.se\/no\/produkt\/pocketmadrass-til-barneseng-treviso-forskjellige-storrelser-og-tykkelser\/#primaryimage\"},\"image\":{\"@id\":\"https:\/\/babylove.se\/no\/produkt\/pocketmadrass-til-barneseng-treviso-forskjellige-storrelser-og-tykkelser\/#primaryimage\"},\"thumbnailUrl\":\"https:\/\/babylove.se\/no\/wp-content\/uploads\/sites\/3\/2025\/07\/683ef821784f8.png\",\"datePublished\":\"2025-07-18T23:58:15+00:00\",\"dateModified\":\"2026-04-08T11:14:40+00:00\",\"breadcrumb\":{\"@id\":\"https:\/\/babylove.se\/no\/produkt\/pocketmadrass-til-barneseng-treviso-forskjellige-storrelser-og-tykkelser\/#breadcrumb\"},\"inLanguage\":\"nb-NO\",\"potentialAction\":[{\"@type\":\"ReadAction\",\"target\":[\"https:\/\/babylove.se\/no\/produkt\/pocketmadrass-til-barneseng-treviso-forskjellige-storrelser-og-tykkelser\/\"]}]},{\"@type\":\"ImageObject\",\"inLanguage\":\"nb-NO\",\"@id\":\"https:\/\/babylove.se\/no\/produkt\/pocketmadrass-til-barneseng-treviso-forskjellige-storrelser-og-tykkelser\/#primaryimage\",\"url\":\"https:\/\/babylove.se\/no\/wp-content\/uploads\/sites\/3\/2025\/07\/683ef821784f8.png\",\"contentUrl\":\"https:\/\/babylove.se\/no\/wp-content\/uploads\/sites\/3\/2025\/07\/683ef821784f8.png\",\"width\":800,\"height\":800},{\"@type\":\"BreadcrumbList\",\"@id\":\"https:\/\/babylove.se\/no\/produkt\/pocketmadrass-til-barneseng-treviso-forskjellige-storrelser-og-tykkelser\/#breadcrumb\",\"itemListElement\":[{\"@type\":\"ListItem\",\"position\":1,\"name\":\"Hem\",\"item\":\"https:\/\/babylove.se\/no\/\"},{\"@type\":\"ListItem\",\"position\":2,\"name\":\"Butik\",\"item\":\"https:\/\/babylove.se\/no\/butik\/\"},{\"@type\":\"ListItem\",\"position\":3,\"name\":\"Lommeadmadrass til Barneseng, Treviso (forskjellige st\u00f8rrelser og tykkelser)\"}]},{\"@type\":\"WebSite\",\"@id\":\"https:\/\/babylove.se\/no\/#website\",\"url\":\"https:\/\/babylove.se\/no\/\",\"name\":\"Babylove Norska\",\"description\":\"\",\"potentialAction\":[{\"@type\":\"SearchAction\",\"target\":{\"@type\":\"EntryPoint\",\"urlTemplate\":\"https:\/\/babylove.se\/no\/?s={search_term_string}\"},\"query-input\":{\"@type\":\"PropertyValueSpecification\",\"valueRequired\":true,\"valueName\":\"search_term_string\"}}],\"inLanguage\":\"nb-NO\"}]}<\/script>\n<meta property=\"product:brand\" content=\"FDM\" \/>\n<meta property=\"og:availability\" content=\"instock\" \/>\n<meta property=\"product:availability\" content=\"instock\" \/>\n<meta property=\"product:retailer_item_id\" content=\"Treviso-70x160cm\" \/>\n<meta property=\"product:condition\" content=\"new\" \/>\n<!-- \/ Yoast SEO Premium plugin. -->","yoast_head_json":{"title":"Lommeadmadrass til Barneseng, Treviso (forskjellige st\u00f8rrelser og tykkelser) - Babylove Norska","robots":{"index":"noindex","follow":"follow","max-snippet":"max-snippet:-1","max-image-preview":"max-image-preview:large","max-video-preview":"max-video-preview:-1"},"og_locale":"nb_NO","og_type":"article","og_title":"Lommeadmadrass til Barneseng, Treviso (forskjellige st\u00f8rrelser og tykkelser)","og_description":"En komfortabel madrass med multipocketfj\u00e6rer som passer til en barneseng eller til en hysseng. Madrassen har et avtagbart overtrekk som gj\u00f8r at du enkelt kan vaske den og holde den frisk. Madrassen er inndelt i 7 soner med ulik fasthet ved ulike punkter. Pocketfj\u00e6rene gj\u00f8r at madrassen former seg etter kroppens form og vekt for [&hellip;]","og_url":"https:\/\/babylove.se\/no\/produkt\/pocketmadrass-til-barneseng-treviso-forskjellige-storrelser-og-tykkelser\/","og_site_name":"Babylove Norska","article_modified_time":"2026-04-08T11:14:40+00:00","og_image":[{"width":800,"height":800,"url":"https:\/\/babylove.se\/no\/wp-content\/uploads\/sites\/3\/2025\/07\/683ef821784f8.png","type":"image\/png"}],"twitter_card":"summary_large_image","twitter_misc":{"Availability":"In stock"},"schema":{"@context":"https:\/\/schema.org","@graph":[{"@type":"WebPage","@id":"https:\/\/babylove.se\/no\/produkt\/pocketmadrass-til-barneseng-treviso-forskjellige-storrelser-og-tykkelser\/","url":"https:\/\/babylove.se\/no\/produkt\/pocketmadrass-til-barneseng-treviso-forskjellige-storrelser-og-tykkelser\/","name":"Lommeadmadrass til Barneseng, Treviso (forskjellige st\u00f8rrelser og tykkelser) - Babylove Norska","isPartOf":{"@id":"https:\/\/babylove.se\/no\/#website"},"primaryImageOfPage":{"@id":"https:\/\/babylove.se\/no\/produkt\/pocketmadrass-til-barneseng-treviso-forskjellige-storrelser-og-tykkelser\/#primaryimage"},"image":{"@id":"https:\/\/babylove.se\/no\/produkt\/pocketmadrass-til-barneseng-treviso-forskjellige-storrelser-og-tykkelser\/#primaryimage"},"thumbnailUrl":"https:\/\/babylove.se\/no\/wp-content\/uploads\/sites\/3\/2025\/07\/683ef821784f8.png","datePublished":"2025-07-18T23:58:15+00:00","dateModified":"2026-04-08T11:14:40+00:00","breadcrumb":{"@id":"https:\/\/babylove.se\/no\/produkt\/pocketmadrass-til-barneseng-treviso-forskjellige-storrelser-og-tykkelser\/#breadcrumb"},"inLanguage":"nb-NO","potentialAction":[{"@type":"ReadAction","target":["https:\/\/babylove.se\/no\/produkt\/pocketmadrass-til-barneseng-treviso-forskjellige-storrelser-og-tykkelser\/"]}]},{"@type":"ImageObject","inLanguage":"nb-NO","@id":"https:\/\/babylove.se\/no\/produkt\/pocketmadrass-til-barneseng-treviso-forskjellige-storrelser-og-tykkelser\/#primaryimage","url":"https:\/\/babylove.se\/no\/wp-content\/uploads\/sites\/3\/2025\/07\/683ef821784f8.png","contentUrl":"https:\/\/babylove.se\/no\/wp-content\/uploads\/sites\/3\/2025\/07\/683ef821784f8.png","width":800,"height":800},{"@type":"BreadcrumbList","@id":"https:\/\/babylove.se\/no\/produkt\/pocketmadrass-til-barneseng-treviso-forskjellige-storrelser-og-tykkelser\/#breadcrumb","itemListElement":[{"@type":"ListItem","position":1,"name":"Hem","item":"https:\/\/babylove.se\/no\/"},{"@type":"ListItem","position":2,"name":"Butik","item":"https:\/\/babylove.se\/no\/butik\/"},{"@type":"ListItem","position":3,"name":"Lommeadmadrass til Barneseng, Treviso (forskjellige st\u00f8rrelser og tykkelser)"}]},{"@type":"WebSite","@id":"https:\/\/babylove.se\/no\/#website","url":"https:\/\/babylove.se\/no\/","name":"Babylove Norska","description":"","potentialAction":[{"@type":"SearchAction","target":{"@type":"EntryPoint","urlTemplate":"https:\/\/babylove.se\/no\/?s={search_term_string}"},"query-input":{"@type":"PropertyValueSpecification","valueRequired":true,"valueName":"search_term_string"}}],"inLanguage":"nb-NO"}]},"product_brand":"FDM","og_availability":"instock","product_availability":"instock","product_retailer_item_id":"Treviso-70x160cm","product_condition":"new"},"_links":{"self":[{"href":"https:\/\/babylove.se\/no\/wp-json\/wp\/v2\/product\/34622","targetHints":{"allow":["GET"]}}],"collection":[{"href":"https:\/\/babylove.se\/no\/wp-json\/wp\/v2\/product"}],"about":[{"href":"https:\/\/babylove.se\/no\/wp-json\/wp\/v2\/types\/product"}],"replies":[{"embeddable":true,"href":"https:\/\/babylove.se\/no\/wp-json\/wp\/v2\/comments?post=34622"}],"wp:featuredmedia":[{"embeddable":true,"href":"https:\/\/babylove.se\/no\/wp-json\/wp\/v2\/media\/34624"}],"wp:attachment":[{"href":"https:\/\/babylove.se\/no\/wp-json\/wp\/v2\/media?parent=34622"}],"wp:term":[{"taxonomy":"product_brand","embeddable":true,"href":"https:\/\/babylove.se\/no\/wp-json\/wp\/v2\/product_brand?post=34622"},{"taxonomy":"product_cat","embeddable":true,"href":"https:\/\/babylove.se\/no\/wp-json\/wp\/v2\/product_cat?post=34622"},{"taxonomy":"product_tag","embeddable":true,"href":"https:\/\/babylove.se\/no\/wp-json\/wp\/v2\/product_tag?post=34622"}],"curies":[{"name":"wp","href":"https:\/\/api.w.org\/{rel}","templated":true}]}}