{"id":34685,"date":"2025-07-19T00:58:54","date_gmt":"2025-07-18T23:58:54","guid":{"rendered":"https:\/\/babylove.se\/produkt\/barnsang-lisa-90x190-cm\/"},"modified":"2026-04-08T12:14:51","modified_gmt":"2026-04-08T11:14:51","slug":"barneseng-lisa-90x190-cm","status":"publish","type":"product","link":"https:\/\/babylove.se\/no\/produkt\/barneseng-lisa-90x190-cm\/","title":{"rendered":"Barneseng Lisa 90&#215;190 cm"},"content":{"rendered":"<p>En underbart vakker barneseng i en klassisk form. Denne sengen vil l\u00f8fte barnerommet ditt til utrolige h\u00f8yder. B\u00e5de koselig og deilig \u00e5 sove i, og en perfekt seng for \u00e5 leke i eller bygge opp kosehj\u00f8rnet. En seng i skandinavisk stilren stil som passer overalt og i alle typer rom. Du kan enkelt dekorere den med fine vimpler eller lysslynger for \u00e5 f\u00e5 mer effekt.&nbsp;<\/p>\n<p><strong>Litt fakta<\/strong>:<\/p>\n<ul>\n<li>Naturfarget (ubehandlet)<\/li>\n<li>Ribbund f\u00f8lger med<\/li>\n<li>Sengen leveres umontert men er enkel \u00e5 sette sammen<\/li>\n<li>Maks belastning 100 kg<\/li>\n<li>\n<p>Madrass f\u00f8lger ikke med, men ta gjerne en titt p\u00e5 v\u00e5rt store madrassutvalg. Vi anbefaler en skummadrass med tykkelse p\u00e5 ca 12 cm.<\/p>\n<\/li>\n<\/ul>\n<p><strong>M\u00e5l<\/strong>:&nbsp;<\/p>\n<ul>\n<li>Reddem\u00e5l 90 x 190 cm<\/li>\n<li>Sengens totale m\u00e5l 99 x199 cm<\/li>\n<li>Total h\u00f8yde ca 50 cm<\/li>\n<li>Beinh\u00f8yde 10 cm (som p\u00e5 bildet)<\/li>\n<li>Madrassh\u00f8yde 27 cm (h\u00f8yden opp til madrassen)&nbsp;<\/li>\n<li>St\u00f8ttebrett er 1\/2 av lengden&nbsp;<\/li>\n<li>St\u00f8ttebrett kan monteres p\u00e5 \u00f8nsket side<\/li>\n<li>St\u00f8ttebrettets h\u00f8yde er 30 cm<\/li>\n<li>St\u00f8ttebrettet kan tas av<\/li>\n<\/ul>\n<p><em>Obs!&nbsp;<\/em><em>Sengen leveres umontert og b\u00f8r settes sammen i rommet den skal brukes i.<\/em><\/p>\n","protected":false},"excerpt":{"rendered":"<p>En underbart vakker barneseng i en klassisk form. Denne sengen vil l\u00f8fte barnerommet ditt til utrolige h\u00f8yder. B\u00e5de koselig og deilig \u00e5 sove i, og en perfekt seng for \u00e5 leke i eller bygge opp kosehj\u00f8rnet. En seng i skandinavisk stilren stil som passer overalt og i alle typer rom. Du kan enkelt dekorere den [&hellip;]<\/p>\n","protected":false},"featured_media":34687,"comment_status":"closed","ping_status":"open","template":"","meta":{"_acf_changed":false},"product_brand":[600],"product_cat":[602,269,940,280,40],"product_tag":[1689],"class_list":{"0":"post-34685","1":"product","2":"type-product","3":"status-publish","4":"has-post-thumbnail","6":"product_brand-luletto","7":"product_cat-babylove-lul","8":"product_cat-juniorsenger","9":"product_cat-luletto-rask-levering","10":"product_cat-senger-med-rask-levering","11":"product_cat-soverom-barn","12":"product_tag-bestillingsvaror","14":"first","15":"instock","16":"taxable","17":"shipping-taxable","18":"purchasable","19":"product-type-simple"},"acf":[],"yoast_head":"<!-- This site is optimized with the Yoast SEO Premium plugin v25.8 (Yoast SEO v27.2) - https:\/\/yoast.com\/product\/yoast-seo-premium-wordpress\/ -->\n<title>Barneseng Lisa 90x190 cm - Babylove Norska<\/title>\n<meta name=\"robots\" content=\"noindex, follow, max-snippet:-1, max-image-preview:large, max-video-preview:-1\" \/>\n<meta property=\"og:locale\" content=\"nb_NO\" \/>\n<meta property=\"og:type\" content=\"article\" \/>\n<meta property=\"og:title\" content=\"Barneseng Lisa 90x190 cm\" \/>\n<meta property=\"og:description\" content=\"En underbart vakker barneseng i en klassisk form. Denne sengen vil l\u00f8fte barnerommet ditt til utrolige h\u00f8yder. B\u00e5de koselig og deilig \u00e5 sove i, og en perfekt seng for \u00e5 leke i eller bygge opp kosehj\u00f8rnet. En seng i skandinavisk stilren stil som passer overalt og i alle typer rom. Du kan enkelt dekorere den [&hellip;]\" \/>\n<meta property=\"og:url\" content=\"https:\/\/babylove.se\/no\/produkt\/barneseng-lisa-90x190-cm\/\" \/>\n<meta property=\"og:site_name\" content=\"Babylove Norska\" \/>\n<meta property=\"article:modified_time\" content=\"2026-04-08T11:14:51+00:00\" \/>\n<meta property=\"og:image\" content=\"https:\/\/babylove.se\/no\/wp-content\/uploads\/sites\/3\/2025\/07\/6245b1bba4676.jpeg\" \/>\n\t<meta property=\"og:image:width\" content=\"2048\" \/>\n\t<meta property=\"og:image:height\" content=\"2048\" \/>\n\t<meta property=\"og:image:type\" content=\"image\/jpeg\" \/>\n<meta name=\"twitter:card\" content=\"summary_large_image\" \/>\n<meta name=\"twitter:label1\" content=\"Price\" \/>\n\t<meta name=\"twitter:data1\" content=\"5 199,00&nbsp;&#107;&#114;\" \/>\n\t<meta name=\"twitter:label2\" content=\"Availability\" \/>\n\t<meta name=\"twitter:data2\" content=\"In stock\" \/>\n<script type=\"application\/ld+json\" class=\"yoast-schema-graph\">{\"@context\":\"https:\/\/schema.org\",\"@graph\":[{\"@type\":\"WebPage\",\"@id\":\"https:\/\/babylove.se\/no\/produkt\/barneseng-lisa-90x190-cm\/\",\"url\":\"https:\/\/babylove.se\/no\/produkt\/barneseng-lisa-90x190-cm\/\",\"name\":\"Barneseng Lisa 90x190 cm - Babylove Norska\",\"isPartOf\":{\"@id\":\"https:\/\/babylove.se\/no\/#website\"},\"primaryImageOfPage\":{\"@id\":\"https:\/\/babylove.se\/no\/produkt\/barneseng-lisa-90x190-cm\/#primaryimage\"},\"image\":{\"@id\":\"https:\/\/babylove.se\/no\/produkt\/barneseng-lisa-90x190-cm\/#primaryimage\"},\"thumbnailUrl\":\"https:\/\/babylove.se\/no\/wp-content\/uploads\/sites\/3\/2025\/07\/6245b1bba4676.jpeg\",\"datePublished\":\"2025-07-18T23:58:54+00:00\",\"dateModified\":\"2026-04-08T11:14:51+00:00\",\"breadcrumb\":{\"@id\":\"https:\/\/babylove.se\/no\/produkt\/barneseng-lisa-90x190-cm\/#breadcrumb\"},\"inLanguage\":\"nb-NO\",\"potentialAction\":[{\"@type\":\"ReadAction\",\"target\":[\"https:\/\/babylove.se\/no\/produkt\/barneseng-lisa-90x190-cm\/\"]}]},{\"@type\":\"ImageObject\",\"inLanguage\":\"nb-NO\",\"@id\":\"https:\/\/babylove.se\/no\/produkt\/barneseng-lisa-90x190-cm\/#primaryimage\",\"url\":\"https:\/\/babylove.se\/no\/wp-content\/uploads\/sites\/3\/2025\/07\/6245b1bba4676.jpeg\",\"contentUrl\":\"https:\/\/babylove.se\/no\/wp-content\/uploads\/sites\/3\/2025\/07\/6245b1bba4676.jpeg\",\"width\":2048,\"height\":2048},{\"@type\":\"BreadcrumbList\",\"@id\":\"https:\/\/babylove.se\/no\/produkt\/barneseng-lisa-90x190-cm\/#breadcrumb\",\"itemListElement\":[{\"@type\":\"ListItem\",\"position\":1,\"name\":\"Hem\",\"item\":\"https:\/\/babylove.se\/no\/\"},{\"@type\":\"ListItem\",\"position\":2,\"name\":\"Butik\",\"item\":\"https:\/\/babylove.se\/no\/butik\/\"},{\"@type\":\"ListItem\",\"position\":3,\"name\":\"Barneseng Lisa 90&#215;190 cm\"}]},{\"@type\":\"WebSite\",\"@id\":\"https:\/\/babylove.se\/no\/#website\",\"url\":\"https:\/\/babylove.se\/no\/\",\"name\":\"Babylove Norska\",\"description\":\"\",\"potentialAction\":[{\"@type\":\"SearchAction\",\"target\":{\"@type\":\"EntryPoint\",\"urlTemplate\":\"https:\/\/babylove.se\/no\/?s={search_term_string}\"},\"query-input\":{\"@type\":\"PropertyValueSpecification\",\"valueRequired\":true,\"valueName\":\"search_term_string\"}}],\"inLanguage\":\"nb-NO\"}]}<\/script>\n<meta property=\"product:brand\" content=\"Luletto\" \/>\n<meta property=\"product:price:amount\" content=\"5199.00\" \/>\n<meta property=\"product:price:currency\" content=\"SEK\" \/>\n<meta property=\"og:availability\" content=\"instock\" \/>\n<meta property=\"product:availability\" content=\"instock\" \/>\n<meta property=\"product:retailer_item_id\" content=\"1AE9-942E4\" \/>\n<meta property=\"product:condition\" content=\"new\" \/>\n<!-- \/ Yoast SEO Premium plugin. -->","yoast_head_json":{"title":"Barneseng Lisa 90x190 cm - Babylove Norska","robots":{"index":"noindex","follow":"follow","max-snippet":"max-snippet:-1","max-image-preview":"max-image-preview:large","max-video-preview":"max-video-preview:-1"},"og_locale":"nb_NO","og_type":"article","og_title":"Barneseng Lisa 90x190 cm","og_description":"En underbart vakker barneseng i en klassisk form. Denne sengen vil l\u00f8fte barnerommet ditt til utrolige h\u00f8yder. B\u00e5de koselig og deilig \u00e5 sove i, og en perfekt seng for \u00e5 leke i eller bygge opp kosehj\u00f8rnet. En seng i skandinavisk stilren stil som passer overalt og i alle typer rom. Du kan enkelt dekorere den [&hellip;]","og_url":"https:\/\/babylove.se\/no\/produkt\/barneseng-lisa-90x190-cm\/","og_site_name":"Babylove Norska","article_modified_time":"2026-04-08T11:14:51+00:00","og_image":[{"width":2048,"height":2048,"url":"https:\/\/babylove.se\/no\/wp-content\/uploads\/sites\/3\/2025\/07\/6245b1bba4676.jpeg","type":"image\/jpeg"}],"twitter_card":"summary_large_image","twitter_misc":{"Price":"5 199,00&nbsp;&#107;&#114;","Availability":"In stock"},"schema":{"@context":"https:\/\/schema.org","@graph":[{"@type":"WebPage","@id":"https:\/\/babylove.se\/no\/produkt\/barneseng-lisa-90x190-cm\/","url":"https:\/\/babylove.se\/no\/produkt\/barneseng-lisa-90x190-cm\/","name":"Barneseng Lisa 90x190 cm - Babylove Norska","isPartOf":{"@id":"https:\/\/babylove.se\/no\/#website"},"primaryImageOfPage":{"@id":"https:\/\/babylove.se\/no\/produkt\/barneseng-lisa-90x190-cm\/#primaryimage"},"image":{"@id":"https:\/\/babylove.se\/no\/produkt\/barneseng-lisa-90x190-cm\/#primaryimage"},"thumbnailUrl":"https:\/\/babylove.se\/no\/wp-content\/uploads\/sites\/3\/2025\/07\/6245b1bba4676.jpeg","datePublished":"2025-07-18T23:58:54+00:00","dateModified":"2026-04-08T11:14:51+00:00","breadcrumb":{"@id":"https:\/\/babylove.se\/no\/produkt\/barneseng-lisa-90x190-cm\/#breadcrumb"},"inLanguage":"nb-NO","potentialAction":[{"@type":"ReadAction","target":["https:\/\/babylove.se\/no\/produkt\/barneseng-lisa-90x190-cm\/"]}]},{"@type":"ImageObject","inLanguage":"nb-NO","@id":"https:\/\/babylove.se\/no\/produkt\/barneseng-lisa-90x190-cm\/#primaryimage","url":"https:\/\/babylove.se\/no\/wp-content\/uploads\/sites\/3\/2025\/07\/6245b1bba4676.jpeg","contentUrl":"https:\/\/babylove.se\/no\/wp-content\/uploads\/sites\/3\/2025\/07\/6245b1bba4676.jpeg","width":2048,"height":2048},{"@type":"BreadcrumbList","@id":"https:\/\/babylove.se\/no\/produkt\/barneseng-lisa-90x190-cm\/#breadcrumb","itemListElement":[{"@type":"ListItem","position":1,"name":"Hem","item":"https:\/\/babylove.se\/no\/"},{"@type":"ListItem","position":2,"name":"Butik","item":"https:\/\/babylove.se\/no\/butik\/"},{"@type":"ListItem","position":3,"name":"Barneseng Lisa 90&#215;190 cm"}]},{"@type":"WebSite","@id":"https:\/\/babylove.se\/no\/#website","url":"https:\/\/babylove.se\/no\/","name":"Babylove Norska","description":"","potentialAction":[{"@type":"SearchAction","target":{"@type":"EntryPoint","urlTemplate":"https:\/\/babylove.se\/no\/?s={search_term_string}"},"query-input":{"@type":"PropertyValueSpecification","valueRequired":true,"valueName":"search_term_string"}}],"inLanguage":"nb-NO"}]},"product_brand":"Luletto","product_price_amount":"5199.00","product_price_currency":"SEK","og_availability":"instock","product_availability":"instock","product_retailer_item_id":"1AE9-942E4","product_condition":"new"},"_links":{"self":[{"href":"https:\/\/babylove.se\/no\/wp-json\/wp\/v2\/product\/34685","targetHints":{"allow":["GET"]}}],"collection":[{"href":"https:\/\/babylove.se\/no\/wp-json\/wp\/v2\/product"}],"about":[{"href":"https:\/\/babylove.se\/no\/wp-json\/wp\/v2\/types\/product"}],"replies":[{"embeddable":true,"href":"https:\/\/babylove.se\/no\/wp-json\/wp\/v2\/comments?post=34685"}],"wp:featuredmedia":[{"embeddable":true,"href":"https:\/\/babylove.se\/no\/wp-json\/wp\/v2\/media\/34687"}],"wp:attachment":[{"href":"https:\/\/babylove.se\/no\/wp-json\/wp\/v2\/media?parent=34685"}],"wp:term":[{"taxonomy":"product_brand","embeddable":true,"href":"https:\/\/babylove.se\/no\/wp-json\/wp\/v2\/product_brand?post=34685"},{"taxonomy":"product_cat","embeddable":true,"href":"https:\/\/babylove.se\/no\/wp-json\/wp\/v2\/product_cat?post=34685"},{"taxonomy":"product_tag","embeddable":true,"href":"https:\/\/babylove.se\/no\/wp-json\/wp\/v2\/product_tag?post=34685"}],"curies":[{"name":"wp","href":"https:\/\/api.w.org\/{rel}","templated":true}]}}