{"id":34691,"date":"2025-07-19T00:58:54","date_gmt":"2025-07-18T23:58:54","guid":{"rendered":"https:\/\/babylove.se\/produkt\/vit-hussang-alex-90x190-cm-med-extrasang\/"},"modified":"2026-04-08T12:14:54","modified_gmt":"2026-04-08T11:14:54","slug":"hvit-husseng-alex-90x190-cm-med-ekstraseng","status":"publish","type":"product","link":"https:\/\/babylove.se\/no\/produkt\/hvit-husseng-alex-90x190-cm-med-ekstraseng\/","title":{"rendered":"Hvit husmadass Alex 90&#215;190 cm med ekstraseng"},"content":{"rendered":"<p>Alex er v\u00e5r storselger Bianca sin tvillings\u00f8ster!<br \/>\nDet som skiller dem fra hverandre, er formen p\u00e5 spilene. <\/p>\n<p>Denne fantastiske husseng er helt h\u00e5ndlaget med stor lidenskap<em>, <\/em>av h\u00f8ykvalitets limtre.<br \/>\nLimtre har fordelen, sammenlignet med massivt tre, at de ikke sprekker og at det ikke finnes noen kvister som p\u00e5virker utseendet. <\/p>\n<p>En stabil og vakker seng av h\u00f8y kvalitet! <\/p>\n<ul>\n<li>Sengem\u00e5l seng &#8211; <em>90&#215;190<\/em> cm<\/li>\n<li>Sengem\u00e5l ekstraseng &#8211; 90<em>x180 <\/em>cm. Madrassen maks tykkelse<em> 9<\/em> cm (ellers f\u00e5r den ikke plass under sengen)<\/li>\n<li>Sengens totale m\u00e5l &#8211; 99&#215;199 cm<\/li>\n<li>Sengens total h\u00f8yde &#8211; 150 cm<\/li>\n<li>Benh\u00f8yde &#8211; 10 cm<\/li>\n<li>Inngang monteres p\u00e5 valgfri side<\/li>\n<li>H\u00f8yde p\u00e5 rekkverk er 25 cm. 5 cm mellom spilene.<\/li>\n<li>Avtagbar st\u00f8tteplate er ca 1\/2 av sengens lengde.<\/li>\n<li>Maksvekt. 100 kg<\/li>\n<\/ul>\n<p>Madrasser er ikke inkludert, men finnes \u00e5 kj\u00f8pe i v\u00e5rt store utvalg! <\/p>\n<p>Vi anbefaler en skummadrass med tykkelse p\u00e5 <em>10-12 cm<\/em> for den \u00f8verste sengen og <em>maks 9 cm<\/em> for ekstrasengen. Hvis madrassen til ekstrasengen er tykkere enn 9 cm vil ikke ekstrasengen kunne rulles ut. <\/p>\n<p><em>OBS! Dette er en seng produsert og tilpasset for barn. <em>Sengen leveres umontert og b\u00f8r settes sammen i rommet den skal brukes i.<\/em><\/em><\/p>\n","protected":false},"excerpt":{"rendered":"<p>Alex er v\u00e5r storselger Bianca sin tvillings\u00f8ster! Det som skiller dem fra hverandre, er formen p\u00e5 spilene. Denne fantastiske husseng er helt h\u00e5ndlaget med stor lidenskap, av h\u00f8ykvalitets limtre. Limtre har fordelen, sammenlignet med massivt tre, at de ikke sprekker og at det ikke finnes noen kvister som p\u00e5virker utseendet. En stabil og vakker seng [&hellip;]<\/p>\n","protected":false},"featured_media":34693,"comment_status":"open","ping_status":"closed","template":"","meta":{"_acf_changed":false},"product_brand":[600],"product_cat":[602,217,269,601,40,1712],"product_tag":[1689],"class_list":{"0":"post-34691","1":"product","2":"type-product","3":"status-publish","4":"has-post-thumbnail","6":"product_brand-luletto","7":"product_cat-babylove-lul","8":"product_cat-sengesanger","9":"product_cat-juniorsenger","10":"product_cat-baby","11":"product_cat-soverom-barn","12":"product_cat-uttrekkbare-senger","13":"product_tag-bestillingsvaror","15":"first","16":"instock","17":"taxable","18":"shipping-taxable","19":"purchasable","20":"product-type-simple"},"acf":[],"yoast_head":"<!-- This site is optimized with the Yoast SEO Premium plugin v25.8 (Yoast SEO v27.2) - https:\/\/yoast.com\/product\/yoast-seo-premium-wordpress\/ -->\n<title>Huss\u00e4ng Bianca | Huss\u00e4ng till barnrummet | Babylove.se<\/title>\n<meta name=\"description\" content=\"Fantastisk Huss\u00e4ng i Tr\u00e4 i olika varianter ! - H\u00f6g Kvalitet - FRI Frakt \u00f6ver 999 kr - Snabba Leveranser - Betala med Klarna Faktura - V\u00e4lkommen!\" \/>\n<meta name=\"robots\" content=\"noindex, follow, max-snippet:-1, max-image-preview:large, max-video-preview:-1\" \/>\n<meta property=\"og:locale\" content=\"nb_NO\" \/>\n<meta property=\"og:type\" content=\"article\" \/>\n<meta property=\"og:title\" content=\"Hvit husmadass Alex 90x190 cm med ekstraseng\" \/>\n<meta property=\"og:description\" content=\"Fantastisk Huss\u00e4ng i Tr\u00e4 i olika varianter ! - H\u00f6g Kvalitet - FRI Frakt \u00f6ver 999 kr - Snabba Leveranser - Betala med Klarna Faktura - V\u00e4lkommen!\" \/>\n<meta property=\"og:url\" content=\"https:\/\/babylove.se\/no\/produkt\/hvit-husseng-alex-90x190-cm-med-ekstraseng\/\" \/>\n<meta property=\"og:site_name\" content=\"Babylove Norska\" \/>\n<meta property=\"article:modified_time\" content=\"2026-04-08T11:14:54+00:00\" \/>\n<meta property=\"og:image\" content=\"https:\/\/babylove.se\/no\/wp-content\/uploads\/sites\/3\/2025\/07\/6245b37096370.jpeg\" \/>\n\t<meta property=\"og:image:width\" content=\"800\" \/>\n\t<meta property=\"og:image:height\" content=\"800\" \/>\n\t<meta property=\"og:image:type\" content=\"image\/jpeg\" \/>\n<meta name=\"twitter:card\" content=\"summary_large_image\" \/>\n<meta name=\"twitter:label1\" content=\"Price\" \/>\n\t<meta name=\"twitter:data1\" content=\"7 299,00&nbsp;&#107;&#114;\" \/>\n\t<meta name=\"twitter:label2\" content=\"Availability\" \/>\n\t<meta name=\"twitter:data2\" content=\"In stock\" \/>\n<script type=\"application\/ld+json\" class=\"yoast-schema-graph\">{\"@context\":\"https:\/\/schema.org\",\"@graph\":[{\"@type\":\"WebPage\",\"@id\":\"https:\/\/babylove.se\/no\/produkt\/hvit-husseng-alex-90x190-cm-med-ekstraseng\/\",\"url\":\"https:\/\/babylove.se\/no\/produkt\/hvit-husseng-alex-90x190-cm-med-ekstraseng\/\",\"name\":\"Huss\u00e4ng Bianca | Huss\u00e4ng till barnrummet | Babylove.se\",\"isPartOf\":{\"@id\":\"https:\/\/babylove.se\/no\/#website\"},\"primaryImageOfPage\":{\"@id\":\"https:\/\/babylove.se\/no\/produkt\/hvit-husseng-alex-90x190-cm-med-ekstraseng\/#primaryimage\"},\"image\":{\"@id\":\"https:\/\/babylove.se\/no\/produkt\/hvit-husseng-alex-90x190-cm-med-ekstraseng\/#primaryimage\"},\"thumbnailUrl\":\"https:\/\/babylove.se\/no\/wp-content\/uploads\/sites\/3\/2025\/07\/6245b37096370.jpeg\",\"datePublished\":\"2025-07-18T23:58:54+00:00\",\"dateModified\":\"2026-04-08T11:14:54+00:00\",\"description\":\"Fantastisk Huss\u00e4ng i Tr\u00e4 i olika varianter ! - H\u00f6g Kvalitet - FRI Frakt \u00f6ver 999 kr - Snabba Leveranser - Betala med Klarna Faktura - V\u00e4lkommen!\",\"breadcrumb\":{\"@id\":\"https:\/\/babylove.se\/no\/produkt\/hvit-husseng-alex-90x190-cm-med-ekstraseng\/#breadcrumb\"},\"inLanguage\":\"nb-NO\",\"potentialAction\":[{\"@type\":\"ReadAction\",\"target\":[\"https:\/\/babylove.se\/no\/produkt\/hvit-husseng-alex-90x190-cm-med-ekstraseng\/\"]}]},{\"@type\":\"ImageObject\",\"inLanguage\":\"nb-NO\",\"@id\":\"https:\/\/babylove.se\/no\/produkt\/hvit-husseng-alex-90x190-cm-med-ekstraseng\/#primaryimage\",\"url\":\"https:\/\/babylove.se\/no\/wp-content\/uploads\/sites\/3\/2025\/07\/6245b37096370.jpeg\",\"contentUrl\":\"https:\/\/babylove.se\/no\/wp-content\/uploads\/sites\/3\/2025\/07\/6245b37096370.jpeg\",\"width\":800,\"height\":800},{\"@type\":\"BreadcrumbList\",\"@id\":\"https:\/\/babylove.se\/no\/produkt\/hvit-husseng-alex-90x190-cm-med-ekstraseng\/#breadcrumb\",\"itemListElement\":[{\"@type\":\"ListItem\",\"position\":1,\"name\":\"Hem\",\"item\":\"https:\/\/babylove.se\/no\/\"},{\"@type\":\"ListItem\",\"position\":2,\"name\":\"Butik\",\"item\":\"https:\/\/babylove.se\/no\/butik\/\"},{\"@type\":\"ListItem\",\"position\":3,\"name\":\"Hvit husmadass Alex 90&#215;190 cm med ekstraseng\"}]},{\"@type\":\"WebSite\",\"@id\":\"https:\/\/babylove.se\/no\/#website\",\"url\":\"https:\/\/babylove.se\/no\/\",\"name\":\"Babylove Norska\",\"description\":\"\",\"potentialAction\":[{\"@type\":\"SearchAction\",\"target\":{\"@type\":\"EntryPoint\",\"urlTemplate\":\"https:\/\/babylove.se\/no\/?s={search_term_string}\"},\"query-input\":{\"@type\":\"PropertyValueSpecification\",\"valueRequired\":true,\"valueName\":\"search_term_string\"}}],\"inLanguage\":\"nb-NO\"}]}<\/script>\n<meta property=\"product:brand\" content=\"Luletto\" \/>\n<meta property=\"product:price:amount\" content=\"7299.00\" \/>\n<meta property=\"product:price:currency\" content=\"SEK\" \/>\n<meta property=\"og:availability\" content=\"instock\" \/>\n<meta property=\"product:availability\" content=\"instock\" \/>\n<meta property=\"product:retailer_item_id\" content=\"A393-3749A\" \/>\n<meta property=\"product:condition\" content=\"new\" \/>\n<!-- \/ Yoast SEO Premium plugin. -->","yoast_head_json":{"title":"Huss\u00e4ng Bianca | Huss\u00e4ng till barnrummet | Babylove.se","description":"Fantastisk Huss\u00e4ng i Tr\u00e4 i olika varianter ! - H\u00f6g Kvalitet - FRI Frakt \u00f6ver 999 kr - Snabba Leveranser - Betala med Klarna Faktura - V\u00e4lkommen!","robots":{"index":"noindex","follow":"follow","max-snippet":"max-snippet:-1","max-image-preview":"max-image-preview:large","max-video-preview":"max-video-preview:-1"},"og_locale":"nb_NO","og_type":"article","og_title":"Hvit husmadass Alex 90x190 cm med ekstraseng","og_description":"Fantastisk Huss\u00e4ng i Tr\u00e4 i olika varianter ! - H\u00f6g Kvalitet - FRI Frakt \u00f6ver 999 kr - Snabba Leveranser - Betala med Klarna Faktura - V\u00e4lkommen!","og_url":"https:\/\/babylove.se\/no\/produkt\/hvit-husseng-alex-90x190-cm-med-ekstraseng\/","og_site_name":"Babylove Norska","article_modified_time":"2026-04-08T11:14:54+00:00","og_image":[{"width":800,"height":800,"url":"https:\/\/babylove.se\/no\/wp-content\/uploads\/sites\/3\/2025\/07\/6245b37096370.jpeg","type":"image\/jpeg"}],"twitter_card":"summary_large_image","twitter_misc":{"Price":"7 299,00&nbsp;&#107;&#114;","Availability":"In stock"},"schema":{"@context":"https:\/\/schema.org","@graph":[{"@type":"WebPage","@id":"https:\/\/babylove.se\/no\/produkt\/hvit-husseng-alex-90x190-cm-med-ekstraseng\/","url":"https:\/\/babylove.se\/no\/produkt\/hvit-husseng-alex-90x190-cm-med-ekstraseng\/","name":"Huss\u00e4ng Bianca | Huss\u00e4ng till barnrummet | Babylove.se","isPartOf":{"@id":"https:\/\/babylove.se\/no\/#website"},"primaryImageOfPage":{"@id":"https:\/\/babylove.se\/no\/produkt\/hvit-husseng-alex-90x190-cm-med-ekstraseng\/#primaryimage"},"image":{"@id":"https:\/\/babylove.se\/no\/produkt\/hvit-husseng-alex-90x190-cm-med-ekstraseng\/#primaryimage"},"thumbnailUrl":"https:\/\/babylove.se\/no\/wp-content\/uploads\/sites\/3\/2025\/07\/6245b37096370.jpeg","datePublished":"2025-07-18T23:58:54+00:00","dateModified":"2026-04-08T11:14:54+00:00","description":"Fantastisk Huss\u00e4ng i Tr\u00e4 i olika varianter ! - H\u00f6g Kvalitet - FRI Frakt \u00f6ver 999 kr - Snabba Leveranser - Betala med Klarna Faktura - V\u00e4lkommen!","breadcrumb":{"@id":"https:\/\/babylove.se\/no\/produkt\/hvit-husseng-alex-90x190-cm-med-ekstraseng\/#breadcrumb"},"inLanguage":"nb-NO","potentialAction":[{"@type":"ReadAction","target":["https:\/\/babylove.se\/no\/produkt\/hvit-husseng-alex-90x190-cm-med-ekstraseng\/"]}]},{"@type":"ImageObject","inLanguage":"nb-NO","@id":"https:\/\/babylove.se\/no\/produkt\/hvit-husseng-alex-90x190-cm-med-ekstraseng\/#primaryimage","url":"https:\/\/babylove.se\/no\/wp-content\/uploads\/sites\/3\/2025\/07\/6245b37096370.jpeg","contentUrl":"https:\/\/babylove.se\/no\/wp-content\/uploads\/sites\/3\/2025\/07\/6245b37096370.jpeg","width":800,"height":800},{"@type":"BreadcrumbList","@id":"https:\/\/babylove.se\/no\/produkt\/hvit-husseng-alex-90x190-cm-med-ekstraseng\/#breadcrumb","itemListElement":[{"@type":"ListItem","position":1,"name":"Hem","item":"https:\/\/babylove.se\/no\/"},{"@type":"ListItem","position":2,"name":"Butik","item":"https:\/\/babylove.se\/no\/butik\/"},{"@type":"ListItem","position":3,"name":"Hvit husmadass Alex 90&#215;190 cm med ekstraseng"}]},{"@type":"WebSite","@id":"https:\/\/babylove.se\/no\/#website","url":"https:\/\/babylove.se\/no\/","name":"Babylove Norska","description":"","potentialAction":[{"@type":"SearchAction","target":{"@type":"EntryPoint","urlTemplate":"https:\/\/babylove.se\/no\/?s={search_term_string}"},"query-input":{"@type":"PropertyValueSpecification","valueRequired":true,"valueName":"search_term_string"}}],"inLanguage":"nb-NO"}]},"product_brand":"Luletto","product_price_amount":"7299.00","product_price_currency":"SEK","og_availability":"instock","product_availability":"instock","product_retailer_item_id":"A393-3749A","product_condition":"new"},"_links":{"self":[{"href":"https:\/\/babylove.se\/no\/wp-json\/wp\/v2\/product\/34691","targetHints":{"allow":["GET"]}}],"collection":[{"href":"https:\/\/babylove.se\/no\/wp-json\/wp\/v2\/product"}],"about":[{"href":"https:\/\/babylove.se\/no\/wp-json\/wp\/v2\/types\/product"}],"replies":[{"embeddable":true,"href":"https:\/\/babylove.se\/no\/wp-json\/wp\/v2\/comments?post=34691"}],"wp:featuredmedia":[{"embeddable":true,"href":"https:\/\/babylove.se\/no\/wp-json\/wp\/v2\/media\/34693"}],"wp:attachment":[{"href":"https:\/\/babylove.se\/no\/wp-json\/wp\/v2\/media?parent=34691"}],"wp:term":[{"taxonomy":"product_brand","embeddable":true,"href":"https:\/\/babylove.se\/no\/wp-json\/wp\/v2\/product_brand?post=34691"},{"taxonomy":"product_cat","embeddable":true,"href":"https:\/\/babylove.se\/no\/wp-json\/wp\/v2\/product_cat?post=34691"},{"taxonomy":"product_tag","embeddable":true,"href":"https:\/\/babylove.se\/no\/wp-json\/wp\/v2\/product_tag?post=34691"}],"curies":[{"name":"wp","href":"https:\/\/api.w.org\/{rel}","templated":true}]}}