{"id":34716,"date":"2025-07-19T00:58:54","date_gmt":"2025-07-18T23:58:54","guid":{"rendered":"https:\/\/babylove.se\/produkt\/skrivbord-och-stol-till-barnrummet\/"},"modified":"2026-04-08T12:15:06","modified_gmt":"2026-04-08T11:15:06","slug":"skrivebord-og-stol-til-barnerommet","status":"publish","type":"product","link":"https:\/\/babylove.se\/no\/produkt\/skrivebord-og-stol-til-barnerommet\/","title":{"rendered":"Skrivebord og stol til barnerommet"},"content":{"rendered":"<p>Et fantastisk skrivebord og tilh\u00f8rende stol av h\u00f8y kvalitet, med en f\u00f8lelse av et lite hus. Med st\u00f8rste omtanke og f\u00f8lelse for detaljer, har dette fine settet til barnerommet blitt skapt, alt for \u00e5 gi deg en unik kombinasjon av hjemmef\u00f8lelse og praktiske l\u00f8sninger. Ditt barn kommer til \u00e5 elske \u00e5 gj\u00f8re noe kreativt ved dette fine skrivebordet og selv leksene kommer til \u00e5 f\u00f8les morsommere \u00e5 utf\u00f8re. Du kan enkelt dekorere skrivebordet ved hjelp av lysslynger eller vimpler, og barnem\u00f8belet blir et naturlig sentralpunkt i rommet. <\/p>\n<p><strong>M\u00e5l<\/strong>: <\/p>\n<ul>\n<li>Skrivebordet 100&#215;40 cm<\/li>\n<li>Benkeplatas h\u00f8yde 50 cm. Kan justeres i tre forskjellige h\u00f8yder (40cm, 50 cm, 60 cm)<\/li>\n<li>Skrivebordets totale h\u00f8yde 122 cm, lengde 111 cm, dybde 40 cm<\/li>\n<\/ul>\n<p>Finnes i flere forskjellige farger. <\/p>\n<p>&nbsp;<\/p>\n","protected":false},"excerpt":{"rendered":"<p>Et fantastisk skrivebord og tilh\u00f8rende stol av h\u00f8y kvalitet, med en f\u00f8lelse av et lite hus. Med st\u00f8rste omtanke og f\u00f8lelse for detaljer, har dette fine settet til barnerommet blitt skapt, alt for \u00e5 gi deg en unik kombinasjon av hjemmef\u00f8lelse og praktiske l\u00f8sninger. Ditt barn kommer til \u00e5 elske \u00e5 gj\u00f8re noe kreativt ved [&hellip;]<\/p>\n","protected":false},"featured_media":34718,"comment_status":"open","ping_status":"closed","template":"","meta":{"_acf_changed":false},"product_brand":[384],"product_cat":[386,147,85,359],"product_tag":[1689],"class_list":{"0":"post-34716","1":"product","2":"type-product","3":"status-publish","4":"has-post-thumbnail","6":"product_brand-adeko","7":"product_cat-ad","8":"product_cat-back-to-school","9":"product_cat-bord","10":"product_cat-skrivebord","11":"product_tag-bestillingsvaror","12":"pa_farg-bla","13":"pa_farg-gra","14":"pa_farg-gron","15":"pa_farg-vit","16":"pa_farg-natur","17":"pa_farg-rosa","19":"first","20":"instock","21":"taxable","22":"shipping-taxable","23":"purchasable","24":"product-type-variable"},"acf":[],"yoast_head":"<!-- This site is optimized with the Yoast SEO Premium plugin v25.8 (Yoast SEO v27.2) - https:\/\/yoast.com\/product\/yoast-seo-premium-wordpress\/ -->\n<title>Skrivebord og stol til barnerommet - Babylove Norska<\/title>\n<meta name=\"robots\" content=\"noindex, follow, max-snippet:-1, max-image-preview:large, max-video-preview:-1\" \/>\n<meta property=\"og:locale\" content=\"nb_NO\" \/>\n<meta property=\"og:type\" content=\"article\" \/>\n<meta property=\"og:title\" content=\"Skrivebord og stol til barnerommet\" \/>\n<meta property=\"og:description\" content=\"Et fantastisk skrivebord og tilh\u00f8rende stol av h\u00f8y kvalitet, med en f\u00f8lelse av et lite hus. Med st\u00f8rste omtanke og f\u00f8lelse for detaljer, har dette fine settet til barnerommet blitt skapt, alt for \u00e5 gi deg en unik kombinasjon av hjemmef\u00f8lelse og praktiske l\u00f8sninger. Ditt barn kommer til \u00e5 elske \u00e5 gj\u00f8re noe kreativt ved [&hellip;]\" \/>\n<meta property=\"og:url\" content=\"https:\/\/babylove.se\/no\/produkt\/skrivebord-og-stol-til-barnerommet\/\" \/>\n<meta property=\"og:site_name\" content=\"Babylove Norska\" \/>\n<meta property=\"article:modified_time\" content=\"2026-04-08T11:15:06+00:00\" \/>\n<meta property=\"og:image\" content=\"https:\/\/babylove.se\/no\/wp-content\/uploads\/sites\/3\/2025\/07\/16488092785e4ead3129422.jpeg\" \/>\n\t<meta property=\"og:image:width\" content=\"750\" \/>\n\t<meta property=\"og:image:height\" content=\"500\" \/>\n\t<meta property=\"og:image:type\" content=\"image\/jpeg\" \/>\n<meta name=\"twitter:card\" content=\"summary_large_image\" \/>\n<meta name=\"twitter:label1\" content=\"Availability\" \/>\n\t<meta name=\"twitter:data1\" content=\"In stock\" \/>\n<script type=\"application\/ld+json\" class=\"yoast-schema-graph\">{\"@context\":\"https:\/\/schema.org\",\"@graph\":[{\"@type\":\"WebPage\",\"@id\":\"https:\/\/babylove.se\/no\/produkt\/skrivebord-og-stol-til-barnerommet\/\",\"url\":\"https:\/\/babylove.se\/no\/produkt\/skrivebord-og-stol-til-barnerommet\/\",\"name\":\"Skrivebord og stol til barnerommet - Babylove Norska\",\"isPartOf\":{\"@id\":\"https:\/\/babylove.se\/no\/#website\"},\"primaryImageOfPage\":{\"@id\":\"https:\/\/babylove.se\/no\/produkt\/skrivebord-og-stol-til-barnerommet\/#primaryimage\"},\"image\":{\"@id\":\"https:\/\/babylove.se\/no\/produkt\/skrivebord-og-stol-til-barnerommet\/#primaryimage\"},\"thumbnailUrl\":\"https:\/\/babylove.se\/no\/wp-content\/uploads\/sites\/3\/2025\/07\/16488092785e4ead3129422.jpeg\",\"datePublished\":\"2025-07-18T23:58:54+00:00\",\"dateModified\":\"2026-04-08T11:15:06+00:00\",\"breadcrumb\":{\"@id\":\"https:\/\/babylove.se\/no\/produkt\/skrivebord-og-stol-til-barnerommet\/#breadcrumb\"},\"inLanguage\":\"nb-NO\",\"potentialAction\":[{\"@type\":\"ReadAction\",\"target\":[\"https:\/\/babylove.se\/no\/produkt\/skrivebord-og-stol-til-barnerommet\/\"]}]},{\"@type\":\"ImageObject\",\"inLanguage\":\"nb-NO\",\"@id\":\"https:\/\/babylove.se\/no\/produkt\/skrivebord-og-stol-til-barnerommet\/#primaryimage\",\"url\":\"https:\/\/babylove.se\/no\/wp-content\/uploads\/sites\/3\/2025\/07\/16488092785e4ead3129422.jpeg\",\"contentUrl\":\"https:\/\/babylove.se\/no\/wp-content\/uploads\/sites\/3\/2025\/07\/16488092785e4ead3129422.jpeg\",\"width\":750,\"height\":500},{\"@type\":\"BreadcrumbList\",\"@id\":\"https:\/\/babylove.se\/no\/produkt\/skrivebord-og-stol-til-barnerommet\/#breadcrumb\",\"itemListElement\":[{\"@type\":\"ListItem\",\"position\":1,\"name\":\"Hem\",\"item\":\"https:\/\/babylove.se\/no\/\"},{\"@type\":\"ListItem\",\"position\":2,\"name\":\"Butik\",\"item\":\"https:\/\/babylove.se\/no\/butik\/\"},{\"@type\":\"ListItem\",\"position\":3,\"name\":\"Skrivebord og stol til barnerommet\"}]},{\"@type\":\"WebSite\",\"@id\":\"https:\/\/babylove.se\/no\/#website\",\"url\":\"https:\/\/babylove.se\/no\/\",\"name\":\"Babylove Norska\",\"description\":\"\",\"potentialAction\":[{\"@type\":\"SearchAction\",\"target\":{\"@type\":\"EntryPoint\",\"urlTemplate\":\"https:\/\/babylove.se\/no\/?s={search_term_string}\"},\"query-input\":{\"@type\":\"PropertyValueSpecification\",\"valueRequired\":true,\"valueName\":\"search_term_string\"}}],\"inLanguage\":\"nb-NO\"}]}<\/script>\n<meta property=\"product:brand\" content=\"Adeko\" \/>\n<meta property=\"og:availability\" content=\"instock\" \/>\n<meta property=\"product:availability\" content=\"instock\" \/>\n<meta property=\"product:retailer_item_id\" content=\"Natur skrivbord&amp;stol till barnrummet\" \/>\n<meta property=\"product:condition\" content=\"new\" \/>\n<!-- \/ Yoast SEO Premium plugin. -->","yoast_head_json":{"title":"Skrivebord og stol til barnerommet - Babylove Norska","robots":{"index":"noindex","follow":"follow","max-snippet":"max-snippet:-1","max-image-preview":"max-image-preview:large","max-video-preview":"max-video-preview:-1"},"og_locale":"nb_NO","og_type":"article","og_title":"Skrivebord og stol til barnerommet","og_description":"Et fantastisk skrivebord og tilh\u00f8rende stol av h\u00f8y kvalitet, med en f\u00f8lelse av et lite hus. Med st\u00f8rste omtanke og f\u00f8lelse for detaljer, har dette fine settet til barnerommet blitt skapt, alt for \u00e5 gi deg en unik kombinasjon av hjemmef\u00f8lelse og praktiske l\u00f8sninger. Ditt barn kommer til \u00e5 elske \u00e5 gj\u00f8re noe kreativt ved [&hellip;]","og_url":"https:\/\/babylove.se\/no\/produkt\/skrivebord-og-stol-til-barnerommet\/","og_site_name":"Babylove Norska","article_modified_time":"2026-04-08T11:15:06+00:00","og_image":[{"width":750,"height":500,"url":"https:\/\/babylove.se\/no\/wp-content\/uploads\/sites\/3\/2025\/07\/16488092785e4ead3129422.jpeg","type":"image\/jpeg"}],"twitter_card":"summary_large_image","twitter_misc":{"Availability":"In stock"},"schema":{"@context":"https:\/\/schema.org","@graph":[{"@type":"WebPage","@id":"https:\/\/babylove.se\/no\/produkt\/skrivebord-og-stol-til-barnerommet\/","url":"https:\/\/babylove.se\/no\/produkt\/skrivebord-og-stol-til-barnerommet\/","name":"Skrivebord og stol til barnerommet - Babylove Norska","isPartOf":{"@id":"https:\/\/babylove.se\/no\/#website"},"primaryImageOfPage":{"@id":"https:\/\/babylove.se\/no\/produkt\/skrivebord-og-stol-til-barnerommet\/#primaryimage"},"image":{"@id":"https:\/\/babylove.se\/no\/produkt\/skrivebord-og-stol-til-barnerommet\/#primaryimage"},"thumbnailUrl":"https:\/\/babylove.se\/no\/wp-content\/uploads\/sites\/3\/2025\/07\/16488092785e4ead3129422.jpeg","datePublished":"2025-07-18T23:58:54+00:00","dateModified":"2026-04-08T11:15:06+00:00","breadcrumb":{"@id":"https:\/\/babylove.se\/no\/produkt\/skrivebord-og-stol-til-barnerommet\/#breadcrumb"},"inLanguage":"nb-NO","potentialAction":[{"@type":"ReadAction","target":["https:\/\/babylove.se\/no\/produkt\/skrivebord-og-stol-til-barnerommet\/"]}]},{"@type":"ImageObject","inLanguage":"nb-NO","@id":"https:\/\/babylove.se\/no\/produkt\/skrivebord-og-stol-til-barnerommet\/#primaryimage","url":"https:\/\/babylove.se\/no\/wp-content\/uploads\/sites\/3\/2025\/07\/16488092785e4ead3129422.jpeg","contentUrl":"https:\/\/babylove.se\/no\/wp-content\/uploads\/sites\/3\/2025\/07\/16488092785e4ead3129422.jpeg","width":750,"height":500},{"@type":"BreadcrumbList","@id":"https:\/\/babylove.se\/no\/produkt\/skrivebord-og-stol-til-barnerommet\/#breadcrumb","itemListElement":[{"@type":"ListItem","position":1,"name":"Hem","item":"https:\/\/babylove.se\/no\/"},{"@type":"ListItem","position":2,"name":"Butik","item":"https:\/\/babylove.se\/no\/butik\/"},{"@type":"ListItem","position":3,"name":"Skrivebord og stol til barnerommet"}]},{"@type":"WebSite","@id":"https:\/\/babylove.se\/no\/#website","url":"https:\/\/babylove.se\/no\/","name":"Babylove Norska","description":"","potentialAction":[{"@type":"SearchAction","target":{"@type":"EntryPoint","urlTemplate":"https:\/\/babylove.se\/no\/?s={search_term_string}"},"query-input":{"@type":"PropertyValueSpecification","valueRequired":true,"valueName":"search_term_string"}}],"inLanguage":"nb-NO"}]},"product_brand":"Adeko","og_availability":"instock","product_availability":"instock","product_retailer_item_id":"Natur skrivbord&stol till barnrummet","product_condition":"new"},"_links":{"self":[{"href":"https:\/\/babylove.se\/no\/wp-json\/wp\/v2\/product\/34716","targetHints":{"allow":["GET"]}}],"collection":[{"href":"https:\/\/babylove.se\/no\/wp-json\/wp\/v2\/product"}],"about":[{"href":"https:\/\/babylove.se\/no\/wp-json\/wp\/v2\/types\/product"}],"replies":[{"embeddable":true,"href":"https:\/\/babylove.se\/no\/wp-json\/wp\/v2\/comments?post=34716"}],"wp:featuredmedia":[{"embeddable":true,"href":"https:\/\/babylove.se\/no\/wp-json\/wp\/v2\/media\/34718"}],"wp:attachment":[{"href":"https:\/\/babylove.se\/no\/wp-json\/wp\/v2\/media?parent=34716"}],"wp:term":[{"taxonomy":"product_brand","embeddable":true,"href":"https:\/\/babylove.se\/no\/wp-json\/wp\/v2\/product_brand?post=34716"},{"taxonomy":"product_cat","embeddable":true,"href":"https:\/\/babylove.se\/no\/wp-json\/wp\/v2\/product_cat?post=34716"},{"taxonomy":"product_tag","embeddable":true,"href":"https:\/\/babylove.se\/no\/wp-json\/wp\/v2\/product_tag?post=34716"}],"curies":[{"name":"wp","href":"https:\/\/api.w.org\/{rel}","templated":true}]}}