{"id":34727,"date":"2025-07-19T00:59:24","date_gmt":"2025-07-18T23:59:24","guid":{"rendered":"https:\/\/babylove.se\/produkt\/barnsang-asta-med-stodbrada-olika-storlekar\/"},"modified":"2026-04-08T12:15:09","modified_gmt":"2026-04-08T11:15:09","slug":"barnesang-asta-med-stottebrett-ulike-storrelser","status":"publish","type":"product","link":"https:\/\/babylove.se\/no\/produkt\/barnesang-asta-med-stottebrett-ulike-storrelser\/","title":{"rendered":"Barneseng Asta med st\u00f8ttebrett (forskjellige st\u00f8rrelser)"},"content":{"rendered":"<p>Vi \u00f8nsker velkommen en av v\u00e5re nyheter: ASTA BARNESENG! <\/p>\n<p>Den store fordelen med denne modellen er det h\u00f8ye rekkverket som gj\u00f8r at den passer utmerket til de mindre barna! Du kan dessuten velge st\u00f8ttebrettets lengde &#8211; 1\/2 av sengens lengde (standard) eller 2\/3 av sengens lengde. <\/p>\n<p>Denne fantastiske juniorsengen er helt h\u00e5ndlaget med stor lidenskap<em>, <\/em>av h\u00f8ykvalitets limtre.<br \/>\nLimtre har fordelen, sammenlignet med massivt tre, at de ikke sprekker og at det ikke finnes noen kvister som p\u00e5virker utseendet. <\/p>\n<p>En stabil og vakker seng av h\u00f8y kvalitet! <\/p>\n<p><strong>Tilvalg<\/strong>: <\/p>\n<ul>\n<li>Uten ben (1cm)<\/li>\n<li>Ekstra benh\u00f8yde &#8211; 19 cm. (standardh\u00f8yde er 10 cm)<\/li>\n<li>St\u00f8ttebrettets lengde<\/li>\n<\/ul>\n<p>Madrass f\u00f8lger ikke med, men ta gjerne en titt p\u00e5 v\u00e5rt store madrassutvalg. Vi anbefaler en skummadrass med tykkelse p\u00e5 ca 10-12 cm. <\/p>\n<p>Sengen kan f\u00e5s i flere m\u00e5l, se nedenfor for mer info. <\/p>\n<p><strong>Info:<\/strong> <\/p>\n<ul>\n<li>M\u00e5lene er oppgitt i madrassst\u00f8rrelse\/sengem\u00e5l. Legg til 9 cm p\u00e5 bredde+lengde for total dimensjon p\u00e5 sengens m\u00e5l<\/li>\n<li>Sengens totale h\u00f8yde ca 45 cm pluss benh\u00f8yde<\/li>\n<li>H\u00f8yde p\u00e5 rekkverk er 35 cm<\/li>\n<li>Avstand mellom spilene 5 cm<\/li>\n<li>St\u00f8ttebrettets lengde &#8211; velg mellom ca 1\/2 eller 2\/3 av sengens lengde<\/li>\n<li>Avtagbart st\u00f8ttebrett<\/li>\n<li>Entr\u00e9 monteres p\u00e5 valgfri side<\/li>\n<li>Sengen finnes ogs\u00e5 i en variant med oppbevaringsboks<\/li>\n<li>Farge: velg mellom natur (ubehandlet), lakkert, hvit og gr\u00e5<\/li>\n<li>Maks vekt. 100 kg<\/li>\n<\/ul>\n<p><em><em><em><em><em>Sengen leveres umontert og b\u00f8r settes sammen i rommet den skal brukes i.<\/em><\/em><\/em><\/em><\/em><\/p>\n","protected":false},"excerpt":{"rendered":"<p>Vi \u00f8nsker velkommen en av v\u00e5re nyheter: ASTA BARNESENG! Den store fordelen med denne modellen er det h\u00f8ye rekkverket som gj\u00f8r at den passer utmerket til de mindre barna! Du kan dessuten velge st\u00f8ttebrettets lengde &#8211; 1\/2 av sengens lengde (standard) eller 2\/3 av sengens lengde. Denne fantastiske juniorsengen er helt h\u00e5ndlaget med stor lidenskap, [&hellip;]<\/p>\n","protected":false},"featured_media":34729,"comment_status":"open","ping_status":"closed","template":"","meta":{"_acf_changed":false},"product_brand":[600],"product_cat":[602,372,269,601,40],"product_tag":[1689],"class_list":{"0":"post-34727","1":"product","2":"type-product","3":"status-publish","4":"has-post-thumbnail","6":"product_brand-luletto","7":"product_cat-babylove-lul","8":"product_cat-barnesenger","9":"product_cat-juniorsenger","10":"product_cat-baby","11":"product_cat-soverom-barn","12":"product_tag-bestillingsvaror","13":"pa_farg-gra","14":"pa_farg-vit","15":"pa_farg-lackad","16":"pa_farg-natur","17":"pa_farg-valnot","18":"pa_storlek-100x190-cm-b109-l199","19":"pa_storlek-100x200-cm-b109-l209","20":"pa_storlek-60x120-cm-b69-l129","21":"pa_storlek-70x140-cm-b79-l149","22":"pa_storlek-80x140-cm-b89-l149","23":"pa_storlek-80x160-cm-b89-l169","24":"pa_storlek-80x180-cm-b89-l189","25":"pa_storlek-80x190-cm-b89-l199","26":"pa_storlek-80x200-cm-b89-l209","27":"pa_storlek-90x140-cm-b99-l149","28":"pa_storlek-90x160-cm-b99-l169","29":"pa_storlek-90x180-cm-b99-l189","30":"pa_storlek-90x190-cm-b99-l199","31":"pa_storlek-90x200-cm-b99-l209","33":"first","34":"instock","35":"taxable","36":"shipping-taxable","37":"purchasable","38":"product-type-variable"},"acf":[],"yoast_head":"<!-- This site is optimized with the Yoast SEO Premium plugin v25.8 (Yoast SEO v27.2) - https:\/\/yoast.com\/product\/yoast-seo-premium-wordpress\/ -->\n<title>Barneseng Asta med st\u00f8ttebrett (forskjellige st\u00f8rrelser) - Babylove Norska<\/title>\n<meta name=\"robots\" content=\"noindex, follow, max-snippet:-1, max-image-preview:large, max-video-preview:-1\" \/>\n<meta property=\"og:locale\" content=\"nb_NO\" \/>\n<meta property=\"og:type\" content=\"article\" \/>\n<meta property=\"og:title\" content=\"Barneseng Asta med st\u00f8ttebrett (forskjellige st\u00f8rrelser)\" \/>\n<meta property=\"og:description\" content=\"Vi \u00f8nsker velkommen en av v\u00e5re nyheter: ASTA BARNESENG! Den store fordelen med denne modellen er det h\u00f8ye rekkverket som gj\u00f8r at den passer utmerket til de mindre barna! Du kan dessuten velge st\u00f8ttebrettets lengde &#8211; 1\/2 av sengens lengde (standard) eller 2\/3 av sengens lengde. Denne fantastiske juniorsengen er helt h\u00e5ndlaget med stor lidenskap, [&hellip;]\" \/>\n<meta property=\"og:url\" content=\"https:\/\/babylove.se\/no\/produkt\/barnesang-asta-med-stottebrett-ulike-storrelser\/\" \/>\n<meta property=\"og:site_name\" content=\"Babylove Norska\" \/>\n<meta property=\"article:modified_time\" content=\"2026-04-08T11:15:09+00:00\" \/>\n<meta property=\"og:image\" content=\"https:\/\/babylove.se\/no\/wp-content\/uploads\/sites\/3\/2025\/07\/62e1a0edbe539.jpeg\" \/>\n\t<meta property=\"og:image:width\" content=\"800\" \/>\n\t<meta property=\"og:image:height\" content=\"800\" \/>\n\t<meta property=\"og:image:type\" content=\"image\/jpeg\" \/>\n<meta name=\"twitter:card\" content=\"summary_large_image\" \/>\n<meta name=\"twitter:label1\" content=\"Availability\" \/>\n\t<meta name=\"twitter:data1\" content=\"In stock\" \/>\n<script type=\"application\/ld+json\" class=\"yoast-schema-graph\">{\"@context\":\"https:\/\/schema.org\",\"@graph\":[{\"@type\":\"WebPage\",\"@id\":\"https:\/\/babylove.se\/no\/produkt\/barnesang-asta-med-stottebrett-ulike-storrelser\/\",\"url\":\"https:\/\/babylove.se\/no\/produkt\/barnesang-asta-med-stottebrett-ulike-storrelser\/\",\"name\":\"Barneseng Asta med st\u00f8ttebrett (forskjellige st\u00f8rrelser) - Babylove Norska\",\"isPartOf\":{\"@id\":\"https:\/\/babylove.se\/no\/#website\"},\"primaryImageOfPage\":{\"@id\":\"https:\/\/babylove.se\/no\/produkt\/barnesang-asta-med-stottebrett-ulike-storrelser\/#primaryimage\"},\"image\":{\"@id\":\"https:\/\/babylove.se\/no\/produkt\/barnesang-asta-med-stottebrett-ulike-storrelser\/#primaryimage\"},\"thumbnailUrl\":\"https:\/\/babylove.se\/no\/wp-content\/uploads\/sites\/3\/2025\/07\/62e1a0edbe539.jpeg\",\"datePublished\":\"2025-07-18T23:59:24+00:00\",\"dateModified\":\"2026-04-08T11:15:09+00:00\",\"breadcrumb\":{\"@id\":\"https:\/\/babylove.se\/no\/produkt\/barnesang-asta-med-stottebrett-ulike-storrelser\/#breadcrumb\"},\"inLanguage\":\"nb-NO\",\"potentialAction\":[{\"@type\":\"ReadAction\",\"target\":[\"https:\/\/babylove.se\/no\/produkt\/barnesang-asta-med-stottebrett-ulike-storrelser\/\"]}]},{\"@type\":\"ImageObject\",\"inLanguage\":\"nb-NO\",\"@id\":\"https:\/\/babylove.se\/no\/produkt\/barnesang-asta-med-stottebrett-ulike-storrelser\/#primaryimage\",\"url\":\"https:\/\/babylove.se\/no\/wp-content\/uploads\/sites\/3\/2025\/07\/62e1a0edbe539.jpeg\",\"contentUrl\":\"https:\/\/babylove.se\/no\/wp-content\/uploads\/sites\/3\/2025\/07\/62e1a0edbe539.jpeg\",\"width\":800,\"height\":800},{\"@type\":\"BreadcrumbList\",\"@id\":\"https:\/\/babylove.se\/no\/produkt\/barnesang-asta-med-stottebrett-ulike-storrelser\/#breadcrumb\",\"itemListElement\":[{\"@type\":\"ListItem\",\"position\":1,\"name\":\"Hem\",\"item\":\"https:\/\/babylove.se\/no\/\"},{\"@type\":\"ListItem\",\"position\":2,\"name\":\"Butik\",\"item\":\"https:\/\/babylove.se\/no\/butik\/\"},{\"@type\":\"ListItem\",\"position\":3,\"name\":\"Barneseng Asta med st\u00f8ttebrett (forskjellige st\u00f8rrelser)\"}]},{\"@type\":\"WebSite\",\"@id\":\"https:\/\/babylove.se\/no\/#website\",\"url\":\"https:\/\/babylove.se\/no\/\",\"name\":\"Babylove Norska\",\"description\":\"\",\"potentialAction\":[{\"@type\":\"SearchAction\",\"target\":{\"@type\":\"EntryPoint\",\"urlTemplate\":\"https:\/\/babylove.se\/no\/?s={search_term_string}\"},\"query-input\":{\"@type\":\"PropertyValueSpecification\",\"valueRequired\":true,\"valueName\":\"search_term_string\"}}],\"inLanguage\":\"nb-NO\"}]}<\/script>\n<meta property=\"product:brand\" content=\"Luletto\" \/>\n<meta property=\"og:availability\" content=\"instock\" \/>\n<meta property=\"product:availability\" content=\"instock\" \/>\n<meta property=\"product:retailer_item_id\" content=\"60x120-cm-natur-Asta\" \/>\n<meta property=\"product:condition\" content=\"new\" \/>\n<!-- \/ Yoast SEO Premium plugin. -->","yoast_head_json":{"title":"Barneseng Asta med st\u00f8ttebrett (forskjellige st\u00f8rrelser) - Babylove Norska","robots":{"index":"noindex","follow":"follow","max-snippet":"max-snippet:-1","max-image-preview":"max-image-preview:large","max-video-preview":"max-video-preview:-1"},"og_locale":"nb_NO","og_type":"article","og_title":"Barneseng Asta med st\u00f8ttebrett (forskjellige st\u00f8rrelser)","og_description":"Vi \u00f8nsker velkommen en av v\u00e5re nyheter: ASTA BARNESENG! Den store fordelen med denne modellen er det h\u00f8ye rekkverket som gj\u00f8r at den passer utmerket til de mindre barna! Du kan dessuten velge st\u00f8ttebrettets lengde &#8211; 1\/2 av sengens lengde (standard) eller 2\/3 av sengens lengde. Denne fantastiske juniorsengen er helt h\u00e5ndlaget med stor lidenskap, [&hellip;]","og_url":"https:\/\/babylove.se\/no\/produkt\/barnesang-asta-med-stottebrett-ulike-storrelser\/","og_site_name":"Babylove Norska","article_modified_time":"2026-04-08T11:15:09+00:00","og_image":[{"width":800,"height":800,"url":"https:\/\/babylove.se\/no\/wp-content\/uploads\/sites\/3\/2025\/07\/62e1a0edbe539.jpeg","type":"image\/jpeg"}],"twitter_card":"summary_large_image","twitter_misc":{"Availability":"In stock"},"schema":{"@context":"https:\/\/schema.org","@graph":[{"@type":"WebPage","@id":"https:\/\/babylove.se\/no\/produkt\/barnesang-asta-med-stottebrett-ulike-storrelser\/","url":"https:\/\/babylove.se\/no\/produkt\/barnesang-asta-med-stottebrett-ulike-storrelser\/","name":"Barneseng Asta med st\u00f8ttebrett (forskjellige st\u00f8rrelser) - Babylove Norska","isPartOf":{"@id":"https:\/\/babylove.se\/no\/#website"},"primaryImageOfPage":{"@id":"https:\/\/babylove.se\/no\/produkt\/barnesang-asta-med-stottebrett-ulike-storrelser\/#primaryimage"},"image":{"@id":"https:\/\/babylove.se\/no\/produkt\/barnesang-asta-med-stottebrett-ulike-storrelser\/#primaryimage"},"thumbnailUrl":"https:\/\/babylove.se\/no\/wp-content\/uploads\/sites\/3\/2025\/07\/62e1a0edbe539.jpeg","datePublished":"2025-07-18T23:59:24+00:00","dateModified":"2026-04-08T11:15:09+00:00","breadcrumb":{"@id":"https:\/\/babylove.se\/no\/produkt\/barnesang-asta-med-stottebrett-ulike-storrelser\/#breadcrumb"},"inLanguage":"nb-NO","potentialAction":[{"@type":"ReadAction","target":["https:\/\/babylove.se\/no\/produkt\/barnesang-asta-med-stottebrett-ulike-storrelser\/"]}]},{"@type":"ImageObject","inLanguage":"nb-NO","@id":"https:\/\/babylove.se\/no\/produkt\/barnesang-asta-med-stottebrett-ulike-storrelser\/#primaryimage","url":"https:\/\/babylove.se\/no\/wp-content\/uploads\/sites\/3\/2025\/07\/62e1a0edbe539.jpeg","contentUrl":"https:\/\/babylove.se\/no\/wp-content\/uploads\/sites\/3\/2025\/07\/62e1a0edbe539.jpeg","width":800,"height":800},{"@type":"BreadcrumbList","@id":"https:\/\/babylove.se\/no\/produkt\/barnesang-asta-med-stottebrett-ulike-storrelser\/#breadcrumb","itemListElement":[{"@type":"ListItem","position":1,"name":"Hem","item":"https:\/\/babylove.se\/no\/"},{"@type":"ListItem","position":2,"name":"Butik","item":"https:\/\/babylove.se\/no\/butik\/"},{"@type":"ListItem","position":3,"name":"Barneseng Asta med st\u00f8ttebrett (forskjellige st\u00f8rrelser)"}]},{"@type":"WebSite","@id":"https:\/\/babylove.se\/no\/#website","url":"https:\/\/babylove.se\/no\/","name":"Babylove Norska","description":"","potentialAction":[{"@type":"SearchAction","target":{"@type":"EntryPoint","urlTemplate":"https:\/\/babylove.se\/no\/?s={search_term_string}"},"query-input":{"@type":"PropertyValueSpecification","valueRequired":true,"valueName":"search_term_string"}}],"inLanguage":"nb-NO"}]},"product_brand":"Luletto","og_availability":"instock","product_availability":"instock","product_retailer_item_id":"60x120-cm-natur-Asta","product_condition":"new"},"_links":{"self":[{"href":"https:\/\/babylove.se\/no\/wp-json\/wp\/v2\/product\/34727","targetHints":{"allow":["GET"]}}],"collection":[{"href":"https:\/\/babylove.se\/no\/wp-json\/wp\/v2\/product"}],"about":[{"href":"https:\/\/babylove.se\/no\/wp-json\/wp\/v2\/types\/product"}],"replies":[{"embeddable":true,"href":"https:\/\/babylove.se\/no\/wp-json\/wp\/v2\/comments?post=34727"}],"wp:featuredmedia":[{"embeddable":true,"href":"https:\/\/babylove.se\/no\/wp-json\/wp\/v2\/media\/34729"}],"wp:attachment":[{"href":"https:\/\/babylove.se\/no\/wp-json\/wp\/v2\/media?parent=34727"}],"wp:term":[{"taxonomy":"product_brand","embeddable":true,"href":"https:\/\/babylove.se\/no\/wp-json\/wp\/v2\/product_brand?post=34727"},{"taxonomy":"product_cat","embeddable":true,"href":"https:\/\/babylove.se\/no\/wp-json\/wp\/v2\/product_cat?post=34727"},{"taxonomy":"product_tag","embeddable":true,"href":"https:\/\/babylove.se\/no\/wp-json\/wp\/v2\/product_tag?post=34727"}],"curies":[{"name":"wp","href":"https:\/\/api.w.org\/{rel}","templated":true}]}}