{"id":35006,"date":"2025-07-19T01:05:14","date_gmt":"2025-07-19T00:05:14","guid":{"rendered":"https:\/\/babylove.se\/produkt\/barnsang-adele-med-stodbrada-och-forvaringslada\/"},"modified":"2026-04-08T12:15:35","modified_gmt":"2026-04-08T11:15:35","slug":"barneseng-adele-med-stottebrett-og-oppbevaringsskuff","status":"publish","type":"product","link":"https:\/\/babylove.se\/no\/produkt\/barneseng-adele-med-stottebrett-og-oppbevaringsskuff\/","title":{"rendered":"Barneseng Adele med st\u00f8ttebrett og oppbevaringsboks"},"content":{"rendered":"<p>Vi \u00f8nsker velkommen en av v\u00e5re nyheter: ADELE BARNESENG! <\/p>\n<p>Den store fordelen med denne modellen er det h\u00f8ye rekkverket som gj\u00f8r at den passer utmerket til de mindre barna! Inngang ligger i midten og tilsvarer 1\/3 av sengens lengde. St\u00f8ttebrettet tilsvarer 2\/3 av sengens lengde. <\/p>\n<p>Denne fantastiske juniorsengen er helt h\u00e5ndlaget med stor lidenskap<em>, <\/em>av h\u00f8ykvalitets limtre.<br \/>\nLimtre har fordelen, sammenlignet med massivt tre, at de ikke sprekker og at det ikke finnes noen kvister som p\u00e5virker utseendet. <\/p>\n<p>En stabil og vakker seng av h\u00f8y kvalitet! <\/p>\n<p><strong>Tilvalg<\/strong>: <\/p>\n<ul>\n<li>Farge: velg mellom natur (ubehandlet), lakkert, hvit og gr\u00e5<\/li>\n<li>Oppbevaringsskuff med sovefunksjon (ekstra ribbbunn medf\u00f8lger) (Madrassm\u00e5l til ekstraseng skal v\u00e6re 10 cm kortere enn sengens lengde og ha tykkelse p\u00e5 maks 9 cm. Til seng Adele 80&#215;160 = 1 stk madrass 80&#215;150)<\/li>\n<li>Uten ben (1cm)<\/li>\n<li>Ekstra benh\u00f8yde &#8211; 19 cm. (standardh\u00f8yde er 10 cm)<\/li>\n<\/ul>\n<p>Madrass medf\u00f8lger ikke, men ta gjerne en titt p\u00e5 v\u00e5rt store madrassutvalg. Vi anbefaler en skummadrass med tykkelse p\u00e5 ca 10-12 cm. <\/p>\n<p>Sengen kan f\u00e5s i flere m\u00e5l, se nedenfor for mer info. <\/p>\n<p><strong>Info:<\/strong> <\/p>\n<ul>\n<li>Oppbevaringsskuff og ribbbunn medf\u00f8lger.<\/li>\n<li>Hvis funksjonen ekstraseng <em>ikke <\/em>velges medf\u00f8lger 1 st\u00f8rre oppbevaringsskuff p\u00e5 senger opp til 160 cm og 2 oppbevaringsskuffer p\u00e5 senger st\u00f8rre enn 160 cm.<\/li>\n<li>Hvis funksjonen ekstraseng velges medf\u00f8lger <u>alltid<\/u> 1 skuff sammen med en ekstra ribbbunn uavhengig av st\u00f8rrelse p\u00e5 sengen.<\/li>\n<li>M\u00e5lene er angitt i madrassst\u00f8rrelse\/reddem\u00e5l. Legg til 9 cm p\u00e5 bredde+lengde for total dimensjon p\u00e5 sengens m\u00e5l.<\/li>\n<li>Sengens totale h\u00f8yde ca 45 cm pluss benh\u00f8yde.<\/li>\n<li>H\u00f8yde p\u00e5 rekkverk er 33 cm.<\/li>\n<li>Avstand mellom spiler 5 cm.<\/li>\n<li>Avtakbart st\u00f8ttebrett.<\/li>\n<li>Sengen finnes ogs\u00e5 i en variant uten oppbevaringsskuff.<\/li>\n<li>Maks vekt. 100 kg<\/li>\n<\/ul>\n<p>&nbsp; <\/p>\n<p><em><em><em><em>Sengen leveres umontert og b\u00f8r settes sammen i rommet den skal brukes i.<\/em><\/em><\/em><\/em><\/p>\n","protected":false},"excerpt":{"rendered":"<p>Vi \u00f8nsker velkommen en av v\u00e5re nyheter: ADELE BARNESENG! Den store fordelen med denne modellen er det h\u00f8ye rekkverket som gj\u00f8r at den passer utmerket til de mindre barna! Inngang ligger i midten og tilsvarer 1\/3 av sengens lengde. St\u00f8ttebrettet tilsvarer 2\/3 av sengens lengde. Denne fantastiske juniorsengen er helt h\u00e5ndlaget med stor lidenskap, av [&hellip;]<\/p>\n","protected":false},"featured_media":35008,"comment_status":"open","ping_status":"closed","template":"","meta":{"_acf_changed":false},"product_brand":[600],"product_cat":[602,372,269,601,40],"product_tag":[1689],"class_list":{"0":"post-35006","1":"product","2":"type-product","3":"status-publish","4":"has-post-thumbnail","6":"product_brand-luletto","7":"product_cat-babylove-lul","8":"product_cat-barnesenger","9":"product_cat-juniorsenger","10":"product_cat-baby","11":"product_cat-soverom-barn","12":"product_tag-bestillingsvaror","13":"pa_farg-gra","14":"pa_farg-vit","15":"pa_farg-lackad","16":"pa_farg-natur","17":"pa_forvaringslada-med-sovfunkt-ja","18":"pa_forvaringslada-med-sovfunkt-nej","19":"pa_storlek-100x190-cm-b109-l199","20":"pa_storlek-100x200-cm-b109-l209","21":"pa_storlek-60x120-cm-b69-l129","22":"pa_storlek-70x140-cm-b79-l149","23":"pa_storlek-80x140-cm-b89-l149","24":"pa_storlek-80x160-cm-b89-l169","25":"pa_storlek-80x180-cm-b89-l189","26":"pa_storlek-80x190-cm-b89-l199","27":"pa_storlek-80x200-cm-b89-l209","28":"pa_storlek-90x140-cm-b99-l149","29":"pa_storlek-90x160-cm-b99-l169","30":"pa_storlek-90x180-cm-b99-l189","31":"pa_storlek-90x190-cm-b99-l199","32":"pa_storlek-90x200-cm-b99-l209","34":"first","35":"instock","36":"taxable","37":"shipping-taxable","38":"purchasable","39":"product-type-variable"},"acf":[],"yoast_head":"<!-- This site is optimized with the Yoast SEO Premium plugin v25.8 (Yoast SEO v27.2) - https:\/\/yoast.com\/product\/yoast-seo-premium-wordpress\/ -->\n<title>Barneseng Adele med st\u00f8ttebrett og oppbevaringsboks - Babylove Norska<\/title>\n<meta name=\"robots\" content=\"noindex, follow, max-snippet:-1, max-image-preview:large, max-video-preview:-1\" \/>\n<meta property=\"og:locale\" content=\"nb_NO\" \/>\n<meta property=\"og:type\" content=\"article\" \/>\n<meta property=\"og:title\" content=\"Barneseng Adele med st\u00f8ttebrett og oppbevaringsboks\" \/>\n<meta property=\"og:description\" content=\"Vi \u00f8nsker velkommen en av v\u00e5re nyheter: ADELE BARNESENG! Den store fordelen med denne modellen er det h\u00f8ye rekkverket som gj\u00f8r at den passer utmerket til de mindre barna! Inngang ligger i midten og tilsvarer 1\/3 av sengens lengde. St\u00f8ttebrettet tilsvarer 2\/3 av sengens lengde. Denne fantastiske juniorsengen er helt h\u00e5ndlaget med stor lidenskap, av [&hellip;]\" \/>\n<meta property=\"og:url\" content=\"https:\/\/babylove.se\/no\/produkt\/barneseng-adele-med-stottebrett-og-oppbevaringsskuff\/\" \/>\n<meta property=\"og:site_name\" content=\"Babylove Norska\" \/>\n<meta property=\"article:modified_time\" content=\"2026-04-08T11:15:35+00:00\" \/>\n<meta property=\"og:image\" content=\"https:\/\/babylove.se\/no\/wp-content\/uploads\/sites\/3\/2025\/07\/624c3fae0f204.jpeg\" \/>\n\t<meta property=\"og:image:width\" content=\"1080\" \/>\n\t<meta property=\"og:image:height\" content=\"1080\" \/>\n\t<meta property=\"og:image:type\" content=\"image\/jpeg\" \/>\n<meta name=\"twitter:card\" content=\"summary_large_image\" \/>\n<meta name=\"twitter:label1\" content=\"Availability\" \/>\n\t<meta name=\"twitter:data1\" content=\"In stock\" \/>\n<script type=\"application\/ld+json\" class=\"yoast-schema-graph\">{\"@context\":\"https:\/\/schema.org\",\"@graph\":[{\"@type\":\"WebPage\",\"@id\":\"https:\/\/babylove.se\/no\/produkt\/barneseng-adele-med-stottebrett-og-oppbevaringsskuff\/\",\"url\":\"https:\/\/babylove.se\/no\/produkt\/barneseng-adele-med-stottebrett-og-oppbevaringsskuff\/\",\"name\":\"Barneseng Adele med st\u00f8ttebrett og oppbevaringsboks - Babylove Norska\",\"isPartOf\":{\"@id\":\"https:\/\/babylove.se\/no\/#website\"},\"primaryImageOfPage\":{\"@id\":\"https:\/\/babylove.se\/no\/produkt\/barneseng-adele-med-stottebrett-og-oppbevaringsskuff\/#primaryimage\"},\"image\":{\"@id\":\"https:\/\/babylove.se\/no\/produkt\/barneseng-adele-med-stottebrett-og-oppbevaringsskuff\/#primaryimage\"},\"thumbnailUrl\":\"https:\/\/babylove.se\/no\/wp-content\/uploads\/sites\/3\/2025\/07\/624c3fae0f204.jpeg\",\"datePublished\":\"2025-07-19T00:05:14+00:00\",\"dateModified\":\"2026-04-08T11:15:35+00:00\",\"breadcrumb\":{\"@id\":\"https:\/\/babylove.se\/no\/produkt\/barneseng-adele-med-stottebrett-og-oppbevaringsskuff\/#breadcrumb\"},\"inLanguage\":\"nb-NO\",\"potentialAction\":[{\"@type\":\"ReadAction\",\"target\":[\"https:\/\/babylove.se\/no\/produkt\/barneseng-adele-med-stottebrett-og-oppbevaringsskuff\/\"]}]},{\"@type\":\"ImageObject\",\"inLanguage\":\"nb-NO\",\"@id\":\"https:\/\/babylove.se\/no\/produkt\/barneseng-adele-med-stottebrett-og-oppbevaringsskuff\/#primaryimage\",\"url\":\"https:\/\/babylove.se\/no\/wp-content\/uploads\/sites\/3\/2025\/07\/624c3fae0f204.jpeg\",\"contentUrl\":\"https:\/\/babylove.se\/no\/wp-content\/uploads\/sites\/3\/2025\/07\/624c3fae0f204.jpeg\",\"width\":1080,\"height\":1080},{\"@type\":\"BreadcrumbList\",\"@id\":\"https:\/\/babylove.se\/no\/produkt\/barneseng-adele-med-stottebrett-og-oppbevaringsskuff\/#breadcrumb\",\"itemListElement\":[{\"@type\":\"ListItem\",\"position\":1,\"name\":\"Hem\",\"item\":\"https:\/\/babylove.se\/no\/\"},{\"@type\":\"ListItem\",\"position\":2,\"name\":\"Butik\",\"item\":\"https:\/\/babylove.se\/no\/butik\/\"},{\"@type\":\"ListItem\",\"position\":3,\"name\":\"Barneseng Adele med st\u00f8ttebrett og oppbevaringsboks\"}]},{\"@type\":\"WebSite\",\"@id\":\"https:\/\/babylove.se\/no\/#website\",\"url\":\"https:\/\/babylove.se\/no\/\",\"name\":\"Babylove Norska\",\"description\":\"\",\"potentialAction\":[{\"@type\":\"SearchAction\",\"target\":{\"@type\":\"EntryPoint\",\"urlTemplate\":\"https:\/\/babylove.se\/no\/?s={search_term_string}\"},\"query-input\":{\"@type\":\"PropertyValueSpecification\",\"valueRequired\":true,\"valueName\":\"search_term_string\"}}],\"inLanguage\":\"nb-NO\"}]}<\/script>\n<meta property=\"product:brand\" content=\"Luletto\" \/>\n<meta property=\"og:availability\" content=\"instock\" \/>\n<meta property=\"product:availability\" content=\"instock\" \/>\n<meta property=\"product:retailer_item_id\" content=\"barns\u00e4ng-Adele-60x120-natur-l\u00e5da-nej\" \/>\n<meta property=\"product:condition\" content=\"new\" \/>\n<!-- \/ Yoast SEO Premium plugin. -->","yoast_head_json":{"title":"Barneseng Adele med st\u00f8ttebrett og oppbevaringsboks - Babylove Norska","robots":{"index":"noindex","follow":"follow","max-snippet":"max-snippet:-1","max-image-preview":"max-image-preview:large","max-video-preview":"max-video-preview:-1"},"og_locale":"nb_NO","og_type":"article","og_title":"Barneseng Adele med st\u00f8ttebrett og oppbevaringsboks","og_description":"Vi \u00f8nsker velkommen en av v\u00e5re nyheter: ADELE BARNESENG! Den store fordelen med denne modellen er det h\u00f8ye rekkverket som gj\u00f8r at den passer utmerket til de mindre barna! Inngang ligger i midten og tilsvarer 1\/3 av sengens lengde. St\u00f8ttebrettet tilsvarer 2\/3 av sengens lengde. Denne fantastiske juniorsengen er helt h\u00e5ndlaget med stor lidenskap, av [&hellip;]","og_url":"https:\/\/babylove.se\/no\/produkt\/barneseng-adele-med-stottebrett-og-oppbevaringsskuff\/","og_site_name":"Babylove Norska","article_modified_time":"2026-04-08T11:15:35+00:00","og_image":[{"width":1080,"height":1080,"url":"https:\/\/babylove.se\/no\/wp-content\/uploads\/sites\/3\/2025\/07\/624c3fae0f204.jpeg","type":"image\/jpeg"}],"twitter_card":"summary_large_image","twitter_misc":{"Availability":"In stock"},"schema":{"@context":"https:\/\/schema.org","@graph":[{"@type":"WebPage","@id":"https:\/\/babylove.se\/no\/produkt\/barneseng-adele-med-stottebrett-og-oppbevaringsskuff\/","url":"https:\/\/babylove.se\/no\/produkt\/barneseng-adele-med-stottebrett-og-oppbevaringsskuff\/","name":"Barneseng Adele med st\u00f8ttebrett og oppbevaringsboks - Babylove Norska","isPartOf":{"@id":"https:\/\/babylove.se\/no\/#website"},"primaryImageOfPage":{"@id":"https:\/\/babylove.se\/no\/produkt\/barneseng-adele-med-stottebrett-og-oppbevaringsskuff\/#primaryimage"},"image":{"@id":"https:\/\/babylove.se\/no\/produkt\/barneseng-adele-med-stottebrett-og-oppbevaringsskuff\/#primaryimage"},"thumbnailUrl":"https:\/\/babylove.se\/no\/wp-content\/uploads\/sites\/3\/2025\/07\/624c3fae0f204.jpeg","datePublished":"2025-07-19T00:05:14+00:00","dateModified":"2026-04-08T11:15:35+00:00","breadcrumb":{"@id":"https:\/\/babylove.se\/no\/produkt\/barneseng-adele-med-stottebrett-og-oppbevaringsskuff\/#breadcrumb"},"inLanguage":"nb-NO","potentialAction":[{"@type":"ReadAction","target":["https:\/\/babylove.se\/no\/produkt\/barneseng-adele-med-stottebrett-og-oppbevaringsskuff\/"]}]},{"@type":"ImageObject","inLanguage":"nb-NO","@id":"https:\/\/babylove.se\/no\/produkt\/barneseng-adele-med-stottebrett-og-oppbevaringsskuff\/#primaryimage","url":"https:\/\/babylove.se\/no\/wp-content\/uploads\/sites\/3\/2025\/07\/624c3fae0f204.jpeg","contentUrl":"https:\/\/babylove.se\/no\/wp-content\/uploads\/sites\/3\/2025\/07\/624c3fae0f204.jpeg","width":1080,"height":1080},{"@type":"BreadcrumbList","@id":"https:\/\/babylove.se\/no\/produkt\/barneseng-adele-med-stottebrett-og-oppbevaringsskuff\/#breadcrumb","itemListElement":[{"@type":"ListItem","position":1,"name":"Hem","item":"https:\/\/babylove.se\/no\/"},{"@type":"ListItem","position":2,"name":"Butik","item":"https:\/\/babylove.se\/no\/butik\/"},{"@type":"ListItem","position":3,"name":"Barneseng Adele med st\u00f8ttebrett og oppbevaringsboks"}]},{"@type":"WebSite","@id":"https:\/\/babylove.se\/no\/#website","url":"https:\/\/babylove.se\/no\/","name":"Babylove Norska","description":"","potentialAction":[{"@type":"SearchAction","target":{"@type":"EntryPoint","urlTemplate":"https:\/\/babylove.se\/no\/?s={search_term_string}"},"query-input":{"@type":"PropertyValueSpecification","valueRequired":true,"valueName":"search_term_string"}}],"inLanguage":"nb-NO"}]},"product_brand":"Luletto","og_availability":"instock","product_availability":"instock","product_retailer_item_id":"barns\u00e4ng-Adele-60x120-natur-l\u00e5da-nej","product_condition":"new"},"_links":{"self":[{"href":"https:\/\/babylove.se\/no\/wp-json\/wp\/v2\/product\/35006","targetHints":{"allow":["GET"]}}],"collection":[{"href":"https:\/\/babylove.se\/no\/wp-json\/wp\/v2\/product"}],"about":[{"href":"https:\/\/babylove.se\/no\/wp-json\/wp\/v2\/types\/product"}],"replies":[{"embeddable":true,"href":"https:\/\/babylove.se\/no\/wp-json\/wp\/v2\/comments?post=35006"}],"wp:featuredmedia":[{"embeddable":true,"href":"https:\/\/babylove.se\/no\/wp-json\/wp\/v2\/media\/35008"}],"wp:attachment":[{"href":"https:\/\/babylove.se\/no\/wp-json\/wp\/v2\/media?parent=35006"}],"wp:term":[{"taxonomy":"product_brand","embeddable":true,"href":"https:\/\/babylove.se\/no\/wp-json\/wp\/v2\/product_brand?post=35006"},{"taxonomy":"product_cat","embeddable":true,"href":"https:\/\/babylove.se\/no\/wp-json\/wp\/v2\/product_cat?post=35006"},{"taxonomy":"product_tag","embeddable":true,"href":"https:\/\/babylove.se\/no\/wp-json\/wp\/v2\/product_tag?post=35006"}],"curies":[{"name":"wp","href":"https:\/\/api.w.org\/{rel}","templated":true}]}}