{"id":35139,"date":"2025-07-19T01:07:35","date_gmt":"2025-07-19T00:07:35","guid":{"rendered":"https:\/\/babylove.se\/produkt\/jabadabado-frisorset\/"},"modified":"2026-04-08T12:15:47","modified_gmt":"2026-04-08T11:15:47","slug":"jabadabado-frisorsett","status":"publish","type":"product","link":"https:\/\/babylove.se\/no\/produkt\/jabadabado-frisorsett\/","title":{"rendered":"JaBaDaBaDo fris\u00f8rsett"},"content":{"rendered":"<p>N\u00e5 kan ditt barn starte sin egen fris\u00f8rsalong hjemme med dette vidunderlige fris\u00f8rsettet fra svenske JaBaDaBaDo! <span style=\"background-color: initial; text-align: initial;\">En tidl\u00f8s leke som ditt barn kommer til \u00e5 leke med om og om igjen, og igjen, og igjen&#8230;.<\/span><span style=\"background-color: initial; text-align: initial;\"> <\/span> <\/p>\n<p>\u00c5 leke med h\u00e5r gj\u00f8r mer nytte enn man kan tro. Det trener ditt barns motorikk og tankevirksomhet og fremfor alt l\u00e6rer barnet \u00e5 bruke sin egen kreativitet. <span style=\"background-color: initial; text-align: initial;\">Klippe, f\u00f8ne, glatte og style h\u00e5ret &#8211; det er bare fantasien som setter grenser!<\/span> <\/p>\n<p>Inneholder et justerbart belte med spenne, h\u00e5rt\u00f8rker, rettetang, saks, kam, tre klyper, to h\u00e5rstrikker og h\u00e5rspray. <\/p>\n<p>Vaskeanvisning: utvendig vask med svamp. <\/p>\n<p><strong>M\u00e5l<\/strong>: 19 x 7 x 28 cm <\/p>\n<p><strong>Materiale<\/strong>: Tre <\/p>\n<p>Designer: <a href=\"https:\/\/babylove.se\/varumarken\/jabadabado\">JaBaDaBaDo<\/a><\/p>\n","protected":false},"excerpt":{"rendered":"<p>N\u00e5 kan ditt barn starte sin egen fris\u00f8rsalong hjemme med dette vidunderlige fris\u00f8rsettet fra svenske JaBaDaBaDo! En tidl\u00f8s leke som ditt barn kommer til \u00e5 leke med om og om igjen, og igjen, og igjen&#8230;. \u00c5 leke med h\u00e5r gj\u00f8r mer nytte enn man kan tro. Det trener ditt barns motorikk og tankevirksomhet og fremfor [&hellip;]<\/p>\n","protected":false},"featured_media":35141,"comment_status":"closed","ping_status":"closed","template":"","meta":{"_acf_changed":false},"product_brand":[273],"product_cat":[70,274,1774,68,322,112],"product_tag":[],"class_list":{"0":"post-35139","1":"product","2":"type-product","3":"status-publish","4":"has-post-thumbnail","6":"product_brand-jabadabado","7":"product_cat-gaver","8":"product_cat-jabadabado","9":"product_cat-late-leker","10":"product_cat-leker","11":"product_cat-rollespill","12":"product_cat-treleker","14":"first","15":"instock","16":"taxable","17":"shipping-taxable","18":"purchasable","19":"product-type-simple"},"acf":[],"yoast_head":"<!-- This site is optimized with the Yoast SEO Premium plugin v25.8 (Yoast SEO v27.2) - https:\/\/yoast.com\/product\/yoast-seo-premium-wordpress\/ -->\n<title>JaBaDaBaDo fris\u00f8rsett - Babylove Norska<\/title>\n<meta name=\"robots\" content=\"noindex, follow, max-snippet:-1, max-image-preview:large, max-video-preview:-1\" \/>\n<meta property=\"og:locale\" content=\"nb_NO\" \/>\n<meta property=\"og:type\" content=\"article\" \/>\n<meta property=\"og:title\" content=\"JaBaDaBaDo fris\u00f8rsett\" \/>\n<meta property=\"og:description\" content=\"N\u00e5 kan ditt barn starte sin egen fris\u00f8rsalong hjemme med dette vidunderlige fris\u00f8rsettet fra svenske JaBaDaBaDo! En tidl\u00f8s leke som ditt barn kommer til \u00e5 leke med om og om igjen, og igjen, og igjen&#8230;. \u00c5 leke med h\u00e5r gj\u00f8r mer nytte enn man kan tro. Det trener ditt barns motorikk og tankevirksomhet og fremfor [&hellip;]\" \/>\n<meta property=\"og:url\" content=\"https:\/\/babylove.se\/no\/produkt\/jabadabado-frisorsett\/\" \/>\n<meta property=\"og:site_name\" content=\"Babylove Norska\" \/>\n<meta property=\"article:modified_time\" content=\"2026-04-08T11:15:47+00:00\" \/>\n<meta property=\"og:image\" content=\"https:\/\/babylove.se\/no\/wp-content\/uploads\/sites\/3\/2025\/07\/624d7a7f23c47.jpeg\" \/>\n\t<meta property=\"og:image:width\" content=\"1205\" \/>\n\t<meta property=\"og:image:height\" content=\"1205\" \/>\n\t<meta property=\"og:image:type\" content=\"image\/jpeg\" \/>\n<meta name=\"twitter:card\" content=\"summary_large_image\" \/>\n<meta name=\"twitter:label1\" content=\"Price\" \/>\n\t<meta name=\"twitter:data1\" content=\"249,00&nbsp;&#107;&#114;\" \/>\n\t<meta name=\"twitter:label2\" content=\"Availability\" \/>\n\t<meta name=\"twitter:data2\" content=\"In stock\" \/>\n<script type=\"application\/ld+json\" class=\"yoast-schema-graph\">{\"@context\":\"https:\/\/schema.org\",\"@graph\":[{\"@type\":\"WebPage\",\"@id\":\"https:\/\/babylove.se\/no\/produkt\/jabadabado-frisorsett\/\",\"url\":\"https:\/\/babylove.se\/no\/produkt\/jabadabado-frisorsett\/\",\"name\":\"JaBaDaBaDo fris\u00f8rsett - Babylove Norska\",\"isPartOf\":{\"@id\":\"https:\/\/babylove.se\/no\/#website\"},\"primaryImageOfPage\":{\"@id\":\"https:\/\/babylove.se\/no\/produkt\/jabadabado-frisorsett\/#primaryimage\"},\"image\":{\"@id\":\"https:\/\/babylove.se\/no\/produkt\/jabadabado-frisorsett\/#primaryimage\"},\"thumbnailUrl\":\"https:\/\/babylove.se\/no\/wp-content\/uploads\/sites\/3\/2025\/07\/624d7a7f23c47.jpeg\",\"datePublished\":\"2025-07-19T00:07:35+00:00\",\"dateModified\":\"2026-04-08T11:15:47+00:00\",\"breadcrumb\":{\"@id\":\"https:\/\/babylove.se\/no\/produkt\/jabadabado-frisorsett\/#breadcrumb\"},\"inLanguage\":\"nb-NO\",\"potentialAction\":[{\"@type\":\"ReadAction\",\"target\":[\"https:\/\/babylove.se\/no\/produkt\/jabadabado-frisorsett\/\"]}]},{\"@type\":\"ImageObject\",\"inLanguage\":\"nb-NO\",\"@id\":\"https:\/\/babylove.se\/no\/produkt\/jabadabado-frisorsett\/#primaryimage\",\"url\":\"https:\/\/babylove.se\/no\/wp-content\/uploads\/sites\/3\/2025\/07\/624d7a7f23c47.jpeg\",\"contentUrl\":\"https:\/\/babylove.se\/no\/wp-content\/uploads\/sites\/3\/2025\/07\/624d7a7f23c47.jpeg\",\"width\":1205,\"height\":1205},{\"@type\":\"BreadcrumbList\",\"@id\":\"https:\/\/babylove.se\/no\/produkt\/jabadabado-frisorsett\/#breadcrumb\",\"itemListElement\":[{\"@type\":\"ListItem\",\"position\":1,\"name\":\"Hem\",\"item\":\"https:\/\/babylove.se\/no\/\"},{\"@type\":\"ListItem\",\"position\":2,\"name\":\"Butik\",\"item\":\"https:\/\/babylove.se\/no\/butik\/\"},{\"@type\":\"ListItem\",\"position\":3,\"name\":\"JaBaDaBaDo fris\u00f8rsett\"}]},{\"@type\":\"WebSite\",\"@id\":\"https:\/\/babylove.se\/no\/#website\",\"url\":\"https:\/\/babylove.se\/no\/\",\"name\":\"Babylove Norska\",\"description\":\"\",\"potentialAction\":[{\"@type\":\"SearchAction\",\"target\":{\"@type\":\"EntryPoint\",\"urlTemplate\":\"https:\/\/babylove.se\/no\/?s={search_term_string}\"},\"query-input\":{\"@type\":\"PropertyValueSpecification\",\"valueRequired\":true,\"valueName\":\"search_term_string\"}}],\"inLanguage\":\"nb-NO\"}]}<\/script>\n<meta property=\"product:brand\" content=\"JaBaDaBaDo\" \/>\n<meta property=\"product:price:amount\" content=\"249.00\" \/>\n<meta property=\"product:price:currency\" content=\"SEK\" \/>\n<meta property=\"og:availability\" content=\"instock\" \/>\n<meta property=\"product:availability\" content=\"instock\" \/>\n<meta property=\"product:retailer_item_id\" content=\"W7241\" \/>\n<meta property=\"product:condition\" content=\"new\" \/>\n<!-- \/ Yoast SEO Premium plugin. -->","yoast_head_json":{"title":"JaBaDaBaDo fris\u00f8rsett - Babylove Norska","robots":{"index":"noindex","follow":"follow","max-snippet":"max-snippet:-1","max-image-preview":"max-image-preview:large","max-video-preview":"max-video-preview:-1"},"og_locale":"nb_NO","og_type":"article","og_title":"JaBaDaBaDo fris\u00f8rsett","og_description":"N\u00e5 kan ditt barn starte sin egen fris\u00f8rsalong hjemme med dette vidunderlige fris\u00f8rsettet fra svenske JaBaDaBaDo! En tidl\u00f8s leke som ditt barn kommer til \u00e5 leke med om og om igjen, og igjen, og igjen&#8230;. \u00c5 leke med h\u00e5r gj\u00f8r mer nytte enn man kan tro. Det trener ditt barns motorikk og tankevirksomhet og fremfor [&hellip;]","og_url":"https:\/\/babylove.se\/no\/produkt\/jabadabado-frisorsett\/","og_site_name":"Babylove Norska","article_modified_time":"2026-04-08T11:15:47+00:00","og_image":[{"width":1205,"height":1205,"url":"https:\/\/babylove.se\/no\/wp-content\/uploads\/sites\/3\/2025\/07\/624d7a7f23c47.jpeg","type":"image\/jpeg"}],"twitter_card":"summary_large_image","twitter_misc":{"Price":"249,00&nbsp;&#107;&#114;","Availability":"In stock"},"schema":{"@context":"https:\/\/schema.org","@graph":[{"@type":"WebPage","@id":"https:\/\/babylove.se\/no\/produkt\/jabadabado-frisorsett\/","url":"https:\/\/babylove.se\/no\/produkt\/jabadabado-frisorsett\/","name":"JaBaDaBaDo fris\u00f8rsett - Babylove Norska","isPartOf":{"@id":"https:\/\/babylove.se\/no\/#website"},"primaryImageOfPage":{"@id":"https:\/\/babylove.se\/no\/produkt\/jabadabado-frisorsett\/#primaryimage"},"image":{"@id":"https:\/\/babylove.se\/no\/produkt\/jabadabado-frisorsett\/#primaryimage"},"thumbnailUrl":"https:\/\/babylove.se\/no\/wp-content\/uploads\/sites\/3\/2025\/07\/624d7a7f23c47.jpeg","datePublished":"2025-07-19T00:07:35+00:00","dateModified":"2026-04-08T11:15:47+00:00","breadcrumb":{"@id":"https:\/\/babylove.se\/no\/produkt\/jabadabado-frisorsett\/#breadcrumb"},"inLanguage":"nb-NO","potentialAction":[{"@type":"ReadAction","target":["https:\/\/babylove.se\/no\/produkt\/jabadabado-frisorsett\/"]}]},{"@type":"ImageObject","inLanguage":"nb-NO","@id":"https:\/\/babylove.se\/no\/produkt\/jabadabado-frisorsett\/#primaryimage","url":"https:\/\/babylove.se\/no\/wp-content\/uploads\/sites\/3\/2025\/07\/624d7a7f23c47.jpeg","contentUrl":"https:\/\/babylove.se\/no\/wp-content\/uploads\/sites\/3\/2025\/07\/624d7a7f23c47.jpeg","width":1205,"height":1205},{"@type":"BreadcrumbList","@id":"https:\/\/babylove.se\/no\/produkt\/jabadabado-frisorsett\/#breadcrumb","itemListElement":[{"@type":"ListItem","position":1,"name":"Hem","item":"https:\/\/babylove.se\/no\/"},{"@type":"ListItem","position":2,"name":"Butik","item":"https:\/\/babylove.se\/no\/butik\/"},{"@type":"ListItem","position":3,"name":"JaBaDaBaDo fris\u00f8rsett"}]},{"@type":"WebSite","@id":"https:\/\/babylove.se\/no\/#website","url":"https:\/\/babylove.se\/no\/","name":"Babylove Norska","description":"","potentialAction":[{"@type":"SearchAction","target":{"@type":"EntryPoint","urlTemplate":"https:\/\/babylove.se\/no\/?s={search_term_string}"},"query-input":{"@type":"PropertyValueSpecification","valueRequired":true,"valueName":"search_term_string"}}],"inLanguage":"nb-NO"}]},"product_brand":"JaBaDaBaDo","product_price_amount":"249.00","product_price_currency":"SEK","og_availability":"instock","product_availability":"instock","product_retailer_item_id":"W7241","product_condition":"new"},"_links":{"self":[{"href":"https:\/\/babylove.se\/no\/wp-json\/wp\/v2\/product\/35139","targetHints":{"allow":["GET"]}}],"collection":[{"href":"https:\/\/babylove.se\/no\/wp-json\/wp\/v2\/product"}],"about":[{"href":"https:\/\/babylove.se\/no\/wp-json\/wp\/v2\/types\/product"}],"replies":[{"embeddable":true,"href":"https:\/\/babylove.se\/no\/wp-json\/wp\/v2\/comments?post=35139"}],"wp:featuredmedia":[{"embeddable":true,"href":"https:\/\/babylove.se\/no\/wp-json\/wp\/v2\/media\/35141"}],"wp:attachment":[{"href":"https:\/\/babylove.se\/no\/wp-json\/wp\/v2\/media?parent=35139"}],"wp:term":[{"taxonomy":"product_brand","embeddable":true,"href":"https:\/\/babylove.se\/no\/wp-json\/wp\/v2\/product_brand?post=35139"},{"taxonomy":"product_cat","embeddable":true,"href":"https:\/\/babylove.se\/no\/wp-json\/wp\/v2\/product_cat?post=35139"},{"taxonomy":"product_tag","embeddable":true,"href":"https:\/\/babylove.se\/no\/wp-json\/wp\/v2\/product_tag?post=35139"}],"curies":[{"name":"wp","href":"https:\/\/api.w.org\/{rel}","templated":true}]}}