{"id":35267,"date":"2025-07-19T01:09:00","date_gmt":"2025-07-19T00:09:00","guid":{"rendered":"https:\/\/babylove.se\/produkt\/liewood-leonore-barnpool-mini-leogolden-caramel\/"},"modified":"2026-04-08T12:16:45","modified_gmt":"2026-04-08T11:16:45","slug":"liewood-leonore-barnebasseng-mini-leogolden-karamell","status":"publish","type":"product","link":"https:\/\/babylove.se\/no\/produkt\/liewood-leonore-barnebasseng-mini-leogolden-karamell\/","title":{"rendered":"Liewood, Leonore barnebasseng, Mini Leo\/Golden Caramel"},"content":{"rendered":"<p>Gj\u00f8r sommeren morsommere med Liewoods oppbl\u00e5sbare barnebasseng. Et fint motiv som gj\u00f8r at det blir en fin detalj p\u00e5 uteplassen eller gressplenen, samtidig som barna dine kommer til \u00e5 elske \u00e5 kj\u00f8le seg ned i det en varm sommerdag. Vakker design og n\u00f8ye materialvalg skaper dette premiump\u043b\u0430\u0441\u0442\u0431\u0430\u0441\u0441\u0435\u0439\u043det, bare det beste er godt nok! <\/p>\n<p><strong>Material<\/strong>: 100% PVC. CE-merket. I samsvar med EN71-8, den europeiske standarden for aktivitetsleker. <\/p>\n<p><strong>M\u00e5l<\/strong>: Diameter 80 cm. H\u00f8yde 20 cm. Omtrentlig vannvolum ved oppbl\u00e5sing: 43 liter (70% fylt). <\/p>\n<p>Designer: <a href=\"https:\/\/babylove.se\/varumarken\/liewood\"><u>Liewood<\/u><\/a><\/p>\n","protected":false},"excerpt":{"rendered":"<p>Gj\u00f8r sommeren morsommere med Liewoods oppbl\u00e5sbare barnebasseng. Et fint motiv som gj\u00f8r at det blir en fin detalj p\u00e5 uteplassen eller gressplenen, samtidig som barna dine kommer til \u00e5 elske \u00e5 kj\u00f8le seg ned i det en varm sommerdag. Vakker design og n\u00f8ye materialvalg skaper dette premiump\u043b\u0430\u0441\u0442\u0431\u0430\u0441\u0441\u0435\u0439\u043det, bare det beste er godt nok! Material: 100% [&hellip;]<\/p>\n","protected":false},"featured_media":35269,"comment_status":"closed","ping_status":"closed","template":"","meta":{"_acf_changed":false},"product_brand":[282],"product_cat":[768,68,283,60,1775,753],"product_tag":[],"class_list":{"0":"post-35267","1":"product","2":"type-product","3":"status-publish","4":"has-post-thumbnail","6":"product_brand-liewood","7":"product_cat-barnebasseng","8":"product_cat-leker","9":"product_cat-liewood","10":"product_cat-sommer","11":"product_cat-uteleker","12":"product_cat-vannleker","14":"first","15":"outofstock","16":"taxable","17":"shipping-taxable","18":"purchasable","19":"product-type-simple"},"acf":[],"yoast_head":"<!-- This site is optimized with the Yoast SEO Premium plugin v25.8 (Yoast SEO v27.2) - https:\/\/yoast.com\/product\/yoast-seo-premium-wordpress\/ -->\n<title>Liewood, Leonore barnebasseng, Mini Leo\/Golden Caramel - Babylove Norska<\/title>\n<meta name=\"robots\" content=\"noindex, follow, max-snippet:-1, max-image-preview:large, max-video-preview:-1\" \/>\n<meta property=\"og:locale\" content=\"nb_NO\" \/>\n<meta property=\"og:type\" content=\"article\" \/>\n<meta property=\"og:title\" content=\"Liewood, Leonore barnebasseng, Mini Leo\/Golden Caramel\" \/>\n<meta property=\"og:description\" content=\"Gj\u00f8r sommeren morsommere med Liewoods oppbl\u00e5sbare barnebasseng. Et fint motiv som gj\u00f8r at det blir en fin detalj p\u00e5 uteplassen eller gressplenen, samtidig som barna dine kommer til \u00e5 elske \u00e5 kj\u00f8le seg ned i det en varm sommerdag. Vakker design og n\u00f8ye materialvalg skaper dette premiump\u043b\u0430\u0441\u0442\u0431\u0430\u0441\u0441\u0435\u0439\u043det, bare det beste er godt nok! Material: 100% [&hellip;]\" \/>\n<meta property=\"og:url\" content=\"https:\/\/babylove.se\/no\/produkt\/liewood-leonore-barnebasseng-mini-leogolden-karamell\/\" \/>\n<meta property=\"og:site_name\" content=\"Babylove Norska\" \/>\n<meta property=\"article:modified_time\" content=\"2026-04-08T11:16:45+00:00\" \/>\n<meta property=\"og:image\" content=\"https:\/\/babylove.se\/no\/wp-content\/uploads\/sites\/3\/2025\/07\/62615d64b5e4c.jpeg\" \/>\n\t<meta property=\"og:image:width\" content=\"800\" \/>\n\t<meta property=\"og:image:height\" content=\"800\" \/>\n\t<meta property=\"og:image:type\" content=\"image\/webp\" \/>\n<meta name=\"twitter:card\" content=\"summary_large_image\" \/>\n<meta name=\"twitter:label1\" content=\"Price\" \/>\n\t<meta name=\"twitter:data1\" content=\"399,00&nbsp;&#107;&#114;\" \/>\n\t<meta name=\"twitter:label2\" content=\"Availability\" \/>\n\t<meta name=\"twitter:data2\" content=\"Out of stock\" \/>\n<script type=\"application\/ld+json\" class=\"yoast-schema-graph\">{\"@context\":\"https:\/\/schema.org\",\"@graph\":[{\"@type\":\"WebPage\",\"@id\":\"https:\/\/babylove.se\/no\/produkt\/liewood-leonore-barnebasseng-mini-leogolden-karamell\/\",\"url\":\"https:\/\/babylove.se\/no\/produkt\/liewood-leonore-barnebasseng-mini-leogolden-karamell\/\",\"name\":\"Liewood, Leonore barnebasseng, Mini Leo\/Golden Caramel - Babylove Norska\",\"isPartOf\":{\"@id\":\"https:\/\/babylove.se\/no\/#website\"},\"primaryImageOfPage\":{\"@id\":\"https:\/\/babylove.se\/no\/produkt\/liewood-leonore-barnebasseng-mini-leogolden-karamell\/#primaryimage\"},\"image\":{\"@id\":\"https:\/\/babylove.se\/no\/produkt\/liewood-leonore-barnebasseng-mini-leogolden-karamell\/#primaryimage\"},\"thumbnailUrl\":\"https:\/\/babylove.se\/no\/wp-content\/uploads\/sites\/3\/2025\/07\/62615d64b5e4c.jpeg\",\"datePublished\":\"2025-07-19T00:09:00+00:00\",\"dateModified\":\"2026-04-08T11:16:45+00:00\",\"breadcrumb\":{\"@id\":\"https:\/\/babylove.se\/no\/produkt\/liewood-leonore-barnebasseng-mini-leogolden-karamell\/#breadcrumb\"},\"inLanguage\":\"nb-NO\",\"potentialAction\":[{\"@type\":\"ReadAction\",\"target\":[\"https:\/\/babylove.se\/no\/produkt\/liewood-leonore-barnebasseng-mini-leogolden-karamell\/\"]}]},{\"@type\":\"ImageObject\",\"inLanguage\":\"nb-NO\",\"@id\":\"https:\/\/babylove.se\/no\/produkt\/liewood-leonore-barnebasseng-mini-leogolden-karamell\/#primaryimage\",\"url\":\"https:\/\/babylove.se\/no\/wp-content\/uploads\/sites\/3\/2025\/07\/62615d64b5e4c.jpeg\",\"contentUrl\":\"https:\/\/babylove.se\/no\/wp-content\/uploads\/sites\/3\/2025\/07\/62615d64b5e4c.jpeg\",\"width\":800,\"height\":800},{\"@type\":\"BreadcrumbList\",\"@id\":\"https:\/\/babylove.se\/no\/produkt\/liewood-leonore-barnebasseng-mini-leogolden-karamell\/#breadcrumb\",\"itemListElement\":[{\"@type\":\"ListItem\",\"position\":1,\"name\":\"Hem\",\"item\":\"https:\/\/babylove.se\/no\/\"},{\"@type\":\"ListItem\",\"position\":2,\"name\":\"Butik\",\"item\":\"https:\/\/babylove.se\/no\/butik\/\"},{\"@type\":\"ListItem\",\"position\":3,\"name\":\"Liewood, Leonore barnebasseng, Mini Leo\/Golden Caramel\"}]},{\"@type\":\"WebSite\",\"@id\":\"https:\/\/babylove.se\/no\/#website\",\"url\":\"https:\/\/babylove.se\/no\/\",\"name\":\"Babylove Norska\",\"description\":\"\",\"potentialAction\":[{\"@type\":\"SearchAction\",\"target\":{\"@type\":\"EntryPoint\",\"urlTemplate\":\"https:\/\/babylove.se\/no\/?s={search_term_string}\"},\"query-input\":{\"@type\":\"PropertyValueSpecification\",\"valueRequired\":true,\"valueName\":\"search_term_string\"}}],\"inLanguage\":\"nb-NO\"}]}<\/script>\n<meta property=\"product:brand\" content=\"Liewood\" \/>\n<meta property=\"product:price:amount\" content=\"399.00\" \/>\n<meta property=\"product:price:currency\" content=\"SEK\" \/>\n<meta property=\"og:availability\" content=\"out of stock\" \/>\n<meta property=\"product:availability\" content=\"out of stock\" \/>\n<meta property=\"product:retailer_item_id\" content=\"LW147750257\" \/>\n<meta property=\"product:condition\" content=\"new\" \/>\n<!-- \/ Yoast SEO Premium plugin. -->","yoast_head_json":{"title":"Liewood, Leonore barnebasseng, Mini Leo\/Golden Caramel - Babylove Norska","robots":{"index":"noindex","follow":"follow","max-snippet":"max-snippet:-1","max-image-preview":"max-image-preview:large","max-video-preview":"max-video-preview:-1"},"og_locale":"nb_NO","og_type":"article","og_title":"Liewood, Leonore barnebasseng, Mini Leo\/Golden Caramel","og_description":"Gj\u00f8r sommeren morsommere med Liewoods oppbl\u00e5sbare barnebasseng. Et fint motiv som gj\u00f8r at det blir en fin detalj p\u00e5 uteplassen eller gressplenen, samtidig som barna dine kommer til \u00e5 elske \u00e5 kj\u00f8le seg ned i det en varm sommerdag. Vakker design og n\u00f8ye materialvalg skaper dette premiump\u043b\u0430\u0441\u0442\u0431\u0430\u0441\u0441\u0435\u0439\u043det, bare det beste er godt nok! Material: 100% [&hellip;]","og_url":"https:\/\/babylove.se\/no\/produkt\/liewood-leonore-barnebasseng-mini-leogolden-karamell\/","og_site_name":"Babylove Norska","article_modified_time":"2026-04-08T11:16:45+00:00","og_image":[{"width":800,"height":800,"url":"https:\/\/babylove.se\/no\/wp-content\/uploads\/sites\/3\/2025\/07\/62615d64b5e4c.jpeg","type":"image\/webp"}],"twitter_card":"summary_large_image","twitter_misc":{"Price":"399,00&nbsp;&#107;&#114;","Availability":"Out of stock"},"schema":{"@context":"https:\/\/schema.org","@graph":[{"@type":"WebPage","@id":"https:\/\/babylove.se\/no\/produkt\/liewood-leonore-barnebasseng-mini-leogolden-karamell\/","url":"https:\/\/babylove.se\/no\/produkt\/liewood-leonore-barnebasseng-mini-leogolden-karamell\/","name":"Liewood, Leonore barnebasseng, Mini Leo\/Golden Caramel - Babylove Norska","isPartOf":{"@id":"https:\/\/babylove.se\/no\/#website"},"primaryImageOfPage":{"@id":"https:\/\/babylove.se\/no\/produkt\/liewood-leonore-barnebasseng-mini-leogolden-karamell\/#primaryimage"},"image":{"@id":"https:\/\/babylove.se\/no\/produkt\/liewood-leonore-barnebasseng-mini-leogolden-karamell\/#primaryimage"},"thumbnailUrl":"https:\/\/babylove.se\/no\/wp-content\/uploads\/sites\/3\/2025\/07\/62615d64b5e4c.jpeg","datePublished":"2025-07-19T00:09:00+00:00","dateModified":"2026-04-08T11:16:45+00:00","breadcrumb":{"@id":"https:\/\/babylove.se\/no\/produkt\/liewood-leonore-barnebasseng-mini-leogolden-karamell\/#breadcrumb"},"inLanguage":"nb-NO","potentialAction":[{"@type":"ReadAction","target":["https:\/\/babylove.se\/no\/produkt\/liewood-leonore-barnebasseng-mini-leogolden-karamell\/"]}]},{"@type":"ImageObject","inLanguage":"nb-NO","@id":"https:\/\/babylove.se\/no\/produkt\/liewood-leonore-barnebasseng-mini-leogolden-karamell\/#primaryimage","url":"https:\/\/babylove.se\/no\/wp-content\/uploads\/sites\/3\/2025\/07\/62615d64b5e4c.jpeg","contentUrl":"https:\/\/babylove.se\/no\/wp-content\/uploads\/sites\/3\/2025\/07\/62615d64b5e4c.jpeg","width":800,"height":800},{"@type":"BreadcrumbList","@id":"https:\/\/babylove.se\/no\/produkt\/liewood-leonore-barnebasseng-mini-leogolden-karamell\/#breadcrumb","itemListElement":[{"@type":"ListItem","position":1,"name":"Hem","item":"https:\/\/babylove.se\/no\/"},{"@type":"ListItem","position":2,"name":"Butik","item":"https:\/\/babylove.se\/no\/butik\/"},{"@type":"ListItem","position":3,"name":"Liewood, Leonore barnebasseng, Mini Leo\/Golden Caramel"}]},{"@type":"WebSite","@id":"https:\/\/babylove.se\/no\/#website","url":"https:\/\/babylove.se\/no\/","name":"Babylove Norska","description":"","potentialAction":[{"@type":"SearchAction","target":{"@type":"EntryPoint","urlTemplate":"https:\/\/babylove.se\/no\/?s={search_term_string}"},"query-input":{"@type":"PropertyValueSpecification","valueRequired":true,"valueName":"search_term_string"}}],"inLanguage":"nb-NO"}]},"product_brand":"Liewood","product_price_amount":"399.00","product_price_currency":"SEK","og_availability":"out of stock","product_availability":"out of stock","product_retailer_item_id":"LW147750257","product_condition":"new"},"_links":{"self":[{"href":"https:\/\/babylove.se\/no\/wp-json\/wp\/v2\/product\/35267","targetHints":{"allow":["GET"]}}],"collection":[{"href":"https:\/\/babylove.se\/no\/wp-json\/wp\/v2\/product"}],"about":[{"href":"https:\/\/babylove.se\/no\/wp-json\/wp\/v2\/types\/product"}],"replies":[{"embeddable":true,"href":"https:\/\/babylove.se\/no\/wp-json\/wp\/v2\/comments?post=35267"}],"wp:featuredmedia":[{"embeddable":true,"href":"https:\/\/babylove.se\/no\/wp-json\/wp\/v2\/media\/35269"}],"wp:attachment":[{"href":"https:\/\/babylove.se\/no\/wp-json\/wp\/v2\/media?parent=35267"}],"wp:term":[{"taxonomy":"product_brand","embeddable":true,"href":"https:\/\/babylove.se\/no\/wp-json\/wp\/v2\/product_brand?post=35267"},{"taxonomy":"product_cat","embeddable":true,"href":"https:\/\/babylove.se\/no\/wp-json\/wp\/v2\/product_cat?post=35267"},{"taxonomy":"product_tag","embeddable":true,"href":"https:\/\/babylove.se\/no\/wp-json\/wp\/v2\/product_tag?post=35267"}],"curies":[{"name":"wp","href":"https:\/\/api.w.org\/{rel}","templated":true}]}}