{"id":35418,"date":"2025-07-19T01:10:42","date_gmt":"2025-07-19T00:10:42","guid":{"rendered":"https:\/\/babylove.se\/produkt\/trabord-till-barnrummet-fox\/"},"modified":"2026-04-08T12:18:09","modified_gmt":"2026-04-08T11:18:09","slug":"styrbord-til-barnerommet-fox","status":"publish","type":"product","link":"https:\/\/babylove.se\/no\/produkt\/styrbord-til-barnerommet-fox\/","title":{"rendered":"Trebord til barnerommet, rev"},"content":{"rendered":"<p>Et vakkert trebord til barnerommet med motiv av en s\u00f8t rev. Barnet ditt kan sitte behagelig og pusle eller leke, og det blir et bra hj\u00f8rne for penner og tegnepapir. Du kan enkelt t\u00f8rke av bordet &nbsp;med en fuktig klut.<\/p>\n<p>Match gjerne med en eller flere stoler fra samme kolleksjon!<\/p>\n<p>Bordet kommer umontert, men du monterer enkelt selv det for h\u00e5nd, alt er forberedt.<\/p>\n<p><strong>M\u00e5l<\/strong>: 62 x 64 x 43 cm<\/p>\n","protected":false},"excerpt":{"rendered":"<p>Et vakkert trebord til barnerommet med motiv av en s\u00f8t rev. Barnet ditt kan sitte behagelig og pusle eller leke, og det blir et bra hj\u00f8rne for penner og tegnepapir. Du kan enkelt t\u00f8rke av bordet &nbsp;med en fuktig klut. Match gjerne med en eller flere stoler fra samme kolleksjon! Bordet kommer umontert, men du [&hellip;]<\/p>\n","protected":false},"featured_media":35420,"comment_status":"closed","ping_status":"open","template":"","meta":{"_acf_changed":false},"product_brand":[972],"product_cat":[973,90,85],"product_tag":[],"class_list":{"0":"post-35418","1":"product","2":"type-product","3":"status-publish","4":"has-post-thumbnail","6":"product_brand-atmosphera","7":"product_cat-atmosphera","8":"product_cat-dyr","9":"product_cat-bord","11":"first","12":"instock","13":"taxable","14":"shipping-taxable","15":"purchasable","16":"product-type-simple"},"acf":[],"yoast_head":"<!-- This site is optimized with the Yoast SEO Premium plugin v25.8 (Yoast SEO v27.2) - https:\/\/yoast.com\/product\/yoast-seo-premium-wordpress\/ -->\n<title>Trebord til barnerommet, rev - Babylove Norska<\/title>\n<meta name=\"robots\" content=\"noindex, follow, max-snippet:-1, max-image-preview:large, max-video-preview:-1\" \/>\n<meta property=\"og:locale\" content=\"nb_NO\" \/>\n<meta property=\"og:type\" content=\"article\" \/>\n<meta property=\"og:title\" content=\"Trebord til barnerommet, rev\" \/>\n<meta property=\"og:description\" content=\"Et vakkert trebord til barnerommet med motiv av en s\u00f8t rev. Barnet ditt kan sitte behagelig og pusle eller leke, og det blir et bra hj\u00f8rne for penner og tegnepapir. Du kan enkelt t\u00f8rke av bordet &nbsp;med en fuktig klut. Match gjerne med en eller flere stoler fra samme kolleksjon! Bordet kommer umontert, men du [&hellip;]\" \/>\n<meta property=\"og:url\" content=\"https:\/\/babylove.se\/no\/produkt\/styrbord-til-barnerommet-fox\/\" \/>\n<meta property=\"og:site_name\" content=\"Babylove Norska\" \/>\n<meta property=\"article:modified_time\" content=\"2026-04-08T11:18:09+00:00\" \/>\n<meta property=\"og:image\" content=\"https:\/\/babylove.se\/no\/wp-content\/uploads\/sites\/3\/2025\/07\/6262b9d4528ed.jpeg\" \/>\n\t<meta property=\"og:image:width\" content=\"400\" \/>\n\t<meta property=\"og:image:height\" content=\"400\" \/>\n\t<meta property=\"og:image:type\" content=\"image\/jpeg\" \/>\n<meta name=\"twitter:card\" content=\"summary_large_image\" \/>\n<meta name=\"twitter:label1\" content=\"Price\" \/>\n\t<meta name=\"twitter:data1\" content=\"659,00&nbsp;&#107;&#114;\" \/>\n\t<meta name=\"twitter:label2\" content=\"Availability\" \/>\n\t<meta name=\"twitter:data2\" content=\"In stock\" \/>\n<script type=\"application\/ld+json\" class=\"yoast-schema-graph\">{\"@context\":\"https:\/\/schema.org\",\"@graph\":[{\"@type\":\"WebPage\",\"@id\":\"https:\/\/babylove.se\/no\/produkt\/styrbord-til-barnerommet-fox\/\",\"url\":\"https:\/\/babylove.se\/no\/produkt\/styrbord-til-barnerommet-fox\/\",\"name\":\"Trebord til barnerommet, rev - Babylove Norska\",\"isPartOf\":{\"@id\":\"https:\/\/babylove.se\/no\/#website\"},\"primaryImageOfPage\":{\"@id\":\"https:\/\/babylove.se\/no\/produkt\/styrbord-til-barnerommet-fox\/#primaryimage\"},\"image\":{\"@id\":\"https:\/\/babylove.se\/no\/produkt\/styrbord-til-barnerommet-fox\/#primaryimage\"},\"thumbnailUrl\":\"https:\/\/babylove.se\/no\/wp-content\/uploads\/sites\/3\/2025\/07\/6262b9d4528ed.jpeg\",\"datePublished\":\"2025-07-19T00:10:42+00:00\",\"dateModified\":\"2026-04-08T11:18:09+00:00\",\"breadcrumb\":{\"@id\":\"https:\/\/babylove.se\/no\/produkt\/styrbord-til-barnerommet-fox\/#breadcrumb\"},\"inLanguage\":\"nb-NO\",\"potentialAction\":[{\"@type\":\"ReadAction\",\"target\":[\"https:\/\/babylove.se\/no\/produkt\/styrbord-til-barnerommet-fox\/\"]}]},{\"@type\":\"ImageObject\",\"inLanguage\":\"nb-NO\",\"@id\":\"https:\/\/babylove.se\/no\/produkt\/styrbord-til-barnerommet-fox\/#primaryimage\",\"url\":\"https:\/\/babylove.se\/no\/wp-content\/uploads\/sites\/3\/2025\/07\/6262b9d4528ed.jpeg\",\"contentUrl\":\"https:\/\/babylove.se\/no\/wp-content\/uploads\/sites\/3\/2025\/07\/6262b9d4528ed.jpeg\",\"width\":400,\"height\":400},{\"@type\":\"BreadcrumbList\",\"@id\":\"https:\/\/babylove.se\/no\/produkt\/styrbord-til-barnerommet-fox\/#breadcrumb\",\"itemListElement\":[{\"@type\":\"ListItem\",\"position\":1,\"name\":\"Hem\",\"item\":\"https:\/\/babylove.se\/no\/\"},{\"@type\":\"ListItem\",\"position\":2,\"name\":\"Butik\",\"item\":\"https:\/\/babylove.se\/no\/butik\/\"},{\"@type\":\"ListItem\",\"position\":3,\"name\":\"Trebord til barnerommet, rev\"}]},{\"@type\":\"WebSite\",\"@id\":\"https:\/\/babylove.se\/no\/#website\",\"url\":\"https:\/\/babylove.se\/no\/\",\"name\":\"Babylove Norska\",\"description\":\"\",\"potentialAction\":[{\"@type\":\"SearchAction\",\"target\":{\"@type\":\"EntryPoint\",\"urlTemplate\":\"https:\/\/babylove.se\/no\/?s={search_term_string}\"},\"query-input\":{\"@type\":\"PropertyValueSpecification\",\"valueRequired\":true,\"valueName\":\"search_term_string\"}}],\"inLanguage\":\"nb-NO\"}]}<\/script>\n<meta property=\"product:brand\" content=\"Atmosphera\" \/>\n<meta property=\"product:price:amount\" content=\"659.00\" \/>\n<meta property=\"product:price:currency\" content=\"SEK\" \/>\n<meta property=\"og:availability\" content=\"instock\" \/>\n<meta property=\"product:availability\" content=\"instock\" \/>\n<meta property=\"product:retailer_item_id\" content=\"174318\" \/>\n<meta property=\"product:condition\" content=\"new\" \/>\n<!-- \/ Yoast SEO Premium plugin. -->","yoast_head_json":{"title":"Trebord til barnerommet, rev - Babylove Norska","robots":{"index":"noindex","follow":"follow","max-snippet":"max-snippet:-1","max-image-preview":"max-image-preview:large","max-video-preview":"max-video-preview:-1"},"og_locale":"nb_NO","og_type":"article","og_title":"Trebord til barnerommet, rev","og_description":"Et vakkert trebord til barnerommet med motiv av en s\u00f8t rev. Barnet ditt kan sitte behagelig og pusle eller leke, og det blir et bra hj\u00f8rne for penner og tegnepapir. Du kan enkelt t\u00f8rke av bordet &nbsp;med en fuktig klut. Match gjerne med en eller flere stoler fra samme kolleksjon! Bordet kommer umontert, men du [&hellip;]","og_url":"https:\/\/babylove.se\/no\/produkt\/styrbord-til-barnerommet-fox\/","og_site_name":"Babylove Norska","article_modified_time":"2026-04-08T11:18:09+00:00","og_image":[{"width":400,"height":400,"url":"https:\/\/babylove.se\/no\/wp-content\/uploads\/sites\/3\/2025\/07\/6262b9d4528ed.jpeg","type":"image\/jpeg"}],"twitter_card":"summary_large_image","twitter_misc":{"Price":"659,00&nbsp;&#107;&#114;","Availability":"In stock"},"schema":{"@context":"https:\/\/schema.org","@graph":[{"@type":"WebPage","@id":"https:\/\/babylove.se\/no\/produkt\/styrbord-til-barnerommet-fox\/","url":"https:\/\/babylove.se\/no\/produkt\/styrbord-til-barnerommet-fox\/","name":"Trebord til barnerommet, rev - Babylove Norska","isPartOf":{"@id":"https:\/\/babylove.se\/no\/#website"},"primaryImageOfPage":{"@id":"https:\/\/babylove.se\/no\/produkt\/styrbord-til-barnerommet-fox\/#primaryimage"},"image":{"@id":"https:\/\/babylove.se\/no\/produkt\/styrbord-til-barnerommet-fox\/#primaryimage"},"thumbnailUrl":"https:\/\/babylove.se\/no\/wp-content\/uploads\/sites\/3\/2025\/07\/6262b9d4528ed.jpeg","datePublished":"2025-07-19T00:10:42+00:00","dateModified":"2026-04-08T11:18:09+00:00","breadcrumb":{"@id":"https:\/\/babylove.se\/no\/produkt\/styrbord-til-barnerommet-fox\/#breadcrumb"},"inLanguage":"nb-NO","potentialAction":[{"@type":"ReadAction","target":["https:\/\/babylove.se\/no\/produkt\/styrbord-til-barnerommet-fox\/"]}]},{"@type":"ImageObject","inLanguage":"nb-NO","@id":"https:\/\/babylove.se\/no\/produkt\/styrbord-til-barnerommet-fox\/#primaryimage","url":"https:\/\/babylove.se\/no\/wp-content\/uploads\/sites\/3\/2025\/07\/6262b9d4528ed.jpeg","contentUrl":"https:\/\/babylove.se\/no\/wp-content\/uploads\/sites\/3\/2025\/07\/6262b9d4528ed.jpeg","width":400,"height":400},{"@type":"BreadcrumbList","@id":"https:\/\/babylove.se\/no\/produkt\/styrbord-til-barnerommet-fox\/#breadcrumb","itemListElement":[{"@type":"ListItem","position":1,"name":"Hem","item":"https:\/\/babylove.se\/no\/"},{"@type":"ListItem","position":2,"name":"Butik","item":"https:\/\/babylove.se\/no\/butik\/"},{"@type":"ListItem","position":3,"name":"Trebord til barnerommet, rev"}]},{"@type":"WebSite","@id":"https:\/\/babylove.se\/no\/#website","url":"https:\/\/babylove.se\/no\/","name":"Babylove Norska","description":"","potentialAction":[{"@type":"SearchAction","target":{"@type":"EntryPoint","urlTemplate":"https:\/\/babylove.se\/no\/?s={search_term_string}"},"query-input":{"@type":"PropertyValueSpecification","valueRequired":true,"valueName":"search_term_string"}}],"inLanguage":"nb-NO"}]},"product_brand":"Atmosphera","product_price_amount":"659.00","product_price_currency":"SEK","og_availability":"instock","product_availability":"instock","product_retailer_item_id":"174318","product_condition":"new"},"_links":{"self":[{"href":"https:\/\/babylove.se\/no\/wp-json\/wp\/v2\/product\/35418","targetHints":{"allow":["GET"]}}],"collection":[{"href":"https:\/\/babylove.se\/no\/wp-json\/wp\/v2\/product"}],"about":[{"href":"https:\/\/babylove.se\/no\/wp-json\/wp\/v2\/types\/product"}],"replies":[{"embeddable":true,"href":"https:\/\/babylove.se\/no\/wp-json\/wp\/v2\/comments?post=35418"}],"wp:featuredmedia":[{"embeddable":true,"href":"https:\/\/babylove.se\/no\/wp-json\/wp\/v2\/media\/35420"}],"wp:attachment":[{"href":"https:\/\/babylove.se\/no\/wp-json\/wp\/v2\/media?parent=35418"}],"wp:term":[{"taxonomy":"product_brand","embeddable":true,"href":"https:\/\/babylove.se\/no\/wp-json\/wp\/v2\/product_brand?post=35418"},{"taxonomy":"product_cat","embeddable":true,"href":"https:\/\/babylove.se\/no\/wp-json\/wp\/v2\/product_cat?post=35418"},{"taxonomy":"product_tag","embeddable":true,"href":"https:\/\/babylove.se\/no\/wp-json\/wp\/v2\/product_tag?post=35418"}],"curies":[{"name":"wp","href":"https:\/\/api.w.org\/{rel}","templated":true}]}}