{"id":35422,"date":"2025-07-19T01:10:42","date_gmt":"2025-07-19T00:10:42","guid":{"rendered":"https:\/\/babylove.se\/produkt\/trastol-till-barnrummet-fox\/"},"modified":"2026-04-08T12:18:13","modified_gmt":"2026-04-08T11:18:13","slug":"trestol-til-barnerommet-fox","status":"publish","type":"product","link":"https:\/\/babylove.se\/no\/produkt\/trestol-til-barnerommet-fox\/","title":{"rendered":"Trestol til barnerommet, fox"},"content":{"rendered":"<p>En vakker trestol som vil gi sjarm og karakter til enhver barneroms innredning. Ditt barn vil garantert ha mange gode stunder p\u00e5 denne stolen, hvor det kan sitte og pusle eller male s\u00e5 snart de \u00f8nsker det. Stolen er lakkert og sv\u00e6rt enkel \u00e5 t\u00f8rke av med en fuktig klut.<\/p>\n<p>Gjerne match stolen med et like fint bord i samme serie!<\/p>\n<p><strong>M\u00e5l<\/strong>: 28 x 28 x 52,5 cm.<\/p>\n<p><strong>Materiale<\/strong>: Tre<\/p>\n","protected":false},"excerpt":{"rendered":"<p>En vakker trestol som vil gi sjarm og karakter til enhver barneroms innredning. Ditt barn vil garantert ha mange gode stunder p\u00e5 denne stolen, hvor det kan sitte og pusle eller male s\u00e5 snart de \u00f8nsker det. Stolen er lakkert og sv\u00e6rt enkel \u00e5 t\u00f8rke av med en fuktig klut. Gjerne match stolen med et [&hellip;]<\/p>\n","protected":false},"featured_media":35424,"comment_status":"closed","ping_status":"open","template":"","meta":{"_acf_changed":false},"product_brand":[972],"product_cat":[973,70,90,80],"product_tag":[],"class_list":{"0":"post-35422","1":"product","2":"type-product","3":"status-publish","4":"has-post-thumbnail","6":"product_brand-atmosphera","7":"product_cat-atmosphera","8":"product_cat-gaver","9":"product_cat-dyr","10":"product_cat-stoler","12":"first","13":"outofstock","14":"taxable","15":"shipping-taxable","16":"purchasable","17":"product-type-simple"},"acf":[],"yoast_head":"<!-- This site is optimized with the Yoast SEO Premium plugin v25.8 (Yoast SEO v27.2) - https:\/\/yoast.com\/product\/yoast-seo-premium-wordpress\/ -->\n<title>Trestol til barnerommet, fox - Babylove Norska<\/title>\n<meta name=\"description\" content=\"En vacker m\u00f6belkombination best\u00e5ende av en molnstol och ett bord i form av en bj\u00f6rn som kommer att ge en charm och karakt\u00e4r till varje barnrumsinredning.\" \/>\n<meta name=\"robots\" content=\"noindex, follow, max-snippet:-1, max-image-preview:large, max-video-preview:-1\" \/>\n<meta property=\"og:locale\" content=\"nb_NO\" \/>\n<meta property=\"og:type\" content=\"article\" \/>\n<meta property=\"og:title\" content=\"Trestol til barnerommet, fox\" \/>\n<meta property=\"og:description\" content=\"En vacker m\u00f6belkombination best\u00e5ende av en molnstol och ett bord i form av en bj\u00f6rn som kommer att ge en charm och karakt\u00e4r till varje barnrumsinredning.\" \/>\n<meta property=\"og:url\" content=\"https:\/\/babylove.se\/no\/produkt\/trestol-til-barnerommet-fox\/\" \/>\n<meta property=\"og:site_name\" content=\"Babylove Norska\" \/>\n<meta property=\"article:modified_time\" content=\"2026-04-08T11:18:13+00:00\" \/>\n<meta property=\"og:image\" content=\"https:\/\/babylove.se\/no\/wp-content\/uploads\/sites\/3\/2025\/07\/6262bae25e3e4.jpeg\" \/>\n\t<meta property=\"og:image:width\" content=\"400\" \/>\n\t<meta property=\"og:image:height\" content=\"400\" \/>\n\t<meta property=\"og:image:type\" content=\"image\/jpeg\" \/>\n<meta name=\"twitter:card\" content=\"summary_large_image\" \/>\n<meta name=\"twitter:label1\" content=\"Price\" \/>\n\t<meta name=\"twitter:data1\" content=\"299,00&nbsp;&#107;&#114;\" \/>\n\t<meta name=\"twitter:label2\" content=\"Availability\" \/>\n\t<meta name=\"twitter:data2\" content=\"Out of stock\" \/>\n<script type=\"application\/ld+json\" class=\"yoast-schema-graph\">{\"@context\":\"https:\/\/schema.org\",\"@graph\":[{\"@type\":\"WebPage\",\"@id\":\"https:\/\/babylove.se\/no\/produkt\/trestol-til-barnerommet-fox\/\",\"url\":\"https:\/\/babylove.se\/no\/produkt\/trestol-til-barnerommet-fox\/\",\"name\":\"Trestol til barnerommet, fox - Babylove Norska\",\"isPartOf\":{\"@id\":\"https:\/\/babylove.se\/no\/#website\"},\"primaryImageOfPage\":{\"@id\":\"https:\/\/babylove.se\/no\/produkt\/trestol-til-barnerommet-fox\/#primaryimage\"},\"image\":{\"@id\":\"https:\/\/babylove.se\/no\/produkt\/trestol-til-barnerommet-fox\/#primaryimage\"},\"thumbnailUrl\":\"https:\/\/babylove.se\/no\/wp-content\/uploads\/sites\/3\/2025\/07\/6262bae25e3e4.jpeg\",\"datePublished\":\"2025-07-19T00:10:42+00:00\",\"dateModified\":\"2026-04-08T11:18:13+00:00\",\"description\":\"En vacker m\u00f6belkombination best\u00e5ende av en molnstol och ett bord i form av en bj\u00f6rn som kommer att ge en charm och karakt\u00e4r till varje barnrumsinredning.\",\"breadcrumb\":{\"@id\":\"https:\/\/babylove.se\/no\/produkt\/trestol-til-barnerommet-fox\/#breadcrumb\"},\"inLanguage\":\"nb-NO\",\"potentialAction\":[{\"@type\":\"ReadAction\",\"target\":[\"https:\/\/babylove.se\/no\/produkt\/trestol-til-barnerommet-fox\/\"]}]},{\"@type\":\"ImageObject\",\"inLanguage\":\"nb-NO\",\"@id\":\"https:\/\/babylove.se\/no\/produkt\/trestol-til-barnerommet-fox\/#primaryimage\",\"url\":\"https:\/\/babylove.se\/no\/wp-content\/uploads\/sites\/3\/2025\/07\/6262bae25e3e4.jpeg\",\"contentUrl\":\"https:\/\/babylove.se\/no\/wp-content\/uploads\/sites\/3\/2025\/07\/6262bae25e3e4.jpeg\",\"width\":400,\"height\":400},{\"@type\":\"BreadcrumbList\",\"@id\":\"https:\/\/babylove.se\/no\/produkt\/trestol-til-barnerommet-fox\/#breadcrumb\",\"itemListElement\":[{\"@type\":\"ListItem\",\"position\":1,\"name\":\"Hem\",\"item\":\"https:\/\/babylove.se\/no\/\"},{\"@type\":\"ListItem\",\"position\":2,\"name\":\"Butik\",\"item\":\"https:\/\/babylove.se\/no\/butik\/\"},{\"@type\":\"ListItem\",\"position\":3,\"name\":\"Trestol til barnerommet, fox\"}]},{\"@type\":\"WebSite\",\"@id\":\"https:\/\/babylove.se\/no\/#website\",\"url\":\"https:\/\/babylove.se\/no\/\",\"name\":\"Babylove Norska\",\"description\":\"\",\"potentialAction\":[{\"@type\":\"SearchAction\",\"target\":{\"@type\":\"EntryPoint\",\"urlTemplate\":\"https:\/\/babylove.se\/no\/?s={search_term_string}\"},\"query-input\":{\"@type\":\"PropertyValueSpecification\",\"valueRequired\":true,\"valueName\":\"search_term_string\"}}],\"inLanguage\":\"nb-NO\"}]}<\/script>\n<meta property=\"product:brand\" content=\"Atmosphera\" \/>\n<meta property=\"product:price:amount\" content=\"299.00\" \/>\n<meta property=\"product:price:currency\" content=\"SEK\" \/>\n<meta property=\"og:availability\" content=\"out of stock\" \/>\n<meta property=\"product:availability\" content=\"out of stock\" \/>\n<meta property=\"product:retailer_item_id\" content=\"174315\" \/>\n<meta property=\"product:condition\" content=\"new\" \/>\n<!-- \/ Yoast SEO Premium plugin. -->","yoast_head_json":{"title":"Trestol til barnerommet, fox - Babylove Norska","description":"En vacker m\u00f6belkombination best\u00e5ende av en molnstol och ett bord i form av en bj\u00f6rn som kommer att ge en charm och karakt\u00e4r till varje barnrumsinredning.","robots":{"index":"noindex","follow":"follow","max-snippet":"max-snippet:-1","max-image-preview":"max-image-preview:large","max-video-preview":"max-video-preview:-1"},"og_locale":"nb_NO","og_type":"article","og_title":"Trestol til barnerommet, fox","og_description":"En vacker m\u00f6belkombination best\u00e5ende av en molnstol och ett bord i form av en bj\u00f6rn som kommer att ge en charm och karakt\u00e4r till varje barnrumsinredning.","og_url":"https:\/\/babylove.se\/no\/produkt\/trestol-til-barnerommet-fox\/","og_site_name":"Babylove Norska","article_modified_time":"2026-04-08T11:18:13+00:00","og_image":[{"width":400,"height":400,"url":"https:\/\/babylove.se\/no\/wp-content\/uploads\/sites\/3\/2025\/07\/6262bae25e3e4.jpeg","type":"image\/jpeg"}],"twitter_card":"summary_large_image","twitter_misc":{"Price":"299,00&nbsp;&#107;&#114;","Availability":"Out of stock"},"schema":{"@context":"https:\/\/schema.org","@graph":[{"@type":"WebPage","@id":"https:\/\/babylove.se\/no\/produkt\/trestol-til-barnerommet-fox\/","url":"https:\/\/babylove.se\/no\/produkt\/trestol-til-barnerommet-fox\/","name":"Trestol til barnerommet, fox - Babylove Norska","isPartOf":{"@id":"https:\/\/babylove.se\/no\/#website"},"primaryImageOfPage":{"@id":"https:\/\/babylove.se\/no\/produkt\/trestol-til-barnerommet-fox\/#primaryimage"},"image":{"@id":"https:\/\/babylove.se\/no\/produkt\/trestol-til-barnerommet-fox\/#primaryimage"},"thumbnailUrl":"https:\/\/babylove.se\/no\/wp-content\/uploads\/sites\/3\/2025\/07\/6262bae25e3e4.jpeg","datePublished":"2025-07-19T00:10:42+00:00","dateModified":"2026-04-08T11:18:13+00:00","description":"En vacker m\u00f6belkombination best\u00e5ende av en molnstol och ett bord i form av en bj\u00f6rn som kommer att ge en charm och karakt\u00e4r till varje barnrumsinredning.","breadcrumb":{"@id":"https:\/\/babylove.se\/no\/produkt\/trestol-til-barnerommet-fox\/#breadcrumb"},"inLanguage":"nb-NO","potentialAction":[{"@type":"ReadAction","target":["https:\/\/babylove.se\/no\/produkt\/trestol-til-barnerommet-fox\/"]}]},{"@type":"ImageObject","inLanguage":"nb-NO","@id":"https:\/\/babylove.se\/no\/produkt\/trestol-til-barnerommet-fox\/#primaryimage","url":"https:\/\/babylove.se\/no\/wp-content\/uploads\/sites\/3\/2025\/07\/6262bae25e3e4.jpeg","contentUrl":"https:\/\/babylove.se\/no\/wp-content\/uploads\/sites\/3\/2025\/07\/6262bae25e3e4.jpeg","width":400,"height":400},{"@type":"BreadcrumbList","@id":"https:\/\/babylove.se\/no\/produkt\/trestol-til-barnerommet-fox\/#breadcrumb","itemListElement":[{"@type":"ListItem","position":1,"name":"Hem","item":"https:\/\/babylove.se\/no\/"},{"@type":"ListItem","position":2,"name":"Butik","item":"https:\/\/babylove.se\/no\/butik\/"},{"@type":"ListItem","position":3,"name":"Trestol til barnerommet, fox"}]},{"@type":"WebSite","@id":"https:\/\/babylove.se\/no\/#website","url":"https:\/\/babylove.se\/no\/","name":"Babylove Norska","description":"","potentialAction":[{"@type":"SearchAction","target":{"@type":"EntryPoint","urlTemplate":"https:\/\/babylove.se\/no\/?s={search_term_string}"},"query-input":{"@type":"PropertyValueSpecification","valueRequired":true,"valueName":"search_term_string"}}],"inLanguage":"nb-NO"}]},"product_brand":"Atmosphera","product_price_amount":"299.00","product_price_currency":"SEK","og_availability":"out of stock","product_availability":"out of stock","product_retailer_item_id":"174315","product_condition":"new"},"_links":{"self":[{"href":"https:\/\/babylove.se\/no\/wp-json\/wp\/v2\/product\/35422","targetHints":{"allow":["GET"]}}],"collection":[{"href":"https:\/\/babylove.se\/no\/wp-json\/wp\/v2\/product"}],"about":[{"href":"https:\/\/babylove.se\/no\/wp-json\/wp\/v2\/types\/product"}],"replies":[{"embeddable":true,"href":"https:\/\/babylove.se\/no\/wp-json\/wp\/v2\/comments?post=35422"}],"wp:featuredmedia":[{"embeddable":true,"href":"https:\/\/babylove.se\/no\/wp-json\/wp\/v2\/media\/35424"}],"wp:attachment":[{"href":"https:\/\/babylove.se\/no\/wp-json\/wp\/v2\/media?parent=35422"}],"wp:term":[{"taxonomy":"product_brand","embeddable":true,"href":"https:\/\/babylove.se\/no\/wp-json\/wp\/v2\/product_brand?post=35422"},{"taxonomy":"product_cat","embeddable":true,"href":"https:\/\/babylove.se\/no\/wp-json\/wp\/v2\/product_cat?post=35422"},{"taxonomy":"product_tag","embeddable":true,"href":"https:\/\/babylove.se\/no\/wp-json\/wp\/v2\/product_tag?post=35422"}],"curies":[{"name":"wp","href":"https:\/\/api.w.org\/{rel}","templated":true}]}}