{"id":35490,"date":"2025-07-19T01:11:36","date_gmt":"2025-07-19T00:11:36","guid":{"rendered":"https:\/\/babylove.se\/produkt\/liewood-barney-sittdyna-lekmatta-i-bomull-sea-shell\/"},"modified":"2026-04-08T12:18:47","modified_gmt":"2026-04-08T11:18:47","slug":"liewood-barney-sitteunderlag-lekematte-i-bomull-sea-shell","status":"publish","type":"product","link":"https:\/\/babylove.se\/no\/produkt\/liewood-barney-sitteunderlag-lekematte-i-bomull-sea-shell\/","title":{"rendered":"Liewood, Barney sittepute lekematte i bomull, Sea shell"},"content":{"rendered":"<p>En vakker og multifunksjonell madrass i bomull fra danske Liewood. <\/p>\n<p>Denne vakre sitteputen er ikke bare elegant, men ogs\u00e5 superhyggelig for barnet ditt \u00e5 sitte p\u00e5 eller hvile p\u00e5. Stoffet er i myk bomull s\u00e5 mykere tekstil er knapt \u00e5 finne og sittepuffen har mange bruksomr\u00e5der og kommer til \u00e5 l\u00f8fte hele barneromminnredningen din. Brukes med fordel som dagsenk, lekematte, ekstra sovemadrass for hyggelige overnattinger med venner, eller som &#8220;landingsplass&#8221; ved innend\u00f8rsrutsjebanen. <\/p>\n<p>Den er dessuten enkel \u00e5 ta med seg hvor man enn skal. <\/p>\n<p><strong>M\u00e5l<\/strong>: 150 x 65 cm <\/p>\n<p><strong>Materiale<\/strong>: 100 % organisk bomull <\/p>\n<p>Designer: <a href=\"https:\/\/babylove.se\/varumarken\/liewood\"><u>Liewood<\/u><\/a><\/p>\n","protected":false},"excerpt":{"rendered":"<p>En vakker og multifunksjonell madrass i bomull fra danske Liewood. Denne vakre sitteputen er ikke bare elegant, men ogs\u00e5 superhyggelig for barnet ditt \u00e5 sitte p\u00e5 eller hvile p\u00e5. Stoffet er i myk bomull s\u00e5 mykere tekstil er knapt \u00e5 finne og sittepuffen har mange bruksomr\u00e5der og kommer til \u00e5 l\u00f8fte hele barneromminnredningen din. Brukes [&hellip;]<\/p>\n","protected":false},"featured_media":35492,"comment_status":"closed","ping_status":"closed","template":"","meta":{"_acf_changed":false},"product_brand":[282],"product_cat":[110,52,283,44,135],"product_tag":[],"class_list":{"0":"post-35490","1":"product","2":"type-product","3":"status-publish","4":"has-post-thumbnail","6":"product_brand-liewood","7":"product_cat-cyber-monday","8":"product_cat-lekematter","9":"product_cat-liewood","10":"product_cat-sitteputfer-saccosekker","11":"product_cat-tepper","13":"first","14":"outofstock","15":"taxable","16":"shipping-taxable","17":"purchasable","18":"product-type-simple"},"acf":[],"yoast_head":"<!-- This site is optimized with the Yoast SEO Premium plugin v25.8 (Yoast SEO v27.2) - https:\/\/yoast.com\/product\/yoast-seo-premium-wordpress\/ -->\n<title>Liewood, Barney sittepute lekematte i bomull, Sea shell - Babylove Norska<\/title>\n<meta name=\"robots\" content=\"noindex, follow, max-snippet:-1, max-image-preview:large, max-video-preview:-1\" \/>\n<meta property=\"og:locale\" content=\"nb_NO\" \/>\n<meta property=\"og:type\" content=\"article\" \/>\n<meta property=\"og:title\" content=\"Liewood, Barney sittepute lekematte i bomull, Sea shell\" \/>\n<meta property=\"og:description\" content=\"En vakker og multifunksjonell madrass i bomull fra danske Liewood. Denne vakre sitteputen er ikke bare elegant, men ogs\u00e5 superhyggelig for barnet ditt \u00e5 sitte p\u00e5 eller hvile p\u00e5. Stoffet er i myk bomull s\u00e5 mykere tekstil er knapt \u00e5 finne og sittepuffen har mange bruksomr\u00e5der og kommer til \u00e5 l\u00f8fte hele barneromminnredningen din. Brukes [&hellip;]\" \/>\n<meta property=\"og:url\" content=\"https:\/\/babylove.se\/no\/produkt\/liewood-barney-sitteunderlag-lekematte-i-bomull-sea-shell\/\" \/>\n<meta property=\"og:site_name\" content=\"Babylove Norska\" \/>\n<meta property=\"article:modified_time\" content=\"2026-04-08T11:18:47+00:00\" \/>\n<meta property=\"og:image\" content=\"https:\/\/babylove.se\/no\/wp-content\/uploads\/sites\/3\/2025\/07\/626beffc70893.jpeg\" \/>\n\t<meta property=\"og:image:width\" content=\"800\" \/>\n\t<meta property=\"og:image:height\" content=\"800\" \/>\n\t<meta property=\"og:image:type\" content=\"image\/webp\" \/>\n<meta name=\"twitter:card\" content=\"summary_large_image\" \/>\n<meta name=\"twitter:label1\" content=\"Price\" \/>\n\t<meta name=\"twitter:data1\" content=\"1 099,00&nbsp;&#107;&#114;\" \/>\n\t<meta name=\"twitter:label2\" content=\"Availability\" \/>\n\t<meta name=\"twitter:data2\" content=\"Out of stock\" \/>\n<script type=\"application\/ld+json\" class=\"yoast-schema-graph\">{\"@context\":\"https:\/\/schema.org\",\"@graph\":[{\"@type\":\"WebPage\",\"@id\":\"https:\/\/babylove.se\/no\/produkt\/liewood-barney-sitteunderlag-lekematte-i-bomull-sea-shell\/\",\"url\":\"https:\/\/babylove.se\/no\/produkt\/liewood-barney-sitteunderlag-lekematte-i-bomull-sea-shell\/\",\"name\":\"Liewood, Barney sittepute lekematte i bomull, Sea shell - Babylove Norska\",\"isPartOf\":{\"@id\":\"https:\/\/babylove.se\/no\/#website\"},\"primaryImageOfPage\":{\"@id\":\"https:\/\/babylove.se\/no\/produkt\/liewood-barney-sitteunderlag-lekematte-i-bomull-sea-shell\/#primaryimage\"},\"image\":{\"@id\":\"https:\/\/babylove.se\/no\/produkt\/liewood-barney-sitteunderlag-lekematte-i-bomull-sea-shell\/#primaryimage\"},\"thumbnailUrl\":\"https:\/\/babylove.se\/no\/wp-content\/uploads\/sites\/3\/2025\/07\/626beffc70893.jpeg\",\"datePublished\":\"2025-07-19T00:11:36+00:00\",\"dateModified\":\"2026-04-08T11:18:47+00:00\",\"breadcrumb\":{\"@id\":\"https:\/\/babylove.se\/no\/produkt\/liewood-barney-sitteunderlag-lekematte-i-bomull-sea-shell\/#breadcrumb\"},\"inLanguage\":\"nb-NO\",\"potentialAction\":[{\"@type\":\"ReadAction\",\"target\":[\"https:\/\/babylove.se\/no\/produkt\/liewood-barney-sitteunderlag-lekematte-i-bomull-sea-shell\/\"]}]},{\"@type\":\"ImageObject\",\"inLanguage\":\"nb-NO\",\"@id\":\"https:\/\/babylove.se\/no\/produkt\/liewood-barney-sitteunderlag-lekematte-i-bomull-sea-shell\/#primaryimage\",\"url\":\"https:\/\/babylove.se\/no\/wp-content\/uploads\/sites\/3\/2025\/07\/626beffc70893.jpeg\",\"contentUrl\":\"https:\/\/babylove.se\/no\/wp-content\/uploads\/sites\/3\/2025\/07\/626beffc70893.jpeg\",\"width\":800,\"height\":800},{\"@type\":\"BreadcrumbList\",\"@id\":\"https:\/\/babylove.se\/no\/produkt\/liewood-barney-sitteunderlag-lekematte-i-bomull-sea-shell\/#breadcrumb\",\"itemListElement\":[{\"@type\":\"ListItem\",\"position\":1,\"name\":\"Hem\",\"item\":\"https:\/\/babylove.se\/no\/\"},{\"@type\":\"ListItem\",\"position\":2,\"name\":\"Butik\",\"item\":\"https:\/\/babylove.se\/no\/butik\/\"},{\"@type\":\"ListItem\",\"position\":3,\"name\":\"Liewood, Barney sittepute lekematte i bomull, Sea shell\"}]},{\"@type\":\"WebSite\",\"@id\":\"https:\/\/babylove.se\/no\/#website\",\"url\":\"https:\/\/babylove.se\/no\/\",\"name\":\"Babylove Norska\",\"description\":\"\",\"potentialAction\":[{\"@type\":\"SearchAction\",\"target\":{\"@type\":\"EntryPoint\",\"urlTemplate\":\"https:\/\/babylove.se\/no\/?s={search_term_string}\"},\"query-input\":{\"@type\":\"PropertyValueSpecification\",\"valueRequired\":true,\"valueName\":\"search_term_string\"}}],\"inLanguage\":\"nb-NO\"}]}<\/script>\n<meta property=\"product:brand\" content=\"Liewood\" \/>\n<meta property=\"product:price:amount\" content=\"1099.00\" \/>\n<meta property=\"product:price:currency\" content=\"SEK\" \/>\n<meta property=\"og:availability\" content=\"out of stock\" \/>\n<meta property=\"product:availability\" content=\"out of stock\" \/>\n<meta property=\"product:retailer_item_id\" content=\"LW148239899\" \/>\n<meta property=\"product:condition\" content=\"new\" \/>\n<!-- \/ Yoast SEO Premium plugin. -->","yoast_head_json":{"title":"Liewood, Barney sittepute lekematte i bomull, Sea shell - Babylove Norska","robots":{"index":"noindex","follow":"follow","max-snippet":"max-snippet:-1","max-image-preview":"max-image-preview:large","max-video-preview":"max-video-preview:-1"},"og_locale":"nb_NO","og_type":"article","og_title":"Liewood, Barney sittepute lekematte i bomull, Sea shell","og_description":"En vakker og multifunksjonell madrass i bomull fra danske Liewood. Denne vakre sitteputen er ikke bare elegant, men ogs\u00e5 superhyggelig for barnet ditt \u00e5 sitte p\u00e5 eller hvile p\u00e5. Stoffet er i myk bomull s\u00e5 mykere tekstil er knapt \u00e5 finne og sittepuffen har mange bruksomr\u00e5der og kommer til \u00e5 l\u00f8fte hele barneromminnredningen din. Brukes [&hellip;]","og_url":"https:\/\/babylove.se\/no\/produkt\/liewood-barney-sitteunderlag-lekematte-i-bomull-sea-shell\/","og_site_name":"Babylove Norska","article_modified_time":"2026-04-08T11:18:47+00:00","og_image":[{"width":800,"height":800,"url":"https:\/\/babylove.se\/no\/wp-content\/uploads\/sites\/3\/2025\/07\/626beffc70893.jpeg","type":"image\/webp"}],"twitter_card":"summary_large_image","twitter_misc":{"Price":"1 099,00&nbsp;&#107;&#114;","Availability":"Out of stock"},"schema":{"@context":"https:\/\/schema.org","@graph":[{"@type":"WebPage","@id":"https:\/\/babylove.se\/no\/produkt\/liewood-barney-sitteunderlag-lekematte-i-bomull-sea-shell\/","url":"https:\/\/babylove.se\/no\/produkt\/liewood-barney-sitteunderlag-lekematte-i-bomull-sea-shell\/","name":"Liewood, Barney sittepute lekematte i bomull, Sea shell - Babylove Norska","isPartOf":{"@id":"https:\/\/babylove.se\/no\/#website"},"primaryImageOfPage":{"@id":"https:\/\/babylove.se\/no\/produkt\/liewood-barney-sitteunderlag-lekematte-i-bomull-sea-shell\/#primaryimage"},"image":{"@id":"https:\/\/babylove.se\/no\/produkt\/liewood-barney-sitteunderlag-lekematte-i-bomull-sea-shell\/#primaryimage"},"thumbnailUrl":"https:\/\/babylove.se\/no\/wp-content\/uploads\/sites\/3\/2025\/07\/626beffc70893.jpeg","datePublished":"2025-07-19T00:11:36+00:00","dateModified":"2026-04-08T11:18:47+00:00","breadcrumb":{"@id":"https:\/\/babylove.se\/no\/produkt\/liewood-barney-sitteunderlag-lekematte-i-bomull-sea-shell\/#breadcrumb"},"inLanguage":"nb-NO","potentialAction":[{"@type":"ReadAction","target":["https:\/\/babylove.se\/no\/produkt\/liewood-barney-sitteunderlag-lekematte-i-bomull-sea-shell\/"]}]},{"@type":"ImageObject","inLanguage":"nb-NO","@id":"https:\/\/babylove.se\/no\/produkt\/liewood-barney-sitteunderlag-lekematte-i-bomull-sea-shell\/#primaryimage","url":"https:\/\/babylove.se\/no\/wp-content\/uploads\/sites\/3\/2025\/07\/626beffc70893.jpeg","contentUrl":"https:\/\/babylove.se\/no\/wp-content\/uploads\/sites\/3\/2025\/07\/626beffc70893.jpeg","width":800,"height":800},{"@type":"BreadcrumbList","@id":"https:\/\/babylove.se\/no\/produkt\/liewood-barney-sitteunderlag-lekematte-i-bomull-sea-shell\/#breadcrumb","itemListElement":[{"@type":"ListItem","position":1,"name":"Hem","item":"https:\/\/babylove.se\/no\/"},{"@type":"ListItem","position":2,"name":"Butik","item":"https:\/\/babylove.se\/no\/butik\/"},{"@type":"ListItem","position":3,"name":"Liewood, Barney sittepute lekematte i bomull, Sea shell"}]},{"@type":"WebSite","@id":"https:\/\/babylove.se\/no\/#website","url":"https:\/\/babylove.se\/no\/","name":"Babylove Norska","description":"","potentialAction":[{"@type":"SearchAction","target":{"@type":"EntryPoint","urlTemplate":"https:\/\/babylove.se\/no\/?s={search_term_string}"},"query-input":{"@type":"PropertyValueSpecification","valueRequired":true,"valueName":"search_term_string"}}],"inLanguage":"nb-NO"}]},"product_brand":"Liewood","product_price_amount":"1099.00","product_price_currency":"SEK","og_availability":"out of stock","product_availability":"out of stock","product_retailer_item_id":"LW148239899","product_condition":"new"},"_links":{"self":[{"href":"https:\/\/babylove.se\/no\/wp-json\/wp\/v2\/product\/35490","targetHints":{"allow":["GET"]}}],"collection":[{"href":"https:\/\/babylove.se\/no\/wp-json\/wp\/v2\/product"}],"about":[{"href":"https:\/\/babylove.se\/no\/wp-json\/wp\/v2\/types\/product"}],"replies":[{"embeddable":true,"href":"https:\/\/babylove.se\/no\/wp-json\/wp\/v2\/comments?post=35490"}],"wp:featuredmedia":[{"embeddable":true,"href":"https:\/\/babylove.se\/no\/wp-json\/wp\/v2\/media\/35492"}],"wp:attachment":[{"href":"https:\/\/babylove.se\/no\/wp-json\/wp\/v2\/media?parent=35490"}],"wp:term":[{"taxonomy":"product_brand","embeddable":true,"href":"https:\/\/babylove.se\/no\/wp-json\/wp\/v2\/product_brand?post=35490"},{"taxonomy":"product_cat","embeddable":true,"href":"https:\/\/babylove.se\/no\/wp-json\/wp\/v2\/product_cat?post=35490"},{"taxonomy":"product_tag","embeddable":true,"href":"https:\/\/babylove.se\/no\/wp-json\/wp\/v2\/product_tag?post=35490"}],"curies":[{"name":"wp","href":"https:\/\/api.w.org\/{rel}","templated":true}]}}