{"id":35532,"date":"2025-07-19T01:11:36","date_gmt":"2025-07-19T00:11:36","guid":{"rendered":"https:\/\/babylove.se\/produkt\/vaggklistermarken-puderrosa-cirklar\/"},"modified":"2026-04-08T12:19:09","modified_gmt":"2026-04-08T11:19:09","slug":"veggklistremerker-pudderrosa-sirkler","status":"publish","type":"product","link":"https:\/\/babylove.se\/no\/produkt\/veggklistremerker-pudderrosa-sirkler\/","title":{"rendered":"Veggklistremerker Pudderrosa Sirkler"},"content":{"rendered":"<p>S\u00f8te veggdekaler i form av remser med pudderrosa halvsirkler som gir hvilket som helst rom et l\u00f8ft!&nbsp;<\/p>\n<p>Selv sm\u00e5 veggklistremerker kan gi rommet en helt ny form, og det gjelder ikke bare barnerommet. <span style=\"line-height: 18.2px;\">Veggklistremerkene er veldig enkle \u00e5 sette opp p\u00e5 veggen, de avgir ingen skygge og l\u00f8sner enkelt om man vil fjerne dem. Fantastisk smidige og fine veggdekorasjoner for \u00e5 innrede barnerommet.<\/span><\/p>\n<p><strong>St\u00f8rrelse:&nbsp;<\/strong> H\u00f8yde cirka 15 cm. Hver remse er 210 cm lang. Totalt inng\u00e5r 4 remser som totalt gir ca 8,4 meter.<\/p>\n<p><em>OBS! S\u00f8rg for at overflaten er t\u00f8rr og avfettet f\u00f8r du setter opp veggklistremerket. Fungerer ikke p\u00e5 ujevne vegger\/overflater. Klistremerkene er heller ikke egnet for vegger med en grov overflate eller hvis de er malt med lateksfarger eller tapetsert. Veggklistremerkene m\u00e5 v\u00e6re flate og ofte ligge og rettes ut minst 24 timer etter man har tatt dem ut fra emballasjen f\u00f8r man kan sette dem opp p\u00e5 veggen.<\/em><\/p>\n<p>Designer: <a href=\"https:\/\/babylove.se\/varumarken\/babylove\">Babylove<\/a><\/p>\n","protected":false},"excerpt":{"rendered":"<p>S\u00f8te veggdekaler i form av remser med pudderrosa halvsirkler som gir hvilket som helst rom et l\u00f8ft!&nbsp; Selv sm\u00e5 veggklistremerker kan gi rommet en helt ny form, og det gjelder ikke bare barnerommet. Veggklistremerkene er veldig enkle \u00e5 sette opp p\u00e5 veggen, de avgir ingen skygge og l\u00f8sner enkelt om man vil fjerne dem. Fantastisk [&hellip;]<\/p>\n","protected":false},"featured_media":35534,"comment_status":"closed","ping_status":"open","template":"","meta":{"_acf_changed":false},"product_brand":[22],"product_cat":[84,29,24,83],"product_tag":[1709],"class_list":{"0":"post-35532","1":"product","2":"type-product","3":"status-publish","4":"has-post-thumbnail","6":"product_brand-babylove","7":"product_cat-babylove","8":"product_cat-veggdekorasjoner","9":"product_cat-veggklistremerker","10":"product_cat-veggklistremerker-barnerom","11":"product_tag-utforsalg","13":"first","14":"instock","15":"taxable","16":"shipping-taxable","17":"purchasable","18":"product-type-simple"},"acf":[],"yoast_head":"<!-- This site is optimized with the Yoast SEO Premium plugin v25.8 (Yoast SEO v27.2) - https:\/\/yoast.com\/product\/yoast-seo-premium-wordpress\/ -->\n<title>Veggklistremerker Pudderrosa Sirkler - Babylove Norska<\/title>\n<meta name=\"robots\" content=\"noindex, follow, max-snippet:-1, max-image-preview:large, max-video-preview:-1\" \/>\n<meta property=\"og:locale\" content=\"nb_NO\" \/>\n<meta property=\"og:type\" content=\"article\" \/>\n<meta property=\"og:title\" content=\"Veggklistremerker Pudderrosa Sirkler\" \/>\n<meta property=\"og:description\" content=\"S\u00f8te veggdekaler i form av remser med pudderrosa halvsirkler som gir hvilket som helst rom et l\u00f8ft!&nbsp; Selv sm\u00e5 veggklistremerker kan gi rommet en helt ny form, og det gjelder ikke bare barnerommet. Veggklistremerkene er veldig enkle \u00e5 sette opp p\u00e5 veggen, de avgir ingen skygge og l\u00f8sner enkelt om man vil fjerne dem. Fantastisk [&hellip;]\" \/>\n<meta property=\"og:url\" content=\"https:\/\/babylove.se\/no\/produkt\/veggklistremerker-pudderrosa-sirkler\/\" \/>\n<meta property=\"og:site_name\" content=\"Babylove Norska\" \/>\n<meta property=\"article:modified_time\" content=\"2026-04-08T11:19:09+00:00\" \/>\n<meta property=\"og:image\" content=\"https:\/\/babylove.se\/no\/wp-content\/uploads\/sites\/3\/2025\/07\/62710f715ad4e.jpeg\" \/>\n\t<meta property=\"og:image:width\" content=\"1500\" \/>\n\t<meta property=\"og:image:height\" content=\"469\" \/>\n\t<meta property=\"og:image:type\" content=\"image\/jpeg\" \/>\n<meta name=\"twitter:card\" content=\"summary_large_image\" \/>\n<meta name=\"twitter:label1\" content=\"Price\" \/>\n\t<meta name=\"twitter:data1\" content=\"299,00&nbsp;&#107;&#114;\" \/>\n\t<meta name=\"twitter:label2\" content=\"Availability\" \/>\n\t<meta name=\"twitter:data2\" content=\"In stock\" \/>\n<script type=\"application\/ld+json\" class=\"yoast-schema-graph\">{\"@context\":\"https:\/\/schema.org\",\"@graph\":[{\"@type\":\"WebPage\",\"@id\":\"https:\/\/babylove.se\/no\/produkt\/veggklistremerker-pudderrosa-sirkler\/\",\"url\":\"https:\/\/babylove.se\/no\/produkt\/veggklistremerker-pudderrosa-sirkler\/\",\"name\":\"Veggklistremerker Pudderrosa Sirkler - Babylove Norska\",\"isPartOf\":{\"@id\":\"https:\/\/babylove.se\/no\/#website\"},\"primaryImageOfPage\":{\"@id\":\"https:\/\/babylove.se\/no\/produkt\/veggklistremerker-pudderrosa-sirkler\/#primaryimage\"},\"image\":{\"@id\":\"https:\/\/babylove.se\/no\/produkt\/veggklistremerker-pudderrosa-sirkler\/#primaryimage\"},\"thumbnailUrl\":\"https:\/\/babylove.se\/no\/wp-content\/uploads\/sites\/3\/2025\/07\/62710f715ad4e.jpeg\",\"datePublished\":\"2025-07-19T00:11:36+00:00\",\"dateModified\":\"2026-04-08T11:19:09+00:00\",\"breadcrumb\":{\"@id\":\"https:\/\/babylove.se\/no\/produkt\/veggklistremerker-pudderrosa-sirkler\/#breadcrumb\"},\"inLanguage\":\"nb-NO\",\"potentialAction\":[{\"@type\":\"ReadAction\",\"target\":[\"https:\/\/babylove.se\/no\/produkt\/veggklistremerker-pudderrosa-sirkler\/\"]}]},{\"@type\":\"ImageObject\",\"inLanguage\":\"nb-NO\",\"@id\":\"https:\/\/babylove.se\/no\/produkt\/veggklistremerker-pudderrosa-sirkler\/#primaryimage\",\"url\":\"https:\/\/babylove.se\/no\/wp-content\/uploads\/sites\/3\/2025\/07\/62710f715ad4e.jpeg\",\"contentUrl\":\"https:\/\/babylove.se\/no\/wp-content\/uploads\/sites\/3\/2025\/07\/62710f715ad4e.jpeg\",\"width\":1500,\"height\":469},{\"@type\":\"BreadcrumbList\",\"@id\":\"https:\/\/babylove.se\/no\/produkt\/veggklistremerker-pudderrosa-sirkler\/#breadcrumb\",\"itemListElement\":[{\"@type\":\"ListItem\",\"position\":1,\"name\":\"Hem\",\"item\":\"https:\/\/babylove.se\/no\/\"},{\"@type\":\"ListItem\",\"position\":2,\"name\":\"Butik\",\"item\":\"https:\/\/babylove.se\/no\/butik\/\"},{\"@type\":\"ListItem\",\"position\":3,\"name\":\"Veggklistremerker Pudderrosa Sirkler\"}]},{\"@type\":\"WebSite\",\"@id\":\"https:\/\/babylove.se\/no\/#website\",\"url\":\"https:\/\/babylove.se\/no\/\",\"name\":\"Babylove Norska\",\"description\":\"\",\"potentialAction\":[{\"@type\":\"SearchAction\",\"target\":{\"@type\":\"EntryPoint\",\"urlTemplate\":\"https:\/\/babylove.se\/no\/?s={search_term_string}\"},\"query-input\":{\"@type\":\"PropertyValueSpecification\",\"valueRequired\":true,\"valueName\":\"search_term_string\"}}],\"inLanguage\":\"nb-NO\"}]}<\/script>\n<meta property=\"product:brand\" content=\"Babylove\" \/>\n<meta property=\"product:price:amount\" content=\"299.00\" \/>\n<meta property=\"product:price:currency\" content=\"SEK\" \/>\n<meta property=\"og:availability\" content=\"instock\" \/>\n<meta property=\"product:availability\" content=\"instock\" \/>\n<meta property=\"product:retailer_item_id\" content=\"DD00001977\" \/>\n<meta property=\"product:condition\" content=\"new\" \/>\n<!-- \/ Yoast SEO Premium plugin. -->","yoast_head_json":{"title":"Veggklistremerker Pudderrosa Sirkler - Babylove Norska","robots":{"index":"noindex","follow":"follow","max-snippet":"max-snippet:-1","max-image-preview":"max-image-preview:large","max-video-preview":"max-video-preview:-1"},"og_locale":"nb_NO","og_type":"article","og_title":"Veggklistremerker Pudderrosa Sirkler","og_description":"S\u00f8te veggdekaler i form av remser med pudderrosa halvsirkler som gir hvilket som helst rom et l\u00f8ft!&nbsp; Selv sm\u00e5 veggklistremerker kan gi rommet en helt ny form, og det gjelder ikke bare barnerommet. Veggklistremerkene er veldig enkle \u00e5 sette opp p\u00e5 veggen, de avgir ingen skygge og l\u00f8sner enkelt om man vil fjerne dem. Fantastisk [&hellip;]","og_url":"https:\/\/babylove.se\/no\/produkt\/veggklistremerker-pudderrosa-sirkler\/","og_site_name":"Babylove Norska","article_modified_time":"2026-04-08T11:19:09+00:00","og_image":[{"width":1500,"height":469,"url":"https:\/\/babylove.se\/no\/wp-content\/uploads\/sites\/3\/2025\/07\/62710f715ad4e.jpeg","type":"image\/jpeg"}],"twitter_card":"summary_large_image","twitter_misc":{"Price":"299,00&nbsp;&#107;&#114;","Availability":"In stock"},"schema":{"@context":"https:\/\/schema.org","@graph":[{"@type":"WebPage","@id":"https:\/\/babylove.se\/no\/produkt\/veggklistremerker-pudderrosa-sirkler\/","url":"https:\/\/babylove.se\/no\/produkt\/veggklistremerker-pudderrosa-sirkler\/","name":"Veggklistremerker Pudderrosa Sirkler - Babylove Norska","isPartOf":{"@id":"https:\/\/babylove.se\/no\/#website"},"primaryImageOfPage":{"@id":"https:\/\/babylove.se\/no\/produkt\/veggklistremerker-pudderrosa-sirkler\/#primaryimage"},"image":{"@id":"https:\/\/babylove.se\/no\/produkt\/veggklistremerker-pudderrosa-sirkler\/#primaryimage"},"thumbnailUrl":"https:\/\/babylove.se\/no\/wp-content\/uploads\/sites\/3\/2025\/07\/62710f715ad4e.jpeg","datePublished":"2025-07-19T00:11:36+00:00","dateModified":"2026-04-08T11:19:09+00:00","breadcrumb":{"@id":"https:\/\/babylove.se\/no\/produkt\/veggklistremerker-pudderrosa-sirkler\/#breadcrumb"},"inLanguage":"nb-NO","potentialAction":[{"@type":"ReadAction","target":["https:\/\/babylove.se\/no\/produkt\/veggklistremerker-pudderrosa-sirkler\/"]}]},{"@type":"ImageObject","inLanguage":"nb-NO","@id":"https:\/\/babylove.se\/no\/produkt\/veggklistremerker-pudderrosa-sirkler\/#primaryimage","url":"https:\/\/babylove.se\/no\/wp-content\/uploads\/sites\/3\/2025\/07\/62710f715ad4e.jpeg","contentUrl":"https:\/\/babylove.se\/no\/wp-content\/uploads\/sites\/3\/2025\/07\/62710f715ad4e.jpeg","width":1500,"height":469},{"@type":"BreadcrumbList","@id":"https:\/\/babylove.se\/no\/produkt\/veggklistremerker-pudderrosa-sirkler\/#breadcrumb","itemListElement":[{"@type":"ListItem","position":1,"name":"Hem","item":"https:\/\/babylove.se\/no\/"},{"@type":"ListItem","position":2,"name":"Butik","item":"https:\/\/babylove.se\/no\/butik\/"},{"@type":"ListItem","position":3,"name":"Veggklistremerker Pudderrosa Sirkler"}]},{"@type":"WebSite","@id":"https:\/\/babylove.se\/no\/#website","url":"https:\/\/babylove.se\/no\/","name":"Babylove Norska","description":"","potentialAction":[{"@type":"SearchAction","target":{"@type":"EntryPoint","urlTemplate":"https:\/\/babylove.se\/no\/?s={search_term_string}"},"query-input":{"@type":"PropertyValueSpecification","valueRequired":true,"valueName":"search_term_string"}}],"inLanguage":"nb-NO"}]},"product_brand":"Babylove","product_price_amount":"299.00","product_price_currency":"SEK","og_availability":"instock","product_availability":"instock","product_retailer_item_id":"DD00001977","product_condition":"new"},"_links":{"self":[{"href":"https:\/\/babylove.se\/no\/wp-json\/wp\/v2\/product\/35532","targetHints":{"allow":["GET"]}}],"collection":[{"href":"https:\/\/babylove.se\/no\/wp-json\/wp\/v2\/product"}],"about":[{"href":"https:\/\/babylove.se\/no\/wp-json\/wp\/v2\/types\/product"}],"replies":[{"embeddable":true,"href":"https:\/\/babylove.se\/no\/wp-json\/wp\/v2\/comments?post=35532"}],"wp:featuredmedia":[{"embeddable":true,"href":"https:\/\/babylove.se\/no\/wp-json\/wp\/v2\/media\/35534"}],"wp:attachment":[{"href":"https:\/\/babylove.se\/no\/wp-json\/wp\/v2\/media?parent=35532"}],"wp:term":[{"taxonomy":"product_brand","embeddable":true,"href":"https:\/\/babylove.se\/no\/wp-json\/wp\/v2\/product_brand?post=35532"},{"taxonomy":"product_cat","embeddable":true,"href":"https:\/\/babylove.se\/no\/wp-json\/wp\/v2\/product_cat?post=35532"},{"taxonomy":"product_tag","embeddable":true,"href":"https:\/\/babylove.se\/no\/wp-json\/wp\/v2\/product_tag?post=35532"}],"curies":[{"name":"wp","href":"https:\/\/api.w.org\/{rel}","templated":true}]}}