{"id":35554,"date":"2025-07-19T01:12:09","date_gmt":"2025-07-19T00:12:09","guid":{"rendered":"https:\/\/babylove.se\/produkt\/spjalsang-leo-granatur\/"},"modified":"2026-04-08T12:19:20","modified_gmt":"2026-04-08T11:19:20","slug":"spjelseng-leo-granater","status":"publish","type":"product","link":"https:\/\/babylove.se\/no\/produkt\/spjelseng-leo-granater\/","title":{"rendered":"Sprinkelseng Leo gr\u00e5\/natur"},"content":{"rendered":"<p>Her er barnesengen med stor B!&nbsp;<\/p>\n<p><span style=\"background-color: initial; text-align: initial;\">En stabil og solid seng i tidl\u00f8s design, som ikke bare er en koselig soveplass, men ogs\u00e5 et perfekt interi\u00f8rdetalj p\u00e5 barnerommet! Siden den b\u00e5de kan brukes som en frittst\u00e5ende barneseng og som sideseng ved siden av foreldrenes seng er den den ultimate sengen for den nyf\u00f8dte!&nbsp;<\/span><\/p>\n<p><span style=\"background-color: initial; text-align: initial;\">En langside kan heves og senkes slik at du enkelt kan n\u00e5 barnet.&nbsp;<\/span>Denne fine barnesengen kan tilpasses barnets utviklingsfaser da sengbunnen kan justeres i tre forskjellige niv\u00e5er. Unikt og praktisk!<\/p>\n<p>Sengen er laget av h\u00f8ykvalitets furutre og malt med kjemikaliefri maling. Sikkerhetssertifisert i henhold til EU-standard.<\/p>\n<p><strong>M\u00e5l<\/strong>:&nbsp;<\/p>\n<ul>\n<li>Sengem\u00e5l: 60 x 120 cm<\/li>\n<li>Totalm\u00e5l: 65 x 124 x 88 cm<\/li>\n<li>Justerbar ribbbunn: 48 cm, 38 cm og 21 cm<\/li>\n<li>H\u00f8yde langside: 66 cm (i nedsl\u00e5tt stilling) \/ 80,5 cm (i oppsl\u00e5tt stilling)<\/li>\n<\/ul>\n<p><strong>Materiale<\/strong>: Furutre<\/p>\n<p><em>OBS! Madrass f\u00f8lger ikke med. Gj\u00f8r sengen komplett med en passende madrass fra v\u00e5rt store sortiment.<\/em><\/p>\n<p><em><em><em><em><em><em>Sengen leveres umontert og b\u00f8r settes sammen i rommet den skal brukes i.<\/em><\/em><\/em><\/em><\/em><\/em><\/p>\n","protected":false},"excerpt":{"rendered":"<p>Her er barnesengen med stor B!&nbsp; En stabil og solid seng i tidl\u00f8s design, som ikke bare er en koselig soveplass, men ogs\u00e5 et perfekt interi\u00f8rdetalj p\u00e5 barnerommet! Siden den b\u00e5de kan brukes som en frittst\u00e5ende barneseng og som sideseng ved siden av foreldrenes seng er den den ultimate sengen for den nyf\u00f8dte!&nbsp; En langside [&hellip;]<\/p>\n","protected":false},"featured_media":35556,"comment_status":"closed","ping_status":"open","template":"","meta":{"_acf_changed":false},"product_brand":[],"product_cat":[84,279],"product_tag":[],"class_list":{"0":"post-35554","1":"product","2":"type-product","3":"status-publish","4":"has-post-thumbnail","6":"product_cat-babylove","7":"product_cat-spjlsngar","9":"first","10":"outofstock","11":"taxable","12":"shipping-taxable","13":"purchasable","14":"product-type-simple"},"acf":[],"yoast_head":"<!-- This site is optimized with the Yoast SEO Premium plugin v25.8 (Yoast SEO v27.2) - https:\/\/yoast.com\/product\/yoast-seo-premium-wordpress\/ -->\n<title>Sprinkelseng Leo gr\u00e5\/natur - Babylove Norska<\/title>\n<meta name=\"robots\" content=\"noindex, follow, max-snippet:-1, max-image-preview:large, max-video-preview:-1\" \/>\n<meta property=\"og:locale\" content=\"nb_NO\" \/>\n<meta property=\"og:type\" content=\"article\" \/>\n<meta property=\"og:title\" content=\"Sprinkelseng Leo gr\u00e5\/natur\" \/>\n<meta property=\"og:description\" content=\"Her er barnesengen med stor B!&nbsp; En stabil og solid seng i tidl\u00f8s design, som ikke bare er en koselig soveplass, men ogs\u00e5 et perfekt interi\u00f8rdetalj p\u00e5 barnerommet! Siden den b\u00e5de kan brukes som en frittst\u00e5ende barneseng og som sideseng ved siden av foreldrenes seng er den den ultimate sengen for den nyf\u00f8dte!&nbsp; En langside [&hellip;]\" \/>\n<meta property=\"og:url\" content=\"https:\/\/babylove.se\/no\/produkt\/spjelseng-leo-granater\/\" \/>\n<meta property=\"og:site_name\" content=\"Babylove Norska\" \/>\n<meta property=\"article:modified_time\" content=\"2026-04-08T11:19:20+00:00\" \/>\n<meta property=\"og:image\" content=\"https:\/\/babylove.se\/no\/wp-content\/uploads\/sites\/3\/2025\/07\/62712c93a8c91.jpeg\" \/>\n\t<meta property=\"og:image:width\" content=\"800\" \/>\n\t<meta property=\"og:image:height\" content=\"800\" \/>\n\t<meta property=\"og:image:type\" content=\"image\/jpeg\" \/>\n<meta name=\"twitter:card\" content=\"summary_large_image\" \/>\n<meta name=\"twitter:label1\" content=\"Price\" \/>\n\t<meta name=\"twitter:data1\" content=\"1 699,00&nbsp;&#107;&#114;\" \/>\n\t<meta name=\"twitter:label2\" content=\"Availability\" \/>\n\t<meta name=\"twitter:data2\" content=\"Out of stock\" \/>\n<script type=\"application\/ld+json\" class=\"yoast-schema-graph\">{\"@context\":\"https:\/\/schema.org\",\"@graph\":[{\"@type\":\"WebPage\",\"@id\":\"https:\/\/babylove.se\/no\/produkt\/spjelseng-leo-granater\/\",\"url\":\"https:\/\/babylove.se\/no\/produkt\/spjelseng-leo-granater\/\",\"name\":\"Sprinkelseng Leo gr\u00e5\/natur - Babylove Norska\",\"isPartOf\":{\"@id\":\"https:\/\/babylove.se\/no\/#website\"},\"primaryImageOfPage\":{\"@id\":\"https:\/\/babylove.se\/no\/produkt\/spjelseng-leo-granater\/#primaryimage\"},\"image\":{\"@id\":\"https:\/\/babylove.se\/no\/produkt\/spjelseng-leo-granater\/#primaryimage\"},\"thumbnailUrl\":\"https:\/\/babylove.se\/no\/wp-content\/uploads\/sites\/3\/2025\/07\/62712c93a8c91.jpeg\",\"datePublished\":\"2025-07-19T00:12:09+00:00\",\"dateModified\":\"2026-04-08T11:19:20+00:00\",\"breadcrumb\":{\"@id\":\"https:\/\/babylove.se\/no\/produkt\/spjelseng-leo-granater\/#breadcrumb\"},\"inLanguage\":\"nb-NO\",\"potentialAction\":[{\"@type\":\"ReadAction\",\"target\":[\"https:\/\/babylove.se\/no\/produkt\/spjelseng-leo-granater\/\"]}]},{\"@type\":\"ImageObject\",\"inLanguage\":\"nb-NO\",\"@id\":\"https:\/\/babylove.se\/no\/produkt\/spjelseng-leo-granater\/#primaryimage\",\"url\":\"https:\/\/babylove.se\/no\/wp-content\/uploads\/sites\/3\/2025\/07\/62712c93a8c91.jpeg\",\"contentUrl\":\"https:\/\/babylove.se\/no\/wp-content\/uploads\/sites\/3\/2025\/07\/62712c93a8c91.jpeg\",\"width\":800,\"height\":800},{\"@type\":\"BreadcrumbList\",\"@id\":\"https:\/\/babylove.se\/no\/produkt\/spjelseng-leo-granater\/#breadcrumb\",\"itemListElement\":[{\"@type\":\"ListItem\",\"position\":1,\"name\":\"Hem\",\"item\":\"https:\/\/babylove.se\/no\/\"},{\"@type\":\"ListItem\",\"position\":2,\"name\":\"Butik\",\"item\":\"https:\/\/babylove.se\/no\/butik\/\"},{\"@type\":\"ListItem\",\"position\":3,\"name\":\"Sprinkelseng Leo gr\u00e5\/natur\"}]},{\"@type\":\"WebSite\",\"@id\":\"https:\/\/babylove.se\/no\/#website\",\"url\":\"https:\/\/babylove.se\/no\/\",\"name\":\"Babylove Norska\",\"description\":\"\",\"potentialAction\":[{\"@type\":\"SearchAction\",\"target\":{\"@type\":\"EntryPoint\",\"urlTemplate\":\"https:\/\/babylove.se\/no\/?s={search_term_string}\"},\"query-input\":{\"@type\":\"PropertyValueSpecification\",\"valueRequired\":true,\"valueName\":\"search_term_string\"}}],\"inLanguage\":\"nb-NO\"}]}<\/script>\n<meta property=\"product:price:amount\" content=\"1699.00\" \/>\n<meta property=\"product:price:currency\" content=\"SEK\" \/>\n<meta property=\"og:availability\" content=\"out of stock\" \/>\n<meta property=\"product:availability\" content=\"out of stock\" \/>\n<meta property=\"product:retailer_item_id\" content=\"5902622003993\" \/>\n<meta property=\"product:condition\" content=\"new\" \/>\n<!-- \/ Yoast SEO Premium plugin. -->","yoast_head_json":{"title":"Sprinkelseng Leo gr\u00e5\/natur - Babylove Norska","robots":{"index":"noindex","follow":"follow","max-snippet":"max-snippet:-1","max-image-preview":"max-image-preview:large","max-video-preview":"max-video-preview:-1"},"og_locale":"nb_NO","og_type":"article","og_title":"Sprinkelseng Leo gr\u00e5\/natur","og_description":"Her er barnesengen med stor B!&nbsp; En stabil og solid seng i tidl\u00f8s design, som ikke bare er en koselig soveplass, men ogs\u00e5 et perfekt interi\u00f8rdetalj p\u00e5 barnerommet! Siden den b\u00e5de kan brukes som en frittst\u00e5ende barneseng og som sideseng ved siden av foreldrenes seng er den den ultimate sengen for den nyf\u00f8dte!&nbsp; En langside [&hellip;]","og_url":"https:\/\/babylove.se\/no\/produkt\/spjelseng-leo-granater\/","og_site_name":"Babylove Norska","article_modified_time":"2026-04-08T11:19:20+00:00","og_image":[{"width":800,"height":800,"url":"https:\/\/babylove.se\/no\/wp-content\/uploads\/sites\/3\/2025\/07\/62712c93a8c91.jpeg","type":"image\/jpeg"}],"twitter_card":"summary_large_image","twitter_misc":{"Price":"1 699,00&nbsp;&#107;&#114;","Availability":"Out of stock"},"schema":{"@context":"https:\/\/schema.org","@graph":[{"@type":"WebPage","@id":"https:\/\/babylove.se\/no\/produkt\/spjelseng-leo-granater\/","url":"https:\/\/babylove.se\/no\/produkt\/spjelseng-leo-granater\/","name":"Sprinkelseng Leo gr\u00e5\/natur - Babylove Norska","isPartOf":{"@id":"https:\/\/babylove.se\/no\/#website"},"primaryImageOfPage":{"@id":"https:\/\/babylove.se\/no\/produkt\/spjelseng-leo-granater\/#primaryimage"},"image":{"@id":"https:\/\/babylove.se\/no\/produkt\/spjelseng-leo-granater\/#primaryimage"},"thumbnailUrl":"https:\/\/babylove.se\/no\/wp-content\/uploads\/sites\/3\/2025\/07\/62712c93a8c91.jpeg","datePublished":"2025-07-19T00:12:09+00:00","dateModified":"2026-04-08T11:19:20+00:00","breadcrumb":{"@id":"https:\/\/babylove.se\/no\/produkt\/spjelseng-leo-granater\/#breadcrumb"},"inLanguage":"nb-NO","potentialAction":[{"@type":"ReadAction","target":["https:\/\/babylove.se\/no\/produkt\/spjelseng-leo-granater\/"]}]},{"@type":"ImageObject","inLanguage":"nb-NO","@id":"https:\/\/babylove.se\/no\/produkt\/spjelseng-leo-granater\/#primaryimage","url":"https:\/\/babylove.se\/no\/wp-content\/uploads\/sites\/3\/2025\/07\/62712c93a8c91.jpeg","contentUrl":"https:\/\/babylove.se\/no\/wp-content\/uploads\/sites\/3\/2025\/07\/62712c93a8c91.jpeg","width":800,"height":800},{"@type":"BreadcrumbList","@id":"https:\/\/babylove.se\/no\/produkt\/spjelseng-leo-granater\/#breadcrumb","itemListElement":[{"@type":"ListItem","position":1,"name":"Hem","item":"https:\/\/babylove.se\/no\/"},{"@type":"ListItem","position":2,"name":"Butik","item":"https:\/\/babylove.se\/no\/butik\/"},{"@type":"ListItem","position":3,"name":"Sprinkelseng Leo gr\u00e5\/natur"}]},{"@type":"WebSite","@id":"https:\/\/babylove.se\/no\/#website","url":"https:\/\/babylove.se\/no\/","name":"Babylove Norska","description":"","potentialAction":[{"@type":"SearchAction","target":{"@type":"EntryPoint","urlTemplate":"https:\/\/babylove.se\/no\/?s={search_term_string}"},"query-input":{"@type":"PropertyValueSpecification","valueRequired":true,"valueName":"search_term_string"}}],"inLanguage":"nb-NO"}]},"product_price_amount":"1699.00","product_price_currency":"SEK","og_availability":"out of stock","product_availability":"out of stock","product_retailer_item_id":"5902622003993","product_condition":"new"},"_links":{"self":[{"href":"https:\/\/babylove.se\/no\/wp-json\/wp\/v2\/product\/35554","targetHints":{"allow":["GET"]}}],"collection":[{"href":"https:\/\/babylove.se\/no\/wp-json\/wp\/v2\/product"}],"about":[{"href":"https:\/\/babylove.se\/no\/wp-json\/wp\/v2\/types\/product"}],"replies":[{"embeddable":true,"href":"https:\/\/babylove.se\/no\/wp-json\/wp\/v2\/comments?post=35554"}],"wp:featuredmedia":[{"embeddable":true,"href":"https:\/\/babylove.se\/no\/wp-json\/wp\/v2\/media\/35556"}],"wp:attachment":[{"href":"https:\/\/babylove.se\/no\/wp-json\/wp\/v2\/media?parent=35554"}],"wp:term":[{"taxonomy":"product_brand","embeddable":true,"href":"https:\/\/babylove.se\/no\/wp-json\/wp\/v2\/product_brand?post=35554"},{"taxonomy":"product_cat","embeddable":true,"href":"https:\/\/babylove.se\/no\/wp-json\/wp\/v2\/product_cat?post=35554"},{"taxonomy":"product_tag","embeddable":true,"href":"https:\/\/babylove.se\/no\/wp-json\/wp\/v2\/product_tag?post=35554"}],"curies":[{"name":"wp","href":"https:\/\/api.w.org\/{rel}","templated":true}]}}