{"id":35559,"date":"2025-07-19T01:12:09","date_gmt":"2025-07-19T00:12:09","guid":{"rendered":"https:\/\/babylove.se\/produkt\/spjalsangjuniorsang-med-forvaringslada-stella-gra\/"},"modified":"2026-04-08T12:19:23","modified_gmt":"2026-04-08T11:19:23","slug":"spjelseng-juniorseng-med-oppbevaringsskuff-stella-gra","status":"publish","type":"product","link":"https:\/\/babylove.se\/no\/produkt\/spjelseng-juniorseng-med-oppbevaringsskuff-stella-gra\/","title":{"rendered":"Sprinkelseng\/juniorseng med oppbevaringsskuff Stella, gr\u00e5"},"content":{"rendered":"<p>Her er den ultimate barnesengen!&nbsp;<\/p>\n<p><span style=\"background-color: initial; text-align: initial;\">En stabil og solid seng i tidl\u00f8s design, som ikke bare er en koselig soveplass, men ogs\u00e5 en perfekt interi\u00f8rdetalj i barnerommet!&nbsp;<\/span><\/p>\n<p><span style=\"background-color: initial; text-align: initial;\">En klassisk gr\u00e5 tremmesenga som vokser sammen med barnet og forvandles enkelt fra tremmesenga til juniorseng ved \u00e5 skru ned langsidene s\u00e5 den blir en fin barnesofa eller juniorseng. &nbsp;<\/span>Tremmesengene kan tilpasses etter barnets utviklingsfaser da sengbunnen kan justeres i tre forskjellige niv\u00e5er. <span style=\"background-color: initial; text-align: initial;\">Unikt og praktisk!<\/span><\/p>\n<p>Dessuten f\u00f8lger det med en multifunksjonell oppbevaringskasse som kan brukes b\u00e5de til \u00e5 oppbevare barnets alle leker og senget\u00f8y, men ogs\u00e5 som et trappetrinn som gj\u00f8r det lettere for barnet \u00e5 selv komme<span>&nbsp;<\/span>inn og ut av sengen selv.<\/p>\n<p>Sengen er laget av h\u00f8ykvalitets furutre og malt med kjemikaliefri maling. Sikkerhetssertifisert i henhold til EU-standard.<\/p>\n<p><strong>M\u00e5l<\/strong>:&nbsp;<\/p>\n<ul>\n<li>Sengem\u00e5l: 60 x 120 cm.&nbsp;<\/li>\n<li>Totalm\u00e5l: 65 x 124 x 100 cm<\/li>\n<li>Justerbar ribbbunn: 49 cm, 36 cm og 18 cm<\/li>\n<\/ul>\n<p><strong>Materiale<\/strong>: Furutre<\/p>\n<p><em>OBS! Madrass f\u00f8lger ikke med. Gj\u00f8r sengen komplett med en passende madrass fra v\u00e5rt store sortiment.<\/em><\/p>\n<p><em><em><em><em><em><em>Sengen leveres umontert og b\u00f8r settes sammen i rommet den skal brukes i.<\/em><\/em><\/em><\/em><\/em><\/em><\/p>\n","protected":false},"excerpt":{"rendered":"<p>Her er den ultimate barnesengen!&nbsp; En stabil og solid seng i tidl\u00f8s design, som ikke bare er en koselig soveplass, men ogs\u00e5 en perfekt interi\u00f8rdetalj i barnerommet!&nbsp; En klassisk gr\u00e5 tremmesenga som vokser sammen med barnet og forvandles enkelt fra tremmesenga til juniorseng ved \u00e5 skru ned langsidene s\u00e5 den blir en fin barnesofa eller [&hellip;]<\/p>\n","protected":false},"featured_media":35561,"comment_status":"closed","ping_status":"open","template":"","meta":{"_acf_changed":false},"product_brand":[],"product_cat":[84,279],"product_tag":[],"class_list":{"0":"post-35559","1":"product","2":"type-product","3":"status-publish","4":"has-post-thumbnail","6":"product_cat-babylove","7":"product_cat-spjlsngar","9":"first","10":"outofstock","11":"taxable","12":"shipping-taxable","13":"purchasable","14":"product-type-simple"},"acf":[],"yoast_head":"<!-- This site is optimized with the Yoast SEO Premium plugin v25.8 (Yoast SEO v27.2) - https:\/\/yoast.com\/product\/yoast-seo-premium-wordpress\/ -->\n<title>Sprinkelseng\/juniorseng med oppbevaringsskuff Stella, gr\u00e5 - Babylove Norska<\/title>\n<meta name=\"robots\" content=\"noindex, follow, max-snippet:-1, max-image-preview:large, max-video-preview:-1\" \/>\n<meta property=\"og:locale\" content=\"nb_NO\" \/>\n<meta property=\"og:type\" content=\"article\" \/>\n<meta property=\"og:title\" content=\"Sprinkelseng\/juniorseng med oppbevaringsskuff Stella, gr\u00e5\" \/>\n<meta property=\"og:description\" content=\"Her er den ultimate barnesengen!&nbsp; En stabil og solid seng i tidl\u00f8s design, som ikke bare er en koselig soveplass, men ogs\u00e5 en perfekt interi\u00f8rdetalj i barnerommet!&nbsp; En klassisk gr\u00e5 tremmesenga som vokser sammen med barnet og forvandles enkelt fra tremmesenga til juniorseng ved \u00e5 skru ned langsidene s\u00e5 den blir en fin barnesofa eller [&hellip;]\" \/>\n<meta property=\"og:url\" content=\"https:\/\/babylove.se\/no\/produkt\/spjelseng-juniorseng-med-oppbevaringsskuff-stella-gra\/\" \/>\n<meta property=\"og:site_name\" content=\"Babylove Norska\" \/>\n<meta property=\"article:modified_time\" content=\"2026-04-08T11:19:23+00:00\" \/>\n<meta property=\"og:image\" content=\"https:\/\/babylove.se\/no\/wp-content\/uploads\/sites\/3\/2025\/07\/62712cf927a18.jpeg\" \/>\n\t<meta property=\"og:image:width\" content=\"800\" \/>\n\t<meta property=\"og:image:height\" content=\"800\" \/>\n\t<meta property=\"og:image:type\" content=\"image\/jpeg\" \/>\n<meta name=\"twitter:card\" content=\"summary_large_image\" \/>\n<meta name=\"twitter:label1\" content=\"Price\" \/>\n\t<meta name=\"twitter:data1\" content=\"1 999,00&nbsp;&#107;&#114;\" \/>\n\t<meta name=\"twitter:label2\" content=\"Availability\" \/>\n\t<meta name=\"twitter:data2\" content=\"Out of stock\" \/>\n<script type=\"application\/ld+json\" class=\"yoast-schema-graph\">{\"@context\":\"https:\/\/schema.org\",\"@graph\":[{\"@type\":\"WebPage\",\"@id\":\"https:\/\/babylove.se\/no\/produkt\/spjelseng-juniorseng-med-oppbevaringsskuff-stella-gra\/\",\"url\":\"https:\/\/babylove.se\/no\/produkt\/spjelseng-juniorseng-med-oppbevaringsskuff-stella-gra\/\",\"name\":\"Sprinkelseng\/juniorseng med oppbevaringsskuff Stella, gr\u00e5 - Babylove Norska\",\"isPartOf\":{\"@id\":\"https:\/\/babylove.se\/no\/#website\"},\"primaryImageOfPage\":{\"@id\":\"https:\/\/babylove.se\/no\/produkt\/spjelseng-juniorseng-med-oppbevaringsskuff-stella-gra\/#primaryimage\"},\"image\":{\"@id\":\"https:\/\/babylove.se\/no\/produkt\/spjelseng-juniorseng-med-oppbevaringsskuff-stella-gra\/#primaryimage\"},\"thumbnailUrl\":\"https:\/\/babylove.se\/no\/wp-content\/uploads\/sites\/3\/2025\/07\/62712cf927a18.jpeg\",\"datePublished\":\"2025-07-19T00:12:09+00:00\",\"dateModified\":\"2026-04-08T11:19:23+00:00\",\"breadcrumb\":{\"@id\":\"https:\/\/babylove.se\/no\/produkt\/spjelseng-juniorseng-med-oppbevaringsskuff-stella-gra\/#breadcrumb\"},\"inLanguage\":\"nb-NO\",\"potentialAction\":[{\"@type\":\"ReadAction\",\"target\":[\"https:\/\/babylove.se\/no\/produkt\/spjelseng-juniorseng-med-oppbevaringsskuff-stella-gra\/\"]}]},{\"@type\":\"ImageObject\",\"inLanguage\":\"nb-NO\",\"@id\":\"https:\/\/babylove.se\/no\/produkt\/spjelseng-juniorseng-med-oppbevaringsskuff-stella-gra\/#primaryimage\",\"url\":\"https:\/\/babylove.se\/no\/wp-content\/uploads\/sites\/3\/2025\/07\/62712cf927a18.jpeg\",\"contentUrl\":\"https:\/\/babylove.se\/no\/wp-content\/uploads\/sites\/3\/2025\/07\/62712cf927a18.jpeg\",\"width\":800,\"height\":800},{\"@type\":\"BreadcrumbList\",\"@id\":\"https:\/\/babylove.se\/no\/produkt\/spjelseng-juniorseng-med-oppbevaringsskuff-stella-gra\/#breadcrumb\",\"itemListElement\":[{\"@type\":\"ListItem\",\"position\":1,\"name\":\"Hem\",\"item\":\"https:\/\/babylove.se\/no\/\"},{\"@type\":\"ListItem\",\"position\":2,\"name\":\"Butik\",\"item\":\"https:\/\/babylove.se\/no\/butik\/\"},{\"@type\":\"ListItem\",\"position\":3,\"name\":\"Sprinkelseng\/juniorseng med oppbevaringsskuff Stella, gr\u00e5\"}]},{\"@type\":\"WebSite\",\"@id\":\"https:\/\/babylove.se\/no\/#website\",\"url\":\"https:\/\/babylove.se\/no\/\",\"name\":\"Babylove Norska\",\"description\":\"\",\"potentialAction\":[{\"@type\":\"SearchAction\",\"target\":{\"@type\":\"EntryPoint\",\"urlTemplate\":\"https:\/\/babylove.se\/no\/?s={search_term_string}\"},\"query-input\":{\"@type\":\"PropertyValueSpecification\",\"valueRequired\":true,\"valueName\":\"search_term_string\"}}],\"inLanguage\":\"nb-NO\"}]}<\/script>\n<meta property=\"product:price:amount\" content=\"1999.00\" \/>\n<meta property=\"product:price:currency\" content=\"SEK\" \/>\n<meta property=\"og:availability\" content=\"out of stock\" \/>\n<meta property=\"product:availability\" content=\"out of stock\" \/>\n<meta property=\"product:retailer_item_id\" content=\"5902622003894\" \/>\n<meta property=\"product:condition\" content=\"new\" \/>\n<!-- \/ Yoast SEO Premium plugin. -->","yoast_head_json":{"title":"Sprinkelseng\/juniorseng med oppbevaringsskuff Stella, gr\u00e5 - Babylove Norska","robots":{"index":"noindex","follow":"follow","max-snippet":"max-snippet:-1","max-image-preview":"max-image-preview:large","max-video-preview":"max-video-preview:-1"},"og_locale":"nb_NO","og_type":"article","og_title":"Sprinkelseng\/juniorseng med oppbevaringsskuff Stella, gr\u00e5","og_description":"Her er den ultimate barnesengen!&nbsp; En stabil og solid seng i tidl\u00f8s design, som ikke bare er en koselig soveplass, men ogs\u00e5 en perfekt interi\u00f8rdetalj i barnerommet!&nbsp; En klassisk gr\u00e5 tremmesenga som vokser sammen med barnet og forvandles enkelt fra tremmesenga til juniorseng ved \u00e5 skru ned langsidene s\u00e5 den blir en fin barnesofa eller [&hellip;]","og_url":"https:\/\/babylove.se\/no\/produkt\/spjelseng-juniorseng-med-oppbevaringsskuff-stella-gra\/","og_site_name":"Babylove Norska","article_modified_time":"2026-04-08T11:19:23+00:00","og_image":[{"width":800,"height":800,"url":"https:\/\/babylove.se\/no\/wp-content\/uploads\/sites\/3\/2025\/07\/62712cf927a18.jpeg","type":"image\/jpeg"}],"twitter_card":"summary_large_image","twitter_misc":{"Price":"1 999,00&nbsp;&#107;&#114;","Availability":"Out of stock"},"schema":{"@context":"https:\/\/schema.org","@graph":[{"@type":"WebPage","@id":"https:\/\/babylove.se\/no\/produkt\/spjelseng-juniorseng-med-oppbevaringsskuff-stella-gra\/","url":"https:\/\/babylove.se\/no\/produkt\/spjelseng-juniorseng-med-oppbevaringsskuff-stella-gra\/","name":"Sprinkelseng\/juniorseng med oppbevaringsskuff Stella, gr\u00e5 - Babylove Norska","isPartOf":{"@id":"https:\/\/babylove.se\/no\/#website"},"primaryImageOfPage":{"@id":"https:\/\/babylove.se\/no\/produkt\/spjelseng-juniorseng-med-oppbevaringsskuff-stella-gra\/#primaryimage"},"image":{"@id":"https:\/\/babylove.se\/no\/produkt\/spjelseng-juniorseng-med-oppbevaringsskuff-stella-gra\/#primaryimage"},"thumbnailUrl":"https:\/\/babylove.se\/no\/wp-content\/uploads\/sites\/3\/2025\/07\/62712cf927a18.jpeg","datePublished":"2025-07-19T00:12:09+00:00","dateModified":"2026-04-08T11:19:23+00:00","breadcrumb":{"@id":"https:\/\/babylove.se\/no\/produkt\/spjelseng-juniorseng-med-oppbevaringsskuff-stella-gra\/#breadcrumb"},"inLanguage":"nb-NO","potentialAction":[{"@type":"ReadAction","target":["https:\/\/babylove.se\/no\/produkt\/spjelseng-juniorseng-med-oppbevaringsskuff-stella-gra\/"]}]},{"@type":"ImageObject","inLanguage":"nb-NO","@id":"https:\/\/babylove.se\/no\/produkt\/spjelseng-juniorseng-med-oppbevaringsskuff-stella-gra\/#primaryimage","url":"https:\/\/babylove.se\/no\/wp-content\/uploads\/sites\/3\/2025\/07\/62712cf927a18.jpeg","contentUrl":"https:\/\/babylove.se\/no\/wp-content\/uploads\/sites\/3\/2025\/07\/62712cf927a18.jpeg","width":800,"height":800},{"@type":"BreadcrumbList","@id":"https:\/\/babylove.se\/no\/produkt\/spjelseng-juniorseng-med-oppbevaringsskuff-stella-gra\/#breadcrumb","itemListElement":[{"@type":"ListItem","position":1,"name":"Hem","item":"https:\/\/babylove.se\/no\/"},{"@type":"ListItem","position":2,"name":"Butik","item":"https:\/\/babylove.se\/no\/butik\/"},{"@type":"ListItem","position":3,"name":"Sprinkelseng\/juniorseng med oppbevaringsskuff Stella, gr\u00e5"}]},{"@type":"WebSite","@id":"https:\/\/babylove.se\/no\/#website","url":"https:\/\/babylove.se\/no\/","name":"Babylove Norska","description":"","potentialAction":[{"@type":"SearchAction","target":{"@type":"EntryPoint","urlTemplate":"https:\/\/babylove.se\/no\/?s={search_term_string}"},"query-input":{"@type":"PropertyValueSpecification","valueRequired":true,"valueName":"search_term_string"}}],"inLanguage":"nb-NO"}]},"product_price_amount":"1999.00","product_price_currency":"SEK","og_availability":"out of stock","product_availability":"out of stock","product_retailer_item_id":"5902622003894","product_condition":"new"},"_links":{"self":[{"href":"https:\/\/babylove.se\/no\/wp-json\/wp\/v2\/product\/35559","targetHints":{"allow":["GET"]}}],"collection":[{"href":"https:\/\/babylove.se\/no\/wp-json\/wp\/v2\/product"}],"about":[{"href":"https:\/\/babylove.se\/no\/wp-json\/wp\/v2\/types\/product"}],"replies":[{"embeddable":true,"href":"https:\/\/babylove.se\/no\/wp-json\/wp\/v2\/comments?post=35559"}],"wp:featuredmedia":[{"embeddable":true,"href":"https:\/\/babylove.se\/no\/wp-json\/wp\/v2\/media\/35561"}],"wp:attachment":[{"href":"https:\/\/babylove.se\/no\/wp-json\/wp\/v2\/media?parent=35559"}],"wp:term":[{"taxonomy":"product_brand","embeddable":true,"href":"https:\/\/babylove.se\/no\/wp-json\/wp\/v2\/product_brand?post=35559"},{"taxonomy":"product_cat","embeddable":true,"href":"https:\/\/babylove.se\/no\/wp-json\/wp\/v2\/product_cat?post=35559"},{"taxonomy":"product_tag","embeddable":true,"href":"https:\/\/babylove.se\/no\/wp-json\/wp\/v2\/product_tag?post=35559"}],"curies":[{"name":"wp","href":"https:\/\/api.w.org\/{rel}","templated":true}]}}