{"id":35569,"date":"2025-07-19T01:12:09","date_gmt":"2025-07-19T00:12:09","guid":{"rendered":"https:\/\/babylove.se\/produkt\/juniorsang-med-forvaringslada-vit\/"},"modified":"2026-04-08T12:19:28","modified_gmt":"2026-04-08T11:19:28","slug":"juniorseng-med-oppbevaringsskuff-hvit","status":"publish","type":"product","link":"https:\/\/babylove.se\/no\/produkt\/juniorseng-med-oppbevaringsskuff-hvit\/","title":{"rendered":"Juniorseng med oppbevaringsboks, hvit"},"content":{"rendered":"<p>Her er den ultimate juniorseng!&nbsp;<\/p>\n<p><span style=\"background-color: initial; text-align: initial;\">En stabil og gedigen seng i tidl\u00f8s design, som ikke bare er et koselig sovested, men ogs\u00e5 et flott interi\u00f8rdetalj i barnerommet!&nbsp;<\/span><\/p>\n<p>Sengen har smarte st\u00f8ttebrett p\u00e5 begge sider som beskytter barnet fra \u00e5 rulle ut av sengen.<span>&nbsp;<\/span>I tillegg f\u00f8lger med en praktisk og romslig oppbevaringsboks som kan brukes til \u00e5 oppbevare barnets alle leker og senget\u00f8y. Boksen har hjul samt et deksel som hindrer st\u00f8v og skitt fra \u00e5 samle seg inne i boksen.&nbsp;<\/p>\n<p>Sengen er laget av h\u00f8ykvalitets furutre og malt med kjemikaliefri maling. Sertifisert i henhold til EU-standard.<\/p>\n<p>En seng i skandinavisk stilren stil som passer overalt og i alle typer rom. Du kan enkelt dekorere den med fine vimpler eller lyslenkeer for \u00e5 f\u00e5 mer effekt.&nbsp;<\/p>\n<p><strong>M\u00e5l<\/strong>: Sengem\u00e5l: 70 x 140 cm.&nbsp;<\/p>\n<p><strong>Materiale<\/strong>: Furutre<\/p>\n<p>Madrass f\u00f8lger ikke med, men ta gjerne en titt i v\u00e5rt store madrassutvalg. Vi anbefaler en skummadrass med tykkelse p\u00e5 ca 10-12 cm.<\/p>\n<p><em><em><em><em><em>Obs! Sengen leveres umontert og b\u00f8r settes sammen i rommet den skal brukes i.<\/em><\/em><\/em><\/em><\/em><\/p>\n","protected":false},"excerpt":{"rendered":"<p>Her er den ultimate juniorseng!&nbsp; En stabil og gedigen seng i tidl\u00f8s design, som ikke bare er et koselig sovested, men ogs\u00e5 et flott interi\u00f8rdetalj i barnerommet!&nbsp; Sengen har smarte st\u00f8ttebrett p\u00e5 begge sider som beskytter barnet fra \u00e5 rulle ut av sengen.&nbsp;I tillegg f\u00f8lger med en praktisk og romslig oppbevaringsboks som kan brukes til [&hellip;]<\/p>\n","protected":false},"featured_media":35571,"comment_status":"closed","ping_status":"open","template":"","meta":{"_acf_changed":false},"product_brand":[],"product_cat":[84,372,269,280,40],"product_tag":[],"class_list":{"0":"post-35569","1":"product","2":"type-product","3":"status-publish","4":"has-post-thumbnail","6":"product_cat-babylove","7":"product_cat-barnesenger","8":"product_cat-juniorsenger","9":"product_cat-senger-med-rask-levering","10":"product_cat-soverom-barn","12":"first","13":"outofstock","14":"taxable","15":"shipping-taxable","16":"purchasable","17":"product-type-simple"},"acf":[],"yoast_head":"<!-- This site is optimized with the Yoast SEO Premium plugin v25.8 (Yoast SEO v27.2) - https:\/\/yoast.com\/product\/yoast-seo-premium-wordpress\/ -->\n<title>Juniorseng med oppbevaringsboks, hvit - Babylove Norska<\/title>\n<meta name=\"robots\" content=\"noindex, follow, max-snippet:-1, max-image-preview:large, max-video-preview:-1\" \/>\n<meta property=\"og:locale\" content=\"nb_NO\" \/>\n<meta property=\"og:type\" content=\"article\" \/>\n<meta property=\"og:title\" content=\"Juniorseng med oppbevaringsboks, hvit\" \/>\n<meta property=\"og:description\" content=\"Her er den ultimate juniorseng!&nbsp; En stabil og gedigen seng i tidl\u00f8s design, som ikke bare er et koselig sovested, men ogs\u00e5 et flott interi\u00f8rdetalj i barnerommet!&nbsp; Sengen har smarte st\u00f8ttebrett p\u00e5 begge sider som beskytter barnet fra \u00e5 rulle ut av sengen.&nbsp;I tillegg f\u00f8lger med en praktisk og romslig oppbevaringsboks som kan brukes til [&hellip;]\" \/>\n<meta property=\"og:url\" content=\"https:\/\/babylove.se\/no\/produkt\/juniorseng-med-oppbevaringsskuff-hvit\/\" \/>\n<meta property=\"og:site_name\" content=\"Babylove Norska\" \/>\n<meta property=\"article:modified_time\" content=\"2026-04-08T11:19:28+00:00\" \/>\n<meta property=\"og:image\" content=\"https:\/\/babylove.se\/no\/wp-content\/uploads\/sites\/3\/2025\/07\/627131614b979.jpeg\" \/>\n\t<meta property=\"og:image:width\" content=\"800\" \/>\n\t<meta property=\"og:image:height\" content=\"800\" \/>\n\t<meta property=\"og:image:type\" content=\"image\/jpeg\" \/>\n<meta name=\"twitter:card\" content=\"summary_large_image\" \/>\n<meta name=\"twitter:label1\" content=\"Price\" \/>\n\t<meta name=\"twitter:data1\" content=\"1 399,00&nbsp;&#107;&#114;\" \/>\n\t<meta name=\"twitter:label2\" content=\"Availability\" \/>\n\t<meta name=\"twitter:data2\" content=\"Out of stock\" \/>\n<script type=\"application\/ld+json\" class=\"yoast-schema-graph\">{\"@context\":\"https:\/\/schema.org\",\"@graph\":[{\"@type\":\"WebPage\",\"@id\":\"https:\/\/babylove.se\/no\/produkt\/juniorseng-med-oppbevaringsskuff-hvit\/\",\"url\":\"https:\/\/babylove.se\/no\/produkt\/juniorseng-med-oppbevaringsskuff-hvit\/\",\"name\":\"Juniorseng med oppbevaringsboks, hvit - Babylove Norska\",\"isPartOf\":{\"@id\":\"https:\/\/babylove.se\/no\/#website\"},\"primaryImageOfPage\":{\"@id\":\"https:\/\/babylove.se\/no\/produkt\/juniorseng-med-oppbevaringsskuff-hvit\/#primaryimage\"},\"image\":{\"@id\":\"https:\/\/babylove.se\/no\/produkt\/juniorseng-med-oppbevaringsskuff-hvit\/#primaryimage\"},\"thumbnailUrl\":\"https:\/\/babylove.se\/no\/wp-content\/uploads\/sites\/3\/2025\/07\/627131614b979.jpeg\",\"datePublished\":\"2025-07-19T00:12:09+00:00\",\"dateModified\":\"2026-04-08T11:19:28+00:00\",\"breadcrumb\":{\"@id\":\"https:\/\/babylove.se\/no\/produkt\/juniorseng-med-oppbevaringsskuff-hvit\/#breadcrumb\"},\"inLanguage\":\"nb-NO\",\"potentialAction\":[{\"@type\":\"ReadAction\",\"target\":[\"https:\/\/babylove.se\/no\/produkt\/juniorseng-med-oppbevaringsskuff-hvit\/\"]}]},{\"@type\":\"ImageObject\",\"inLanguage\":\"nb-NO\",\"@id\":\"https:\/\/babylove.se\/no\/produkt\/juniorseng-med-oppbevaringsskuff-hvit\/#primaryimage\",\"url\":\"https:\/\/babylove.se\/no\/wp-content\/uploads\/sites\/3\/2025\/07\/627131614b979.jpeg\",\"contentUrl\":\"https:\/\/babylove.se\/no\/wp-content\/uploads\/sites\/3\/2025\/07\/627131614b979.jpeg\",\"width\":800,\"height\":800},{\"@type\":\"BreadcrumbList\",\"@id\":\"https:\/\/babylove.se\/no\/produkt\/juniorseng-med-oppbevaringsskuff-hvit\/#breadcrumb\",\"itemListElement\":[{\"@type\":\"ListItem\",\"position\":1,\"name\":\"Hem\",\"item\":\"https:\/\/babylove.se\/no\/\"},{\"@type\":\"ListItem\",\"position\":2,\"name\":\"Butik\",\"item\":\"https:\/\/babylove.se\/no\/butik\/\"},{\"@type\":\"ListItem\",\"position\":3,\"name\":\"Juniorseng med oppbevaringsboks, hvit\"}]},{\"@type\":\"WebSite\",\"@id\":\"https:\/\/babylove.se\/no\/#website\",\"url\":\"https:\/\/babylove.se\/no\/\",\"name\":\"Babylove Norska\",\"description\":\"\",\"potentialAction\":[{\"@type\":\"SearchAction\",\"target\":{\"@type\":\"EntryPoint\",\"urlTemplate\":\"https:\/\/babylove.se\/no\/?s={search_term_string}\"},\"query-input\":{\"@type\":\"PropertyValueSpecification\",\"valueRequired\":true,\"valueName\":\"search_term_string\"}}],\"inLanguage\":\"nb-NO\"}]}<\/script>\n<meta property=\"product:price:amount\" content=\"1399.00\" \/>\n<meta property=\"product:price:currency\" content=\"SEK\" \/>\n<meta property=\"og:availability\" content=\"out of stock\" \/>\n<meta property=\"product:availability\" content=\"out of stock\" \/>\n<meta property=\"product:retailer_item_id\" content=\"70x140vit\" \/>\n<meta property=\"product:condition\" content=\"new\" \/>\n<!-- \/ Yoast SEO Premium plugin. -->","yoast_head_json":{"title":"Juniorseng med oppbevaringsboks, hvit - Babylove Norska","robots":{"index":"noindex","follow":"follow","max-snippet":"max-snippet:-1","max-image-preview":"max-image-preview:large","max-video-preview":"max-video-preview:-1"},"og_locale":"nb_NO","og_type":"article","og_title":"Juniorseng med oppbevaringsboks, hvit","og_description":"Her er den ultimate juniorseng!&nbsp; En stabil og gedigen seng i tidl\u00f8s design, som ikke bare er et koselig sovested, men ogs\u00e5 et flott interi\u00f8rdetalj i barnerommet!&nbsp; Sengen har smarte st\u00f8ttebrett p\u00e5 begge sider som beskytter barnet fra \u00e5 rulle ut av sengen.&nbsp;I tillegg f\u00f8lger med en praktisk og romslig oppbevaringsboks som kan brukes til [&hellip;]","og_url":"https:\/\/babylove.se\/no\/produkt\/juniorseng-med-oppbevaringsskuff-hvit\/","og_site_name":"Babylove Norska","article_modified_time":"2026-04-08T11:19:28+00:00","og_image":[{"width":800,"height":800,"url":"https:\/\/babylove.se\/no\/wp-content\/uploads\/sites\/3\/2025\/07\/627131614b979.jpeg","type":"image\/jpeg"}],"twitter_card":"summary_large_image","twitter_misc":{"Price":"1 399,00&nbsp;&#107;&#114;","Availability":"Out of stock"},"schema":{"@context":"https:\/\/schema.org","@graph":[{"@type":"WebPage","@id":"https:\/\/babylove.se\/no\/produkt\/juniorseng-med-oppbevaringsskuff-hvit\/","url":"https:\/\/babylove.se\/no\/produkt\/juniorseng-med-oppbevaringsskuff-hvit\/","name":"Juniorseng med oppbevaringsboks, hvit - Babylove Norska","isPartOf":{"@id":"https:\/\/babylove.se\/no\/#website"},"primaryImageOfPage":{"@id":"https:\/\/babylove.se\/no\/produkt\/juniorseng-med-oppbevaringsskuff-hvit\/#primaryimage"},"image":{"@id":"https:\/\/babylove.se\/no\/produkt\/juniorseng-med-oppbevaringsskuff-hvit\/#primaryimage"},"thumbnailUrl":"https:\/\/babylove.se\/no\/wp-content\/uploads\/sites\/3\/2025\/07\/627131614b979.jpeg","datePublished":"2025-07-19T00:12:09+00:00","dateModified":"2026-04-08T11:19:28+00:00","breadcrumb":{"@id":"https:\/\/babylove.se\/no\/produkt\/juniorseng-med-oppbevaringsskuff-hvit\/#breadcrumb"},"inLanguage":"nb-NO","potentialAction":[{"@type":"ReadAction","target":["https:\/\/babylove.se\/no\/produkt\/juniorseng-med-oppbevaringsskuff-hvit\/"]}]},{"@type":"ImageObject","inLanguage":"nb-NO","@id":"https:\/\/babylove.se\/no\/produkt\/juniorseng-med-oppbevaringsskuff-hvit\/#primaryimage","url":"https:\/\/babylove.se\/no\/wp-content\/uploads\/sites\/3\/2025\/07\/627131614b979.jpeg","contentUrl":"https:\/\/babylove.se\/no\/wp-content\/uploads\/sites\/3\/2025\/07\/627131614b979.jpeg","width":800,"height":800},{"@type":"BreadcrumbList","@id":"https:\/\/babylove.se\/no\/produkt\/juniorseng-med-oppbevaringsskuff-hvit\/#breadcrumb","itemListElement":[{"@type":"ListItem","position":1,"name":"Hem","item":"https:\/\/babylove.se\/no\/"},{"@type":"ListItem","position":2,"name":"Butik","item":"https:\/\/babylove.se\/no\/butik\/"},{"@type":"ListItem","position":3,"name":"Juniorseng med oppbevaringsboks, hvit"}]},{"@type":"WebSite","@id":"https:\/\/babylove.se\/no\/#website","url":"https:\/\/babylove.se\/no\/","name":"Babylove Norska","description":"","potentialAction":[{"@type":"SearchAction","target":{"@type":"EntryPoint","urlTemplate":"https:\/\/babylove.se\/no\/?s={search_term_string}"},"query-input":{"@type":"PropertyValueSpecification","valueRequired":true,"valueName":"search_term_string"}}],"inLanguage":"nb-NO"}]},"product_price_amount":"1399.00","product_price_currency":"SEK","og_availability":"out of stock","product_availability":"out of stock","product_retailer_item_id":"70x140vit","product_condition":"new"},"_links":{"self":[{"href":"https:\/\/babylove.se\/no\/wp-json\/wp\/v2\/product\/35569","targetHints":{"allow":["GET"]}}],"collection":[{"href":"https:\/\/babylove.se\/no\/wp-json\/wp\/v2\/product"}],"about":[{"href":"https:\/\/babylove.se\/no\/wp-json\/wp\/v2\/types\/product"}],"replies":[{"embeddable":true,"href":"https:\/\/babylove.se\/no\/wp-json\/wp\/v2\/comments?post=35569"}],"wp:featuredmedia":[{"embeddable":true,"href":"https:\/\/babylove.se\/no\/wp-json\/wp\/v2\/media\/35571"}],"wp:attachment":[{"href":"https:\/\/babylove.se\/no\/wp-json\/wp\/v2\/media?parent=35569"}],"wp:term":[{"taxonomy":"product_brand","embeddable":true,"href":"https:\/\/babylove.se\/no\/wp-json\/wp\/v2\/product_brand?post=35569"},{"taxonomy":"product_cat","embeddable":true,"href":"https:\/\/babylove.se\/no\/wp-json\/wp\/v2\/product_cat?post=35569"},{"taxonomy":"product_tag","embeddable":true,"href":"https:\/\/babylove.se\/no\/wp-json\/wp\/v2\/product_tag?post=35569"}],"curies":[{"name":"wp","href":"https:\/\/api.w.org\/{rel}","templated":true}]}}