{"id":35633,"date":"2025-07-19T01:12:40","date_gmt":"2025-07-19T00:12:40","guid":{"rendered":"https:\/\/babylove.se\/produkt\/liewood-ingeborg-baddset-junior-sunset-apple-blossom-mix\/"},"modified":"2026-04-08T12:20:00","modified_gmt":"2026-04-08T11:20:00","slug":"liewood-ingeborg-badesett-junior-sunset-apple-blossom-mix","status":"publish","type":"product","link":"https:\/\/babylove.se\/no\/produkt\/liewood-ingeborg-badesett-junior-sunset-apple-blossom-mix\/","title":{"rendered":"Liewood, Ingeborg sengesett junior, Sunset apple blossom mix"},"content":{"rendered":"<p>Det ultimate sengesettet for barn fra utrolig popul\u00e6re danske Liewood. Det vakre m\u00f8nsteret vil skape underverk for barnerominredningen din og \u00f8ke kosefaktoren! <\/p>\n<p>Laget av fantastisk \u00f8kologisk bomull med h\u00f8y tr\u00e5dtetthet (200 tc) som garanterer en god s\u00f8vn for barnet fra f\u00f8rste kveld. Dynetrekkssettet er sydd med franske s\u00f8m og lukkes med en usynlig glidel\u00e5s. Dette sengesettet garanterer h\u00f8yeste kvalitet for barnet fra f\u00f8rste dag. <\/p>\n<p>En veske i matchende stoff f\u00f8lger med. <\/p>\n<p><strong>Material<\/strong>: 100% \u00f8kologisk bomull <\/p>\n<p><strong>M\u00e5l<\/strong>: Dynetrekk: 100 x 140 cm. Putevar: 40 x 45 cm. <\/p>\n<p>Vasker\u00e5d: ? Maskinvask 40\u00b0C ? Stryk p\u00e5 middels varme ? Ikke t\u00f8rketrommel ? Ikke bleking <\/p>\n<p>Designer: <a href=\"https:\/\/babylove.se\/varumarken\/liewood\"><u>Liewood<\/u><\/a><\/p>\n","protected":false},"excerpt":{"rendered":"<p>Det ultimate sengesettet for barn fra utrolig popul\u00e6re danske Liewood. Det vakre m\u00f8nsteret vil skape underverk for barnerominredningen din og \u00f8ke kosefaktoren! Laget av fantastisk \u00f8kologisk bomull med h\u00f8y tr\u00e5dtetthet (200 tc) som garanterer en god s\u00f8vn for barnet fra f\u00f8rste kveld. Dynetrekkssettet er sydd med franske s\u00f8m og lukkes med en usynlig glidel\u00e5s. Dette [&hellip;]<\/p>\n","protected":false},"featured_media":35635,"comment_status":"closed","ping_status":"closed","template":"","meta":{"_acf_changed":false},"product_brand":[282],"product_cat":[39,283,40],"product_tag":[1709],"class_list":{"0":"post-35633","1":"product","2":"type-product","3":"status-publish","4":"has-post-thumbnail","6":"product_brand-liewood","7":"product_cat-barnesangklaer","8":"product_cat-liewood","9":"product_cat-soverom-barn","10":"product_tag-utforsalg","12":"first","13":"instock","14":"taxable","15":"shipping-taxable","16":"purchasable","17":"product-type-simple"},"acf":[],"yoast_head":"<!-- This site is optimized with the Yoast SEO Premium plugin v25.8 (Yoast SEO v27.2) - https:\/\/yoast.com\/product\/yoast-seo-premium-wordpress\/ -->\n<title>Liewood, Ingeborg sengesett junior, Sunset apple blossom mix - Babylove Norska<\/title>\n<meta name=\"robots\" content=\"noindex, follow, max-snippet:-1, max-image-preview:large, max-video-preview:-1\" \/>\n<meta property=\"og:locale\" content=\"nb_NO\" \/>\n<meta property=\"og:type\" content=\"article\" \/>\n<meta property=\"og:title\" content=\"Liewood, Ingeborg sengesett junior, Sunset apple blossom mix\" \/>\n<meta property=\"og:description\" content=\"Det ultimate sengesettet for barn fra utrolig popul\u00e6re danske Liewood. Det vakre m\u00f8nsteret vil skape underverk for barnerominredningen din og \u00f8ke kosefaktoren! Laget av fantastisk \u00f8kologisk bomull med h\u00f8y tr\u00e5dtetthet (200 tc) som garanterer en god s\u00f8vn for barnet fra f\u00f8rste kveld. Dynetrekkssettet er sydd med franske s\u00f8m og lukkes med en usynlig glidel\u00e5s. Dette [&hellip;]\" \/>\n<meta property=\"og:url\" content=\"https:\/\/babylove.se\/no\/produkt\/liewood-ingeborg-badesett-junior-sunset-apple-blossom-mix\/\" \/>\n<meta property=\"og:site_name\" content=\"Babylove Norska\" \/>\n<meta property=\"article:modified_time\" content=\"2026-04-08T11:20:00+00:00\" \/>\n<meta property=\"og:image\" content=\"https:\/\/babylove.se\/no\/wp-content\/uploads\/sites\/3\/2025\/07\/6273b9f78bc0b.jpeg\" \/>\n\t<meta property=\"og:image:width\" content=\"1200\" \/>\n\t<meta property=\"og:image:height\" content=\"1200\" \/>\n\t<meta property=\"og:image:type\" content=\"image\/webp\" \/>\n<meta name=\"twitter:card\" content=\"summary_large_image\" \/>\n<meta name=\"twitter:label1\" content=\"Price\" \/>\n\t<meta name=\"twitter:data1\" content=\"699,00&nbsp;&#107;&#114;\" \/>\n\t<meta name=\"twitter:label2\" content=\"Availability\" \/>\n\t<meta name=\"twitter:data2\" content=\"In stock\" \/>\n<script type=\"application\/ld+json\" class=\"yoast-schema-graph\">{\"@context\":\"https:\/\/schema.org\",\"@graph\":[{\"@type\":\"WebPage\",\"@id\":\"https:\/\/babylove.se\/no\/produkt\/liewood-ingeborg-badesett-junior-sunset-apple-blossom-mix\/\",\"url\":\"https:\/\/babylove.se\/no\/produkt\/liewood-ingeborg-badesett-junior-sunset-apple-blossom-mix\/\",\"name\":\"Liewood, Ingeborg sengesett junior, Sunset apple blossom mix - Babylove Norska\",\"isPartOf\":{\"@id\":\"https:\/\/babylove.se\/no\/#website\"},\"primaryImageOfPage\":{\"@id\":\"https:\/\/babylove.se\/no\/produkt\/liewood-ingeborg-badesett-junior-sunset-apple-blossom-mix\/#primaryimage\"},\"image\":{\"@id\":\"https:\/\/babylove.se\/no\/produkt\/liewood-ingeborg-badesett-junior-sunset-apple-blossom-mix\/#primaryimage\"},\"thumbnailUrl\":\"https:\/\/babylove.se\/no\/wp-content\/uploads\/sites\/3\/2025\/07\/6273b9f78bc0b.jpeg\",\"datePublished\":\"2025-07-19T00:12:40+00:00\",\"dateModified\":\"2026-04-08T11:20:00+00:00\",\"breadcrumb\":{\"@id\":\"https:\/\/babylove.se\/no\/produkt\/liewood-ingeborg-badesett-junior-sunset-apple-blossom-mix\/#breadcrumb\"},\"inLanguage\":\"nb-NO\",\"potentialAction\":[{\"@type\":\"ReadAction\",\"target\":[\"https:\/\/babylove.se\/no\/produkt\/liewood-ingeborg-badesett-junior-sunset-apple-blossom-mix\/\"]}]},{\"@type\":\"ImageObject\",\"inLanguage\":\"nb-NO\",\"@id\":\"https:\/\/babylove.se\/no\/produkt\/liewood-ingeborg-badesett-junior-sunset-apple-blossom-mix\/#primaryimage\",\"url\":\"https:\/\/babylove.se\/no\/wp-content\/uploads\/sites\/3\/2025\/07\/6273b9f78bc0b.jpeg\",\"contentUrl\":\"https:\/\/babylove.se\/no\/wp-content\/uploads\/sites\/3\/2025\/07\/6273b9f78bc0b.jpeg\",\"width\":1200,\"height\":1200},{\"@type\":\"BreadcrumbList\",\"@id\":\"https:\/\/babylove.se\/no\/produkt\/liewood-ingeborg-badesett-junior-sunset-apple-blossom-mix\/#breadcrumb\",\"itemListElement\":[{\"@type\":\"ListItem\",\"position\":1,\"name\":\"Hem\",\"item\":\"https:\/\/babylove.se\/no\/\"},{\"@type\":\"ListItem\",\"position\":2,\"name\":\"Butik\",\"item\":\"https:\/\/babylove.se\/no\/butik\/\"},{\"@type\":\"ListItem\",\"position\":3,\"name\":\"Liewood, Ingeborg sengesett junior, Sunset apple blossom mix\"}]},{\"@type\":\"WebSite\",\"@id\":\"https:\/\/babylove.se\/no\/#website\",\"url\":\"https:\/\/babylove.se\/no\/\",\"name\":\"Babylove Norska\",\"description\":\"\",\"potentialAction\":[{\"@type\":\"SearchAction\",\"target\":{\"@type\":\"EntryPoint\",\"urlTemplate\":\"https:\/\/babylove.se\/no\/?s={search_term_string}\"},\"query-input\":{\"@type\":\"PropertyValueSpecification\",\"valueRequired\":true,\"valueName\":\"search_term_string\"}}],\"inLanguage\":\"nb-NO\"}]}<\/script>\n<meta property=\"product:brand\" content=\"Liewood\" \/>\n<meta property=\"product:price:amount\" content=\"699.00\" \/>\n<meta property=\"product:price:currency\" content=\"SEK\" \/>\n<meta property=\"og:availability\" content=\"instock\" \/>\n<meta property=\"product:availability\" content=\"instock\" \/>\n<meta property=\"product:retailer_item_id\" content=\"LW149263700\" \/>\n<meta property=\"product:condition\" content=\"new\" \/>\n<!-- \/ Yoast SEO Premium plugin. -->","yoast_head_json":{"title":"Liewood, Ingeborg sengesett junior, Sunset apple blossom mix - Babylove Norska","robots":{"index":"noindex","follow":"follow","max-snippet":"max-snippet:-1","max-image-preview":"max-image-preview:large","max-video-preview":"max-video-preview:-1"},"og_locale":"nb_NO","og_type":"article","og_title":"Liewood, Ingeborg sengesett junior, Sunset apple blossom mix","og_description":"Det ultimate sengesettet for barn fra utrolig popul\u00e6re danske Liewood. Det vakre m\u00f8nsteret vil skape underverk for barnerominredningen din og \u00f8ke kosefaktoren! Laget av fantastisk \u00f8kologisk bomull med h\u00f8y tr\u00e5dtetthet (200 tc) som garanterer en god s\u00f8vn for barnet fra f\u00f8rste kveld. Dynetrekkssettet er sydd med franske s\u00f8m og lukkes med en usynlig glidel\u00e5s. Dette [&hellip;]","og_url":"https:\/\/babylove.se\/no\/produkt\/liewood-ingeborg-badesett-junior-sunset-apple-blossom-mix\/","og_site_name":"Babylove Norska","article_modified_time":"2026-04-08T11:20:00+00:00","og_image":[{"width":1200,"height":1200,"url":"https:\/\/babylove.se\/no\/wp-content\/uploads\/sites\/3\/2025\/07\/6273b9f78bc0b.jpeg","type":"image\/webp"}],"twitter_card":"summary_large_image","twitter_misc":{"Price":"699,00&nbsp;&#107;&#114;","Availability":"In stock"},"schema":{"@context":"https:\/\/schema.org","@graph":[{"@type":"WebPage","@id":"https:\/\/babylove.se\/no\/produkt\/liewood-ingeborg-badesett-junior-sunset-apple-blossom-mix\/","url":"https:\/\/babylove.se\/no\/produkt\/liewood-ingeborg-badesett-junior-sunset-apple-blossom-mix\/","name":"Liewood, Ingeborg sengesett junior, Sunset apple blossom mix - Babylove Norska","isPartOf":{"@id":"https:\/\/babylove.se\/no\/#website"},"primaryImageOfPage":{"@id":"https:\/\/babylove.se\/no\/produkt\/liewood-ingeborg-badesett-junior-sunset-apple-blossom-mix\/#primaryimage"},"image":{"@id":"https:\/\/babylove.se\/no\/produkt\/liewood-ingeborg-badesett-junior-sunset-apple-blossom-mix\/#primaryimage"},"thumbnailUrl":"https:\/\/babylove.se\/no\/wp-content\/uploads\/sites\/3\/2025\/07\/6273b9f78bc0b.jpeg","datePublished":"2025-07-19T00:12:40+00:00","dateModified":"2026-04-08T11:20:00+00:00","breadcrumb":{"@id":"https:\/\/babylove.se\/no\/produkt\/liewood-ingeborg-badesett-junior-sunset-apple-blossom-mix\/#breadcrumb"},"inLanguage":"nb-NO","potentialAction":[{"@type":"ReadAction","target":["https:\/\/babylove.se\/no\/produkt\/liewood-ingeborg-badesett-junior-sunset-apple-blossom-mix\/"]}]},{"@type":"ImageObject","inLanguage":"nb-NO","@id":"https:\/\/babylove.se\/no\/produkt\/liewood-ingeborg-badesett-junior-sunset-apple-blossom-mix\/#primaryimage","url":"https:\/\/babylove.se\/no\/wp-content\/uploads\/sites\/3\/2025\/07\/6273b9f78bc0b.jpeg","contentUrl":"https:\/\/babylove.se\/no\/wp-content\/uploads\/sites\/3\/2025\/07\/6273b9f78bc0b.jpeg","width":1200,"height":1200},{"@type":"BreadcrumbList","@id":"https:\/\/babylove.se\/no\/produkt\/liewood-ingeborg-badesett-junior-sunset-apple-blossom-mix\/#breadcrumb","itemListElement":[{"@type":"ListItem","position":1,"name":"Hem","item":"https:\/\/babylove.se\/no\/"},{"@type":"ListItem","position":2,"name":"Butik","item":"https:\/\/babylove.se\/no\/butik\/"},{"@type":"ListItem","position":3,"name":"Liewood, Ingeborg sengesett junior, Sunset apple blossom mix"}]},{"@type":"WebSite","@id":"https:\/\/babylove.se\/no\/#website","url":"https:\/\/babylove.se\/no\/","name":"Babylove Norska","description":"","potentialAction":[{"@type":"SearchAction","target":{"@type":"EntryPoint","urlTemplate":"https:\/\/babylove.se\/no\/?s={search_term_string}"},"query-input":{"@type":"PropertyValueSpecification","valueRequired":true,"valueName":"search_term_string"}}],"inLanguage":"nb-NO"}]},"product_brand":"Liewood","product_price_amount":"699.00","product_price_currency":"SEK","og_availability":"instock","product_availability":"instock","product_retailer_item_id":"LW149263700","product_condition":"new"},"_links":{"self":[{"href":"https:\/\/babylove.se\/no\/wp-json\/wp\/v2\/product\/35633","targetHints":{"allow":["GET"]}}],"collection":[{"href":"https:\/\/babylove.se\/no\/wp-json\/wp\/v2\/product"}],"about":[{"href":"https:\/\/babylove.se\/no\/wp-json\/wp\/v2\/types\/product"}],"replies":[{"embeddable":true,"href":"https:\/\/babylove.se\/no\/wp-json\/wp\/v2\/comments?post=35633"}],"wp:featuredmedia":[{"embeddable":true,"href":"https:\/\/babylove.se\/no\/wp-json\/wp\/v2\/media\/35635"}],"wp:attachment":[{"href":"https:\/\/babylove.se\/no\/wp-json\/wp\/v2\/media?parent=35633"}],"wp:term":[{"taxonomy":"product_brand","embeddable":true,"href":"https:\/\/babylove.se\/no\/wp-json\/wp\/v2\/product_brand?post=35633"},{"taxonomy":"product_cat","embeddable":true,"href":"https:\/\/babylove.se\/no\/wp-json\/wp\/v2\/product_cat?post=35633"},{"taxonomy":"product_tag","embeddable":true,"href":"https:\/\/babylove.se\/no\/wp-json\/wp\/v2\/product_tag?post=35633"}],"curies":[{"name":"wp","href":"https:\/\/api.w.org\/{rel}","templated":true}]}}