{"id":35675,"date":"2025-07-19T01:13:09","date_gmt":"2025-07-19T00:13:09","guid":{"rendered":"https:\/\/babylove.se\/produkt\/mrs-mighetto-poster-julian-jack\/"},"modified":"2026-04-08T12:20:20","modified_gmt":"2026-04-08T11:20:20","slug":"mrs-mighetto-plakat-julian-jack","status":"publish","type":"product","link":"https:\/\/babylove.se\/no\/produkt\/mrs-mighetto-plakat-julian-jack\/","title":{"rendered":"Mrs Mighetto, plakat Julian &#038; Jack"},"content":{"rendered":"<p>Fantastisk vakker plakat av svenska Mrs Mighetto. Med denne plakaten kan du enkelt skape en unik f\u00f8lelse i barneromsinnredningen din og barnet ditt kommer til \u00e5 elske de eventyrliknende motivene. <\/p>\n<p>Trykket er laget p\u00e5 et meget h\u00f8ykvalitets 170g matt papir. <\/p>\n<p><strong>M\u00e5l<\/strong>: Finnes i to st\u00f8rrelser <\/p>\n<ul type=\"disc\">\n<li>30&#215;40 cm<\/li>\n<li>50&#215;70 cm<\/li>\n<\/ul>\n<p>Designer: <a href=\"https:\/\/babylove.se\/varumarken\/mrs-mighetto\">Mrs Mighetto<\/a> <\/p>\n<p>&#8220;<em>? Julian ville l\u00f8pe fort, han trente og trente men fikk aldri opp den farten han dr\u00f8mte om. Mange tr\u00f8stet ham og sa at han snart skulle sammenstr\u00e5le med et dyr og at da, da skulle han f\u00e5 ny kraft. Men Julians gave var ikke \u00e5 v\u00e6re rask, det var \u00e5 navigere og n\u00e5r sterke, raske Jack viste seg \u00e5 v\u00e6re Julians kraftdyr ble det en fantastisk duo som ikke bare var raskest i Agaskar men ogs\u00e5 hadde evnen til \u00e5 finne overalt.<\/em><em>&#8220;<\/em><\/p>\n","protected":false},"excerpt":{"rendered":"<p>Fantastisk vakker plakat av svenska Mrs Mighetto. Med denne plakaten kan du enkelt skape en unik f\u00f8lelse i barneromsinnredningen din og barnet ditt kommer til \u00e5 elske de eventyrliknende motivene. Trykket er laget p\u00e5 et meget h\u00f8ykvalitets 170g matt papir. M\u00e5l: Finnes i to st\u00f8rrelser 30&#215;40 cm 50&#215;70 cm Designer: Mrs Mighetto &#8220;? Julian ville [&hellip;]<\/p>\n","protected":false},"featured_media":35677,"comment_status":"closed","ping_status":"closed","template":"","meta":{"_acf_changed":false},"product_brand":[974],"product_cat":[975,255],"product_tag":[],"class_list":{"0":"post-35675","1":"product","2":"type-product","3":"status-publish","4":"has-post-thumbnail","6":"product_brand-mrs-mighetto","7":"product_cat-mrs-mighetto","8":"product_cat-plakater","9":"pa_storlek-30x40-cm","10":"pa_storlek-50x70-cm","12":"first","13":"outofstock","14":"taxable","15":"shipping-taxable","16":"purchasable","17":"product-type-variable"},"acf":[],"yoast_head":"<!-- This site is optimized with the Yoast SEO Premium plugin v25.8 (Yoast SEO v27.2) - https:\/\/yoast.com\/product\/yoast-seo-premium-wordpress\/ -->\n<title>Mrs Mighetto, plakat Julian &amp; Jack - Babylove Norska<\/title>\n<meta name=\"robots\" content=\"noindex, follow, max-snippet:-1, max-image-preview:large, max-video-preview:-1\" \/>\n<meta property=\"og:locale\" content=\"nb_NO\" \/>\n<meta property=\"og:type\" content=\"article\" \/>\n<meta property=\"og:title\" content=\"Mrs Mighetto, plakat Julian &amp; Jack\" \/>\n<meta property=\"og:description\" content=\"Fantastisk vakker plakat av svenska Mrs Mighetto. Med denne plakaten kan du enkelt skape en unik f\u00f8lelse i barneromsinnredningen din og barnet ditt kommer til \u00e5 elske de eventyrliknende motivene. Trykket er laget p\u00e5 et meget h\u00f8ykvalitets 170g matt papir. M\u00e5l: Finnes i to st\u00f8rrelser 30&#215;40 cm 50&#215;70 cm Designer: Mrs Mighetto &#8220;? Julian ville [&hellip;]\" \/>\n<meta property=\"og:url\" content=\"https:\/\/babylove.se\/no\/produkt\/mrs-mighetto-plakat-julian-jack\/\" \/>\n<meta property=\"og:site_name\" content=\"Babylove Norska\" \/>\n<meta property=\"article:modified_time\" content=\"2026-04-08T11:20:20+00:00\" \/>\n<meta property=\"og:image\" content=\"https:\/\/babylove.se\/no\/wp-content\/uploads\/sites\/3\/2025\/07\/62751ecab605e.jpeg\" \/>\n\t<meta property=\"og:image:width\" content=\"852\" \/>\n\t<meta property=\"og:image:height\" content=\"568\" \/>\n\t<meta property=\"og:image:type\" content=\"image\/jpeg\" \/>\n<meta name=\"twitter:card\" content=\"summary_large_image\" \/>\n<meta name=\"twitter:label1\" content=\"Availability\" \/>\n\t<meta name=\"twitter:data1\" content=\"Out of stock\" \/>\n<script type=\"application\/ld+json\" class=\"yoast-schema-graph\">{\"@context\":\"https:\/\/schema.org\",\"@graph\":[{\"@type\":\"WebPage\",\"@id\":\"https:\/\/babylove.se\/no\/produkt\/mrs-mighetto-plakat-julian-jack\/\",\"url\":\"https:\/\/babylove.se\/no\/produkt\/mrs-mighetto-plakat-julian-jack\/\",\"name\":\"Mrs Mighetto, plakat Julian & Jack - Babylove Norska\",\"isPartOf\":{\"@id\":\"https:\/\/babylove.se\/no\/#website\"},\"primaryImageOfPage\":{\"@id\":\"https:\/\/babylove.se\/no\/produkt\/mrs-mighetto-plakat-julian-jack\/#primaryimage\"},\"image\":{\"@id\":\"https:\/\/babylove.se\/no\/produkt\/mrs-mighetto-plakat-julian-jack\/#primaryimage\"},\"thumbnailUrl\":\"https:\/\/babylove.se\/no\/wp-content\/uploads\/sites\/3\/2025\/07\/62751ecab605e.jpeg\",\"datePublished\":\"2025-07-19T00:13:09+00:00\",\"dateModified\":\"2026-04-08T11:20:20+00:00\",\"breadcrumb\":{\"@id\":\"https:\/\/babylove.se\/no\/produkt\/mrs-mighetto-plakat-julian-jack\/#breadcrumb\"},\"inLanguage\":\"nb-NO\",\"potentialAction\":[{\"@type\":\"ReadAction\",\"target\":[\"https:\/\/babylove.se\/no\/produkt\/mrs-mighetto-plakat-julian-jack\/\"]}]},{\"@type\":\"ImageObject\",\"inLanguage\":\"nb-NO\",\"@id\":\"https:\/\/babylove.se\/no\/produkt\/mrs-mighetto-plakat-julian-jack\/#primaryimage\",\"url\":\"https:\/\/babylove.se\/no\/wp-content\/uploads\/sites\/3\/2025\/07\/62751ecab605e.jpeg\",\"contentUrl\":\"https:\/\/babylove.se\/no\/wp-content\/uploads\/sites\/3\/2025\/07\/62751ecab605e.jpeg\",\"width\":852,\"height\":568},{\"@type\":\"BreadcrumbList\",\"@id\":\"https:\/\/babylove.se\/no\/produkt\/mrs-mighetto-plakat-julian-jack\/#breadcrumb\",\"itemListElement\":[{\"@type\":\"ListItem\",\"position\":1,\"name\":\"Hem\",\"item\":\"https:\/\/babylove.se\/no\/\"},{\"@type\":\"ListItem\",\"position\":2,\"name\":\"Butik\",\"item\":\"https:\/\/babylove.se\/no\/butik\/\"},{\"@type\":\"ListItem\",\"position\":3,\"name\":\"Mrs Mighetto, plakat Julian &#038; Jack\"}]},{\"@type\":\"WebSite\",\"@id\":\"https:\/\/babylove.se\/no\/#website\",\"url\":\"https:\/\/babylove.se\/no\/\",\"name\":\"Babylove Norska\",\"description\":\"\",\"potentialAction\":[{\"@type\":\"SearchAction\",\"target\":{\"@type\":\"EntryPoint\",\"urlTemplate\":\"https:\/\/babylove.se\/no\/?s={search_term_string}\"},\"query-input\":{\"@type\":\"PropertyValueSpecification\",\"valueRequired\":true,\"valueName\":\"search_term_string\"}}],\"inLanguage\":\"nb-NO\"}]}<\/script>\n<meta property=\"product:brand\" content=\"Mrs Mighetto\" \/>\n<meta property=\"og:availability\" content=\"out of stock\" \/>\n<meta property=\"product:availability\" content=\"out of stock\" \/>\n<meta property=\"product:retailer_item_id\" content=\"PO-JULIAN-JACK-4030\" \/>\n<meta property=\"product:condition\" content=\"new\" \/>\n<!-- \/ Yoast SEO Premium plugin. -->","yoast_head_json":{"title":"Mrs Mighetto, plakat Julian & Jack - Babylove Norska","robots":{"index":"noindex","follow":"follow","max-snippet":"max-snippet:-1","max-image-preview":"max-image-preview:large","max-video-preview":"max-video-preview:-1"},"og_locale":"nb_NO","og_type":"article","og_title":"Mrs Mighetto, plakat Julian & Jack","og_description":"Fantastisk vakker plakat av svenska Mrs Mighetto. Med denne plakaten kan du enkelt skape en unik f\u00f8lelse i barneromsinnredningen din og barnet ditt kommer til \u00e5 elske de eventyrliknende motivene. Trykket er laget p\u00e5 et meget h\u00f8ykvalitets 170g matt papir. M\u00e5l: Finnes i to st\u00f8rrelser 30&#215;40 cm 50&#215;70 cm Designer: Mrs Mighetto &#8220;? Julian ville [&hellip;]","og_url":"https:\/\/babylove.se\/no\/produkt\/mrs-mighetto-plakat-julian-jack\/","og_site_name":"Babylove Norska","article_modified_time":"2026-04-08T11:20:20+00:00","og_image":[{"width":852,"height":568,"url":"https:\/\/babylove.se\/no\/wp-content\/uploads\/sites\/3\/2025\/07\/62751ecab605e.jpeg","type":"image\/jpeg"}],"twitter_card":"summary_large_image","twitter_misc":{"Availability":"Out of stock"},"schema":{"@context":"https:\/\/schema.org","@graph":[{"@type":"WebPage","@id":"https:\/\/babylove.se\/no\/produkt\/mrs-mighetto-plakat-julian-jack\/","url":"https:\/\/babylove.se\/no\/produkt\/mrs-mighetto-plakat-julian-jack\/","name":"Mrs Mighetto, plakat Julian & Jack - Babylove Norska","isPartOf":{"@id":"https:\/\/babylove.se\/no\/#website"},"primaryImageOfPage":{"@id":"https:\/\/babylove.se\/no\/produkt\/mrs-mighetto-plakat-julian-jack\/#primaryimage"},"image":{"@id":"https:\/\/babylove.se\/no\/produkt\/mrs-mighetto-plakat-julian-jack\/#primaryimage"},"thumbnailUrl":"https:\/\/babylove.se\/no\/wp-content\/uploads\/sites\/3\/2025\/07\/62751ecab605e.jpeg","datePublished":"2025-07-19T00:13:09+00:00","dateModified":"2026-04-08T11:20:20+00:00","breadcrumb":{"@id":"https:\/\/babylove.se\/no\/produkt\/mrs-mighetto-plakat-julian-jack\/#breadcrumb"},"inLanguage":"nb-NO","potentialAction":[{"@type":"ReadAction","target":["https:\/\/babylove.se\/no\/produkt\/mrs-mighetto-plakat-julian-jack\/"]}]},{"@type":"ImageObject","inLanguage":"nb-NO","@id":"https:\/\/babylove.se\/no\/produkt\/mrs-mighetto-plakat-julian-jack\/#primaryimage","url":"https:\/\/babylove.se\/no\/wp-content\/uploads\/sites\/3\/2025\/07\/62751ecab605e.jpeg","contentUrl":"https:\/\/babylove.se\/no\/wp-content\/uploads\/sites\/3\/2025\/07\/62751ecab605e.jpeg","width":852,"height":568},{"@type":"BreadcrumbList","@id":"https:\/\/babylove.se\/no\/produkt\/mrs-mighetto-plakat-julian-jack\/#breadcrumb","itemListElement":[{"@type":"ListItem","position":1,"name":"Hem","item":"https:\/\/babylove.se\/no\/"},{"@type":"ListItem","position":2,"name":"Butik","item":"https:\/\/babylove.se\/no\/butik\/"},{"@type":"ListItem","position":3,"name":"Mrs Mighetto, plakat Julian &#038; Jack"}]},{"@type":"WebSite","@id":"https:\/\/babylove.se\/no\/#website","url":"https:\/\/babylove.se\/no\/","name":"Babylove Norska","description":"","potentialAction":[{"@type":"SearchAction","target":{"@type":"EntryPoint","urlTemplate":"https:\/\/babylove.se\/no\/?s={search_term_string}"},"query-input":{"@type":"PropertyValueSpecification","valueRequired":true,"valueName":"search_term_string"}}],"inLanguage":"nb-NO"}]},"product_brand":"Mrs Mighetto","og_availability":"out of stock","product_availability":"out of stock","product_retailer_item_id":"PO-JULIAN-JACK-4030","product_condition":"new"},"_links":{"self":[{"href":"https:\/\/babylove.se\/no\/wp-json\/wp\/v2\/product\/35675","targetHints":{"allow":["GET"]}}],"collection":[{"href":"https:\/\/babylove.se\/no\/wp-json\/wp\/v2\/product"}],"about":[{"href":"https:\/\/babylove.se\/no\/wp-json\/wp\/v2\/types\/product"}],"replies":[{"embeddable":true,"href":"https:\/\/babylove.se\/no\/wp-json\/wp\/v2\/comments?post=35675"}],"wp:featuredmedia":[{"embeddable":true,"href":"https:\/\/babylove.se\/no\/wp-json\/wp\/v2\/media\/35677"}],"wp:attachment":[{"href":"https:\/\/babylove.se\/no\/wp-json\/wp\/v2\/media?parent=35675"}],"wp:term":[{"taxonomy":"product_brand","embeddable":true,"href":"https:\/\/babylove.se\/no\/wp-json\/wp\/v2\/product_brand?post=35675"},{"taxonomy":"product_cat","embeddable":true,"href":"https:\/\/babylove.se\/no\/wp-json\/wp\/v2\/product_cat?post=35675"},{"taxonomy":"product_tag","embeddable":true,"href":"https:\/\/babylove.se\/no\/wp-json\/wp\/v2\/product_tag?post=35675"}],"curies":[{"name":"wp","href":"https:\/\/api.w.org\/{rel}","templated":true}]}}