{"id":35686,"date":"2025-07-19T01:13:27","date_gmt":"2025-07-19T00:13:27","guid":{"rendered":"https:\/\/babylove.se\/produkt\/vagghylla-elefant-medium-beige\/"},"modified":"2026-04-08T12:20:26","modified_gmt":"2026-04-08T11:20:26","slug":"veggmontert-hylle-elefant-medium-beige","status":"publish","type":"product","link":"https:\/\/babylove.se\/no\/produkt\/veggmontert-hylle-elefant-medium-beige\/","title":{"rendered":"Veggshylle elefant, medium beige"},"content":{"rendered":"<p>Vi mangler ord for denne flotte hyllen i form av et elefant! Plasser alle barnets favorittting eller hvorfor ikke sette favorittkosedyret p\u00e5 beste plass? Du henger enkelt opp denne hyllen p\u00e5 veggen.<\/p>\n<p>Utrolig detaljrik m\u00f8bel som vil bidra mye til barneromminnredningen din. Hyllen passer utmerket sammen med andre m\u00f8bler fra samme serie.<\/p>\n<p><strong>M\u00e5l<\/strong>: <span>&nbsp;<\/span>46 x 46 x 72 cm<br \/><span><strong>Materiale<\/strong>: Metall\/MDF\/vannhyasint<\/span><\/p>\n","protected":false},"excerpt":{"rendered":"<p>Vi mangler ord for denne flotte hyllen i form av et elefant! Plasser alle barnets favorittting eller hvorfor ikke sette favorittkosedyret p\u00e5 beste plass? Du henger enkelt opp denne hyllen p\u00e5 veggen. Utrolig detaljrik m\u00f8bel som vil bidra mye til barneromminnredningen din. Hyllen passer utmerket sammen med andre m\u00f8bler fra samme serie. M\u00e5l: &nbsp;46 x [&hellip;]<\/p>\n","protected":false},"featured_media":35688,"comment_status":"closed","ping_status":"open","template":"","meta":{"_acf_changed":false},"product_brand":[972],"product_cat":[973,87,125,43],"product_tag":[],"class_list":{"0":"post-35686","1":"product","2":"type-product","3":"status-publish","4":"has-post-thumbnail","6":"product_brand-atmosphera","7":"product_cat-atmosphera","8":"product_cat-hyller","9":"product_cat-boho","10":"product_cat-oppbevaringskurver","12":"first","13":"outofstock","14":"taxable","15":"shipping-taxable","16":"purchasable","17":"product-type-simple"},"acf":[],"yoast_head":"<!-- This site is optimized with the Yoast SEO Premium plugin v25.8 (Yoast SEO v27.2) - https:\/\/yoast.com\/product\/yoast-seo-premium-wordpress\/ -->\n<title>Veggshylle elefant, medium beige - Babylove Norska<\/title>\n<meta name=\"robots\" content=\"noindex, follow, max-snippet:-1, max-image-preview:large, max-video-preview:-1\" \/>\n<meta property=\"og:locale\" content=\"nb_NO\" \/>\n<meta property=\"og:type\" content=\"article\" \/>\n<meta property=\"og:title\" content=\"Veggshylle elefant, medium beige\" \/>\n<meta property=\"og:description\" content=\"Vi mangler ord for denne flotte hyllen i form av et elefant! Plasser alle barnets favorittting eller hvorfor ikke sette favorittkosedyret p\u00e5 beste plass? Du henger enkelt opp denne hyllen p\u00e5 veggen. Utrolig detaljrik m\u00f8bel som vil bidra mye til barneromminnredningen din. Hyllen passer utmerket sammen med andre m\u00f8bler fra samme serie. M\u00e5l: &nbsp;46 x [&hellip;]\" \/>\n<meta property=\"og:url\" content=\"https:\/\/babylove.se\/no\/produkt\/veggmontert-hylle-elefant-medium-beige\/\" \/>\n<meta property=\"og:site_name\" content=\"Babylove Norska\" \/>\n<meta property=\"article:modified_time\" content=\"2026-04-08T11:20:26+00:00\" \/>\n<meta property=\"og:image\" content=\"https:\/\/babylove.se\/no\/wp-content\/uploads\/sites\/3\/2025\/07\/627524efe786b.jpeg\" \/>\n\t<meta property=\"og:image:width\" content=\"400\" \/>\n\t<meta property=\"og:image:height\" content=\"400\" \/>\n\t<meta property=\"og:image:type\" content=\"image\/jpeg\" \/>\n<meta name=\"twitter:card\" content=\"summary_large_image\" \/>\n<meta name=\"twitter:label1\" content=\"Price\" \/>\n\t<meta name=\"twitter:data1\" content=\"499,00&nbsp;&#107;&#114;\" \/>\n\t<meta name=\"twitter:label2\" content=\"Availability\" \/>\n\t<meta name=\"twitter:data2\" content=\"Out of stock\" \/>\n<script type=\"application\/ld+json\" class=\"yoast-schema-graph\">{\"@context\":\"https:\/\/schema.org\",\"@graph\":[{\"@type\":\"WebPage\",\"@id\":\"https:\/\/babylove.se\/no\/produkt\/veggmontert-hylle-elefant-medium-beige\/\",\"url\":\"https:\/\/babylove.se\/no\/produkt\/veggmontert-hylle-elefant-medium-beige\/\",\"name\":\"Veggshylle elefant, medium beige - Babylove Norska\",\"isPartOf\":{\"@id\":\"https:\/\/babylove.se\/no\/#website\"},\"primaryImageOfPage\":{\"@id\":\"https:\/\/babylove.se\/no\/produkt\/veggmontert-hylle-elefant-medium-beige\/#primaryimage\"},\"image\":{\"@id\":\"https:\/\/babylove.se\/no\/produkt\/veggmontert-hylle-elefant-medium-beige\/#primaryimage\"},\"thumbnailUrl\":\"https:\/\/babylove.se\/no\/wp-content\/uploads\/sites\/3\/2025\/07\/627524efe786b.jpeg\",\"datePublished\":\"2025-07-19T00:13:27+00:00\",\"dateModified\":\"2026-04-08T11:20:26+00:00\",\"breadcrumb\":{\"@id\":\"https:\/\/babylove.se\/no\/produkt\/veggmontert-hylle-elefant-medium-beige\/#breadcrumb\"},\"inLanguage\":\"nb-NO\",\"potentialAction\":[{\"@type\":\"ReadAction\",\"target\":[\"https:\/\/babylove.se\/no\/produkt\/veggmontert-hylle-elefant-medium-beige\/\"]}]},{\"@type\":\"ImageObject\",\"inLanguage\":\"nb-NO\",\"@id\":\"https:\/\/babylove.se\/no\/produkt\/veggmontert-hylle-elefant-medium-beige\/#primaryimage\",\"url\":\"https:\/\/babylove.se\/no\/wp-content\/uploads\/sites\/3\/2025\/07\/627524efe786b.jpeg\",\"contentUrl\":\"https:\/\/babylove.se\/no\/wp-content\/uploads\/sites\/3\/2025\/07\/627524efe786b.jpeg\",\"width\":400,\"height\":400},{\"@type\":\"BreadcrumbList\",\"@id\":\"https:\/\/babylove.se\/no\/produkt\/veggmontert-hylle-elefant-medium-beige\/#breadcrumb\",\"itemListElement\":[{\"@type\":\"ListItem\",\"position\":1,\"name\":\"Hem\",\"item\":\"https:\/\/babylove.se\/no\/\"},{\"@type\":\"ListItem\",\"position\":2,\"name\":\"Butik\",\"item\":\"https:\/\/babylove.se\/no\/butik\/\"},{\"@type\":\"ListItem\",\"position\":3,\"name\":\"Veggshylle elefant, medium beige\"}]},{\"@type\":\"WebSite\",\"@id\":\"https:\/\/babylove.se\/no\/#website\",\"url\":\"https:\/\/babylove.se\/no\/\",\"name\":\"Babylove Norska\",\"description\":\"\",\"potentialAction\":[{\"@type\":\"SearchAction\",\"target\":{\"@type\":\"EntryPoint\",\"urlTemplate\":\"https:\/\/babylove.se\/no\/?s={search_term_string}\"},\"query-input\":{\"@type\":\"PropertyValueSpecification\",\"valueRequired\":true,\"valueName\":\"search_term_string\"}}],\"inLanguage\":\"nb-NO\"}]}<\/script>\n<meta property=\"product:brand\" content=\"Atmosphera\" \/>\n<meta property=\"product:price:amount\" content=\"499.00\" \/>\n<meta property=\"product:price:currency\" content=\"SEK\" \/>\n<meta property=\"og:availability\" content=\"out of stock\" \/>\n<meta property=\"product:availability\" content=\"out of stock\" \/>\n<meta property=\"product:retailer_item_id\" content=\"174183\" \/>\n<meta property=\"product:condition\" content=\"new\" \/>\n<!-- \/ Yoast SEO Premium plugin. -->","yoast_head_json":{"title":"Veggshylle elefant, medium beige - Babylove Norska","robots":{"index":"noindex","follow":"follow","max-snippet":"max-snippet:-1","max-image-preview":"max-image-preview:large","max-video-preview":"max-video-preview:-1"},"og_locale":"nb_NO","og_type":"article","og_title":"Veggshylle elefant, medium beige","og_description":"Vi mangler ord for denne flotte hyllen i form av et elefant! Plasser alle barnets favorittting eller hvorfor ikke sette favorittkosedyret p\u00e5 beste plass? Du henger enkelt opp denne hyllen p\u00e5 veggen. Utrolig detaljrik m\u00f8bel som vil bidra mye til barneromminnredningen din. Hyllen passer utmerket sammen med andre m\u00f8bler fra samme serie. M\u00e5l: &nbsp;46 x [&hellip;]","og_url":"https:\/\/babylove.se\/no\/produkt\/veggmontert-hylle-elefant-medium-beige\/","og_site_name":"Babylove Norska","article_modified_time":"2026-04-08T11:20:26+00:00","og_image":[{"width":400,"height":400,"url":"https:\/\/babylove.se\/no\/wp-content\/uploads\/sites\/3\/2025\/07\/627524efe786b.jpeg","type":"image\/jpeg"}],"twitter_card":"summary_large_image","twitter_misc":{"Price":"499,00&nbsp;&#107;&#114;","Availability":"Out of stock"},"schema":{"@context":"https:\/\/schema.org","@graph":[{"@type":"WebPage","@id":"https:\/\/babylove.se\/no\/produkt\/veggmontert-hylle-elefant-medium-beige\/","url":"https:\/\/babylove.se\/no\/produkt\/veggmontert-hylle-elefant-medium-beige\/","name":"Veggshylle elefant, medium beige - Babylove Norska","isPartOf":{"@id":"https:\/\/babylove.se\/no\/#website"},"primaryImageOfPage":{"@id":"https:\/\/babylove.se\/no\/produkt\/veggmontert-hylle-elefant-medium-beige\/#primaryimage"},"image":{"@id":"https:\/\/babylove.se\/no\/produkt\/veggmontert-hylle-elefant-medium-beige\/#primaryimage"},"thumbnailUrl":"https:\/\/babylove.se\/no\/wp-content\/uploads\/sites\/3\/2025\/07\/627524efe786b.jpeg","datePublished":"2025-07-19T00:13:27+00:00","dateModified":"2026-04-08T11:20:26+00:00","breadcrumb":{"@id":"https:\/\/babylove.se\/no\/produkt\/veggmontert-hylle-elefant-medium-beige\/#breadcrumb"},"inLanguage":"nb-NO","potentialAction":[{"@type":"ReadAction","target":["https:\/\/babylove.se\/no\/produkt\/veggmontert-hylle-elefant-medium-beige\/"]}]},{"@type":"ImageObject","inLanguage":"nb-NO","@id":"https:\/\/babylove.se\/no\/produkt\/veggmontert-hylle-elefant-medium-beige\/#primaryimage","url":"https:\/\/babylove.se\/no\/wp-content\/uploads\/sites\/3\/2025\/07\/627524efe786b.jpeg","contentUrl":"https:\/\/babylove.se\/no\/wp-content\/uploads\/sites\/3\/2025\/07\/627524efe786b.jpeg","width":400,"height":400},{"@type":"BreadcrumbList","@id":"https:\/\/babylove.se\/no\/produkt\/veggmontert-hylle-elefant-medium-beige\/#breadcrumb","itemListElement":[{"@type":"ListItem","position":1,"name":"Hem","item":"https:\/\/babylove.se\/no\/"},{"@type":"ListItem","position":2,"name":"Butik","item":"https:\/\/babylove.se\/no\/butik\/"},{"@type":"ListItem","position":3,"name":"Veggshylle elefant, medium beige"}]},{"@type":"WebSite","@id":"https:\/\/babylove.se\/no\/#website","url":"https:\/\/babylove.se\/no\/","name":"Babylove Norska","description":"","potentialAction":[{"@type":"SearchAction","target":{"@type":"EntryPoint","urlTemplate":"https:\/\/babylove.se\/no\/?s={search_term_string}"},"query-input":{"@type":"PropertyValueSpecification","valueRequired":true,"valueName":"search_term_string"}}],"inLanguage":"nb-NO"}]},"product_brand":"Atmosphera","product_price_amount":"499.00","product_price_currency":"SEK","og_availability":"out of stock","product_availability":"out of stock","product_retailer_item_id":"174183","product_condition":"new"},"_links":{"self":[{"href":"https:\/\/babylove.se\/no\/wp-json\/wp\/v2\/product\/35686","targetHints":{"allow":["GET"]}}],"collection":[{"href":"https:\/\/babylove.se\/no\/wp-json\/wp\/v2\/product"}],"about":[{"href":"https:\/\/babylove.se\/no\/wp-json\/wp\/v2\/types\/product"}],"replies":[{"embeddable":true,"href":"https:\/\/babylove.se\/no\/wp-json\/wp\/v2\/comments?post=35686"}],"wp:featuredmedia":[{"embeddable":true,"href":"https:\/\/babylove.se\/no\/wp-json\/wp\/v2\/media\/35688"}],"wp:attachment":[{"href":"https:\/\/babylove.se\/no\/wp-json\/wp\/v2\/media?parent=35686"}],"wp:term":[{"taxonomy":"product_brand","embeddable":true,"href":"https:\/\/babylove.se\/no\/wp-json\/wp\/v2\/product_brand?post=35686"},{"taxonomy":"product_cat","embeddable":true,"href":"https:\/\/babylove.se\/no\/wp-json\/wp\/v2\/product_cat?post=35686"},{"taxonomy":"product_tag","embeddable":true,"href":"https:\/\/babylove.se\/no\/wp-json\/wp\/v2\/product_tag?post=35686"}],"curies":[{"name":"wp","href":"https:\/\/api.w.org\/{rel}","templated":true}]}}