{"id":35701,"date":"2025-07-19T01:13:27","date_gmt":"2025-07-19T00:13:27","guid":{"rendered":"https:\/\/babylove.se\/produkt\/trastol-till-barnrummet-vit-kanin\/"},"modified":"2026-04-08T12:20:35","modified_gmt":"2026-04-08T11:20:35","slug":"trastol-til-barnerommet-hvit-kanin","status":"publish","type":"product","link":"https:\/\/babylove.se\/no\/produkt\/trastol-til-barnerommet-hvit-kanin\/","title":{"rendered":"Trestol til barnerommet, hvit kanin"},"content":{"rendered":"<p>En meget fin barnestol med ryggst\u00f8tte i form av en kanin som vil forskj\u00f8nne barnerommet ditt p\u00e5 en fantastisk m\u00e5te. Ben og ryggst\u00f8tte er laget av et vakkert tre, mens sitteflaten er laget av polyester med en myk og deilig fylling. Hvorfor ikke skaffe flere stoler og la barnet ditt invitere sine s\u00f8sken eller venner p\u00e5 en koselig stund sammen.&nbsp;<\/p>\n<p>En perfekt bursdagsgave eller gave til d\u00e5psdagen.<\/p>\n<p><strong>M\u00e5l<\/strong>: 27 x 38 cm. Sitteh\u00f8yde 27 cm.&nbsp;<\/p>\n<p><strong>Materiale<\/strong>: MDF\/polyester<\/p>\n","protected":false},"excerpt":{"rendered":"<p>En meget fin barnestol med ryggst\u00f8tte i form av en kanin som vil forskj\u00f8nne barnerommet ditt p\u00e5 en fantastisk m\u00e5te. Ben og ryggst\u00f8tte er laget av et vakkert tre, mens sitteflaten er laget av polyester med en myk og deilig fylling. Hvorfor ikke skaffe flere stoler og la barnet ditt invitere sine s\u00f8sken eller venner [&hellip;]<\/p>\n","protected":false},"featured_media":35703,"comment_status":"closed","ping_status":"open","template":"","meta":{"_acf_changed":false},"product_brand":[972],"product_cat":[973,80],"product_tag":[],"class_list":{"0":"post-35701","1":"product","2":"type-product","3":"status-publish","4":"has-post-thumbnail","6":"product_brand-atmosphera","7":"product_cat-atmosphera","8":"product_cat-stoler","10":"first","11":"outofstock","12":"taxable","13":"shipping-taxable","14":"purchasable","15":"product-type-simple"},"acf":[],"yoast_head":"<!-- This site is optimized with the Yoast SEO Premium plugin v25.8 (Yoast SEO v27.2) - https:\/\/yoast.com\/product\/yoast-seo-premium-wordpress\/ -->\n<title>Trestol til barnerommet, hvit kanin - Babylove Norska<\/title>\n<meta name=\"robots\" content=\"noindex, follow, max-snippet:-1, max-image-preview:large, max-video-preview:-1\" \/>\n<meta property=\"og:locale\" content=\"nb_NO\" \/>\n<meta property=\"og:type\" content=\"article\" \/>\n<meta property=\"og:title\" content=\"Trestol til barnerommet, hvit kanin\" \/>\n<meta property=\"og:description\" content=\"En meget fin barnestol med ryggst\u00f8tte i form av en kanin som vil forskj\u00f8nne barnerommet ditt p\u00e5 en fantastisk m\u00e5te. Ben og ryggst\u00f8tte er laget av et vakkert tre, mens sitteflaten er laget av polyester med en myk og deilig fylling. Hvorfor ikke skaffe flere stoler og la barnet ditt invitere sine s\u00f8sken eller venner [&hellip;]\" \/>\n<meta property=\"og:url\" content=\"https:\/\/babylove.se\/no\/produkt\/trastol-til-barnerommet-hvit-kanin\/\" \/>\n<meta property=\"og:site_name\" content=\"Babylove Norska\" \/>\n<meta property=\"article:modified_time\" content=\"2026-04-08T11:20:35+00:00\" \/>\n<meta property=\"og:image\" content=\"https:\/\/babylove.se\/no\/wp-content\/uploads\/sites\/3\/2025\/07\/6275283e66595.jpeg\" \/>\n\t<meta property=\"og:image:width\" content=\"1200\" \/>\n\t<meta property=\"og:image:height\" content=\"1200\" \/>\n\t<meta property=\"og:image:type\" content=\"image\/jpeg\" \/>\n<meta name=\"twitter:card\" content=\"summary_large_image\" \/>\n<meta name=\"twitter:label1\" content=\"Price\" \/>\n\t<meta name=\"twitter:data1\" content=\"299,00&nbsp;&#107;&#114;\" \/>\n\t<meta name=\"twitter:label2\" content=\"Availability\" \/>\n\t<meta name=\"twitter:data2\" content=\"Out of stock\" \/>\n<script type=\"application\/ld+json\" class=\"yoast-schema-graph\">{\"@context\":\"https:\/\/schema.org\",\"@graph\":[{\"@type\":\"WebPage\",\"@id\":\"https:\/\/babylove.se\/no\/produkt\/trastol-til-barnerommet-hvit-kanin\/\",\"url\":\"https:\/\/babylove.se\/no\/produkt\/trastol-til-barnerommet-hvit-kanin\/\",\"name\":\"Trestol til barnerommet, hvit kanin - Babylove Norska\",\"isPartOf\":{\"@id\":\"https:\/\/babylove.se\/no\/#website\"},\"primaryImageOfPage\":{\"@id\":\"https:\/\/babylove.se\/no\/produkt\/trastol-til-barnerommet-hvit-kanin\/#primaryimage\"},\"image\":{\"@id\":\"https:\/\/babylove.se\/no\/produkt\/trastol-til-barnerommet-hvit-kanin\/#primaryimage\"},\"thumbnailUrl\":\"https:\/\/babylove.se\/no\/wp-content\/uploads\/sites\/3\/2025\/07\/6275283e66595.jpeg\",\"datePublished\":\"2025-07-19T00:13:27+00:00\",\"dateModified\":\"2026-04-08T11:20:35+00:00\",\"breadcrumb\":{\"@id\":\"https:\/\/babylove.se\/no\/produkt\/trastol-til-barnerommet-hvit-kanin\/#breadcrumb\"},\"inLanguage\":\"nb-NO\",\"potentialAction\":[{\"@type\":\"ReadAction\",\"target\":[\"https:\/\/babylove.se\/no\/produkt\/trastol-til-barnerommet-hvit-kanin\/\"]}]},{\"@type\":\"ImageObject\",\"inLanguage\":\"nb-NO\",\"@id\":\"https:\/\/babylove.se\/no\/produkt\/trastol-til-barnerommet-hvit-kanin\/#primaryimage\",\"url\":\"https:\/\/babylove.se\/no\/wp-content\/uploads\/sites\/3\/2025\/07\/6275283e66595.jpeg\",\"contentUrl\":\"https:\/\/babylove.se\/no\/wp-content\/uploads\/sites\/3\/2025\/07\/6275283e66595.jpeg\",\"width\":1200,\"height\":1200},{\"@type\":\"BreadcrumbList\",\"@id\":\"https:\/\/babylove.se\/no\/produkt\/trastol-til-barnerommet-hvit-kanin\/#breadcrumb\",\"itemListElement\":[{\"@type\":\"ListItem\",\"position\":1,\"name\":\"Hem\",\"item\":\"https:\/\/babylove.se\/no\/\"},{\"@type\":\"ListItem\",\"position\":2,\"name\":\"Butik\",\"item\":\"https:\/\/babylove.se\/no\/butik\/\"},{\"@type\":\"ListItem\",\"position\":3,\"name\":\"Trestol til barnerommet, hvit kanin\"}]},{\"@type\":\"WebSite\",\"@id\":\"https:\/\/babylove.se\/no\/#website\",\"url\":\"https:\/\/babylove.se\/no\/\",\"name\":\"Babylove Norska\",\"description\":\"\",\"potentialAction\":[{\"@type\":\"SearchAction\",\"target\":{\"@type\":\"EntryPoint\",\"urlTemplate\":\"https:\/\/babylove.se\/no\/?s={search_term_string}\"},\"query-input\":{\"@type\":\"PropertyValueSpecification\",\"valueRequired\":true,\"valueName\":\"search_term_string\"}}],\"inLanguage\":\"nb-NO\"}]}<\/script>\n<meta property=\"product:brand\" content=\"Atmosphera\" \/>\n<meta property=\"product:price:amount\" content=\"299.00\" \/>\n<meta property=\"product:price:currency\" content=\"SEK\" \/>\n<meta property=\"og:availability\" content=\"out of stock\" \/>\n<meta property=\"product:availability\" content=\"out of stock\" \/>\n<meta property=\"product:retailer_item_id\" content=\"174275\" \/>\n<meta property=\"product:condition\" content=\"new\" \/>\n<!-- \/ Yoast SEO Premium plugin. -->","yoast_head_json":{"title":"Trestol til barnerommet, hvit kanin - Babylove Norska","robots":{"index":"noindex","follow":"follow","max-snippet":"max-snippet:-1","max-image-preview":"max-image-preview:large","max-video-preview":"max-video-preview:-1"},"og_locale":"nb_NO","og_type":"article","og_title":"Trestol til barnerommet, hvit kanin","og_description":"En meget fin barnestol med ryggst\u00f8tte i form av en kanin som vil forskj\u00f8nne barnerommet ditt p\u00e5 en fantastisk m\u00e5te. Ben og ryggst\u00f8tte er laget av et vakkert tre, mens sitteflaten er laget av polyester med en myk og deilig fylling. Hvorfor ikke skaffe flere stoler og la barnet ditt invitere sine s\u00f8sken eller venner [&hellip;]","og_url":"https:\/\/babylove.se\/no\/produkt\/trastol-til-barnerommet-hvit-kanin\/","og_site_name":"Babylove Norska","article_modified_time":"2026-04-08T11:20:35+00:00","og_image":[{"width":1200,"height":1200,"url":"https:\/\/babylove.se\/no\/wp-content\/uploads\/sites\/3\/2025\/07\/6275283e66595.jpeg","type":"image\/jpeg"}],"twitter_card":"summary_large_image","twitter_misc":{"Price":"299,00&nbsp;&#107;&#114;","Availability":"Out of stock"},"schema":{"@context":"https:\/\/schema.org","@graph":[{"@type":"WebPage","@id":"https:\/\/babylove.se\/no\/produkt\/trastol-til-barnerommet-hvit-kanin\/","url":"https:\/\/babylove.se\/no\/produkt\/trastol-til-barnerommet-hvit-kanin\/","name":"Trestol til barnerommet, hvit kanin - Babylove Norska","isPartOf":{"@id":"https:\/\/babylove.se\/no\/#website"},"primaryImageOfPage":{"@id":"https:\/\/babylove.se\/no\/produkt\/trastol-til-barnerommet-hvit-kanin\/#primaryimage"},"image":{"@id":"https:\/\/babylove.se\/no\/produkt\/trastol-til-barnerommet-hvit-kanin\/#primaryimage"},"thumbnailUrl":"https:\/\/babylove.se\/no\/wp-content\/uploads\/sites\/3\/2025\/07\/6275283e66595.jpeg","datePublished":"2025-07-19T00:13:27+00:00","dateModified":"2026-04-08T11:20:35+00:00","breadcrumb":{"@id":"https:\/\/babylove.se\/no\/produkt\/trastol-til-barnerommet-hvit-kanin\/#breadcrumb"},"inLanguage":"nb-NO","potentialAction":[{"@type":"ReadAction","target":["https:\/\/babylove.se\/no\/produkt\/trastol-til-barnerommet-hvit-kanin\/"]}]},{"@type":"ImageObject","inLanguage":"nb-NO","@id":"https:\/\/babylove.se\/no\/produkt\/trastol-til-barnerommet-hvit-kanin\/#primaryimage","url":"https:\/\/babylove.se\/no\/wp-content\/uploads\/sites\/3\/2025\/07\/6275283e66595.jpeg","contentUrl":"https:\/\/babylove.se\/no\/wp-content\/uploads\/sites\/3\/2025\/07\/6275283e66595.jpeg","width":1200,"height":1200},{"@type":"BreadcrumbList","@id":"https:\/\/babylove.se\/no\/produkt\/trastol-til-barnerommet-hvit-kanin\/#breadcrumb","itemListElement":[{"@type":"ListItem","position":1,"name":"Hem","item":"https:\/\/babylove.se\/no\/"},{"@type":"ListItem","position":2,"name":"Butik","item":"https:\/\/babylove.se\/no\/butik\/"},{"@type":"ListItem","position":3,"name":"Trestol til barnerommet, hvit kanin"}]},{"@type":"WebSite","@id":"https:\/\/babylove.se\/no\/#website","url":"https:\/\/babylove.se\/no\/","name":"Babylove Norska","description":"","potentialAction":[{"@type":"SearchAction","target":{"@type":"EntryPoint","urlTemplate":"https:\/\/babylove.se\/no\/?s={search_term_string}"},"query-input":{"@type":"PropertyValueSpecification","valueRequired":true,"valueName":"search_term_string"}}],"inLanguage":"nb-NO"}]},"product_brand":"Atmosphera","product_price_amount":"299.00","product_price_currency":"SEK","og_availability":"out of stock","product_availability":"out of stock","product_retailer_item_id":"174275","product_condition":"new"},"_links":{"self":[{"href":"https:\/\/babylove.se\/no\/wp-json\/wp\/v2\/product\/35701","targetHints":{"allow":["GET"]}}],"collection":[{"href":"https:\/\/babylove.se\/no\/wp-json\/wp\/v2\/product"}],"about":[{"href":"https:\/\/babylove.se\/no\/wp-json\/wp\/v2\/types\/product"}],"replies":[{"embeddable":true,"href":"https:\/\/babylove.se\/no\/wp-json\/wp\/v2\/comments?post=35701"}],"wp:featuredmedia":[{"embeddable":true,"href":"https:\/\/babylove.se\/no\/wp-json\/wp\/v2\/media\/35703"}],"wp:attachment":[{"href":"https:\/\/babylove.se\/no\/wp-json\/wp\/v2\/media?parent=35701"}],"wp:term":[{"taxonomy":"product_brand","embeddable":true,"href":"https:\/\/babylove.se\/no\/wp-json\/wp\/v2\/product_brand?post=35701"},{"taxonomy":"product_cat","embeddable":true,"href":"https:\/\/babylove.se\/no\/wp-json\/wp\/v2\/product_cat?post=35701"},{"taxonomy":"product_tag","embeddable":true,"href":"https:\/\/babylove.se\/no\/wp-json\/wp\/v2\/product_tag?post=35701"}],"curies":[{"name":"wp","href":"https:\/\/api.w.org\/{rel}","templated":true}]}}