{"id":35724,"date":"2025-07-19T01:13:27","date_gmt":"2025-07-19T00:13:27","guid":{"rendered":"https:\/\/babylove.se\/produkt\/skrivbord-med-forvaring-rosa\/"},"modified":"2026-04-08T12:20:47","modified_gmt":"2026-04-08T11:20:47","slug":"skrivebord-med-oppbevaring-rosa","status":"publish","type":"product","link":"https:\/\/babylove.se\/no\/produkt\/skrivebord-med-oppbevaring-rosa\/","title":{"rendered":"Skrivebord med oppbevaring, rosa"},"content":{"rendered":"<p>Et vakkert og subtilt lite skrivebord som er perfekt for notatboken, fargestifter, kj\u00e6rlighetsbrev, b\u00e6rbar datamaskin og selvf\u00f8lgelig mye annet.&nbsp;<\/p>\n<p>M\u00f8belet kommer umontert, men settes enkelt sammen hjemme. Det f\u00f8lger selvf\u00f8lgelig med tydelige monteringsanvisninger.<\/p>\n<p><strong>M\u00e5l:&nbsp;<\/strong>64,5 x 46,5 x 62,4 cm<\/p>\n<p><strong>Materiale<\/strong>: Tre<\/p>\n","protected":false},"excerpt":{"rendered":"<p>Et vakkert og subtilt lite skrivebord som er perfekt for notatboken, fargestifter, kj\u00e6rlighetsbrev, b\u00e6rbar datamaskin og selvf\u00f8lgelig mye annet.&nbsp; M\u00f8belet kommer umontert, men settes enkelt sammen hjemme. Det f\u00f8lger selvf\u00f8lgelig med tydelige monteringsanvisninger. M\u00e5l:&nbsp;64,5 x 46,5 x 62,4 cm Materiale: Tre<\/p>\n","protected":false},"featured_media":35726,"comment_status":"closed","ping_status":"open","template":"","meta":{"_acf_changed":false},"product_brand":[972],"product_cat":[973,85,359],"product_tag":[],"class_list":{"0":"post-35724","1":"product","2":"type-product","3":"status-publish","4":"has-post-thumbnail","6":"product_brand-atmosphera","7":"product_cat-atmosphera","8":"product_cat-bord","9":"product_cat-skrivebord","11":"first","12":"outofstock","13":"taxable","14":"shipping-taxable","15":"purchasable","16":"product-type-simple"},"acf":[],"yoast_head":"<!-- This site is optimized with the Yoast SEO Premium plugin v25.8 (Yoast SEO v27.2) - https:\/\/yoast.com\/product\/yoast-seo-premium-wordpress\/ -->\n<title>Skrivebord med oppbevaring, rosa - Babylove Norska<\/title>\n<meta name=\"robots\" content=\"noindex, follow, max-snippet:-1, max-image-preview:large, max-video-preview:-1\" \/>\n<meta property=\"og:locale\" content=\"nb_NO\" \/>\n<meta property=\"og:type\" content=\"article\" \/>\n<meta property=\"og:title\" content=\"Skrivebord med oppbevaring, rosa\" \/>\n<meta property=\"og:description\" content=\"Et vakkert og subtilt lite skrivebord som er perfekt for notatboken, fargestifter, kj\u00e6rlighetsbrev, b\u00e6rbar datamaskin og selvf\u00f8lgelig mye annet.&nbsp; M\u00f8belet kommer umontert, men settes enkelt sammen hjemme. Det f\u00f8lger selvf\u00f8lgelig med tydelige monteringsanvisninger. M\u00e5l:&nbsp;64,5 x 46,5 x 62,4 cm Materiale: Tre\" \/>\n<meta property=\"og:url\" content=\"https:\/\/babylove.se\/no\/produkt\/skrivebord-med-oppbevaring-rosa\/\" \/>\n<meta property=\"og:site_name\" content=\"Babylove Norska\" \/>\n<meta property=\"article:modified_time\" content=\"2026-04-08T11:20:47+00:00\" \/>\n<meta property=\"og:image\" content=\"https:\/\/babylove.se\/no\/wp-content\/uploads\/sites\/3\/2025\/07\/62752e66a0f4a.jpeg\" \/>\n\t<meta property=\"og:image:width\" content=\"1200\" \/>\n\t<meta property=\"og:image:height\" content=\"1200\" \/>\n\t<meta property=\"og:image:type\" content=\"image\/jpeg\" \/>\n<meta name=\"twitter:card\" content=\"summary_large_image\" \/>\n<meta name=\"twitter:label1\" content=\"Price\" \/>\n\t<meta name=\"twitter:data1\" content=\"999,00&nbsp;&#107;&#114;\" \/>\n\t<meta name=\"twitter:label2\" content=\"Availability\" \/>\n\t<meta name=\"twitter:data2\" content=\"Out of stock\" \/>\n<script type=\"application\/ld+json\" class=\"yoast-schema-graph\">{\"@context\":\"https:\/\/schema.org\",\"@graph\":[{\"@type\":\"WebPage\",\"@id\":\"https:\/\/babylove.se\/no\/produkt\/skrivebord-med-oppbevaring-rosa\/\",\"url\":\"https:\/\/babylove.se\/no\/produkt\/skrivebord-med-oppbevaring-rosa\/\",\"name\":\"Skrivebord med oppbevaring, rosa - Babylove Norska\",\"isPartOf\":{\"@id\":\"https:\/\/babylove.se\/no\/#website\"},\"primaryImageOfPage\":{\"@id\":\"https:\/\/babylove.se\/no\/produkt\/skrivebord-med-oppbevaring-rosa\/#primaryimage\"},\"image\":{\"@id\":\"https:\/\/babylove.se\/no\/produkt\/skrivebord-med-oppbevaring-rosa\/#primaryimage\"},\"thumbnailUrl\":\"https:\/\/babylove.se\/no\/wp-content\/uploads\/sites\/3\/2025\/07\/62752e66a0f4a.jpeg\",\"datePublished\":\"2025-07-19T00:13:27+00:00\",\"dateModified\":\"2026-04-08T11:20:47+00:00\",\"breadcrumb\":{\"@id\":\"https:\/\/babylove.se\/no\/produkt\/skrivebord-med-oppbevaring-rosa\/#breadcrumb\"},\"inLanguage\":\"nb-NO\",\"potentialAction\":[{\"@type\":\"ReadAction\",\"target\":[\"https:\/\/babylove.se\/no\/produkt\/skrivebord-med-oppbevaring-rosa\/\"]}]},{\"@type\":\"ImageObject\",\"inLanguage\":\"nb-NO\",\"@id\":\"https:\/\/babylove.se\/no\/produkt\/skrivebord-med-oppbevaring-rosa\/#primaryimage\",\"url\":\"https:\/\/babylove.se\/no\/wp-content\/uploads\/sites\/3\/2025\/07\/62752e66a0f4a.jpeg\",\"contentUrl\":\"https:\/\/babylove.se\/no\/wp-content\/uploads\/sites\/3\/2025\/07\/62752e66a0f4a.jpeg\",\"width\":1200,\"height\":1200},{\"@type\":\"BreadcrumbList\",\"@id\":\"https:\/\/babylove.se\/no\/produkt\/skrivebord-med-oppbevaring-rosa\/#breadcrumb\",\"itemListElement\":[{\"@type\":\"ListItem\",\"position\":1,\"name\":\"Hem\",\"item\":\"https:\/\/babylove.se\/no\/\"},{\"@type\":\"ListItem\",\"position\":2,\"name\":\"Butik\",\"item\":\"https:\/\/babylove.se\/no\/butik\/\"},{\"@type\":\"ListItem\",\"position\":3,\"name\":\"Skrivebord med oppbevaring, rosa\"}]},{\"@type\":\"WebSite\",\"@id\":\"https:\/\/babylove.se\/no\/#website\",\"url\":\"https:\/\/babylove.se\/no\/\",\"name\":\"Babylove Norska\",\"description\":\"\",\"potentialAction\":[{\"@type\":\"SearchAction\",\"target\":{\"@type\":\"EntryPoint\",\"urlTemplate\":\"https:\/\/babylove.se\/no\/?s={search_term_string}\"},\"query-input\":{\"@type\":\"PropertyValueSpecification\",\"valueRequired\":true,\"valueName\":\"search_term_string\"}}],\"inLanguage\":\"nb-NO\"}]}<\/script>\n<meta property=\"product:brand\" content=\"Atmosphera\" \/>\n<meta property=\"product:price:amount\" content=\"999.00\" \/>\n<meta property=\"product:price:currency\" content=\"SEK\" \/>\n<meta property=\"og:availability\" content=\"out of stock\" \/>\n<meta property=\"product:availability\" content=\"out of stock\" \/>\n<meta property=\"product:retailer_item_id\" content=\"158695A\" \/>\n<meta property=\"product:condition\" content=\"new\" \/>\n<!-- \/ Yoast SEO Premium plugin. -->","yoast_head_json":{"title":"Skrivebord med oppbevaring, rosa - Babylove Norska","robots":{"index":"noindex","follow":"follow","max-snippet":"max-snippet:-1","max-image-preview":"max-image-preview:large","max-video-preview":"max-video-preview:-1"},"og_locale":"nb_NO","og_type":"article","og_title":"Skrivebord med oppbevaring, rosa","og_description":"Et vakkert og subtilt lite skrivebord som er perfekt for notatboken, fargestifter, kj\u00e6rlighetsbrev, b\u00e6rbar datamaskin og selvf\u00f8lgelig mye annet.&nbsp; M\u00f8belet kommer umontert, men settes enkelt sammen hjemme. Det f\u00f8lger selvf\u00f8lgelig med tydelige monteringsanvisninger. M\u00e5l:&nbsp;64,5 x 46,5 x 62,4 cm Materiale: Tre","og_url":"https:\/\/babylove.se\/no\/produkt\/skrivebord-med-oppbevaring-rosa\/","og_site_name":"Babylove Norska","article_modified_time":"2026-04-08T11:20:47+00:00","og_image":[{"width":1200,"height":1200,"url":"https:\/\/babylove.se\/no\/wp-content\/uploads\/sites\/3\/2025\/07\/62752e66a0f4a.jpeg","type":"image\/jpeg"}],"twitter_card":"summary_large_image","twitter_misc":{"Price":"999,00&nbsp;&#107;&#114;","Availability":"Out of stock"},"schema":{"@context":"https:\/\/schema.org","@graph":[{"@type":"WebPage","@id":"https:\/\/babylove.se\/no\/produkt\/skrivebord-med-oppbevaring-rosa\/","url":"https:\/\/babylove.se\/no\/produkt\/skrivebord-med-oppbevaring-rosa\/","name":"Skrivebord med oppbevaring, rosa - Babylove Norska","isPartOf":{"@id":"https:\/\/babylove.se\/no\/#website"},"primaryImageOfPage":{"@id":"https:\/\/babylove.se\/no\/produkt\/skrivebord-med-oppbevaring-rosa\/#primaryimage"},"image":{"@id":"https:\/\/babylove.se\/no\/produkt\/skrivebord-med-oppbevaring-rosa\/#primaryimage"},"thumbnailUrl":"https:\/\/babylove.se\/no\/wp-content\/uploads\/sites\/3\/2025\/07\/62752e66a0f4a.jpeg","datePublished":"2025-07-19T00:13:27+00:00","dateModified":"2026-04-08T11:20:47+00:00","breadcrumb":{"@id":"https:\/\/babylove.se\/no\/produkt\/skrivebord-med-oppbevaring-rosa\/#breadcrumb"},"inLanguage":"nb-NO","potentialAction":[{"@type":"ReadAction","target":["https:\/\/babylove.se\/no\/produkt\/skrivebord-med-oppbevaring-rosa\/"]}]},{"@type":"ImageObject","inLanguage":"nb-NO","@id":"https:\/\/babylove.se\/no\/produkt\/skrivebord-med-oppbevaring-rosa\/#primaryimage","url":"https:\/\/babylove.se\/no\/wp-content\/uploads\/sites\/3\/2025\/07\/62752e66a0f4a.jpeg","contentUrl":"https:\/\/babylove.se\/no\/wp-content\/uploads\/sites\/3\/2025\/07\/62752e66a0f4a.jpeg","width":1200,"height":1200},{"@type":"BreadcrumbList","@id":"https:\/\/babylove.se\/no\/produkt\/skrivebord-med-oppbevaring-rosa\/#breadcrumb","itemListElement":[{"@type":"ListItem","position":1,"name":"Hem","item":"https:\/\/babylove.se\/no\/"},{"@type":"ListItem","position":2,"name":"Butik","item":"https:\/\/babylove.se\/no\/butik\/"},{"@type":"ListItem","position":3,"name":"Skrivebord med oppbevaring, rosa"}]},{"@type":"WebSite","@id":"https:\/\/babylove.se\/no\/#website","url":"https:\/\/babylove.se\/no\/","name":"Babylove Norska","description":"","potentialAction":[{"@type":"SearchAction","target":{"@type":"EntryPoint","urlTemplate":"https:\/\/babylove.se\/no\/?s={search_term_string}"},"query-input":{"@type":"PropertyValueSpecification","valueRequired":true,"valueName":"search_term_string"}}],"inLanguage":"nb-NO"}]},"product_brand":"Atmosphera","product_price_amount":"999.00","product_price_currency":"SEK","og_availability":"out of stock","product_availability":"out of stock","product_retailer_item_id":"158695A","product_condition":"new"},"_links":{"self":[{"href":"https:\/\/babylove.se\/no\/wp-json\/wp\/v2\/product\/35724","targetHints":{"allow":["GET"]}}],"collection":[{"href":"https:\/\/babylove.se\/no\/wp-json\/wp\/v2\/product"}],"about":[{"href":"https:\/\/babylove.se\/no\/wp-json\/wp\/v2\/types\/product"}],"replies":[{"embeddable":true,"href":"https:\/\/babylove.se\/no\/wp-json\/wp\/v2\/comments?post=35724"}],"wp:featuredmedia":[{"embeddable":true,"href":"https:\/\/babylove.se\/no\/wp-json\/wp\/v2\/media\/35726"}],"wp:attachment":[{"href":"https:\/\/babylove.se\/no\/wp-json\/wp\/v2\/media?parent=35724"}],"wp:term":[{"taxonomy":"product_brand","embeddable":true,"href":"https:\/\/babylove.se\/no\/wp-json\/wp\/v2\/product_brand?post=35724"},{"taxonomy":"product_cat","embeddable":true,"href":"https:\/\/babylove.se\/no\/wp-json\/wp\/v2\/product_cat?post=35724"},{"taxonomy":"product_tag","embeddable":true,"href":"https:\/\/babylove.se\/no\/wp-json\/wp\/v2\/product_tag?post=35724"}],"curies":[{"name":"wp","href":"https:\/\/api.w.org\/{rel}","templated":true}]}}