{"id":35952,"date":"2025-07-19T01:15:53","date_gmt":"2025-07-19T00:15:53","guid":{"rendered":"https:\/\/babylove.se\/produkt\/hylla-moln-till-barnrummet-vit\/"},"modified":"2026-04-08T12:23:04","modified_gmt":"2026-04-08T11:23:04","slug":"hylle-sky-til-barnerommet-hvit","status":"publish","type":"product","link":"https:\/\/babylove.se\/no\/produkt\/hylle-sky-til-barnerommet-hvit\/","title":{"rendered":"Hylle sky til barnerommet, hvit"},"content":{"rendered":"<p>Minimalistisk og popul\u00e6r skyhylle med kroker blir en perfekt oppbevaringshylle til barnerommet. Perfekt for favorittboken eller favorittbildet. P\u00e5 denne kan du henge barnets alle favorittsaker, ryggsekk som kl\u00e6r. Helt laget av tre.&nbsp;<\/p>\n<p>Forberedt for \u00e5 henge opp enkelt p\u00e5 veggen.&nbsp;<\/p>\n<p><strong>M\u00e5l<\/strong>: 48 x 12 x 22 cm<\/p>\n<p><strong>Materiale<\/strong>: Tre<\/p>\n","protected":false},"excerpt":{"rendered":"<p>Minimalistisk og popul\u00e6r skyhylle med kroker blir en perfekt oppbevaringshylle til barnerommet. Perfekt for favorittboken eller favorittbildet. P\u00e5 denne kan du henge barnets alle favorittsaker, ryggsekk som kl\u00e6r. Helt laget av tre.&nbsp; Forberedt for \u00e5 henge opp enkelt p\u00e5 veggen.&nbsp; M\u00e5l: 48 x 12 x 22 cm Materiale: Tre<\/p>\n","protected":false},"featured_media":35954,"comment_status":"closed","ping_status":"open","template":"","meta":{"_acf_changed":false},"product_brand":[972],"product_cat":[973,87,43,94],"product_tag":[],"class_list":{"0":"post-35952","1":"product","2":"type-product","3":"status-publish","4":"has-post-thumbnail","6":"product_brand-atmosphera","7":"product_cat-atmosphera","8":"product_cat-hyller","9":"product_cat-oppbevaringskurver","10":"product_cat-vegghengeere","12":"first","13":"outofstock","14":"taxable","15":"shipping-taxable","16":"purchasable","17":"product-type-simple"},"acf":[],"yoast_head":"<!-- This site is optimized with the Yoast SEO Premium plugin v25.8 (Yoast SEO v27.2) - https:\/\/yoast.com\/product\/yoast-seo-premium-wordpress\/ -->\n<title>Hylle sky til barnerommet, hvit - Babylove Norska<\/title>\n<meta name=\"robots\" content=\"noindex, follow, max-snippet:-1, max-image-preview:large, max-video-preview:-1\" \/>\n<meta property=\"og:locale\" content=\"nb_NO\" \/>\n<meta property=\"og:type\" content=\"article\" \/>\n<meta property=\"og:title\" content=\"Hylle sky til barnerommet, hvit\" \/>\n<meta property=\"og:description\" content=\"Minimalistisk og popul\u00e6r skyhylle med kroker blir en perfekt oppbevaringshylle til barnerommet. Perfekt for favorittboken eller favorittbildet. P\u00e5 denne kan du henge barnets alle favorittsaker, ryggsekk som kl\u00e6r. Helt laget av tre.&nbsp; Forberedt for \u00e5 henge opp enkelt p\u00e5 veggen.&nbsp; M\u00e5l: 48 x 12 x 22 cm Materiale: Tre\" \/>\n<meta property=\"og:url\" content=\"https:\/\/babylove.se\/no\/produkt\/hylle-sky-til-barnerommet-hvit\/\" \/>\n<meta property=\"og:site_name\" content=\"Babylove Norska\" \/>\n<meta property=\"article:modified_time\" content=\"2026-04-08T11:23:04+00:00\" \/>\n<meta property=\"og:image\" content=\"https:\/\/babylove.se\/no\/wp-content\/uploads\/sites\/3\/2025\/07\/627a58256e395.jpeg\" \/>\n\t<meta property=\"og:image:width\" content=\"1000\" \/>\n\t<meta property=\"og:image:height\" content=\"1000\" \/>\n\t<meta property=\"og:image:type\" content=\"image\/jpeg\" \/>\n<meta name=\"twitter:card\" content=\"summary_large_image\" \/>\n<meta name=\"twitter:label1\" content=\"Price\" \/>\n\t<meta name=\"twitter:data1\" content=\"199,00&nbsp;&#107;&#114;\" \/>\n\t<meta name=\"twitter:label2\" content=\"Availability\" \/>\n\t<meta name=\"twitter:data2\" content=\"Out of stock\" \/>\n<script type=\"application\/ld+json\" class=\"yoast-schema-graph\">{\"@context\":\"https:\/\/schema.org\",\"@graph\":[{\"@type\":\"WebPage\",\"@id\":\"https:\/\/babylove.se\/no\/produkt\/hylle-sky-til-barnerommet-hvit\/\",\"url\":\"https:\/\/babylove.se\/no\/produkt\/hylle-sky-til-barnerommet-hvit\/\",\"name\":\"Hylle sky til barnerommet, hvit - Babylove Norska\",\"isPartOf\":{\"@id\":\"https:\/\/babylove.se\/no\/#website\"},\"primaryImageOfPage\":{\"@id\":\"https:\/\/babylove.se\/no\/produkt\/hylle-sky-til-barnerommet-hvit\/#primaryimage\"},\"image\":{\"@id\":\"https:\/\/babylove.se\/no\/produkt\/hylle-sky-til-barnerommet-hvit\/#primaryimage\"},\"thumbnailUrl\":\"https:\/\/babylove.se\/no\/wp-content\/uploads\/sites\/3\/2025\/07\/627a58256e395.jpeg\",\"datePublished\":\"2025-07-19T00:15:53+00:00\",\"dateModified\":\"2026-04-08T11:23:04+00:00\",\"breadcrumb\":{\"@id\":\"https:\/\/babylove.se\/no\/produkt\/hylle-sky-til-barnerommet-hvit\/#breadcrumb\"},\"inLanguage\":\"nb-NO\",\"potentialAction\":[{\"@type\":\"ReadAction\",\"target\":[\"https:\/\/babylove.se\/no\/produkt\/hylle-sky-til-barnerommet-hvit\/\"]}]},{\"@type\":\"ImageObject\",\"inLanguage\":\"nb-NO\",\"@id\":\"https:\/\/babylove.se\/no\/produkt\/hylle-sky-til-barnerommet-hvit\/#primaryimage\",\"url\":\"https:\/\/babylove.se\/no\/wp-content\/uploads\/sites\/3\/2025\/07\/627a58256e395.jpeg\",\"contentUrl\":\"https:\/\/babylove.se\/no\/wp-content\/uploads\/sites\/3\/2025\/07\/627a58256e395.jpeg\",\"width\":1000,\"height\":1000},{\"@type\":\"BreadcrumbList\",\"@id\":\"https:\/\/babylove.se\/no\/produkt\/hylle-sky-til-barnerommet-hvit\/#breadcrumb\",\"itemListElement\":[{\"@type\":\"ListItem\",\"position\":1,\"name\":\"Hem\",\"item\":\"https:\/\/babylove.se\/no\/\"},{\"@type\":\"ListItem\",\"position\":2,\"name\":\"Butik\",\"item\":\"https:\/\/babylove.se\/no\/butik\/\"},{\"@type\":\"ListItem\",\"position\":3,\"name\":\"Hylle sky til barnerommet, hvit\"}]},{\"@type\":\"WebSite\",\"@id\":\"https:\/\/babylove.se\/no\/#website\",\"url\":\"https:\/\/babylove.se\/no\/\",\"name\":\"Babylove Norska\",\"description\":\"\",\"potentialAction\":[{\"@type\":\"SearchAction\",\"target\":{\"@type\":\"EntryPoint\",\"urlTemplate\":\"https:\/\/babylove.se\/no\/?s={search_term_string}\"},\"query-input\":{\"@type\":\"PropertyValueSpecification\",\"valueRequired\":true,\"valueName\":\"search_term_string\"}}],\"inLanguage\":\"nb-NO\"}]}<\/script>\n<meta property=\"product:brand\" content=\"Atmosphera\" \/>\n<meta property=\"product:price:amount\" content=\"199.00\" \/>\n<meta property=\"product:price:currency\" content=\"SEK\" \/>\n<meta property=\"og:availability\" content=\"out of stock\" \/>\n<meta property=\"product:availability\" content=\"out of stock\" \/>\n<meta property=\"product:retailer_item_id\" content=\"127163B\" \/>\n<meta property=\"product:condition\" content=\"new\" \/>\n<!-- \/ Yoast SEO Premium plugin. -->","yoast_head_json":{"title":"Hylle sky til barnerommet, hvit - Babylove Norska","robots":{"index":"noindex","follow":"follow","max-snippet":"max-snippet:-1","max-image-preview":"max-image-preview:large","max-video-preview":"max-video-preview:-1"},"og_locale":"nb_NO","og_type":"article","og_title":"Hylle sky til barnerommet, hvit","og_description":"Minimalistisk og popul\u00e6r skyhylle med kroker blir en perfekt oppbevaringshylle til barnerommet. Perfekt for favorittboken eller favorittbildet. P\u00e5 denne kan du henge barnets alle favorittsaker, ryggsekk som kl\u00e6r. Helt laget av tre.&nbsp; Forberedt for \u00e5 henge opp enkelt p\u00e5 veggen.&nbsp; M\u00e5l: 48 x 12 x 22 cm Materiale: Tre","og_url":"https:\/\/babylove.se\/no\/produkt\/hylle-sky-til-barnerommet-hvit\/","og_site_name":"Babylove Norska","article_modified_time":"2026-04-08T11:23:04+00:00","og_image":[{"width":1000,"height":1000,"url":"https:\/\/babylove.se\/no\/wp-content\/uploads\/sites\/3\/2025\/07\/627a58256e395.jpeg","type":"image\/jpeg"}],"twitter_card":"summary_large_image","twitter_misc":{"Price":"199,00&nbsp;&#107;&#114;","Availability":"Out of stock"},"schema":{"@context":"https:\/\/schema.org","@graph":[{"@type":"WebPage","@id":"https:\/\/babylove.se\/no\/produkt\/hylle-sky-til-barnerommet-hvit\/","url":"https:\/\/babylove.se\/no\/produkt\/hylle-sky-til-barnerommet-hvit\/","name":"Hylle sky til barnerommet, hvit - Babylove Norska","isPartOf":{"@id":"https:\/\/babylove.se\/no\/#website"},"primaryImageOfPage":{"@id":"https:\/\/babylove.se\/no\/produkt\/hylle-sky-til-barnerommet-hvit\/#primaryimage"},"image":{"@id":"https:\/\/babylove.se\/no\/produkt\/hylle-sky-til-barnerommet-hvit\/#primaryimage"},"thumbnailUrl":"https:\/\/babylove.se\/no\/wp-content\/uploads\/sites\/3\/2025\/07\/627a58256e395.jpeg","datePublished":"2025-07-19T00:15:53+00:00","dateModified":"2026-04-08T11:23:04+00:00","breadcrumb":{"@id":"https:\/\/babylove.se\/no\/produkt\/hylle-sky-til-barnerommet-hvit\/#breadcrumb"},"inLanguage":"nb-NO","potentialAction":[{"@type":"ReadAction","target":["https:\/\/babylove.se\/no\/produkt\/hylle-sky-til-barnerommet-hvit\/"]}]},{"@type":"ImageObject","inLanguage":"nb-NO","@id":"https:\/\/babylove.se\/no\/produkt\/hylle-sky-til-barnerommet-hvit\/#primaryimage","url":"https:\/\/babylove.se\/no\/wp-content\/uploads\/sites\/3\/2025\/07\/627a58256e395.jpeg","contentUrl":"https:\/\/babylove.se\/no\/wp-content\/uploads\/sites\/3\/2025\/07\/627a58256e395.jpeg","width":1000,"height":1000},{"@type":"BreadcrumbList","@id":"https:\/\/babylove.se\/no\/produkt\/hylle-sky-til-barnerommet-hvit\/#breadcrumb","itemListElement":[{"@type":"ListItem","position":1,"name":"Hem","item":"https:\/\/babylove.se\/no\/"},{"@type":"ListItem","position":2,"name":"Butik","item":"https:\/\/babylove.se\/no\/butik\/"},{"@type":"ListItem","position":3,"name":"Hylle sky til barnerommet, hvit"}]},{"@type":"WebSite","@id":"https:\/\/babylove.se\/no\/#website","url":"https:\/\/babylove.se\/no\/","name":"Babylove Norska","description":"","potentialAction":[{"@type":"SearchAction","target":{"@type":"EntryPoint","urlTemplate":"https:\/\/babylove.se\/no\/?s={search_term_string}"},"query-input":{"@type":"PropertyValueSpecification","valueRequired":true,"valueName":"search_term_string"}}],"inLanguage":"nb-NO"}]},"product_brand":"Atmosphera","product_price_amount":"199.00","product_price_currency":"SEK","og_availability":"out of stock","product_availability":"out of stock","product_retailer_item_id":"127163B","product_condition":"new"},"_links":{"self":[{"href":"https:\/\/babylove.se\/no\/wp-json\/wp\/v2\/product\/35952","targetHints":{"allow":["GET"]}}],"collection":[{"href":"https:\/\/babylove.se\/no\/wp-json\/wp\/v2\/product"}],"about":[{"href":"https:\/\/babylove.se\/no\/wp-json\/wp\/v2\/types\/product"}],"replies":[{"embeddable":true,"href":"https:\/\/babylove.se\/no\/wp-json\/wp\/v2\/comments?post=35952"}],"wp:featuredmedia":[{"embeddable":true,"href":"https:\/\/babylove.se\/no\/wp-json\/wp\/v2\/media\/35954"}],"wp:attachment":[{"href":"https:\/\/babylove.se\/no\/wp-json\/wp\/v2\/media?parent=35952"}],"wp:term":[{"taxonomy":"product_brand","embeddable":true,"href":"https:\/\/babylove.se\/no\/wp-json\/wp\/v2\/product_brand?post=35952"},{"taxonomy":"product_cat","embeddable":true,"href":"https:\/\/babylove.se\/no\/wp-json\/wp\/v2\/product_cat?post=35952"},{"taxonomy":"product_tag","embeddable":true,"href":"https:\/\/babylove.se\/no\/wp-json\/wp\/v2\/product_tag?post=35952"}],"curies":[{"name":"wp","href":"https:\/\/api.w.org\/{rel}","templated":true}]}}