{"id":35958,"date":"2025-07-19T01:15:53","date_gmt":"2025-07-19T00:15:53","guid":{"rendered":"https:\/\/babylove.se\/produkt\/vaningssang-till-barnrummet-simba\/"},"modified":"2026-04-08T12:23:08","modified_gmt":"2026-04-08T11:23:08","slug":"vaningsseng-til-barnerommet-simba","status":"publish","type":"product","link":"https:\/\/babylove.se\/no\/produkt\/vaningsseng-til-barnerommet-simba\/","title":{"rendered":"K\u00f8yeseng til barnerommet, Simba"},"content":{"rendered":"<p>P\u00e5 v\u00e5r fine k\u00f8yeseng Simba har man tenkt grundig for \u00e5 optimalisere gulvarealet i barnerommet og \u00f8ke kosefaktoren i barnerommet.<br \/>\nMed trappen p\u00e5 langsiden s\u00e5 er sengen ikke bare praktisk, men ogs\u00e5 ekstra stilig! <\/p>\n<p>En stabil k\u00f8yeseng i stilsikker design, for mange \u00e5r med s\u00f8te dr\u00f8mmer! <\/p>\n<p>Alle v\u00e5re Simba-senger er helt h\u00e5ndlagde med stor lidenskap, av h\u00f8ykvalitets sertifisert furutre. <\/p>\n<p><strong>Tilvalg:<\/strong> <\/p>\n<ul>\n<li>Farge: natur eller hvit<\/li>\n<li>Trappen kan bestilles til venstre (som p\u00e5 bildene) eller til h\u00f8yre<\/li>\n<\/ul>\n<p><strong>Info:<\/strong> <\/p>\n<ul>\n<li>Anbefales fra 6 \u00e5rs alder<\/li>\n<li>Maksvekt \u00f8vre seng: 60 kg<\/li>\n<li>Maksvekt nedre seng: 90 kg<\/li>\n<li>H\u00f8yde fra gulv til \u00f8vre seng: ca 138 cm<\/li>\n<li>Ribbebunn inng\u00e5r (2stk)<\/li>\n<li>Madrass inng\u00e5r ikke, men ta gjerne en titt p\u00e5 v\u00e5rt store madrassutvalg. Vi anbefaler en skummadrass med tykkelse p\u00e5 ca 10-12 cm.<\/li>\n<\/ul>\n<p><strong>M\u00e5l:<\/strong> <\/p>\n<ul>\n<li>Finnes i ulike st\u00f8rrelser. M\u00e5lene til venstre i listen gjelder reddem\u00e5l. M\u00e5lene innenfor parentes (Bredde*Lengde) gjelder den totale st\u00f8rrelsen i cm p\u00e5 sengen.<\/li>\n<\/ul>\n<p>Sengene kommer fra v\u00e5r fabrikk i Europa som har h\u00f8ye kvalitetskrav og kontrollerer hvert steg fra det at t\u00f8mmeret kommer inn i fabrikken til at et ferdig produkt leveres. <\/p>\n<p><em><em><em><em><em>Sengen leveres umontert og b\u00f8r settes sammen i rommet den skal brukes i.<\/em><\/em><\/em><\/em><\/em> <\/p>\n<p><em>For senger i farge er leveringstiden to uker lengre enn den oppgitte informasjonen.<\/em><\/p>\n","protected":false},"excerpt":{"rendered":"<p>P\u00e5 v\u00e5r fine k\u00f8yeseng Simba har man tenkt grundig for \u00e5 optimalisere gulvarealet i barnerommet og \u00f8ke kosefaktoren i barnerommet. Med trappen p\u00e5 langsiden s\u00e5 er sengen ikke bare praktisk, men ogs\u00e5 ekstra stilig! En stabil k\u00f8yeseng i stilsikker design, for mange \u00e5r med s\u00f8te dr\u00f8mmer! Alle v\u00e5re Simba-senger er helt h\u00e5ndlagde med stor lidenskap, [&hellip;]<\/p>\n","protected":false},"featured_media":35960,"comment_status":"open","ping_status":"closed","template":"","meta":{"_acf_changed":false},"product_brand":[384],"product_cat":[386,385,40],"product_tag":[1689],"class_list":{"0":"post-35958","1":"product","2":"type-product","3":"status-publish","4":"has-post-thumbnail","6":"product_brand-adeko","7":"product_cat-ad","8":"product_cat-koyesenger-loftsenger","9":"product_cat-soverom-barn","10":"product_tag-bestillingsvaror","11":"pa_farg-vit","12":"pa_farg-natur","13":"pa_storlek-100x180cm-b112-l198","14":"pa_storlek-100x190cm-b112-l208","15":"pa_storlek-100x200cm-b112-l218","16":"pa_storlek-70x140cm-b82-l158","17":"pa_storlek-70x160cm-b82-l178","18":"pa_storlek-80x140cm-b92-l158","19":"pa_storlek-80x160cm-b92-l178","20":"pa_storlek-80x180cm-b92-l198","21":"pa_storlek-80x190cm-b92-l208","22":"pa_storlek-80x200cm-b92-l218","23":"pa_storlek-90x140cm-b102-l158","24":"pa_storlek-90x160cm-b102-l178","25":"pa_storlek-90x180cm-b102-l198","26":"pa_storlek-90x190cm-b102-l208","27":"pa_storlek-90x200cm-b102-l218","29":"first","30":"instock","31":"taxable","32":"shipping-taxable","33":"purchasable","34":"product-type-variable"},"acf":[],"yoast_head":"<!-- This site is optimized with the Yoast SEO Premium plugin v25.8 (Yoast SEO v27.2) - https:\/\/yoast.com\/product\/yoast-seo-premium-wordpress\/ -->\n<title>K\u00f8yeseng til barnerommet, Simba - Babylove Norska<\/title>\n<meta name=\"robots\" content=\"noindex, follow, max-snippet:-1, max-image-preview:large, max-video-preview:-1\" \/>\n<meta property=\"og:locale\" content=\"nb_NO\" \/>\n<meta property=\"og:type\" content=\"article\" \/>\n<meta property=\"og:title\" content=\"K\u00f8yeseng til barnerommet, Simba\" \/>\n<meta property=\"og:description\" content=\"P\u00e5 v\u00e5r fine k\u00f8yeseng Simba har man tenkt grundig for \u00e5 optimalisere gulvarealet i barnerommet og \u00f8ke kosefaktoren i barnerommet. Med trappen p\u00e5 langsiden s\u00e5 er sengen ikke bare praktisk, men ogs\u00e5 ekstra stilig! En stabil k\u00f8yeseng i stilsikker design, for mange \u00e5r med s\u00f8te dr\u00f8mmer! Alle v\u00e5re Simba-senger er helt h\u00e5ndlagde med stor lidenskap, [&hellip;]\" \/>\n<meta property=\"og:url\" content=\"https:\/\/babylove.se\/no\/produkt\/vaningsseng-til-barnerommet-simba\/\" \/>\n<meta property=\"og:site_name\" content=\"Babylove Norska\" \/>\n<meta property=\"article:modified_time\" content=\"2026-04-08T11:23:08+00:00\" \/>\n<meta property=\"og:image\" content=\"https:\/\/babylove.se\/no\/wp-content\/uploads\/sites\/3\/2025\/07\/627a642e02bbd.jpeg\" \/>\n\t<meta property=\"og:image:width\" content=\"850\" \/>\n\t<meta property=\"og:image:height\" content=\"566\" \/>\n\t<meta property=\"og:image:type\" content=\"image\/jpeg\" \/>\n<meta name=\"twitter:card\" content=\"summary_large_image\" \/>\n<meta name=\"twitter:label1\" content=\"Availability\" \/>\n\t<meta name=\"twitter:data1\" content=\"In stock\" \/>\n<script type=\"application\/ld+json\" class=\"yoast-schema-graph\">{\"@context\":\"https:\/\/schema.org\",\"@graph\":[{\"@type\":\"WebPage\",\"@id\":\"https:\/\/babylove.se\/no\/produkt\/vaningsseng-til-barnerommet-simba\/\",\"url\":\"https:\/\/babylove.se\/no\/produkt\/vaningsseng-til-barnerommet-simba\/\",\"name\":\"K\u00f8yeseng til barnerommet, Simba - Babylove Norska\",\"isPartOf\":{\"@id\":\"https:\/\/babylove.se\/no\/#website\"},\"primaryImageOfPage\":{\"@id\":\"https:\/\/babylove.se\/no\/produkt\/vaningsseng-til-barnerommet-simba\/#primaryimage\"},\"image\":{\"@id\":\"https:\/\/babylove.se\/no\/produkt\/vaningsseng-til-barnerommet-simba\/#primaryimage\"},\"thumbnailUrl\":\"https:\/\/babylove.se\/no\/wp-content\/uploads\/sites\/3\/2025\/07\/627a642e02bbd.jpeg\",\"datePublished\":\"2025-07-19T00:15:53+00:00\",\"dateModified\":\"2026-04-08T11:23:08+00:00\",\"breadcrumb\":{\"@id\":\"https:\/\/babylove.se\/no\/produkt\/vaningsseng-til-barnerommet-simba\/#breadcrumb\"},\"inLanguage\":\"nb-NO\",\"potentialAction\":[{\"@type\":\"ReadAction\",\"target\":[\"https:\/\/babylove.se\/no\/produkt\/vaningsseng-til-barnerommet-simba\/\"]}]},{\"@type\":\"ImageObject\",\"inLanguage\":\"nb-NO\",\"@id\":\"https:\/\/babylove.se\/no\/produkt\/vaningsseng-til-barnerommet-simba\/#primaryimage\",\"url\":\"https:\/\/babylove.se\/no\/wp-content\/uploads\/sites\/3\/2025\/07\/627a642e02bbd.jpeg\",\"contentUrl\":\"https:\/\/babylove.se\/no\/wp-content\/uploads\/sites\/3\/2025\/07\/627a642e02bbd.jpeg\",\"width\":850,\"height\":566},{\"@type\":\"BreadcrumbList\",\"@id\":\"https:\/\/babylove.se\/no\/produkt\/vaningsseng-til-barnerommet-simba\/#breadcrumb\",\"itemListElement\":[{\"@type\":\"ListItem\",\"position\":1,\"name\":\"Hem\",\"item\":\"https:\/\/babylove.se\/no\/\"},{\"@type\":\"ListItem\",\"position\":2,\"name\":\"Butik\",\"item\":\"https:\/\/babylove.se\/no\/butik\/\"},{\"@type\":\"ListItem\",\"position\":3,\"name\":\"K\u00f8yeseng til barnerommet, Simba\"}]},{\"@type\":\"WebSite\",\"@id\":\"https:\/\/babylove.se\/no\/#website\",\"url\":\"https:\/\/babylove.se\/no\/\",\"name\":\"Babylove Norska\",\"description\":\"\",\"potentialAction\":[{\"@type\":\"SearchAction\",\"target\":{\"@type\":\"EntryPoint\",\"urlTemplate\":\"https:\/\/babylove.se\/no\/?s={search_term_string}\"},\"query-input\":{\"@type\":\"PropertyValueSpecification\",\"valueRequired\":true,\"valueName\":\"search_term_string\"}}],\"inLanguage\":\"nb-NO\"}]}<\/script>\n<meta property=\"product:brand\" content=\"Adeko\" \/>\n<meta property=\"og:availability\" content=\"instock\" \/>\n<meta property=\"product:availability\" content=\"instock\" \/>\n<meta property=\"product:retailer_item_id\" content=\"Simba-Natur-70x140cm\" \/>\n<meta property=\"product:condition\" content=\"new\" \/>\n<!-- \/ Yoast SEO Premium plugin. -->","yoast_head_json":{"title":"K\u00f8yeseng til barnerommet, Simba - Babylove Norska","robots":{"index":"noindex","follow":"follow","max-snippet":"max-snippet:-1","max-image-preview":"max-image-preview:large","max-video-preview":"max-video-preview:-1"},"og_locale":"nb_NO","og_type":"article","og_title":"K\u00f8yeseng til barnerommet, Simba","og_description":"P\u00e5 v\u00e5r fine k\u00f8yeseng Simba har man tenkt grundig for \u00e5 optimalisere gulvarealet i barnerommet og \u00f8ke kosefaktoren i barnerommet. Med trappen p\u00e5 langsiden s\u00e5 er sengen ikke bare praktisk, men ogs\u00e5 ekstra stilig! En stabil k\u00f8yeseng i stilsikker design, for mange \u00e5r med s\u00f8te dr\u00f8mmer! Alle v\u00e5re Simba-senger er helt h\u00e5ndlagde med stor lidenskap, [&hellip;]","og_url":"https:\/\/babylove.se\/no\/produkt\/vaningsseng-til-barnerommet-simba\/","og_site_name":"Babylove Norska","article_modified_time":"2026-04-08T11:23:08+00:00","og_image":[{"width":850,"height":566,"url":"https:\/\/babylove.se\/no\/wp-content\/uploads\/sites\/3\/2025\/07\/627a642e02bbd.jpeg","type":"image\/jpeg"}],"twitter_card":"summary_large_image","twitter_misc":{"Availability":"In stock"},"schema":{"@context":"https:\/\/schema.org","@graph":[{"@type":"WebPage","@id":"https:\/\/babylove.se\/no\/produkt\/vaningsseng-til-barnerommet-simba\/","url":"https:\/\/babylove.se\/no\/produkt\/vaningsseng-til-barnerommet-simba\/","name":"K\u00f8yeseng til barnerommet, Simba - Babylove Norska","isPartOf":{"@id":"https:\/\/babylove.se\/no\/#website"},"primaryImageOfPage":{"@id":"https:\/\/babylove.se\/no\/produkt\/vaningsseng-til-barnerommet-simba\/#primaryimage"},"image":{"@id":"https:\/\/babylove.se\/no\/produkt\/vaningsseng-til-barnerommet-simba\/#primaryimage"},"thumbnailUrl":"https:\/\/babylove.se\/no\/wp-content\/uploads\/sites\/3\/2025\/07\/627a642e02bbd.jpeg","datePublished":"2025-07-19T00:15:53+00:00","dateModified":"2026-04-08T11:23:08+00:00","breadcrumb":{"@id":"https:\/\/babylove.se\/no\/produkt\/vaningsseng-til-barnerommet-simba\/#breadcrumb"},"inLanguage":"nb-NO","potentialAction":[{"@type":"ReadAction","target":["https:\/\/babylove.se\/no\/produkt\/vaningsseng-til-barnerommet-simba\/"]}]},{"@type":"ImageObject","inLanguage":"nb-NO","@id":"https:\/\/babylove.se\/no\/produkt\/vaningsseng-til-barnerommet-simba\/#primaryimage","url":"https:\/\/babylove.se\/no\/wp-content\/uploads\/sites\/3\/2025\/07\/627a642e02bbd.jpeg","contentUrl":"https:\/\/babylove.se\/no\/wp-content\/uploads\/sites\/3\/2025\/07\/627a642e02bbd.jpeg","width":850,"height":566},{"@type":"BreadcrumbList","@id":"https:\/\/babylove.se\/no\/produkt\/vaningsseng-til-barnerommet-simba\/#breadcrumb","itemListElement":[{"@type":"ListItem","position":1,"name":"Hem","item":"https:\/\/babylove.se\/no\/"},{"@type":"ListItem","position":2,"name":"Butik","item":"https:\/\/babylove.se\/no\/butik\/"},{"@type":"ListItem","position":3,"name":"K\u00f8yeseng til barnerommet, Simba"}]},{"@type":"WebSite","@id":"https:\/\/babylove.se\/no\/#website","url":"https:\/\/babylove.se\/no\/","name":"Babylove Norska","description":"","potentialAction":[{"@type":"SearchAction","target":{"@type":"EntryPoint","urlTemplate":"https:\/\/babylove.se\/no\/?s={search_term_string}"},"query-input":{"@type":"PropertyValueSpecification","valueRequired":true,"valueName":"search_term_string"}}],"inLanguage":"nb-NO"}]},"product_brand":"Adeko","og_availability":"instock","product_availability":"instock","product_retailer_item_id":"Simba-Natur-70x140cm","product_condition":"new"},"_links":{"self":[{"href":"https:\/\/babylove.se\/no\/wp-json\/wp\/v2\/product\/35958","targetHints":{"allow":["GET"]}}],"collection":[{"href":"https:\/\/babylove.se\/no\/wp-json\/wp\/v2\/product"}],"about":[{"href":"https:\/\/babylove.se\/no\/wp-json\/wp\/v2\/types\/product"}],"replies":[{"embeddable":true,"href":"https:\/\/babylove.se\/no\/wp-json\/wp\/v2\/comments?post=35958"}],"wp:featuredmedia":[{"embeddable":true,"href":"https:\/\/babylove.se\/no\/wp-json\/wp\/v2\/media\/35960"}],"wp:attachment":[{"href":"https:\/\/babylove.se\/no\/wp-json\/wp\/v2\/media?parent=35958"}],"wp:term":[{"taxonomy":"product_brand","embeddable":true,"href":"https:\/\/babylove.se\/no\/wp-json\/wp\/v2\/product_brand?post=35958"},{"taxonomy":"product_cat","embeddable":true,"href":"https:\/\/babylove.se\/no\/wp-json\/wp\/v2\/product_cat?post=35958"},{"taxonomy":"product_tag","embeddable":true,"href":"https:\/\/babylove.se\/no\/wp-json\/wp\/v2\/product_tag?post=35958"}],"curies":[{"name":"wp","href":"https:\/\/api.w.org\/{rel}","templated":true}]}}