{"id":35994,"date":"2025-07-19T01:16:33","date_gmt":"2025-07-19T00:16:33","guid":{"rendered":"https:\/\/babylove.se\/produkt\/loftsang-tradkoja-ted-a\/"},"modified":"2026-04-08T12:23:11","modified_gmt":"2026-04-08T11:23:11","slug":"loftssang-trekoja-ted-a","status":"publish","type":"product","link":"https:\/\/babylove.se\/no\/produkt\/loftssang-trekoja-ted-a\/","title":{"rendered":"K\u00f8yeseng trehytte, Ted A"},"content":{"rendered":"<p>N\u00e5 snakker vi hems! <\/p>\n<p>Laget for alle sm\u00e5rollingene som dr\u00f8mmer om en koselig trehytte! <\/p>\n<p>En hems frigj\u00f8r mye gulvplass, og passer perfekt hvis man har et litt mindre rom. Ted A er en stabil hems i stilsikker design, for mange \u00e5r av s\u00f8te dr\u00f8mmer og bus! <\/p>\n<p>Alle v\u00e5re Ted-senger er helt h\u00e5ndlaget med stor lidenskap, av h\u00f8ykvalitativt sertifisert furutre. <\/p>\n<p><strong>Info:<\/strong> <\/p>\n<ul>\n<li>Anbefales fra 6 \u00e5rs alder<\/li>\n<li>Maksvekt seng: 60 kg<\/li>\n<li>H\u00f8yde fra gulv til seng: ca 97 cm<\/li>\n<li>Ribbbunn inkludert<\/li>\n<li>Madrass ikke inkludert, men ta gjerne en titt i v\u00e5rt store madrassutvalg. Vi anbefaler en skummadrass med tykkelse p\u00e5 ca 10-12 cm.<\/li>\n<\/ul>\n<p><strong>M\u00e5l:<\/strong> <\/p>\n<ul>\n<li>Finnes i forskjellige st\u00f8rrelser. M\u00e5lene til venstre i listen gjelder sengm\u00e5l. M\u00e5lene i parentes (H\u00f8yde*Bredde) gjelder den totale st\u00f8rrelsen p\u00e5 sengen.<\/li>\n<\/ul>\n<p>Sengene kommer fra v\u00e5r fabrikk i Europa som har h\u00f8ye kvalitetskrav og kontrollerer hvert steg fra det at t\u00f8mmeret kommer inn i fabrikken til at et ferdig produkt forlater. <\/p>\n<p><em>Sengen leveres umontert og b\u00f8r settes sammen i rommet den skal brukes i.<\/em> <\/p>\n<p><em>For senger i farge er leveringstiden to uker lengre enn den oppgitte informasjonen.<\/em> <\/p>\n<p><a href=\"https:\/\/babylove.se\/barnmobler\/vaningssangar-loftsangar\"><strong>Oppdag hele v\u00e5rt sortiment av hemser her!<\/strong><\/a><\/p>\n","protected":false},"excerpt":{"rendered":"<p>N\u00e5 snakker vi hems! Laget for alle sm\u00e5rollingene som dr\u00f8mmer om en koselig trehytte! En hems frigj\u00f8r mye gulvplass, og passer perfekt hvis man har et litt mindre rom. Ted A er en stabil hems i stilsikker design, for mange \u00e5r av s\u00f8te dr\u00f8mmer og bus! Alle v\u00e5re Ted-senger er helt h\u00e5ndlaget med stor lidenskap, [&hellip;]<\/p>\n","protected":false},"featured_media":35996,"comment_status":"open","ping_status":"closed","template":"","meta":{"_acf_changed":false},"product_brand":[384],"product_cat":[386,385,280,40],"product_tag":[1689],"class_list":{"0":"post-35994","1":"product","2":"type-product","3":"status-publish","4":"has-post-thumbnail","6":"product_brand-adeko","7":"product_cat-ad","8":"product_cat-koyesenger-loftsenger","9":"product_cat-senger-med-rask-levering","10":"product_cat-soverom-barn","11":"product_tag-bestillingsvaror","12":"pa_farg-vit","13":"pa_farg-natur","14":"pa_storlek-70x140cm-b82-l158","15":"pa_storlek-70x160cm-b82-l178","16":"pa_storlek-80x140cm-b92-l158","17":"pa_storlek-80x160cm-b92-l178","18":"pa_storlek-80x180cm-b92-l198","19":"pa_storlek-80x190cm-b92-l208","20":"pa_storlek-80x200cm-b92-l218","21":"pa_storlek-90x140cm-b102-l158","22":"pa_storlek-90x160cm-b102-l178","23":"pa_storlek-90x180cm-b102-l198","24":"pa_storlek-90x190cm-b102-l208","25":"pa_storlek-90x200cm-b102-l218","27":"first","28":"instock","29":"taxable","30":"shipping-taxable","31":"purchasable","32":"product-type-variable"},"acf":[],"yoast_head":"<!-- This site is optimized with the Yoast SEO Premium plugin v25.8 (Yoast SEO v27.2) - https:\/\/yoast.com\/product\/yoast-seo-premium-wordpress\/ -->\n<title>Huss\u00e4ng lofts\u00e4ng, Mila DMPA - Fri Frakt !<\/title>\n<meta name=\"description\" content=\"En fantastisk och smart huss\u00e4ng till barnrummet i form av en lofts\u00e4ng med vacker tr\u00e4ram och fint tak. Klarna faktura &amp; Fri Frakt ! K\u00f6p den h\u00e4r !\" \/>\n<meta name=\"robots\" content=\"noindex, follow, max-snippet:-1, max-image-preview:large, max-video-preview:-1\" \/>\n<meta property=\"og:locale\" content=\"nb_NO\" \/>\n<meta property=\"og:type\" content=\"article\" \/>\n<meta property=\"og:title\" content=\"K\u00f8yeseng trehytte, Ted A\" \/>\n<meta property=\"og:description\" content=\"En fantastisk och smart huss\u00e4ng till barnrummet i form av en lofts\u00e4ng med vacker tr\u00e4ram och fint tak. Klarna faktura &amp; Fri Frakt ! K\u00f6p den h\u00e4r !\" \/>\n<meta property=\"og:url\" content=\"https:\/\/babylove.se\/no\/produkt\/loftssang-trekoja-ted-a\/\" \/>\n<meta property=\"og:site_name\" content=\"Babylove Norska\" \/>\n<meta property=\"article:modified_time\" content=\"2026-04-08T11:23:11+00:00\" \/>\n<meta property=\"og:image\" content=\"https:\/\/babylove.se\/no\/wp-content\/uploads\/sites\/3\/2025\/07\/627ab08acf006.jpeg\" \/>\n\t<meta property=\"og:image:width\" content=\"800\" \/>\n\t<meta property=\"og:image:height\" content=\"800\" \/>\n\t<meta property=\"og:image:type\" content=\"image\/jpeg\" \/>\n<meta name=\"twitter:card\" content=\"summary_large_image\" \/>\n<meta name=\"twitter:label1\" content=\"Availability\" \/>\n\t<meta name=\"twitter:data1\" content=\"In stock\" \/>\n<script type=\"application\/ld+json\" class=\"yoast-schema-graph\">{\"@context\":\"https:\/\/schema.org\",\"@graph\":[{\"@type\":\"WebPage\",\"@id\":\"https:\/\/babylove.se\/no\/produkt\/loftssang-trekoja-ted-a\/\",\"url\":\"https:\/\/babylove.se\/no\/produkt\/loftssang-trekoja-ted-a\/\",\"name\":\"Huss\u00e4ng lofts\u00e4ng, Mila DMPA - Fri Frakt !\",\"isPartOf\":{\"@id\":\"https:\/\/babylove.se\/no\/#website\"},\"primaryImageOfPage\":{\"@id\":\"https:\/\/babylove.se\/no\/produkt\/loftssang-trekoja-ted-a\/#primaryimage\"},\"image\":{\"@id\":\"https:\/\/babylove.se\/no\/produkt\/loftssang-trekoja-ted-a\/#primaryimage\"},\"thumbnailUrl\":\"https:\/\/babylove.se\/no\/wp-content\/uploads\/sites\/3\/2025\/07\/627ab08acf006.jpeg\",\"datePublished\":\"2025-07-19T00:16:33+00:00\",\"dateModified\":\"2026-04-08T11:23:11+00:00\",\"description\":\"En fantastisk och smart huss\u00e4ng till barnrummet i form av en lofts\u00e4ng med vacker tr\u00e4ram och fint tak. Klarna faktura & Fri Frakt ! K\u00f6p den h\u00e4r !\",\"breadcrumb\":{\"@id\":\"https:\/\/babylove.se\/no\/produkt\/loftssang-trekoja-ted-a\/#breadcrumb\"},\"inLanguage\":\"nb-NO\",\"potentialAction\":[{\"@type\":\"ReadAction\",\"target\":[\"https:\/\/babylove.se\/no\/produkt\/loftssang-trekoja-ted-a\/\"]}]},{\"@type\":\"ImageObject\",\"inLanguage\":\"nb-NO\",\"@id\":\"https:\/\/babylove.se\/no\/produkt\/loftssang-trekoja-ted-a\/#primaryimage\",\"url\":\"https:\/\/babylove.se\/no\/wp-content\/uploads\/sites\/3\/2025\/07\/627ab08acf006.jpeg\",\"contentUrl\":\"https:\/\/babylove.se\/no\/wp-content\/uploads\/sites\/3\/2025\/07\/627ab08acf006.jpeg\",\"width\":800,\"height\":800},{\"@type\":\"BreadcrumbList\",\"@id\":\"https:\/\/babylove.se\/no\/produkt\/loftssang-trekoja-ted-a\/#breadcrumb\",\"itemListElement\":[{\"@type\":\"ListItem\",\"position\":1,\"name\":\"Hem\",\"item\":\"https:\/\/babylove.se\/no\/\"},{\"@type\":\"ListItem\",\"position\":2,\"name\":\"Butik\",\"item\":\"https:\/\/babylove.se\/no\/butik\/\"},{\"@type\":\"ListItem\",\"position\":3,\"name\":\"K\u00f8yeseng trehytte, Ted A\"}]},{\"@type\":\"WebSite\",\"@id\":\"https:\/\/babylove.se\/no\/#website\",\"url\":\"https:\/\/babylove.se\/no\/\",\"name\":\"Babylove Norska\",\"description\":\"\",\"potentialAction\":[{\"@type\":\"SearchAction\",\"target\":{\"@type\":\"EntryPoint\",\"urlTemplate\":\"https:\/\/babylove.se\/no\/?s={search_term_string}\"},\"query-input\":{\"@type\":\"PropertyValueSpecification\",\"valueRequired\":true,\"valueName\":\"search_term_string\"}}],\"inLanguage\":\"nb-NO\"}]}<\/script>\n<meta property=\"product:brand\" content=\"Adeko\" \/>\n<meta property=\"og:availability\" content=\"instock\" \/>\n<meta property=\"product:availability\" content=\"instock\" \/>\n<meta property=\"product:retailer_item_id\" content=\"Ted A-Natur-70x140cm\" \/>\n<meta property=\"product:condition\" content=\"new\" \/>\n<!-- \/ Yoast SEO Premium plugin. -->","yoast_head_json":{"title":"Huss\u00e4ng lofts\u00e4ng, Mila DMPA - Fri Frakt !","description":"En fantastisk och smart huss\u00e4ng till barnrummet i form av en lofts\u00e4ng med vacker tr\u00e4ram och fint tak. Klarna faktura & Fri Frakt ! K\u00f6p den h\u00e4r !","robots":{"index":"noindex","follow":"follow","max-snippet":"max-snippet:-1","max-image-preview":"max-image-preview:large","max-video-preview":"max-video-preview:-1"},"og_locale":"nb_NO","og_type":"article","og_title":"K\u00f8yeseng trehytte, Ted A","og_description":"En fantastisk och smart huss\u00e4ng till barnrummet i form av en lofts\u00e4ng med vacker tr\u00e4ram och fint tak. Klarna faktura & Fri Frakt ! K\u00f6p den h\u00e4r !","og_url":"https:\/\/babylove.se\/no\/produkt\/loftssang-trekoja-ted-a\/","og_site_name":"Babylove Norska","article_modified_time":"2026-04-08T11:23:11+00:00","og_image":[{"width":800,"height":800,"url":"https:\/\/babylove.se\/no\/wp-content\/uploads\/sites\/3\/2025\/07\/627ab08acf006.jpeg","type":"image\/jpeg"}],"twitter_card":"summary_large_image","twitter_misc":{"Availability":"In stock"},"schema":{"@context":"https:\/\/schema.org","@graph":[{"@type":"WebPage","@id":"https:\/\/babylove.se\/no\/produkt\/loftssang-trekoja-ted-a\/","url":"https:\/\/babylove.se\/no\/produkt\/loftssang-trekoja-ted-a\/","name":"Huss\u00e4ng lofts\u00e4ng, Mila DMPA - Fri Frakt !","isPartOf":{"@id":"https:\/\/babylove.se\/no\/#website"},"primaryImageOfPage":{"@id":"https:\/\/babylove.se\/no\/produkt\/loftssang-trekoja-ted-a\/#primaryimage"},"image":{"@id":"https:\/\/babylove.se\/no\/produkt\/loftssang-trekoja-ted-a\/#primaryimage"},"thumbnailUrl":"https:\/\/babylove.se\/no\/wp-content\/uploads\/sites\/3\/2025\/07\/627ab08acf006.jpeg","datePublished":"2025-07-19T00:16:33+00:00","dateModified":"2026-04-08T11:23:11+00:00","description":"En fantastisk och smart huss\u00e4ng till barnrummet i form av en lofts\u00e4ng med vacker tr\u00e4ram och fint tak. Klarna faktura & Fri Frakt ! K\u00f6p den h\u00e4r !","breadcrumb":{"@id":"https:\/\/babylove.se\/no\/produkt\/loftssang-trekoja-ted-a\/#breadcrumb"},"inLanguage":"nb-NO","potentialAction":[{"@type":"ReadAction","target":["https:\/\/babylove.se\/no\/produkt\/loftssang-trekoja-ted-a\/"]}]},{"@type":"ImageObject","inLanguage":"nb-NO","@id":"https:\/\/babylove.se\/no\/produkt\/loftssang-trekoja-ted-a\/#primaryimage","url":"https:\/\/babylove.se\/no\/wp-content\/uploads\/sites\/3\/2025\/07\/627ab08acf006.jpeg","contentUrl":"https:\/\/babylove.se\/no\/wp-content\/uploads\/sites\/3\/2025\/07\/627ab08acf006.jpeg","width":800,"height":800},{"@type":"BreadcrumbList","@id":"https:\/\/babylove.se\/no\/produkt\/loftssang-trekoja-ted-a\/#breadcrumb","itemListElement":[{"@type":"ListItem","position":1,"name":"Hem","item":"https:\/\/babylove.se\/no\/"},{"@type":"ListItem","position":2,"name":"Butik","item":"https:\/\/babylove.se\/no\/butik\/"},{"@type":"ListItem","position":3,"name":"K\u00f8yeseng trehytte, Ted A"}]},{"@type":"WebSite","@id":"https:\/\/babylove.se\/no\/#website","url":"https:\/\/babylove.se\/no\/","name":"Babylove Norska","description":"","potentialAction":[{"@type":"SearchAction","target":{"@type":"EntryPoint","urlTemplate":"https:\/\/babylove.se\/no\/?s={search_term_string}"},"query-input":{"@type":"PropertyValueSpecification","valueRequired":true,"valueName":"search_term_string"}}],"inLanguage":"nb-NO"}]},"product_brand":"Adeko","og_availability":"instock","product_availability":"instock","product_retailer_item_id":"Ted A-Natur-70x140cm","product_condition":"new"},"_links":{"self":[{"href":"https:\/\/babylove.se\/no\/wp-json\/wp\/v2\/product\/35994","targetHints":{"allow":["GET"]}}],"collection":[{"href":"https:\/\/babylove.se\/no\/wp-json\/wp\/v2\/product"}],"about":[{"href":"https:\/\/babylove.se\/no\/wp-json\/wp\/v2\/types\/product"}],"replies":[{"embeddable":true,"href":"https:\/\/babylove.se\/no\/wp-json\/wp\/v2\/comments?post=35994"}],"wp:featuredmedia":[{"embeddable":true,"href":"https:\/\/babylove.se\/no\/wp-json\/wp\/v2\/media\/35996"}],"wp:attachment":[{"href":"https:\/\/babylove.se\/no\/wp-json\/wp\/v2\/media?parent=35994"}],"wp:term":[{"taxonomy":"product_brand","embeddable":true,"href":"https:\/\/babylove.se\/no\/wp-json\/wp\/v2\/product_brand?post=35994"},{"taxonomy":"product_cat","embeddable":true,"href":"https:\/\/babylove.se\/no\/wp-json\/wp\/v2\/product_cat?post=35994"},{"taxonomy":"product_tag","embeddable":true,"href":"https:\/\/babylove.se\/no\/wp-json\/wp\/v2\/product_tag?post=35994"}],"curies":[{"name":"wp","href":"https:\/\/api.w.org\/{rel}","templated":true}]}}