{"id":36435,"date":"2025-07-19T01:21:56","date_gmt":"2025-07-19T00:21:56","guid":{"rendered":"https:\/\/babylove.se\/produkt\/loftsang-till-barnrummet-classic-clpba\/"},"modified":"2026-04-08T12:25:48","modified_gmt":"2026-04-08T11:25:48","slug":"loftsang-til-barnerommet-classic-clpba","status":"publish","type":"product","link":"https:\/\/babylove.se\/no\/produkt\/loftsang-til-barnerommet-classic-clpba\/","title":{"rendered":"K\u00f8yeseng til barnerommet, Classic CLPBA"},"content":{"rendered":"<p>P\u00e5 jakt etter den perfekte, klassiske k\u00f8ys\u00e4\u00e4ngen? Her \u00e4r den! <\/p>\n<p>En stabil k\u00f8ys\u00e4ang i stilsikker design, for mange \u00e5r med s\u00f6te dr\u00f6mmer! Med stigen p\u00e5 kortsiden s\u00e5 \u00e4r s\u00e4\u00e4ngen inte bara praktisk, men ogs\u00e5 ekstra sn\u00e4\u00e4\u00e4ll! <\/p>\n<p>Alle v\u00e5re Classic-s\u00e4\u00e4nger \u00e4r helt handlaget med stor lidenskap, av h\u00f6ykvalitets furutre. <\/p>\n<p><strong>Info:<\/strong> <\/p>\n<ul>\n<li>Anbefales fra 6 \u00e5rs alder<\/li>\n<li>Velg tre forskjellige farger: natur, gr\u00e5 eller hvit<\/li>\n<li>Maksvekt \u00f6vre s\u00e4ng: 45 kg<\/li>\n<li>H\u00f6yde fra golv til \u00f6vre s\u00e4ng: 100 cm<\/li>\n<li>Totalh\u00f6yde 145 cm<\/li>\n<li>Ribb\u00e4unn inng\u00e5r<\/li>\n<li>Madr\u00e4ss inng\u00e5r ikke, men titt gjerne i v\u00e5rt store madrassutvalg. Vi anbefaler en skummadr\u00e4ss med tykkelse p\u00e5 ca 8-12 cm.<\/li>\n<\/ul>\n<p><strong>M\u00e5l:<\/strong> <\/p>\n<ul>\n<li>Finnes i forskjellige st\u00f6rrelser. M\u00e5lene til venstre i listen gjelder s\u00e4ngm\u00e5l. M\u00e5lene i parentes (Bredde &amp; L\u00e4ngde) gjelder den totale st\u00f6rrelsen p\u00e5 s\u00e4\u00e4ngen.<\/li>\n<\/ul>\n<p>S\u00e4\u00e4ngene kommer fra v\u00e5r fabrikk i Europa som har h\u00f6ye kvalitetskrav og kontrollerer hvert trinn fra det at t\u00f8mmeret kommer inn i fabrikken til at et f\u00e4rdig produkt forlater. <\/p>\n<p><em><em><em><em><em><em>S\u00e4\u00e4ngen leveres umontert og b\u00f6r s\u00e4ttes sammen i rommet den skal brukes i.<\/em><\/em><\/em><\/em><\/em><\/em> <\/p>\n<p><em>For s\u00e4\u00e4nger i farge \u00e4r leveranstiden to uker l\u00e4ngre enn den angitte informasjonen.<\/em><\/p>\n","protected":false},"excerpt":{"rendered":"<p>P\u00e5 jakt etter den perfekte, klassiske k\u00f8ys\u00e4\u00e4ngen? Her \u00e4r den! En stabil k\u00f8ys\u00e4ang i stilsikker design, for mange \u00e5r med s\u00f6te dr\u00f6mmer! Med stigen p\u00e5 kortsiden s\u00e5 \u00e4r s\u00e4\u00e4ngen inte bara praktisk, men ogs\u00e5 ekstra sn\u00e4\u00e4\u00e4ll! Alle v\u00e5re Classic-s\u00e4\u00e4nger \u00e4r helt handlaget med stor lidenskap, av h\u00f6ykvalitets furutre. Info: Anbefales fra 6 \u00e5rs alder Velg [&hellip;]<\/p>\n","protected":false},"featured_media":36437,"comment_status":"open","ping_status":"closed","template":"","meta":{"_acf_changed":false},"product_brand":[384],"product_cat":[386,385,40],"product_tag":[1689],"class_list":{"0":"post-36435","1":"product","2":"type-product","3":"status-publish","4":"has-post-thumbnail","6":"product_brand-adeko","7":"product_cat-ad","8":"product_cat-koyesenger-loftsenger","9":"product_cat-soverom-barn","10":"product_tag-bestillingsvaror","11":"pa_farg-gra","12":"pa_farg-vit","13":"pa_farg-natur","14":"pa_storlek-70x140-b79-l153","15":"pa_storlek-70x160-b79-l173","16":"pa_storlek-80x140-b89-l153","17":"pa_storlek-80x160-b89-l173","18":"pa_storlek-80x180-b89-l193","19":"pa_storlek-80x190-b89-l203","20":"pa_storlek-80x200-b89-l213","21":"pa_storlek-90x140-b99-l153","22":"pa_storlek-90x160-b99-l173","23":"pa_storlek-90x180-b99-l199","24":"pa_storlek-90x190-b99-l203","25":"pa_storlek-90x200-b99-l213","27":"first","28":"instock","29":"taxable","30":"shipping-taxable","31":"purchasable","32":"product-type-variable"},"acf":[],"yoast_head":"<!-- This site is optimized with the Yoast SEO Premium plugin v25.8 (Yoast SEO v27.2) - https:\/\/yoast.com\/product\/yoast-seo-premium-wordpress\/ -->\n<title>K\u00f8yeseng til barnerommet, Classic CLPBA - Babylove Norska<\/title>\n<meta name=\"robots\" content=\"noindex, follow, max-snippet:-1, max-image-preview:large, max-video-preview:-1\" \/>\n<meta property=\"og:locale\" content=\"nb_NO\" \/>\n<meta property=\"og:type\" content=\"article\" \/>\n<meta property=\"og:title\" content=\"K\u00f8yeseng til barnerommet, Classic CLPBA\" \/>\n<meta property=\"og:description\" content=\"P\u00e5 jakt etter den perfekte, klassiske k\u00f8ys\u00e4\u00e4ngen? Her \u00e4r den! En stabil k\u00f8ys\u00e4ang i stilsikker design, for mange \u00e5r med s\u00f6te dr\u00f6mmer! Med stigen p\u00e5 kortsiden s\u00e5 \u00e4r s\u00e4\u00e4ngen inte bara praktisk, men ogs\u00e5 ekstra sn\u00e4\u00e4\u00e4ll! Alle v\u00e5re Classic-s\u00e4\u00e4nger \u00e4r helt handlaget med stor lidenskap, av h\u00f6ykvalitets furutre. Info: Anbefales fra 6 \u00e5rs alder Velg [&hellip;]\" \/>\n<meta property=\"og:url\" content=\"https:\/\/babylove.se\/no\/produkt\/loftsang-til-barnerommet-classic-clpba\/\" \/>\n<meta property=\"og:site_name\" content=\"Babylove Norska\" \/>\n<meta property=\"article:modified_time\" content=\"2026-04-08T11:25:48+00:00\" \/>\n<meta property=\"og:image\" content=\"https:\/\/babylove.se\/no\/wp-content\/uploads\/sites\/3\/2025\/07\/66ff97aad3b9c.png\" \/>\n\t<meta property=\"og:image:width\" content=\"800\" \/>\n\t<meta property=\"og:image:height\" content=\"800\" \/>\n\t<meta property=\"og:image:type\" content=\"image\/png\" \/>\n<meta name=\"twitter:card\" content=\"summary_large_image\" \/>\n<meta name=\"twitter:label1\" content=\"Availability\" \/>\n\t<meta name=\"twitter:data1\" content=\"In stock\" \/>\n<script type=\"application\/ld+json\" class=\"yoast-schema-graph\">{\"@context\":\"https:\/\/schema.org\",\"@graph\":[{\"@type\":\"WebPage\",\"@id\":\"https:\/\/babylove.se\/no\/produkt\/loftsang-til-barnerommet-classic-clpba\/\",\"url\":\"https:\/\/babylove.se\/no\/produkt\/loftsang-til-barnerommet-classic-clpba\/\",\"name\":\"K\u00f8yeseng til barnerommet, Classic CLPBA - Babylove Norska\",\"isPartOf\":{\"@id\":\"https:\/\/babylove.se\/no\/#website\"},\"primaryImageOfPage\":{\"@id\":\"https:\/\/babylove.se\/no\/produkt\/loftsang-til-barnerommet-classic-clpba\/#primaryimage\"},\"image\":{\"@id\":\"https:\/\/babylove.se\/no\/produkt\/loftsang-til-barnerommet-classic-clpba\/#primaryimage\"},\"thumbnailUrl\":\"https:\/\/babylove.se\/no\/wp-content\/uploads\/sites\/3\/2025\/07\/66ff97aad3b9c.png\",\"datePublished\":\"2025-07-19T00:21:56+00:00\",\"dateModified\":\"2026-04-08T11:25:48+00:00\",\"breadcrumb\":{\"@id\":\"https:\/\/babylove.se\/no\/produkt\/loftsang-til-barnerommet-classic-clpba\/#breadcrumb\"},\"inLanguage\":\"nb-NO\",\"potentialAction\":[{\"@type\":\"ReadAction\",\"target\":[\"https:\/\/babylove.se\/no\/produkt\/loftsang-til-barnerommet-classic-clpba\/\"]}]},{\"@type\":\"ImageObject\",\"inLanguage\":\"nb-NO\",\"@id\":\"https:\/\/babylove.se\/no\/produkt\/loftsang-til-barnerommet-classic-clpba\/#primaryimage\",\"url\":\"https:\/\/babylove.se\/no\/wp-content\/uploads\/sites\/3\/2025\/07\/66ff97aad3b9c.png\",\"contentUrl\":\"https:\/\/babylove.se\/no\/wp-content\/uploads\/sites\/3\/2025\/07\/66ff97aad3b9c.png\",\"width\":800,\"height\":800},{\"@type\":\"BreadcrumbList\",\"@id\":\"https:\/\/babylove.se\/no\/produkt\/loftsang-til-barnerommet-classic-clpba\/#breadcrumb\",\"itemListElement\":[{\"@type\":\"ListItem\",\"position\":1,\"name\":\"Hem\",\"item\":\"https:\/\/babylove.se\/no\/\"},{\"@type\":\"ListItem\",\"position\":2,\"name\":\"Butik\",\"item\":\"https:\/\/babylove.se\/no\/butik\/\"},{\"@type\":\"ListItem\",\"position\":3,\"name\":\"K\u00f8yeseng til barnerommet, Classic CLPBA\"}]},{\"@type\":\"WebSite\",\"@id\":\"https:\/\/babylove.se\/no\/#website\",\"url\":\"https:\/\/babylove.se\/no\/\",\"name\":\"Babylove Norska\",\"description\":\"\",\"potentialAction\":[{\"@type\":\"SearchAction\",\"target\":{\"@type\":\"EntryPoint\",\"urlTemplate\":\"https:\/\/babylove.se\/no\/?s={search_term_string}\"},\"query-input\":{\"@type\":\"PropertyValueSpecification\",\"valueRequired\":true,\"valueName\":\"search_term_string\"}}],\"inLanguage\":\"nb-NO\"}]}<\/script>\n<meta property=\"product:brand\" content=\"Adeko\" \/>\n<meta property=\"og:availability\" content=\"instock\" \/>\n<meta property=\"product:availability\" content=\"instock\" \/>\n<meta property=\"product:retailer_item_id\" content=\"CLPBA-70x140-natur\" \/>\n<meta property=\"product:condition\" content=\"new\" \/>\n<!-- \/ Yoast SEO Premium plugin. -->","yoast_head_json":{"title":"K\u00f8yeseng til barnerommet, Classic CLPBA - Babylove Norska","robots":{"index":"noindex","follow":"follow","max-snippet":"max-snippet:-1","max-image-preview":"max-image-preview:large","max-video-preview":"max-video-preview:-1"},"og_locale":"nb_NO","og_type":"article","og_title":"K\u00f8yeseng til barnerommet, Classic CLPBA","og_description":"P\u00e5 jakt etter den perfekte, klassiske k\u00f8ys\u00e4\u00e4ngen? Her \u00e4r den! En stabil k\u00f8ys\u00e4ang i stilsikker design, for mange \u00e5r med s\u00f6te dr\u00f6mmer! Med stigen p\u00e5 kortsiden s\u00e5 \u00e4r s\u00e4\u00e4ngen inte bara praktisk, men ogs\u00e5 ekstra sn\u00e4\u00e4\u00e4ll! Alle v\u00e5re Classic-s\u00e4\u00e4nger \u00e4r helt handlaget med stor lidenskap, av h\u00f6ykvalitets furutre. Info: Anbefales fra 6 \u00e5rs alder Velg [&hellip;]","og_url":"https:\/\/babylove.se\/no\/produkt\/loftsang-til-barnerommet-classic-clpba\/","og_site_name":"Babylove Norska","article_modified_time":"2026-04-08T11:25:48+00:00","og_image":[{"width":800,"height":800,"url":"https:\/\/babylove.se\/no\/wp-content\/uploads\/sites\/3\/2025\/07\/66ff97aad3b9c.png","type":"image\/png"}],"twitter_card":"summary_large_image","twitter_misc":{"Availability":"In stock"},"schema":{"@context":"https:\/\/schema.org","@graph":[{"@type":"WebPage","@id":"https:\/\/babylove.se\/no\/produkt\/loftsang-til-barnerommet-classic-clpba\/","url":"https:\/\/babylove.se\/no\/produkt\/loftsang-til-barnerommet-classic-clpba\/","name":"K\u00f8yeseng til barnerommet, Classic CLPBA - Babylove Norska","isPartOf":{"@id":"https:\/\/babylove.se\/no\/#website"},"primaryImageOfPage":{"@id":"https:\/\/babylove.se\/no\/produkt\/loftsang-til-barnerommet-classic-clpba\/#primaryimage"},"image":{"@id":"https:\/\/babylove.se\/no\/produkt\/loftsang-til-barnerommet-classic-clpba\/#primaryimage"},"thumbnailUrl":"https:\/\/babylove.se\/no\/wp-content\/uploads\/sites\/3\/2025\/07\/66ff97aad3b9c.png","datePublished":"2025-07-19T00:21:56+00:00","dateModified":"2026-04-08T11:25:48+00:00","breadcrumb":{"@id":"https:\/\/babylove.se\/no\/produkt\/loftsang-til-barnerommet-classic-clpba\/#breadcrumb"},"inLanguage":"nb-NO","potentialAction":[{"@type":"ReadAction","target":["https:\/\/babylove.se\/no\/produkt\/loftsang-til-barnerommet-classic-clpba\/"]}]},{"@type":"ImageObject","inLanguage":"nb-NO","@id":"https:\/\/babylove.se\/no\/produkt\/loftsang-til-barnerommet-classic-clpba\/#primaryimage","url":"https:\/\/babylove.se\/no\/wp-content\/uploads\/sites\/3\/2025\/07\/66ff97aad3b9c.png","contentUrl":"https:\/\/babylove.se\/no\/wp-content\/uploads\/sites\/3\/2025\/07\/66ff97aad3b9c.png","width":800,"height":800},{"@type":"BreadcrumbList","@id":"https:\/\/babylove.se\/no\/produkt\/loftsang-til-barnerommet-classic-clpba\/#breadcrumb","itemListElement":[{"@type":"ListItem","position":1,"name":"Hem","item":"https:\/\/babylove.se\/no\/"},{"@type":"ListItem","position":2,"name":"Butik","item":"https:\/\/babylove.se\/no\/butik\/"},{"@type":"ListItem","position":3,"name":"K\u00f8yeseng til barnerommet, Classic CLPBA"}]},{"@type":"WebSite","@id":"https:\/\/babylove.se\/no\/#website","url":"https:\/\/babylove.se\/no\/","name":"Babylove Norska","description":"","potentialAction":[{"@type":"SearchAction","target":{"@type":"EntryPoint","urlTemplate":"https:\/\/babylove.se\/no\/?s={search_term_string}"},"query-input":{"@type":"PropertyValueSpecification","valueRequired":true,"valueName":"search_term_string"}}],"inLanguage":"nb-NO"}]},"product_brand":"Adeko","og_availability":"instock","product_availability":"instock","product_retailer_item_id":"CLPBA-70x140-natur","product_condition":"new"},"_links":{"self":[{"href":"https:\/\/babylove.se\/no\/wp-json\/wp\/v2\/product\/36435","targetHints":{"allow":["GET"]}}],"collection":[{"href":"https:\/\/babylove.se\/no\/wp-json\/wp\/v2\/product"}],"about":[{"href":"https:\/\/babylove.se\/no\/wp-json\/wp\/v2\/types\/product"}],"replies":[{"embeddable":true,"href":"https:\/\/babylove.se\/no\/wp-json\/wp\/v2\/comments?post=36435"}],"wp:featuredmedia":[{"embeddable":true,"href":"https:\/\/babylove.se\/no\/wp-json\/wp\/v2\/media\/36437"}],"wp:attachment":[{"href":"https:\/\/babylove.se\/no\/wp-json\/wp\/v2\/media?parent=36435"}],"wp:term":[{"taxonomy":"product_brand","embeddable":true,"href":"https:\/\/babylove.se\/no\/wp-json\/wp\/v2\/product_brand?post=36435"},{"taxonomy":"product_cat","embeddable":true,"href":"https:\/\/babylove.se\/no\/wp-json\/wp\/v2\/product_cat?post=36435"},{"taxonomy":"product_tag","embeddable":true,"href":"https:\/\/babylove.se\/no\/wp-json\/wp\/v2\/product_tag?post=36435"}],"curies":[{"name":"wp","href":"https:\/\/api.w.org\/{rel}","templated":true}]}}