{"id":36628,"date":"2025-07-19T01:25:17","date_gmt":"2025-07-19T00:25:17","guid":{"rendered":"https:\/\/babylove.se\/produkt\/hussang-astrid-med-forvaringsladaextrasang\/"},"modified":"2026-04-08T12:25:54","modified_gmt":"2026-04-08T11:25:54","slug":"hussang-astrid-med-oppbevaringskasse-ekstraseng","status":"publish","type":"product","link":"https:\/\/babylove.se\/no\/produkt\/hussang-astrid-med-oppbevaringskasse-ekstraseng\/","title":{"rendered":"Husseng Astrid med oppbevaringskasse\/ekstraseng"},"content":{"rendered":"<p>Dette er barnesengen Astrid som er laget i en klassisk stil som vi vet er meget popul\u00e6r i mange barnerom. Vi er stolte over \u00e5 kunne tilby denne fine barnesengen med tak og skorstein. <\/p>\n<p>Vi lover at sengen vil bli ditt barns favoritt, og ikke bare for \u00e5 sove i da den med enkle midler kan bli et riktig bra kosekrok. Mange dekorerer med sengehimler, vimpler eller lysslynger, bare din kreativitet setter stopp. <\/p>\n<p>Madrass f\u00f8lger ikke med. Vi anbefaler en skummadrass med tykkelse p\u00e5 <em>10-12 cm<\/em><br \/>\nfor den \u00f8verste sengen og <em>maks 9 cm<\/em> for ekstrasengen. Hvis madrassen til ekstrasengen er tykkere enn 9 cm vil ikke ekstrasengen kunne trekkes ut. <\/p>\n<p>Vi har et stort utvalg av ulike typer madrasser som passer til denne hussengen, ikke n\u00f8l med \u00e5 sp\u00f8rre oss hvis du er usikker. <\/p>\n<p><strong>Detaljer:<\/strong> <\/p>\n<ul>\n<li>Oppbevaringskasse og ribbbunn f\u00f8lger med.<\/li>\n<li>Hvis funksjonen ekstraseng <em>ikke <\/em>velges f\u00f8lger det med 1 st\u00f8rre oppbevaringskasse p\u00e5 senger opp til 160 cm og 2 oppbevaringskasser p\u00e5 senger st\u00f8rre enn 160 cm.<\/li>\n<li>Hvis funksjonen ekstraseng velges f\u00f8lger det <u>alltid<\/u> med 1 kasse sammen med en ekstra ribbbunn uavhengig av st\u00f8rrelsen p\u00e5 sengen.<\/li>\n<li>Sengens totale h\u00f8yde avhenger av lengden p\u00e5 den valgte sengen (se nedenfor detaljer)<\/li>\n<li>Sengens ben er laget av 45\/65 mm elementer<\/li>\n<li>Sengekassen er laget av 90\/20 mm elementer<\/li>\n<li>Den totale dimensjonen av sengen skal legges til 9 cm i lengde og bredde. Hvis du velger en viss st\u00f8rrelse fra siden betyr det madrassens st\u00f8rrelse.<\/li>\n<li>Den totale h\u00f8yden av hindringene fra sengerammen er ca 30 cm. Spalten mellom sporene i rekkverkene er ca 5 cm.<\/li>\n<li>Maksvekt. 100kg<\/li>\n<\/ul>\n<p><strong>Tilvalg:<\/strong> <\/p>\n<ul>\n<li>Farge: velg mellom natur (ubehandlet), lakket, hvit og gr\u00e5<\/li>\n<li>Oppbevaringskasse med sovefunksjon (ekstra ribbbunn f\u00f8lger med) (Madrassm\u00e5l til ekstraseng skal v\u00e6re 10 cm kortere enn sengens lengde og ha tykkelse p\u00e5 maks 9 cm. Til seng Astrid 80&#215;160 = 1 stk madrass 80&#215;150)<\/li>\n<\/ul>\n<p><strong>H\u00f8yde : <\/strong>Sengens totale h\u00f8yde avhenger av lengden p\u00e5 den valgte sengen (se nedenfor detaljer) <\/p>\n<ul>\n<li>Lengde 120 cm &#8211; totalh\u00f8yde 140 cm<\/li>\n<li>Lengde 140 cm &#8211; totalh\u00f8yde 145 cm<\/li>\n<li>Lengde 160 cm &#8211; totalh\u00f8yde 150 cm<\/li>\n<li>Lengde 180 cm &#8211; totalh\u00f8yde 155 cm<\/li>\n<li>Lengde 190 cm &#8211; totalh\u00f8yde 160 cm<\/li>\n<li>Lengde 200 cm &#8211; totalh\u00f8yde 160,5 cm<\/li>\n<\/ul>\n<p><strong>Materiale<\/strong>: <\/p>\n<ul>\n<li>Alle senger bygges for h\u00e5nd av limtre av h\u00f8yeste klasse. Limtre har fordelen sammenlignet med massivt tre, at de ikke sprekker og at det ikke finnes noen kvister som p\u00e5virker utseendet. Alle deler er n\u00f8ye slipt for h\u00e5nd, og kantene er avrundet, alt for beste f\u00f8lelse og deres sikkerhet.<\/li>\n<\/ul>\n<p>&nbsp; <\/p>\n<p><em>OBS! Dette er en seng tilvirket og tilpasset for barn. <em>Sengen leveres umontert og b\u00f8r settes sammen i rommet den skal brukes i.<\/em><\/em><\/p>\n","protected":false},"excerpt":{"rendered":"<p>Dette er barnesengen Astrid som er laget i en klassisk stil som vi vet er meget popul\u00e6r i mange barnerom. Vi er stolte over \u00e5 kunne tilby denne fine barnesengen med tak og skorstein. Vi lover at sengen vil bli ditt barns favoritt, og ikke bare for \u00e5 sove i da den med enkle midler [&hellip;]<\/p>\n","protected":false},"featured_media":36630,"comment_status":"open","ping_status":"closed","template":"","meta":{"_acf_changed":false},"product_brand":[600],"product_cat":[602,217,269,601,40,1712],"product_tag":[1689],"class_list":{"0":"post-36628","1":"product","2":"type-product","3":"status-publish","4":"has-post-thumbnail","6":"product_brand-luletto","7":"product_cat-babylove-lul","8":"product_cat-sengesanger","9":"product_cat-juniorsenger","10":"product_cat-baby","11":"product_cat-soverom-barn","12":"product_cat-uttrekkbare-senger","13":"product_tag-bestillingsvaror","14":"pa_farg-gra","15":"pa_farg-vit","16":"pa_farg-lackad","17":"pa_farg-naturfargad","18":"pa_forvaringslada-med-sovfunkt-ja","19":"pa_forvaringslada-med-sovfunkt-nej","20":"pa_storlek-100x200-hojd-1605-cm","21":"pa_storlek-60x120-hojd-140-cm","22":"pa_storlek-70x140-hojd-145-cm","23":"pa_storlek-70x160-hojd-150-cm","24":"pa_storlek-80x140-hojd-145-cm","25":"pa_storlek-80x160-hojd-150-cm","26":"pa_storlek-80x180-hojd-155-cm","27":"pa_storlek-80x190-hojd-160-cm","28":"pa_storlek-90x160-hojd-150-cm","29":"pa_storlek-90x180-hojd-155-cm","30":"pa_storlek-90x190-hojd-160-cm","31":"pa_storlek-90x200-hojd-1605-cm","33":"first","34":"instock","35":"taxable","36":"shipping-taxable","37":"purchasable","38":"product-type-variable"},"acf":[],"yoast_head":"<!-- This site is optimized with the Yoast SEO Premium plugin v25.8 (Yoast SEO v27.2) - https:\/\/yoast.com\/product\/yoast-seo-premium-wordpress\/ -->\n<title>Huss\u00e4ng Astrid | Huss\u00e4ng till barnrummet | Babylove.se<\/title>\n<meta name=\"description\" content=\"Fantastisk Huss\u00e4ng i Tr\u00e4 i olika varianter ! - H\u00f6g Kvalitet - FRI Frakt \u00f6ver 999 kr - Snabba Leveranser - Betala med Klarna Faktura - V\u00e4lkommen!\" \/>\n<meta name=\"robots\" content=\"noindex, follow, max-snippet:-1, max-image-preview:large, max-video-preview:-1\" \/>\n<meta property=\"og:locale\" content=\"nb_NO\" \/>\n<meta property=\"og:type\" content=\"article\" \/>\n<meta property=\"og:title\" content=\"Husseng Astrid med oppbevaringskasse\/ekstraseng\" \/>\n<meta property=\"og:description\" content=\"Fantastisk Huss\u00e4ng i Tr\u00e4 i olika varianter ! - H\u00f6g Kvalitet - FRI Frakt \u00f6ver 999 kr - Snabba Leveranser - Betala med Klarna Faktura - V\u00e4lkommen!\" \/>\n<meta property=\"og:url\" content=\"https:\/\/babylove.se\/no\/produkt\/hussang-astrid-med-oppbevaringskasse-ekstraseng\/\" \/>\n<meta property=\"og:site_name\" content=\"Babylove Norska\" \/>\n<meta property=\"article:modified_time\" content=\"2026-04-08T11:25:54+00:00\" \/>\n<meta property=\"og:image\" content=\"https:\/\/babylove.se\/no\/wp-content\/uploads\/sites\/3\/2025\/07\/62855b0377d73.jpeg\" \/>\n\t<meta property=\"og:image:width\" content=\"800\" \/>\n\t<meta property=\"og:image:height\" content=\"800\" \/>\n\t<meta property=\"og:image:type\" content=\"image\/jpeg\" \/>\n<meta name=\"twitter:card\" content=\"summary_large_image\" \/>\n<meta name=\"twitter:label1\" content=\"Availability\" \/>\n\t<meta name=\"twitter:data1\" content=\"In stock\" \/>\n<script type=\"application\/ld+json\" class=\"yoast-schema-graph\">{\"@context\":\"https:\/\/schema.org\",\"@graph\":[{\"@type\":\"WebPage\",\"@id\":\"https:\/\/babylove.se\/no\/produkt\/hussang-astrid-med-oppbevaringskasse-ekstraseng\/\",\"url\":\"https:\/\/babylove.se\/no\/produkt\/hussang-astrid-med-oppbevaringskasse-ekstraseng\/\",\"name\":\"Huss\u00e4ng Astrid | Huss\u00e4ng till barnrummet | Babylove.se\",\"isPartOf\":{\"@id\":\"https:\/\/babylove.se\/no\/#website\"},\"primaryImageOfPage\":{\"@id\":\"https:\/\/babylove.se\/no\/produkt\/hussang-astrid-med-oppbevaringskasse-ekstraseng\/#primaryimage\"},\"image\":{\"@id\":\"https:\/\/babylove.se\/no\/produkt\/hussang-astrid-med-oppbevaringskasse-ekstraseng\/#primaryimage\"},\"thumbnailUrl\":\"https:\/\/babylove.se\/no\/wp-content\/uploads\/sites\/3\/2025\/07\/62855b0377d73.jpeg\",\"datePublished\":\"2025-07-19T00:25:17+00:00\",\"dateModified\":\"2026-04-08T11:25:54+00:00\",\"description\":\"Fantastisk Huss\u00e4ng i Tr\u00e4 i olika varianter ! - H\u00f6g Kvalitet - FRI Frakt \u00f6ver 999 kr - Snabba Leveranser - Betala med Klarna Faktura - V\u00e4lkommen!\",\"breadcrumb\":{\"@id\":\"https:\/\/babylove.se\/no\/produkt\/hussang-astrid-med-oppbevaringskasse-ekstraseng\/#breadcrumb\"},\"inLanguage\":\"nb-NO\",\"potentialAction\":[{\"@type\":\"ReadAction\",\"target\":[\"https:\/\/babylove.se\/no\/produkt\/hussang-astrid-med-oppbevaringskasse-ekstraseng\/\"]}]},{\"@type\":\"ImageObject\",\"inLanguage\":\"nb-NO\",\"@id\":\"https:\/\/babylove.se\/no\/produkt\/hussang-astrid-med-oppbevaringskasse-ekstraseng\/#primaryimage\",\"url\":\"https:\/\/babylove.se\/no\/wp-content\/uploads\/sites\/3\/2025\/07\/62855b0377d73.jpeg\",\"contentUrl\":\"https:\/\/babylove.se\/no\/wp-content\/uploads\/sites\/3\/2025\/07\/62855b0377d73.jpeg\",\"width\":800,\"height\":800},{\"@type\":\"BreadcrumbList\",\"@id\":\"https:\/\/babylove.se\/no\/produkt\/hussang-astrid-med-oppbevaringskasse-ekstraseng\/#breadcrumb\",\"itemListElement\":[{\"@type\":\"ListItem\",\"position\":1,\"name\":\"Hem\",\"item\":\"https:\/\/babylove.se\/no\/\"},{\"@type\":\"ListItem\",\"position\":2,\"name\":\"Butik\",\"item\":\"https:\/\/babylove.se\/no\/butik\/\"},{\"@type\":\"ListItem\",\"position\":3,\"name\":\"Husseng Astrid med oppbevaringskasse\/ekstraseng\"}]},{\"@type\":\"WebSite\",\"@id\":\"https:\/\/babylove.se\/no\/#website\",\"url\":\"https:\/\/babylove.se\/no\/\",\"name\":\"Babylove Norska\",\"description\":\"\",\"potentialAction\":[{\"@type\":\"SearchAction\",\"target\":{\"@type\":\"EntryPoint\",\"urlTemplate\":\"https:\/\/babylove.se\/no\/?s={search_term_string}\"},\"query-input\":{\"@type\":\"PropertyValueSpecification\",\"valueRequired\":true,\"valueName\":\"search_term_string\"}}],\"inLanguage\":\"nb-NO\"}]}<\/script>\n<meta property=\"product:brand\" content=\"Luletto\" \/>\n<meta property=\"og:availability\" content=\"instock\" \/>\n<meta property=\"product:availability\" content=\"instock\" \/>\n<meta property=\"product:retailer_item_id\" content=\"Naturf\u00e4rgad-Astrid--60x120-Inget\" \/>\n<meta property=\"product:condition\" content=\"new\" \/>\n<!-- \/ Yoast SEO Premium plugin. -->","yoast_head_json":{"title":"Huss\u00e4ng Astrid | Huss\u00e4ng till barnrummet | Babylove.se","description":"Fantastisk Huss\u00e4ng i Tr\u00e4 i olika varianter ! - H\u00f6g Kvalitet - FRI Frakt \u00f6ver 999 kr - Snabba Leveranser - Betala med Klarna Faktura - V\u00e4lkommen!","robots":{"index":"noindex","follow":"follow","max-snippet":"max-snippet:-1","max-image-preview":"max-image-preview:large","max-video-preview":"max-video-preview:-1"},"og_locale":"nb_NO","og_type":"article","og_title":"Husseng Astrid med oppbevaringskasse\/ekstraseng","og_description":"Fantastisk Huss\u00e4ng i Tr\u00e4 i olika varianter ! - H\u00f6g Kvalitet - FRI Frakt \u00f6ver 999 kr - Snabba Leveranser - Betala med Klarna Faktura - V\u00e4lkommen!","og_url":"https:\/\/babylove.se\/no\/produkt\/hussang-astrid-med-oppbevaringskasse-ekstraseng\/","og_site_name":"Babylove Norska","article_modified_time":"2026-04-08T11:25:54+00:00","og_image":[{"width":800,"height":800,"url":"https:\/\/babylove.se\/no\/wp-content\/uploads\/sites\/3\/2025\/07\/62855b0377d73.jpeg","type":"image\/jpeg"}],"twitter_card":"summary_large_image","twitter_misc":{"Availability":"In stock"},"schema":{"@context":"https:\/\/schema.org","@graph":[{"@type":"WebPage","@id":"https:\/\/babylove.se\/no\/produkt\/hussang-astrid-med-oppbevaringskasse-ekstraseng\/","url":"https:\/\/babylove.se\/no\/produkt\/hussang-astrid-med-oppbevaringskasse-ekstraseng\/","name":"Huss\u00e4ng Astrid | Huss\u00e4ng till barnrummet | Babylove.se","isPartOf":{"@id":"https:\/\/babylove.se\/no\/#website"},"primaryImageOfPage":{"@id":"https:\/\/babylove.se\/no\/produkt\/hussang-astrid-med-oppbevaringskasse-ekstraseng\/#primaryimage"},"image":{"@id":"https:\/\/babylove.se\/no\/produkt\/hussang-astrid-med-oppbevaringskasse-ekstraseng\/#primaryimage"},"thumbnailUrl":"https:\/\/babylove.se\/no\/wp-content\/uploads\/sites\/3\/2025\/07\/62855b0377d73.jpeg","datePublished":"2025-07-19T00:25:17+00:00","dateModified":"2026-04-08T11:25:54+00:00","description":"Fantastisk Huss\u00e4ng i Tr\u00e4 i olika varianter ! - H\u00f6g Kvalitet - FRI Frakt \u00f6ver 999 kr - Snabba Leveranser - Betala med Klarna Faktura - V\u00e4lkommen!","breadcrumb":{"@id":"https:\/\/babylove.se\/no\/produkt\/hussang-astrid-med-oppbevaringskasse-ekstraseng\/#breadcrumb"},"inLanguage":"nb-NO","potentialAction":[{"@type":"ReadAction","target":["https:\/\/babylove.se\/no\/produkt\/hussang-astrid-med-oppbevaringskasse-ekstraseng\/"]}]},{"@type":"ImageObject","inLanguage":"nb-NO","@id":"https:\/\/babylove.se\/no\/produkt\/hussang-astrid-med-oppbevaringskasse-ekstraseng\/#primaryimage","url":"https:\/\/babylove.se\/no\/wp-content\/uploads\/sites\/3\/2025\/07\/62855b0377d73.jpeg","contentUrl":"https:\/\/babylove.se\/no\/wp-content\/uploads\/sites\/3\/2025\/07\/62855b0377d73.jpeg","width":800,"height":800},{"@type":"BreadcrumbList","@id":"https:\/\/babylove.se\/no\/produkt\/hussang-astrid-med-oppbevaringskasse-ekstraseng\/#breadcrumb","itemListElement":[{"@type":"ListItem","position":1,"name":"Hem","item":"https:\/\/babylove.se\/no\/"},{"@type":"ListItem","position":2,"name":"Butik","item":"https:\/\/babylove.se\/no\/butik\/"},{"@type":"ListItem","position":3,"name":"Husseng Astrid med oppbevaringskasse\/ekstraseng"}]},{"@type":"WebSite","@id":"https:\/\/babylove.se\/no\/#website","url":"https:\/\/babylove.se\/no\/","name":"Babylove Norska","description":"","potentialAction":[{"@type":"SearchAction","target":{"@type":"EntryPoint","urlTemplate":"https:\/\/babylove.se\/no\/?s={search_term_string}"},"query-input":{"@type":"PropertyValueSpecification","valueRequired":true,"valueName":"search_term_string"}}],"inLanguage":"nb-NO"}]},"product_brand":"Luletto","og_availability":"instock","product_availability":"instock","product_retailer_item_id":"Naturf\u00e4rgad-Astrid--60x120-Inget","product_condition":"new"},"_links":{"self":[{"href":"https:\/\/babylove.se\/no\/wp-json\/wp\/v2\/product\/36628","targetHints":{"allow":["GET"]}}],"collection":[{"href":"https:\/\/babylove.se\/no\/wp-json\/wp\/v2\/product"}],"about":[{"href":"https:\/\/babylove.se\/no\/wp-json\/wp\/v2\/types\/product"}],"replies":[{"embeddable":true,"href":"https:\/\/babylove.se\/no\/wp-json\/wp\/v2\/comments?post=36628"}],"wp:featuredmedia":[{"embeddable":true,"href":"https:\/\/babylove.se\/no\/wp-json\/wp\/v2\/media\/36630"}],"wp:attachment":[{"href":"https:\/\/babylove.se\/no\/wp-json\/wp\/v2\/media?parent=36628"}],"wp:term":[{"taxonomy":"product_brand","embeddable":true,"href":"https:\/\/babylove.se\/no\/wp-json\/wp\/v2\/product_brand?post=36628"},{"taxonomy":"product_cat","embeddable":true,"href":"https:\/\/babylove.se\/no\/wp-json\/wp\/v2\/product_cat?post=36628"},{"taxonomy":"product_tag","embeddable":true,"href":"https:\/\/babylove.se\/no\/wp-json\/wp\/v2\/product_tag?post=36628"}],"curies":[{"name":"wp","href":"https:\/\/api.w.org\/{rel}","templated":true}]}}