{"id":36733,"date":"2025-07-19T01:26:50","date_gmt":"2025-07-19T00:26:50","guid":{"rendered":"https:\/\/babylove.se\/produkt\/liewood-maru-haklapp-i-silikon-3-pack-rose-multi-mix\/"},"modified":"2026-04-08T12:26:00","modified_gmt":"2026-04-08T11:26:00","slug":"liewood-maru-smekke-i-silikon-3-pack-rose-multi-mix","status":"publish","type":"product","link":"https:\/\/babylove.se\/no\/produkt\/liewood-maru-smekke-i-silikon-3-pack-rose-multi-mix\/","title":{"rendered":"Liewood, Maru smekke i silikon 3-pakk, Rose multi mix"},"content":{"rendered":"<p>En fin og meget praktisk 3-pakke med s\u00f8te smekker fra det danske selskapet Liewood som gj\u00f8r m\u00e5ltiden til en behagelig stund for b\u00e5de deg og ditt barn. Forh\u00e5pentligvis blir den ogs\u00e5 noe mindre klissete og du kan enkelt rengj\u00f8re smekken med en fuktig klut eller i oppvaskmaskin! <\/p>\n<p>Match den gjerne med andre fine produkter i samme type kolleksjon. <\/p>\n<p><strong>Materiale<\/strong>: 100 % silikon <\/p>\n<p><strong>M\u00e5l<\/strong>: 29 x 22 cm, 3-pakke ! <\/p>\n<p>Designer: <a href=\"https:\/\/babylove.se\/varumarken\/liewood\"><u>Liewood<\/u><\/a><\/p>\n","protected":false},"excerpt":{"rendered":"<p>En fin og meget praktisk 3-pakke med s\u00f8te smekker fra det danske selskapet Liewood som gj\u00f8r m\u00e5ltiden til en behagelig stund for b\u00e5de deg og ditt barn. Forh\u00e5pentligvis blir den ogs\u00e5 noe mindre klissete og du kan enkelt rengj\u00f8re smekken med en fuktig klut eller i oppvaskmaskin! Match den gjerne med andre fine produkter i [&hellip;]<\/p>\n","protected":false},"featured_media":36735,"comment_status":"closed","ping_status":"closed","template":"","meta":{"_acf_changed":false},"product_brand":[282],"product_cat":[283,206],"product_tag":[],"class_list":{"0":"post-36733","1":"product","2":"type-product","3":"status-publish","4":"has-post-thumbnail","6":"product_brand-liewood","7":"product_cat-liewood","8":"product_cat-smekker","10":"first","11":"outofstock","12":"taxable","13":"shipping-taxable","14":"purchasable","15":"product-type-simple"},"acf":[],"yoast_head":"<!-- This site is optimized with the Yoast SEO Premium plugin v25.8 (Yoast SEO v27.2) - https:\/\/yoast.com\/product\/yoast-seo-premium-wordpress\/ -->\n<title>Liewood, Maru smekke i silikon 3-pakk, Rose multi mix - Babylove Norska<\/title>\n<meta name=\"robots\" content=\"noindex, follow, max-snippet:-1, max-image-preview:large, max-video-preview:-1\" \/>\n<meta property=\"og:locale\" content=\"nb_NO\" \/>\n<meta property=\"og:type\" content=\"article\" \/>\n<meta property=\"og:title\" content=\"Liewood, Maru smekke i silikon 3-pakk, Rose multi mix\" \/>\n<meta property=\"og:description\" content=\"En fin og meget praktisk 3-pakke med s\u00f8te smekker fra det danske selskapet Liewood som gj\u00f8r m\u00e5ltiden til en behagelig stund for b\u00e5de deg og ditt barn. Forh\u00e5pentligvis blir den ogs\u00e5 noe mindre klissete og du kan enkelt rengj\u00f8re smekken med en fuktig klut eller i oppvaskmaskin! Match den gjerne med andre fine produkter i [&hellip;]\" \/>\n<meta property=\"og:url\" content=\"https:\/\/babylove.se\/no\/produkt\/liewood-maru-smekke-i-silikon-3-pack-rose-multi-mix\/\" \/>\n<meta property=\"og:site_name\" content=\"Babylove Norska\" \/>\n<meta property=\"article:modified_time\" content=\"2026-04-08T11:26:00+00:00\" \/>\n<meta property=\"og:image\" content=\"https:\/\/babylove.se\/no\/wp-content\/uploads\/sites\/3\/2025\/07\/6286200b51b49.png\" \/>\n\t<meta property=\"og:image:width\" content=\"1200\" \/>\n\t<meta property=\"og:image:height\" content=\"1200\" \/>\n\t<meta property=\"og:image:type\" content=\"image\/webp\" \/>\n<meta name=\"twitter:card\" content=\"summary_large_image\" \/>\n<meta name=\"twitter:label1\" content=\"Price\" \/>\n\t<meta name=\"twitter:data1\" content=\"249,00&nbsp;&#107;&#114;\" \/>\n\t<meta name=\"twitter:label2\" content=\"Availability\" \/>\n\t<meta name=\"twitter:data2\" content=\"Out of stock\" \/>\n<script type=\"application\/ld+json\" class=\"yoast-schema-graph\">{\"@context\":\"https:\/\/schema.org\",\"@graph\":[{\"@type\":\"WebPage\",\"@id\":\"https:\/\/babylove.se\/no\/produkt\/liewood-maru-smekke-i-silikon-3-pack-rose-multi-mix\/\",\"url\":\"https:\/\/babylove.se\/no\/produkt\/liewood-maru-smekke-i-silikon-3-pack-rose-multi-mix\/\",\"name\":\"Liewood, Maru smekke i silikon 3-pakk, Rose multi mix - Babylove Norska\",\"isPartOf\":{\"@id\":\"https:\/\/babylove.se\/no\/#website\"},\"primaryImageOfPage\":{\"@id\":\"https:\/\/babylove.se\/no\/produkt\/liewood-maru-smekke-i-silikon-3-pack-rose-multi-mix\/#primaryimage\"},\"image\":{\"@id\":\"https:\/\/babylove.se\/no\/produkt\/liewood-maru-smekke-i-silikon-3-pack-rose-multi-mix\/#primaryimage\"},\"thumbnailUrl\":\"https:\/\/babylove.se\/no\/wp-content\/uploads\/sites\/3\/2025\/07\/6286200b51b49.png\",\"datePublished\":\"2025-07-19T00:26:50+00:00\",\"dateModified\":\"2026-04-08T11:26:00+00:00\",\"breadcrumb\":{\"@id\":\"https:\/\/babylove.se\/no\/produkt\/liewood-maru-smekke-i-silikon-3-pack-rose-multi-mix\/#breadcrumb\"},\"inLanguage\":\"nb-NO\",\"potentialAction\":[{\"@type\":\"ReadAction\",\"target\":[\"https:\/\/babylove.se\/no\/produkt\/liewood-maru-smekke-i-silikon-3-pack-rose-multi-mix\/\"]}]},{\"@type\":\"ImageObject\",\"inLanguage\":\"nb-NO\",\"@id\":\"https:\/\/babylove.se\/no\/produkt\/liewood-maru-smekke-i-silikon-3-pack-rose-multi-mix\/#primaryimage\",\"url\":\"https:\/\/babylove.se\/no\/wp-content\/uploads\/sites\/3\/2025\/07\/6286200b51b49.png\",\"contentUrl\":\"https:\/\/babylove.se\/no\/wp-content\/uploads\/sites\/3\/2025\/07\/6286200b51b49.png\",\"width\":1200,\"height\":1200},{\"@type\":\"BreadcrumbList\",\"@id\":\"https:\/\/babylove.se\/no\/produkt\/liewood-maru-smekke-i-silikon-3-pack-rose-multi-mix\/#breadcrumb\",\"itemListElement\":[{\"@type\":\"ListItem\",\"position\":1,\"name\":\"Hem\",\"item\":\"https:\/\/babylove.se\/no\/\"},{\"@type\":\"ListItem\",\"position\":2,\"name\":\"Butik\",\"item\":\"https:\/\/babylove.se\/no\/butik\/\"},{\"@type\":\"ListItem\",\"position\":3,\"name\":\"Liewood, Maru smekke i silikon 3-pakk, Rose multi mix\"}]},{\"@type\":\"WebSite\",\"@id\":\"https:\/\/babylove.se\/no\/#website\",\"url\":\"https:\/\/babylove.se\/no\/\",\"name\":\"Babylove Norska\",\"description\":\"\",\"potentialAction\":[{\"@type\":\"SearchAction\",\"target\":{\"@type\":\"EntryPoint\",\"urlTemplate\":\"https:\/\/babylove.se\/no\/?s={search_term_string}\"},\"query-input\":{\"@type\":\"PropertyValueSpecification\",\"valueRequired\":true,\"valueName\":\"search_term_string\"}}],\"inLanguage\":\"nb-NO\"}]}<\/script>\n<meta property=\"product:brand\" content=\"Liewood\" \/>\n<meta property=\"product:price:amount\" content=\"249.00\" \/>\n<meta property=\"product:price:currency\" content=\"SEK\" \/>\n<meta property=\"og:availability\" content=\"out of stock\" \/>\n<meta property=\"product:availability\" content=\"out of stock\" \/>\n<meta property=\"product:retailer_item_id\" content=\"LW130002255\" \/>\n<meta property=\"product:condition\" content=\"new\" \/>\n<!-- \/ Yoast SEO Premium plugin. -->","yoast_head_json":{"title":"Liewood, Maru smekke i silikon 3-pakk, Rose multi mix - Babylove Norska","robots":{"index":"noindex","follow":"follow","max-snippet":"max-snippet:-1","max-image-preview":"max-image-preview:large","max-video-preview":"max-video-preview:-1"},"og_locale":"nb_NO","og_type":"article","og_title":"Liewood, Maru smekke i silikon 3-pakk, Rose multi mix","og_description":"En fin og meget praktisk 3-pakke med s\u00f8te smekker fra det danske selskapet Liewood som gj\u00f8r m\u00e5ltiden til en behagelig stund for b\u00e5de deg og ditt barn. Forh\u00e5pentligvis blir den ogs\u00e5 noe mindre klissete og du kan enkelt rengj\u00f8re smekken med en fuktig klut eller i oppvaskmaskin! Match den gjerne med andre fine produkter i [&hellip;]","og_url":"https:\/\/babylove.se\/no\/produkt\/liewood-maru-smekke-i-silikon-3-pack-rose-multi-mix\/","og_site_name":"Babylove Norska","article_modified_time":"2026-04-08T11:26:00+00:00","og_image":[{"width":1200,"height":1200,"url":"https:\/\/babylove.se\/no\/wp-content\/uploads\/sites\/3\/2025\/07\/6286200b51b49.png","type":"image\/webp"}],"twitter_card":"summary_large_image","twitter_misc":{"Price":"249,00&nbsp;&#107;&#114;","Availability":"Out of stock"},"schema":{"@context":"https:\/\/schema.org","@graph":[{"@type":"WebPage","@id":"https:\/\/babylove.se\/no\/produkt\/liewood-maru-smekke-i-silikon-3-pack-rose-multi-mix\/","url":"https:\/\/babylove.se\/no\/produkt\/liewood-maru-smekke-i-silikon-3-pack-rose-multi-mix\/","name":"Liewood, Maru smekke i silikon 3-pakk, Rose multi mix - Babylove Norska","isPartOf":{"@id":"https:\/\/babylove.se\/no\/#website"},"primaryImageOfPage":{"@id":"https:\/\/babylove.se\/no\/produkt\/liewood-maru-smekke-i-silikon-3-pack-rose-multi-mix\/#primaryimage"},"image":{"@id":"https:\/\/babylove.se\/no\/produkt\/liewood-maru-smekke-i-silikon-3-pack-rose-multi-mix\/#primaryimage"},"thumbnailUrl":"https:\/\/babylove.se\/no\/wp-content\/uploads\/sites\/3\/2025\/07\/6286200b51b49.png","datePublished":"2025-07-19T00:26:50+00:00","dateModified":"2026-04-08T11:26:00+00:00","breadcrumb":{"@id":"https:\/\/babylove.se\/no\/produkt\/liewood-maru-smekke-i-silikon-3-pack-rose-multi-mix\/#breadcrumb"},"inLanguage":"nb-NO","potentialAction":[{"@type":"ReadAction","target":["https:\/\/babylove.se\/no\/produkt\/liewood-maru-smekke-i-silikon-3-pack-rose-multi-mix\/"]}]},{"@type":"ImageObject","inLanguage":"nb-NO","@id":"https:\/\/babylove.se\/no\/produkt\/liewood-maru-smekke-i-silikon-3-pack-rose-multi-mix\/#primaryimage","url":"https:\/\/babylove.se\/no\/wp-content\/uploads\/sites\/3\/2025\/07\/6286200b51b49.png","contentUrl":"https:\/\/babylove.se\/no\/wp-content\/uploads\/sites\/3\/2025\/07\/6286200b51b49.png","width":1200,"height":1200},{"@type":"BreadcrumbList","@id":"https:\/\/babylove.se\/no\/produkt\/liewood-maru-smekke-i-silikon-3-pack-rose-multi-mix\/#breadcrumb","itemListElement":[{"@type":"ListItem","position":1,"name":"Hem","item":"https:\/\/babylove.se\/no\/"},{"@type":"ListItem","position":2,"name":"Butik","item":"https:\/\/babylove.se\/no\/butik\/"},{"@type":"ListItem","position":3,"name":"Liewood, Maru smekke i silikon 3-pakk, Rose multi mix"}]},{"@type":"WebSite","@id":"https:\/\/babylove.se\/no\/#website","url":"https:\/\/babylove.se\/no\/","name":"Babylove Norska","description":"","potentialAction":[{"@type":"SearchAction","target":{"@type":"EntryPoint","urlTemplate":"https:\/\/babylove.se\/no\/?s={search_term_string}"},"query-input":{"@type":"PropertyValueSpecification","valueRequired":true,"valueName":"search_term_string"}}],"inLanguage":"nb-NO"}]},"product_brand":"Liewood","product_price_amount":"249.00","product_price_currency":"SEK","og_availability":"out of stock","product_availability":"out of stock","product_retailer_item_id":"LW130002255","product_condition":"new"},"_links":{"self":[{"href":"https:\/\/babylove.se\/no\/wp-json\/wp\/v2\/product\/36733","targetHints":{"allow":["GET"]}}],"collection":[{"href":"https:\/\/babylove.se\/no\/wp-json\/wp\/v2\/product"}],"about":[{"href":"https:\/\/babylove.se\/no\/wp-json\/wp\/v2\/types\/product"}],"replies":[{"embeddable":true,"href":"https:\/\/babylove.se\/no\/wp-json\/wp\/v2\/comments?post=36733"}],"wp:featuredmedia":[{"embeddable":true,"href":"https:\/\/babylove.se\/no\/wp-json\/wp\/v2\/media\/36735"}],"wp:attachment":[{"href":"https:\/\/babylove.se\/no\/wp-json\/wp\/v2\/media?parent=36733"}],"wp:term":[{"taxonomy":"product_brand","embeddable":true,"href":"https:\/\/babylove.se\/no\/wp-json\/wp\/v2\/product_brand?post=36733"},{"taxonomy":"product_cat","embeddable":true,"href":"https:\/\/babylove.se\/no\/wp-json\/wp\/v2\/product_cat?post=36733"},{"taxonomy":"product_tag","embeddable":true,"href":"https:\/\/babylove.se\/no\/wp-json\/wp\/v2\/product_tag?post=36733"}],"curies":[{"name":"wp","href":"https:\/\/api.w.org\/{rel}","templated":true}]}}