{"id":37425,"date":"2025-07-19T01:36:45","date_gmt":"2025-07-19T00:36:45","guid":{"rendered":"https:\/\/babylove.se\/produkt\/stickstay-jordnara-mini-regnbage-7-pack-vaggklistermarken\/"},"modified":"2026-04-08T12:28:03","modified_gmt":"2026-04-08T11:28:03","slug":"stickstay-jordnaere-mini-regnbue-7-pack-veggklistremerker","status":"publish","type":"product","link":"https:\/\/babylove.se\/no\/produkt\/stickstay-jordnaere-mini-regnbue-7-pack-veggklistremerker\/","title":{"rendered":"Stickstay, Jordn\u00e6re mini regnbue 7-pakk, veggklistremerker"},"content":{"rendered":"<p>Eventyrlige veggklistremerker fra svenske Stickstay. Disse veggklistremerkene fra Stickstay er helt flyttbare (som gj\u00f8r at du kan la kreativiteten flyte) og passer p\u00e5 b\u00e5de malte vegger og malte eller tykke tapeter. Dette er wallstickers av h\u00f8yeste kvalitet. De har en holdbarhet som normalt er sv\u00e6rt lang og de er dessuten resirkulerbare. \\n \\nM\u00e5l: 7 cm brede. Totalt medf\u00f8lger 7 stk regnbuer. \\n \\nMateriale: Vinylplast (<em>Resirkulerbar selvf\u00f8lgelig<\/em>) \\n \\nProdusert i Sverige og h\u00e5ndskissert design av Lisa Flodmark. \\n \\nDesigner: <a href=\"https:\/\/babylove.se\/inredning-barnrum-pojke\/stickstay\"><u>Stickstay<\/u><\/a><\/p>\n","protected":false},"excerpt":{"rendered":"<p>Eventyrlige veggklistremerker fra svenske Stickstay. Disse veggklistremerkene fra Stickstay er helt flyttbare (som gj\u00f8r at du kan la kreativiteten flyte) og passer p\u00e5 b\u00e5de malte vegger og malte eller tykke tapeter. Dette er wallstickers av h\u00f8yeste kvalitet. De har en holdbarhet som normalt er sv\u00e6rt lang og de er dessuten resirkulerbare. \\n \\nM\u00e5l: 7 cm [&hellip;]<\/p>\n","protected":false},"featured_media":37427,"comment_status":"closed","ping_status":"closed","template":"","meta":{"_acf_changed":false},"product_brand":[236],"product_cat":[248,237,29,24],"product_tag":[],"class_list":{"0":"post-37425","1":"product","2":"type-product","3":"status-publish","4":"has-post-thumbnail","6":"product_brand-stickstay","7":"product_cat-regnbue","8":"product_cat-stickstay","9":"product_cat-veggdekorasjoner","10":"product_cat-veggklistremerker","12":"first","13":"outofstock","14":"taxable","15":"shipping-taxable","16":"purchasable","17":"product-type-simple"},"acf":[],"yoast_head":"<!-- This site is optimized with the Yoast SEO Premium plugin v25.8 (Yoast SEO v27.2) - https:\/\/yoast.com\/product\/yoast-seo-premium-wordpress\/ -->\n<title>Stickstay, Jordn\u00e6re mini regnbue 7-pakk, veggklistremerker - Babylove Norska<\/title>\n<meta name=\"robots\" content=\"noindex, follow, max-snippet:-1, max-image-preview:large, max-video-preview:-1\" \/>\n<meta property=\"og:locale\" content=\"nb_NO\" \/>\n<meta property=\"og:type\" content=\"article\" \/>\n<meta property=\"og:title\" content=\"Stickstay, Jordn\u00e6re mini regnbue 7-pakk, veggklistremerker\" \/>\n<meta property=\"og:description\" content=\"Eventyrlige veggklistremerker fra svenske Stickstay. Disse veggklistremerkene fra Stickstay er helt flyttbare (som gj\u00f8r at du kan la kreativiteten flyte) og passer p\u00e5 b\u00e5de malte vegger og malte eller tykke tapeter. Dette er wallstickers av h\u00f8yeste kvalitet. De har en holdbarhet som normalt er sv\u00e6rt lang og de er dessuten resirkulerbare. n nM\u00e5l: 7 cm [&hellip;]\" \/>\n<meta property=\"og:url\" content=\"https:\/\/babylove.se\/no\/produkt\/stickstay-jordnaere-mini-regnbue-7-pack-veggklistremerker\/\" \/>\n<meta property=\"og:site_name\" content=\"Babylove Norska\" \/>\n<meta property=\"article:modified_time\" content=\"2026-04-08T11:28:03+00:00\" \/>\n<meta property=\"og:image\" content=\"https:\/\/babylove.se\/no\/wp-content\/uploads\/sites\/3\/2025\/07\/6294cea33aad7.jpeg\" \/>\n\t<meta property=\"og:image:width\" content=\"1000\" \/>\n\t<meta property=\"og:image:height\" content=\"1000\" \/>\n\t<meta property=\"og:image:type\" content=\"image\/jpeg\" \/>\n<meta name=\"twitter:card\" content=\"summary_large_image\" \/>\n<meta name=\"twitter:label1\" content=\"Price\" \/>\n\t<meta name=\"twitter:data1\" content=\"289,00&nbsp;&#107;&#114;\" \/>\n\t<meta name=\"twitter:label2\" content=\"Availability\" \/>\n\t<meta name=\"twitter:data2\" content=\"Out of stock\" \/>\n<script type=\"application\/ld+json\" class=\"yoast-schema-graph\">{\"@context\":\"https:\/\/schema.org\",\"@graph\":[{\"@type\":\"WebPage\",\"@id\":\"https:\/\/babylove.se\/no\/produkt\/stickstay-jordnaere-mini-regnbue-7-pack-veggklistremerker\/\",\"url\":\"https:\/\/babylove.se\/no\/produkt\/stickstay-jordnaere-mini-regnbue-7-pack-veggklistremerker\/\",\"name\":\"Stickstay, Jordn\u00e6re mini regnbue 7-pakk, veggklistremerker - Babylove Norska\",\"isPartOf\":{\"@id\":\"https:\/\/babylove.se\/no\/#website\"},\"primaryImageOfPage\":{\"@id\":\"https:\/\/babylove.se\/no\/produkt\/stickstay-jordnaere-mini-regnbue-7-pack-veggklistremerker\/#primaryimage\"},\"image\":{\"@id\":\"https:\/\/babylove.se\/no\/produkt\/stickstay-jordnaere-mini-regnbue-7-pack-veggklistremerker\/#primaryimage\"},\"thumbnailUrl\":\"https:\/\/babylove.se\/no\/wp-content\/uploads\/sites\/3\/2025\/07\/6294cea33aad7.jpeg\",\"datePublished\":\"2025-07-19T00:36:45+00:00\",\"dateModified\":\"2026-04-08T11:28:03+00:00\",\"breadcrumb\":{\"@id\":\"https:\/\/babylove.se\/no\/produkt\/stickstay-jordnaere-mini-regnbue-7-pack-veggklistremerker\/#breadcrumb\"},\"inLanguage\":\"nb-NO\",\"potentialAction\":[{\"@type\":\"ReadAction\",\"target\":[\"https:\/\/babylove.se\/no\/produkt\/stickstay-jordnaere-mini-regnbue-7-pack-veggklistremerker\/\"]}]},{\"@type\":\"ImageObject\",\"inLanguage\":\"nb-NO\",\"@id\":\"https:\/\/babylove.se\/no\/produkt\/stickstay-jordnaere-mini-regnbue-7-pack-veggklistremerker\/#primaryimage\",\"url\":\"https:\/\/babylove.se\/no\/wp-content\/uploads\/sites\/3\/2025\/07\/6294cea33aad7.jpeg\",\"contentUrl\":\"https:\/\/babylove.se\/no\/wp-content\/uploads\/sites\/3\/2025\/07\/6294cea33aad7.jpeg\",\"width\":1000,\"height\":1000},{\"@type\":\"BreadcrumbList\",\"@id\":\"https:\/\/babylove.se\/no\/produkt\/stickstay-jordnaere-mini-regnbue-7-pack-veggklistremerker\/#breadcrumb\",\"itemListElement\":[{\"@type\":\"ListItem\",\"position\":1,\"name\":\"Hem\",\"item\":\"https:\/\/babylove.se\/no\/\"},{\"@type\":\"ListItem\",\"position\":2,\"name\":\"Butik\",\"item\":\"https:\/\/babylove.se\/no\/butik\/\"},{\"@type\":\"ListItem\",\"position\":3,\"name\":\"Stickstay, Jordn\u00e6re mini regnbue 7-pakk, veggklistremerker\"}]},{\"@type\":\"WebSite\",\"@id\":\"https:\/\/babylove.se\/no\/#website\",\"url\":\"https:\/\/babylove.se\/no\/\",\"name\":\"Babylove Norska\",\"description\":\"\",\"potentialAction\":[{\"@type\":\"SearchAction\",\"target\":{\"@type\":\"EntryPoint\",\"urlTemplate\":\"https:\/\/babylove.se\/no\/?s={search_term_string}\"},\"query-input\":{\"@type\":\"PropertyValueSpecification\",\"valueRequired\":true,\"valueName\":\"search_term_string\"}}],\"inLanguage\":\"nb-NO\"}]}<\/script>\n<meta property=\"product:brand\" content=\"Stickstay\" \/>\n<meta property=\"product:price:amount\" content=\"289.00\" \/>\n<meta property=\"product:price:currency\" content=\"SEK\" \/>\n<meta property=\"og:availability\" content=\"out of stock\" \/>\n<meta property=\"product:availability\" content=\"out of stock\" \/>\n<meta property=\"product:retailer_item_id\" content=\"7350104864293\" \/>\n<meta property=\"product:condition\" content=\"new\" \/>\n<!-- \/ Yoast SEO Premium plugin. -->","yoast_head_json":{"title":"Stickstay, Jordn\u00e6re mini regnbue 7-pakk, veggklistremerker - Babylove Norska","robots":{"index":"noindex","follow":"follow","max-snippet":"max-snippet:-1","max-image-preview":"max-image-preview:large","max-video-preview":"max-video-preview:-1"},"og_locale":"nb_NO","og_type":"article","og_title":"Stickstay, Jordn\u00e6re mini regnbue 7-pakk, veggklistremerker","og_description":"Eventyrlige veggklistremerker fra svenske Stickstay. Disse veggklistremerkene fra Stickstay er helt flyttbare (som gj\u00f8r at du kan la kreativiteten flyte) og passer p\u00e5 b\u00e5de malte vegger og malte eller tykke tapeter. Dette er wallstickers av h\u00f8yeste kvalitet. De har en holdbarhet som normalt er sv\u00e6rt lang og de er dessuten resirkulerbare. n nM\u00e5l: 7 cm [&hellip;]","og_url":"https:\/\/babylove.se\/no\/produkt\/stickstay-jordnaere-mini-regnbue-7-pack-veggklistremerker\/","og_site_name":"Babylove Norska","article_modified_time":"2026-04-08T11:28:03+00:00","og_image":[{"width":1000,"height":1000,"url":"https:\/\/babylove.se\/no\/wp-content\/uploads\/sites\/3\/2025\/07\/6294cea33aad7.jpeg","type":"image\/jpeg"}],"twitter_card":"summary_large_image","twitter_misc":{"Price":"289,00&nbsp;&#107;&#114;","Availability":"Out of stock"},"schema":{"@context":"https:\/\/schema.org","@graph":[{"@type":"WebPage","@id":"https:\/\/babylove.se\/no\/produkt\/stickstay-jordnaere-mini-regnbue-7-pack-veggklistremerker\/","url":"https:\/\/babylove.se\/no\/produkt\/stickstay-jordnaere-mini-regnbue-7-pack-veggklistremerker\/","name":"Stickstay, Jordn\u00e6re mini regnbue 7-pakk, veggklistremerker - Babylove Norska","isPartOf":{"@id":"https:\/\/babylove.se\/no\/#website"},"primaryImageOfPage":{"@id":"https:\/\/babylove.se\/no\/produkt\/stickstay-jordnaere-mini-regnbue-7-pack-veggklistremerker\/#primaryimage"},"image":{"@id":"https:\/\/babylove.se\/no\/produkt\/stickstay-jordnaere-mini-regnbue-7-pack-veggklistremerker\/#primaryimage"},"thumbnailUrl":"https:\/\/babylove.se\/no\/wp-content\/uploads\/sites\/3\/2025\/07\/6294cea33aad7.jpeg","datePublished":"2025-07-19T00:36:45+00:00","dateModified":"2026-04-08T11:28:03+00:00","breadcrumb":{"@id":"https:\/\/babylove.se\/no\/produkt\/stickstay-jordnaere-mini-regnbue-7-pack-veggklistremerker\/#breadcrumb"},"inLanguage":"nb-NO","potentialAction":[{"@type":"ReadAction","target":["https:\/\/babylove.se\/no\/produkt\/stickstay-jordnaere-mini-regnbue-7-pack-veggklistremerker\/"]}]},{"@type":"ImageObject","inLanguage":"nb-NO","@id":"https:\/\/babylove.se\/no\/produkt\/stickstay-jordnaere-mini-regnbue-7-pack-veggklistremerker\/#primaryimage","url":"https:\/\/babylove.se\/no\/wp-content\/uploads\/sites\/3\/2025\/07\/6294cea33aad7.jpeg","contentUrl":"https:\/\/babylove.se\/no\/wp-content\/uploads\/sites\/3\/2025\/07\/6294cea33aad7.jpeg","width":1000,"height":1000},{"@type":"BreadcrumbList","@id":"https:\/\/babylove.se\/no\/produkt\/stickstay-jordnaere-mini-regnbue-7-pack-veggklistremerker\/#breadcrumb","itemListElement":[{"@type":"ListItem","position":1,"name":"Hem","item":"https:\/\/babylove.se\/no\/"},{"@type":"ListItem","position":2,"name":"Butik","item":"https:\/\/babylove.se\/no\/butik\/"},{"@type":"ListItem","position":3,"name":"Stickstay, Jordn\u00e6re mini regnbue 7-pakk, veggklistremerker"}]},{"@type":"WebSite","@id":"https:\/\/babylove.se\/no\/#website","url":"https:\/\/babylove.se\/no\/","name":"Babylove Norska","description":"","potentialAction":[{"@type":"SearchAction","target":{"@type":"EntryPoint","urlTemplate":"https:\/\/babylove.se\/no\/?s={search_term_string}"},"query-input":{"@type":"PropertyValueSpecification","valueRequired":true,"valueName":"search_term_string"}}],"inLanguage":"nb-NO"}]},"product_brand":"Stickstay","product_price_amount":"289.00","product_price_currency":"SEK","og_availability":"out of stock","product_availability":"out of stock","product_retailer_item_id":"7350104864293","product_condition":"new"},"_links":{"self":[{"href":"https:\/\/babylove.se\/no\/wp-json\/wp\/v2\/product\/37425","targetHints":{"allow":["GET"]}}],"collection":[{"href":"https:\/\/babylove.se\/no\/wp-json\/wp\/v2\/product"}],"about":[{"href":"https:\/\/babylove.se\/no\/wp-json\/wp\/v2\/types\/product"}],"replies":[{"embeddable":true,"href":"https:\/\/babylove.se\/no\/wp-json\/wp\/v2\/comments?post=37425"}],"wp:featuredmedia":[{"embeddable":true,"href":"https:\/\/babylove.se\/no\/wp-json\/wp\/v2\/media\/37427"}],"wp:attachment":[{"href":"https:\/\/babylove.se\/no\/wp-json\/wp\/v2\/media?parent=37425"}],"wp:term":[{"taxonomy":"product_brand","embeddable":true,"href":"https:\/\/babylove.se\/no\/wp-json\/wp\/v2\/product_brand?post=37425"},{"taxonomy":"product_cat","embeddable":true,"href":"https:\/\/babylove.se\/no\/wp-json\/wp\/v2\/product_cat?post=37425"},{"taxonomy":"product_tag","embeddable":true,"href":"https:\/\/babylove.se\/no\/wp-json\/wp\/v2\/product_tag?post=37425"}],"curies":[{"name":"wp","href":"https:\/\/api.w.org\/{rel}","templated":true}]}}