{"id":37429,"date":"2025-07-19T01:36:45","date_gmt":"2025-07-19T00:36:45","guid":{"rendered":"https:\/\/babylove.se\/produkt\/liewood-callum-leksaksservis-rose-multi-mix\/"},"modified":"2026-04-08T12:28:06","modified_gmt":"2026-04-08T11:28:06","slug":"liewood-callum-lekesett-rose-multi-mix","status":"publish","type":"product","link":"https:\/\/babylove.se\/no\/produkt\/liewood-callum-lekesett-rose-multi-mix\/","title":{"rendered":"Liewood, Callum lekeservis, Rose multi mix"},"content":{"rendered":"<p>Et fortryllende rosa lekesettservice fra danske Liewood. \u00c5 leke te- og middagsselskap gj\u00f8r mer nytte enn man kan tro. Det trener barnets motorikk og tankevirksomhet, men ogs\u00e5 \u00e5 bruke sin egen kreativitet. <span style=\"background-color: initial; text-align: initial;\">P\u00e5 tide \u00e5 invitere vennene p\u00e5 litt te og mat! <\/span> <\/p>\n<p>Settet inneholder alt som trengs for en koselig m\u00e5ltidsstund: <\/p>\n<ul>\n<li>4 tallerkener<\/li>\n<li>4 kopper<\/li>\n<li>4 skjeer<\/li>\n<\/ul>\n<p><span style=\"background-color: initial; text-align: initial;\">Passer perfekt i lekekj\u00f8kken!<\/span> <\/p>\n<p><strong>M\u00e5l<\/strong>: Tallerken: diameter 11 cm. Skje: 2,5 x 7,7 cm. Kopp: diameter 5,5 cm; h\u00f8yde 5,5 cm. <\/p>\n<p><strong>Materiale<\/strong>: 100% tre <\/p>\n<p>Designer: <a href=\"https:\/\/babylove.se\/varumarken\/liewood\">Liewood<\/a><\/p>\n","protected":false},"excerpt":{"rendered":"<p>Et fortryllende rosa lekesettservice fra danske Liewood. \u00c5 leke te- og middagsselskap gj\u00f8r mer nytte enn man kan tro. Det trener barnets motorikk og tankevirksomhet, men ogs\u00e5 \u00e5 bruke sin egen kreativitet. P\u00e5 tide \u00e5 invitere vennene p\u00e5 litt te og mat! Settet inneholder alt som trengs for en koselig m\u00e5ltidsstund: 4 tallerkener 4 kopper [&hellip;]<\/p>\n","protected":false},"featured_media":37431,"comment_status":"closed","ping_status":"closed","template":"","meta":{"_acf_changed":false},"product_brand":[282],"product_cat":[1774,253,68,283],"product_tag":[],"class_list":{"0":"post-37429","1":"product","2":"type-product","3":"status-publish","4":"has-post-thumbnail","6":"product_brand-liewood","7":"product_cat-late-leker","8":"product_cat-lekemat-kjokken","9":"product_cat-leker","10":"product_cat-liewood","12":"first","13":"outofstock","14":"taxable","15":"shipping-taxable","16":"purchasable","17":"product-type-simple"},"acf":[],"yoast_head":"<!-- This site is optimized with the Yoast SEO Premium plugin v25.8 (Yoast SEO v27.2) - https:\/\/yoast.com\/product\/yoast-seo-premium-wordpress\/ -->\n<title>Liewood, Callum lekeservis, Rose multi mix - Babylove Norska<\/title>\n<meta name=\"robots\" content=\"noindex, follow, max-snippet:-1, max-image-preview:large, max-video-preview:-1\" \/>\n<meta property=\"og:locale\" content=\"nb_NO\" \/>\n<meta property=\"og:type\" content=\"article\" \/>\n<meta property=\"og:title\" content=\"Liewood, Callum lekeservis, Rose multi mix\" \/>\n<meta property=\"og:description\" content=\"Et fortryllende rosa lekesettservice fra danske Liewood. \u00c5 leke te- og middagsselskap gj\u00f8r mer nytte enn man kan tro. Det trener barnets motorikk og tankevirksomhet, men ogs\u00e5 \u00e5 bruke sin egen kreativitet. P\u00e5 tide \u00e5 invitere vennene p\u00e5 litt te og mat! Settet inneholder alt som trengs for en koselig m\u00e5ltidsstund: 4 tallerkener 4 kopper [&hellip;]\" \/>\n<meta property=\"og:url\" content=\"https:\/\/babylove.se\/no\/produkt\/liewood-callum-lekesett-rose-multi-mix\/\" \/>\n<meta property=\"og:site_name\" content=\"Babylove Norska\" \/>\n<meta property=\"article:modified_time\" content=\"2026-04-08T11:28:06+00:00\" \/>\n<meta property=\"og:image\" content=\"https:\/\/babylove.se\/no\/wp-content\/uploads\/sites\/3\/2025\/07\/62975ebe063af.webp\" \/>\n\t<meta property=\"og:image:width\" content=\"1200\" \/>\n\t<meta property=\"og:image:height\" content=\"1200\" \/>\n\t<meta property=\"og:image:type\" content=\"image\/webp\" \/>\n<meta name=\"twitter:card\" content=\"summary_large_image\" \/>\n<meta name=\"twitter:label1\" content=\"Price\" \/>\n\t<meta name=\"twitter:data1\" content=\"349,00&nbsp;&#107;&#114;\" \/>\n\t<meta name=\"twitter:label2\" content=\"Availability\" \/>\n\t<meta name=\"twitter:data2\" content=\"Out of stock\" \/>\n<script type=\"application\/ld+json\" class=\"yoast-schema-graph\">{\"@context\":\"https:\/\/schema.org\",\"@graph\":[{\"@type\":\"WebPage\",\"@id\":\"https:\/\/babylove.se\/no\/produkt\/liewood-callum-lekesett-rose-multi-mix\/\",\"url\":\"https:\/\/babylove.se\/no\/produkt\/liewood-callum-lekesett-rose-multi-mix\/\",\"name\":\"Liewood, Callum lekeservis, Rose multi mix - Babylove Norska\",\"isPartOf\":{\"@id\":\"https:\/\/babylove.se\/no\/#website\"},\"primaryImageOfPage\":{\"@id\":\"https:\/\/babylove.se\/no\/produkt\/liewood-callum-lekesett-rose-multi-mix\/#primaryimage\"},\"image\":{\"@id\":\"https:\/\/babylove.se\/no\/produkt\/liewood-callum-lekesett-rose-multi-mix\/#primaryimage\"},\"thumbnailUrl\":\"https:\/\/babylove.se\/no\/wp-content\/uploads\/sites\/3\/2025\/07\/62975ebe063af.webp\",\"datePublished\":\"2025-07-19T00:36:45+00:00\",\"dateModified\":\"2026-04-08T11:28:06+00:00\",\"breadcrumb\":{\"@id\":\"https:\/\/babylove.se\/no\/produkt\/liewood-callum-lekesett-rose-multi-mix\/#breadcrumb\"},\"inLanguage\":\"nb-NO\",\"potentialAction\":[{\"@type\":\"ReadAction\",\"target\":[\"https:\/\/babylove.se\/no\/produkt\/liewood-callum-lekesett-rose-multi-mix\/\"]}]},{\"@type\":\"ImageObject\",\"inLanguage\":\"nb-NO\",\"@id\":\"https:\/\/babylove.se\/no\/produkt\/liewood-callum-lekesett-rose-multi-mix\/#primaryimage\",\"url\":\"https:\/\/babylove.se\/no\/wp-content\/uploads\/sites\/3\/2025\/07\/62975ebe063af.webp\",\"contentUrl\":\"https:\/\/babylove.se\/no\/wp-content\/uploads\/sites\/3\/2025\/07\/62975ebe063af.webp\",\"width\":1200,\"height\":1200},{\"@type\":\"BreadcrumbList\",\"@id\":\"https:\/\/babylove.se\/no\/produkt\/liewood-callum-lekesett-rose-multi-mix\/#breadcrumb\",\"itemListElement\":[{\"@type\":\"ListItem\",\"position\":1,\"name\":\"Hem\",\"item\":\"https:\/\/babylove.se\/no\/\"},{\"@type\":\"ListItem\",\"position\":2,\"name\":\"Butik\",\"item\":\"https:\/\/babylove.se\/no\/butik\/\"},{\"@type\":\"ListItem\",\"position\":3,\"name\":\"Liewood, Callum lekeservis, Rose multi mix\"}]},{\"@type\":\"WebSite\",\"@id\":\"https:\/\/babylove.se\/no\/#website\",\"url\":\"https:\/\/babylove.se\/no\/\",\"name\":\"Babylove Norska\",\"description\":\"\",\"potentialAction\":[{\"@type\":\"SearchAction\",\"target\":{\"@type\":\"EntryPoint\",\"urlTemplate\":\"https:\/\/babylove.se\/no\/?s={search_term_string}\"},\"query-input\":{\"@type\":\"PropertyValueSpecification\",\"valueRequired\":true,\"valueName\":\"search_term_string\"}}],\"inLanguage\":\"nb-NO\"}]}<\/script>\n<meta property=\"product:brand\" content=\"Liewood\" \/>\n<meta property=\"product:price:amount\" content=\"349.00\" \/>\n<meta property=\"product:price:currency\" content=\"SEK\" \/>\n<meta property=\"og:availability\" content=\"out of stock\" \/>\n<meta property=\"product:availability\" content=\"out of stock\" \/>\n<meta property=\"product:retailer_item_id\" content=\"LW145362255\" \/>\n<meta property=\"product:condition\" content=\"new\" \/>\n<!-- \/ Yoast SEO Premium plugin. -->","yoast_head_json":{"title":"Liewood, Callum lekeservis, Rose multi mix - Babylove Norska","robots":{"index":"noindex","follow":"follow","max-snippet":"max-snippet:-1","max-image-preview":"max-image-preview:large","max-video-preview":"max-video-preview:-1"},"og_locale":"nb_NO","og_type":"article","og_title":"Liewood, Callum lekeservis, Rose multi mix","og_description":"Et fortryllende rosa lekesettservice fra danske Liewood. \u00c5 leke te- og middagsselskap gj\u00f8r mer nytte enn man kan tro. Det trener barnets motorikk og tankevirksomhet, men ogs\u00e5 \u00e5 bruke sin egen kreativitet. P\u00e5 tide \u00e5 invitere vennene p\u00e5 litt te og mat! Settet inneholder alt som trengs for en koselig m\u00e5ltidsstund: 4 tallerkener 4 kopper [&hellip;]","og_url":"https:\/\/babylove.se\/no\/produkt\/liewood-callum-lekesett-rose-multi-mix\/","og_site_name":"Babylove Norska","article_modified_time":"2026-04-08T11:28:06+00:00","og_image":[{"width":1200,"height":1200,"url":"https:\/\/babylove.se\/no\/wp-content\/uploads\/sites\/3\/2025\/07\/62975ebe063af.webp","type":"image\/webp"}],"twitter_card":"summary_large_image","twitter_misc":{"Price":"349,00&nbsp;&#107;&#114;","Availability":"Out of stock"},"schema":{"@context":"https:\/\/schema.org","@graph":[{"@type":"WebPage","@id":"https:\/\/babylove.se\/no\/produkt\/liewood-callum-lekesett-rose-multi-mix\/","url":"https:\/\/babylove.se\/no\/produkt\/liewood-callum-lekesett-rose-multi-mix\/","name":"Liewood, Callum lekeservis, Rose multi mix - Babylove Norska","isPartOf":{"@id":"https:\/\/babylove.se\/no\/#website"},"primaryImageOfPage":{"@id":"https:\/\/babylove.se\/no\/produkt\/liewood-callum-lekesett-rose-multi-mix\/#primaryimage"},"image":{"@id":"https:\/\/babylove.se\/no\/produkt\/liewood-callum-lekesett-rose-multi-mix\/#primaryimage"},"thumbnailUrl":"https:\/\/babylove.se\/no\/wp-content\/uploads\/sites\/3\/2025\/07\/62975ebe063af.webp","datePublished":"2025-07-19T00:36:45+00:00","dateModified":"2026-04-08T11:28:06+00:00","breadcrumb":{"@id":"https:\/\/babylove.se\/no\/produkt\/liewood-callum-lekesett-rose-multi-mix\/#breadcrumb"},"inLanguage":"nb-NO","potentialAction":[{"@type":"ReadAction","target":["https:\/\/babylove.se\/no\/produkt\/liewood-callum-lekesett-rose-multi-mix\/"]}]},{"@type":"ImageObject","inLanguage":"nb-NO","@id":"https:\/\/babylove.se\/no\/produkt\/liewood-callum-lekesett-rose-multi-mix\/#primaryimage","url":"https:\/\/babylove.se\/no\/wp-content\/uploads\/sites\/3\/2025\/07\/62975ebe063af.webp","contentUrl":"https:\/\/babylove.se\/no\/wp-content\/uploads\/sites\/3\/2025\/07\/62975ebe063af.webp","width":1200,"height":1200},{"@type":"BreadcrumbList","@id":"https:\/\/babylove.se\/no\/produkt\/liewood-callum-lekesett-rose-multi-mix\/#breadcrumb","itemListElement":[{"@type":"ListItem","position":1,"name":"Hem","item":"https:\/\/babylove.se\/no\/"},{"@type":"ListItem","position":2,"name":"Butik","item":"https:\/\/babylove.se\/no\/butik\/"},{"@type":"ListItem","position":3,"name":"Liewood, Callum lekeservis, Rose multi mix"}]},{"@type":"WebSite","@id":"https:\/\/babylove.se\/no\/#website","url":"https:\/\/babylove.se\/no\/","name":"Babylove Norska","description":"","potentialAction":[{"@type":"SearchAction","target":{"@type":"EntryPoint","urlTemplate":"https:\/\/babylove.se\/no\/?s={search_term_string}"},"query-input":{"@type":"PropertyValueSpecification","valueRequired":true,"valueName":"search_term_string"}}],"inLanguage":"nb-NO"}]},"product_brand":"Liewood","product_price_amount":"349.00","product_price_currency":"SEK","og_availability":"out of stock","product_availability":"out of stock","product_retailer_item_id":"LW145362255","product_condition":"new"},"_links":{"self":[{"href":"https:\/\/babylove.se\/no\/wp-json\/wp\/v2\/product\/37429","targetHints":{"allow":["GET"]}}],"collection":[{"href":"https:\/\/babylove.se\/no\/wp-json\/wp\/v2\/product"}],"about":[{"href":"https:\/\/babylove.se\/no\/wp-json\/wp\/v2\/types\/product"}],"replies":[{"embeddable":true,"href":"https:\/\/babylove.se\/no\/wp-json\/wp\/v2\/comments?post=37429"}],"wp:featuredmedia":[{"embeddable":true,"href":"https:\/\/babylove.se\/no\/wp-json\/wp\/v2\/media\/37431"}],"wp:attachment":[{"href":"https:\/\/babylove.se\/no\/wp-json\/wp\/v2\/media?parent=37429"}],"wp:term":[{"taxonomy":"product_brand","embeddable":true,"href":"https:\/\/babylove.se\/no\/wp-json\/wp\/v2\/product_brand?post=37429"},{"taxonomy":"product_cat","embeddable":true,"href":"https:\/\/babylove.se\/no\/wp-json\/wp\/v2\/product_cat?post=37429"},{"taxonomy":"product_tag","embeddable":true,"href":"https:\/\/babylove.se\/no\/wp-json\/wp\/v2\/product_tag?post=37429"}],"curies":[{"name":"wp","href":"https:\/\/api.w.org\/{rel}","templated":true}]}}