{"id":37444,"date":"2025-07-19T01:37:06","date_gmt":"2025-07-19T00:37:06","guid":{"rendered":"https:\/\/babylove.se\/produkt\/liewood-2-pack-silikonskal-med-sugkopp-peony-eden-golden-caramel\/"},"modified":"2026-04-08T12:28:16","modified_gmt":"2026-04-08T11:28:16","slug":"liewood-2-pack-silikondeksel-med-sugekopp-peony-eden-golden-caramel","status":"publish","type":"product","link":"https:\/\/babylove.se\/no\/produkt\/liewood-2-pack-silikondeksel-med-sugekopp-peony-eden-golden-caramel\/","title":{"rendered":"Liewood, 2-pakk silikonsk\u00e5l med sugekopp Peony, Eden golden caramel"},"content":{"rendered":"<p>En praktisk og fin milj\u00f8vennlig matsk\u00e5l fra Liewood, med sine popul\u00e6re barneprodukter vil vel alle ha? Da er et 2-pack enda bedre, s\u00e5 du har flere barnesk\u00e5ler hjemme under hele uka. <\/p>\n<p>Silikon er fri fra BPA og er et smart og praktisk materialvalg. Disse smarte sk\u00e5lene med sugekopp fester seg p\u00e5 ulike overflater og vil gj\u00f8re m\u00e5ltidet lettere. Barnet ditt vil s\u00f8le mindre og ha det g\u00f8y n\u00e5r det spiser, optimalt for et barns m\u00e5ltid. Selvf\u00f8lgelig er Liewoods patenterte vakre dyremotiv inspirasjon til disse fine sk\u00e5lene. <\/p>\n<p><strong>M\u00e5l<\/strong>: \u00d816 cm. H\u00f8yde 5.3 cm<br \/>\n<strong>Material<\/strong>: 100% silikon <\/p>\n<p>Vaskeanvisning: Kan brukes i oppvaskmaskin ? Bruk gjerne uparfymert oppvaskmiddel <\/p>\n<p>Designer: <a href=\"https:\/\/babylove.se\/varumarken\/liewood\"><u>Liewood<\/u><\/a><\/p>\n","protected":false},"excerpt":{"rendered":"<p>En praktisk og fin milj\u00f8vennlig matsk\u00e5l fra Liewood, med sine popul\u00e6re barneprodukter vil vel alle ha? Da er et 2-pack enda bedre, s\u00e5 du har flere barnesk\u00e5ler hjemme under hele uka. Silikon er fri fra BPA og er et smart og praktisk materialvalg. Disse smarte sk\u00e5lene med sugekopp fester seg p\u00e5 ulike overflater og vil [&hellip;]<\/p>\n","protected":false},"featured_media":37446,"comment_status":"closed","ping_status":"closed","template":"","meta":{"_acf_changed":false},"product_brand":[282],"product_cat":[92,283],"product_tag":[],"class_list":{"0":"post-37444","1":"product","2":"type-product","3":"status-publish","4":"has-post-thumbnail","6":"product_brand-liewood","7":"product_cat-barnbestikk-matsett","8":"product_cat-liewood","10":"first","11":"outofstock","12":"taxable","13":"shipping-taxable","14":"purchasable","15":"product-type-simple"},"acf":[],"yoast_head":"<!-- This site is optimized with the Yoast SEO Premium plugin v25.8 (Yoast SEO v27.2) - https:\/\/yoast.com\/product\/yoast-seo-premium-wordpress\/ -->\n<title>Liewood, 2-pakk silikonsk\u00e5l med sugekopp Peony, Eden golden caramel - Babylove Norska<\/title>\n<meta name=\"robots\" content=\"noindex, follow, max-snippet:-1, max-image-preview:large, max-video-preview:-1\" \/>\n<meta property=\"og:locale\" content=\"nb_NO\" \/>\n<meta property=\"og:type\" content=\"article\" \/>\n<meta property=\"og:title\" content=\"Liewood, 2-pakk silikonsk\u00e5l med sugekopp Peony, Eden golden caramel\" \/>\n<meta property=\"og:description\" content=\"En praktisk og fin milj\u00f8vennlig matsk\u00e5l fra Liewood, med sine popul\u00e6re barneprodukter vil vel alle ha? Da er et 2-pack enda bedre, s\u00e5 du har flere barnesk\u00e5ler hjemme under hele uka. Silikon er fri fra BPA og er et smart og praktisk materialvalg. Disse smarte sk\u00e5lene med sugekopp fester seg p\u00e5 ulike overflater og vil [&hellip;]\" \/>\n<meta property=\"og:url\" content=\"https:\/\/babylove.se\/no\/produkt\/liewood-2-pack-silikondeksel-med-sugekopp-peony-eden-golden-caramel\/\" \/>\n<meta property=\"og:site_name\" content=\"Babylove Norska\" \/>\n<meta property=\"article:modified_time\" content=\"2026-04-08T11:28:16+00:00\" \/>\n<meta property=\"og:image\" content=\"https:\/\/babylove.se\/no\/wp-content\/uploads\/sites\/3\/2025\/07\/629763800b162.webp\" \/>\n\t<meta property=\"og:image:width\" content=\"800\" \/>\n\t<meta property=\"og:image:height\" content=\"800\" \/>\n\t<meta property=\"og:image:type\" content=\"image\/webp\" \/>\n<meta name=\"twitter:card\" content=\"summary_large_image\" \/>\n<meta name=\"twitter:label1\" content=\"Price\" \/>\n\t<meta name=\"twitter:data1\" content=\"199,00&nbsp;&#107;&#114;\" \/>\n\t<meta name=\"twitter:label2\" content=\"Availability\" \/>\n\t<meta name=\"twitter:data2\" content=\"Out of stock\" \/>\n<script type=\"application\/ld+json\" class=\"yoast-schema-graph\">{\"@context\":\"https:\/\/schema.org\",\"@graph\":[{\"@type\":\"WebPage\",\"@id\":\"https:\/\/babylove.se\/no\/produkt\/liewood-2-pack-silikondeksel-med-sugekopp-peony-eden-golden-caramel\/\",\"url\":\"https:\/\/babylove.se\/no\/produkt\/liewood-2-pack-silikondeksel-med-sugekopp-peony-eden-golden-caramel\/\",\"name\":\"Liewood, 2-pakk silikonsk\u00e5l med sugekopp Peony, Eden golden caramel - Babylove Norska\",\"isPartOf\":{\"@id\":\"https:\/\/babylove.se\/no\/#website\"},\"primaryImageOfPage\":{\"@id\":\"https:\/\/babylove.se\/no\/produkt\/liewood-2-pack-silikondeksel-med-sugekopp-peony-eden-golden-caramel\/#primaryimage\"},\"image\":{\"@id\":\"https:\/\/babylove.se\/no\/produkt\/liewood-2-pack-silikondeksel-med-sugekopp-peony-eden-golden-caramel\/#primaryimage\"},\"thumbnailUrl\":\"https:\/\/babylove.se\/no\/wp-content\/uploads\/sites\/3\/2025\/07\/629763800b162.webp\",\"datePublished\":\"2025-07-19T00:37:06+00:00\",\"dateModified\":\"2026-04-08T11:28:16+00:00\",\"breadcrumb\":{\"@id\":\"https:\/\/babylove.se\/no\/produkt\/liewood-2-pack-silikondeksel-med-sugekopp-peony-eden-golden-caramel\/#breadcrumb\"},\"inLanguage\":\"nb-NO\",\"potentialAction\":[{\"@type\":\"ReadAction\",\"target\":[\"https:\/\/babylove.se\/no\/produkt\/liewood-2-pack-silikondeksel-med-sugekopp-peony-eden-golden-caramel\/\"]}]},{\"@type\":\"ImageObject\",\"inLanguage\":\"nb-NO\",\"@id\":\"https:\/\/babylove.se\/no\/produkt\/liewood-2-pack-silikondeksel-med-sugekopp-peony-eden-golden-caramel\/#primaryimage\",\"url\":\"https:\/\/babylove.se\/no\/wp-content\/uploads\/sites\/3\/2025\/07\/629763800b162.webp\",\"contentUrl\":\"https:\/\/babylove.se\/no\/wp-content\/uploads\/sites\/3\/2025\/07\/629763800b162.webp\",\"width\":800,\"height\":800},{\"@type\":\"BreadcrumbList\",\"@id\":\"https:\/\/babylove.se\/no\/produkt\/liewood-2-pack-silikondeksel-med-sugekopp-peony-eden-golden-caramel\/#breadcrumb\",\"itemListElement\":[{\"@type\":\"ListItem\",\"position\":1,\"name\":\"Hem\",\"item\":\"https:\/\/babylove.se\/no\/\"},{\"@type\":\"ListItem\",\"position\":2,\"name\":\"Butik\",\"item\":\"https:\/\/babylove.se\/no\/butik\/\"},{\"@type\":\"ListItem\",\"position\":3,\"name\":\"Liewood, 2-pakk silikonsk\u00e5l med sugekopp Peony, Eden golden caramel\"}]},{\"@type\":\"WebSite\",\"@id\":\"https:\/\/babylove.se\/no\/#website\",\"url\":\"https:\/\/babylove.se\/no\/\",\"name\":\"Babylove Norska\",\"description\":\"\",\"potentialAction\":[{\"@type\":\"SearchAction\",\"target\":{\"@type\":\"EntryPoint\",\"urlTemplate\":\"https:\/\/babylove.se\/no\/?s={search_term_string}\"},\"query-input\":{\"@type\":\"PropertyValueSpecification\",\"valueRequired\":true,\"valueName\":\"search_term_string\"}}],\"inLanguage\":\"nb-NO\"}]}<\/script>\n<meta property=\"product:brand\" content=\"Liewood\" \/>\n<meta property=\"product:price:amount\" content=\"199.00\" \/>\n<meta property=\"product:price:currency\" content=\"SEK\" \/>\n<meta property=\"og:availability\" content=\"out of stock\" \/>\n<meta property=\"product:availability\" content=\"out of stock\" \/>\n<meta property=\"product:retailer_item_id\" content=\"LW151031166\" \/>\n<meta property=\"product:condition\" content=\"new\" \/>\n<!-- \/ Yoast SEO Premium plugin. -->","yoast_head_json":{"title":"Liewood, 2-pakk silikonsk\u00e5l med sugekopp Peony, Eden golden caramel - Babylove Norska","robots":{"index":"noindex","follow":"follow","max-snippet":"max-snippet:-1","max-image-preview":"max-image-preview:large","max-video-preview":"max-video-preview:-1"},"og_locale":"nb_NO","og_type":"article","og_title":"Liewood, 2-pakk silikonsk\u00e5l med sugekopp Peony, Eden golden caramel","og_description":"En praktisk og fin milj\u00f8vennlig matsk\u00e5l fra Liewood, med sine popul\u00e6re barneprodukter vil vel alle ha? Da er et 2-pack enda bedre, s\u00e5 du har flere barnesk\u00e5ler hjemme under hele uka. Silikon er fri fra BPA og er et smart og praktisk materialvalg. Disse smarte sk\u00e5lene med sugekopp fester seg p\u00e5 ulike overflater og vil [&hellip;]","og_url":"https:\/\/babylove.se\/no\/produkt\/liewood-2-pack-silikondeksel-med-sugekopp-peony-eden-golden-caramel\/","og_site_name":"Babylove Norska","article_modified_time":"2026-04-08T11:28:16+00:00","og_image":[{"width":800,"height":800,"url":"https:\/\/babylove.se\/no\/wp-content\/uploads\/sites\/3\/2025\/07\/629763800b162.webp","type":"image\/webp"}],"twitter_card":"summary_large_image","twitter_misc":{"Price":"199,00&nbsp;&#107;&#114;","Availability":"Out of stock"},"schema":{"@context":"https:\/\/schema.org","@graph":[{"@type":"WebPage","@id":"https:\/\/babylove.se\/no\/produkt\/liewood-2-pack-silikondeksel-med-sugekopp-peony-eden-golden-caramel\/","url":"https:\/\/babylove.se\/no\/produkt\/liewood-2-pack-silikondeksel-med-sugekopp-peony-eden-golden-caramel\/","name":"Liewood, 2-pakk silikonsk\u00e5l med sugekopp Peony, Eden golden caramel - Babylove Norska","isPartOf":{"@id":"https:\/\/babylove.se\/no\/#website"},"primaryImageOfPage":{"@id":"https:\/\/babylove.se\/no\/produkt\/liewood-2-pack-silikondeksel-med-sugekopp-peony-eden-golden-caramel\/#primaryimage"},"image":{"@id":"https:\/\/babylove.se\/no\/produkt\/liewood-2-pack-silikondeksel-med-sugekopp-peony-eden-golden-caramel\/#primaryimage"},"thumbnailUrl":"https:\/\/babylove.se\/no\/wp-content\/uploads\/sites\/3\/2025\/07\/629763800b162.webp","datePublished":"2025-07-19T00:37:06+00:00","dateModified":"2026-04-08T11:28:16+00:00","breadcrumb":{"@id":"https:\/\/babylove.se\/no\/produkt\/liewood-2-pack-silikondeksel-med-sugekopp-peony-eden-golden-caramel\/#breadcrumb"},"inLanguage":"nb-NO","potentialAction":[{"@type":"ReadAction","target":["https:\/\/babylove.se\/no\/produkt\/liewood-2-pack-silikondeksel-med-sugekopp-peony-eden-golden-caramel\/"]}]},{"@type":"ImageObject","inLanguage":"nb-NO","@id":"https:\/\/babylove.se\/no\/produkt\/liewood-2-pack-silikondeksel-med-sugekopp-peony-eden-golden-caramel\/#primaryimage","url":"https:\/\/babylove.se\/no\/wp-content\/uploads\/sites\/3\/2025\/07\/629763800b162.webp","contentUrl":"https:\/\/babylove.se\/no\/wp-content\/uploads\/sites\/3\/2025\/07\/629763800b162.webp","width":800,"height":800},{"@type":"BreadcrumbList","@id":"https:\/\/babylove.se\/no\/produkt\/liewood-2-pack-silikondeksel-med-sugekopp-peony-eden-golden-caramel\/#breadcrumb","itemListElement":[{"@type":"ListItem","position":1,"name":"Hem","item":"https:\/\/babylove.se\/no\/"},{"@type":"ListItem","position":2,"name":"Butik","item":"https:\/\/babylove.se\/no\/butik\/"},{"@type":"ListItem","position":3,"name":"Liewood, 2-pakk silikonsk\u00e5l med sugekopp Peony, Eden golden caramel"}]},{"@type":"WebSite","@id":"https:\/\/babylove.se\/no\/#website","url":"https:\/\/babylove.se\/no\/","name":"Babylove Norska","description":"","potentialAction":[{"@type":"SearchAction","target":{"@type":"EntryPoint","urlTemplate":"https:\/\/babylove.se\/no\/?s={search_term_string}"},"query-input":{"@type":"PropertyValueSpecification","valueRequired":true,"valueName":"search_term_string"}}],"inLanguage":"nb-NO"}]},"product_brand":"Liewood","product_price_amount":"199.00","product_price_currency":"SEK","og_availability":"out of stock","product_availability":"out of stock","product_retailer_item_id":"LW151031166","product_condition":"new"},"_links":{"self":[{"href":"https:\/\/babylove.se\/no\/wp-json\/wp\/v2\/product\/37444","targetHints":{"allow":["GET"]}}],"collection":[{"href":"https:\/\/babylove.se\/no\/wp-json\/wp\/v2\/product"}],"about":[{"href":"https:\/\/babylove.se\/no\/wp-json\/wp\/v2\/types\/product"}],"replies":[{"embeddable":true,"href":"https:\/\/babylove.se\/no\/wp-json\/wp\/v2\/comments?post=37444"}],"wp:featuredmedia":[{"embeddable":true,"href":"https:\/\/babylove.se\/no\/wp-json\/wp\/v2\/media\/37446"}],"wp:attachment":[{"href":"https:\/\/babylove.se\/no\/wp-json\/wp\/v2\/media?parent=37444"}],"wp:term":[{"taxonomy":"product_brand","embeddable":true,"href":"https:\/\/babylove.se\/no\/wp-json\/wp\/v2\/product_brand?post=37444"},{"taxonomy":"product_cat","embeddable":true,"href":"https:\/\/babylove.se\/no\/wp-json\/wp\/v2\/product_cat?post=37444"},{"taxonomy":"product_tag","embeddable":true,"href":"https:\/\/babylove.se\/no\/wp-json\/wp\/v2\/product_tag?post=37444"}],"curies":[{"name":"wp","href":"https:\/\/api.w.org\/{rel}","templated":true}]}}