{"id":37855,"date":"2025-07-19T01:43:34","date_gmt":"2025-07-19T00:43:34","guid":{"rendered":"https:\/\/babylove.se\/produkt\/vaningssang-med-forvaringsladan-uno\/"},"modified":"2026-04-08T12:29:03","modified_gmt":"2026-04-08T11:29:03","slug":"vaningsseng-med-oppbevaringsskuff-uno","status":"publish","type":"product","link":"https:\/\/babylove.se\/no\/produkt\/vaningsseng-med-oppbevaringsskuff-uno\/","title":{"rendered":"K\u00f8yeseng med oppbevaringsboks, Uno"},"content":{"rendered":"<p>En k\u00f8yeseng er praktisk enten for s\u00f8sken som deler rom, eller for barnet som vil ha venner som overnattar ofte. \u00c5 finne en som b\u00e5de er praktisk og pen er ikke enkelt, men her er svaret p\u00e5 det. Overdelen er utstyrt med h\u00f8ye ordentlige vernekanter hele veien rundt for ekstra sikkerhet, alt for ditt barns beste. Uno er perfekt for et barnerom, spesielt for yngre barn <span>&nbsp;<\/span>takket v\u00e6re de h\u00f8ye vernekantene.<\/p>\n<p>Sengen er laget av massiv furu som gj\u00f8r den stabil og solid. Ideell \u00e5 b\u00e5de leke og sove i. Stigen plasserer du p\u00e5 den siden som du synes passer best i akkurat ditt rom. Sengen har en praktisk oppbevaringskasse, perfekt \u00e5 oppbevare barnets leker eller senget\u00f8y.<\/p>\n<p>Rengj\u00f8res enkelt med en fuktig klut.&nbsp;<\/p>\n<p>Madrass er ikke inkludert, men ta gjerne en titt p\u00e5 v\u00e5rt store madrassutvalg. Vi anbefaler en skummadrass med tykkelse p\u00e5 ca 10-12 cm.<\/p>\n<p><strong>Info<\/strong>:<\/p>\n<ul>\n<li>Finnes i tre farger: natur, hvit og gr\u00e5.<\/li>\n<li>Sidebeskyttelse h\u00f8yde: 39 cm<\/li>\n<li>Total h\u00f8yde: 158 cm.<\/li>\n<li>Maks vekt: 60 kg\/seng.<\/li>\n<li>Stigen monteres p\u00e5 valgfri side<\/li>\n<\/ul>\n<p><strong>M\u00e5l:<\/strong>&nbsp;<\/p>\n<ul>\n<li>Finnes i tre forskjellige sengm\u00e5l. M\u00e5lene til venstre i listen gjelder sengm\u00e5l. M\u00e5lene i parentes (Bredde &#038; Lengde) gjelder den totale st\u00f8rrelsen p\u00e5 sengen.<\/li>\n<\/ul>\n<p>Sengene kommer fra v\u00e5r fabrikk i Europa som har h\u00f8ye kvalitetskrav og kontrollerer hvert trinn fra det at t\u00f8mmeret kommer inn i fabrikken til at et ferdig produkt forlater.<\/p>\n<p><em>Obs! Spesialtilvirket vare, angrerett gjelder ikke.<\/em><\/p>\n<p><em><em><em><em><em>Sengen leveres umontert og b\u00f8r settes sammen i rommet den skal brukes i.<\/em><\/em><\/em><\/em><\/em><\/p>\n","protected":false},"excerpt":{"rendered":"<p>En k\u00f8yeseng er praktisk enten for s\u00f8sken som deler rom, eller for barnet som vil ha venner som overnattar ofte. \u00c5 finne en som b\u00e5de er praktisk og pen er ikke enkelt, men her er svaret p\u00e5 det. Overdelen er utstyrt med h\u00f8ye ordentlige vernekanter hele veien rundt for ekstra sikkerhet, alt for ditt barns [&hellip;]<\/p>\n","protected":false},"featured_media":37857,"comment_status":"closed","ping_status":"open","template":"","meta":{"_acf_changed":false},"product_brand":[],"product_cat":[1299,385,40],"product_tag":[],"class_list":{"0":"post-37855","1":"product","2":"type-product","3":"status-publish","4":"has-post-thumbnail","6":"product_cat-aj","7":"product_cat-koyesenger-loftsenger","8":"product_cat-soverom-barn","9":"pa_farg-gra","10":"pa_farg-vit","11":"pa_farg-natur","12":"pa_storlek-80x160-cm-b86-cm-l168-cm","13":"pa_storlek-80x190-cm-b86-cm-l198-cm","14":"pa_storlek-90x200-cm-b96-cm-l208-cm","16":"first","17":"outofstock","18":"taxable","19":"shipping-taxable","20":"purchasable","21":"product-type-variable"},"acf":[],"yoast_head":"<!-- This site is optimized with the Yoast SEO Premium plugin v25.8 (Yoast SEO v27.2) - https:\/\/yoast.com\/product\/yoast-seo-premium-wordpress\/ -->\n<title>K\u00f8yeseng med oppbevaringsboks, Uno - Babylove Norska<\/title>\n<meta name=\"robots\" content=\"noindex, follow, max-snippet:-1, max-image-preview:large, max-video-preview:-1\" \/>\n<meta property=\"og:locale\" content=\"nb_NO\" \/>\n<meta property=\"og:type\" content=\"article\" \/>\n<meta property=\"og:title\" content=\"K\u00f8yeseng med oppbevaringsboks, Uno\" \/>\n<meta property=\"og:description\" content=\"En k\u00f8yeseng er praktisk enten for s\u00f8sken som deler rom, eller for barnet som vil ha venner som overnattar ofte. \u00c5 finne en som b\u00e5de er praktisk og pen er ikke enkelt, men her er svaret p\u00e5 det. Overdelen er utstyrt med h\u00f8ye ordentlige vernekanter hele veien rundt for ekstra sikkerhet, alt for ditt barns [&hellip;]\" \/>\n<meta property=\"og:url\" content=\"https:\/\/babylove.se\/no\/produkt\/vaningsseng-med-oppbevaringsskuff-uno\/\" \/>\n<meta property=\"og:site_name\" content=\"Babylove Norska\" \/>\n<meta property=\"article:modified_time\" content=\"2026-04-08T11:29:03+00:00\" \/>\n<meta property=\"og:image\" content=\"https:\/\/babylove.se\/no\/wp-content\/uploads\/sites\/3\/2025\/07\/62a9cf6ddedac.jpeg\" \/>\n\t<meta property=\"og:image:width\" content=\"1013\" \/>\n\t<meta property=\"og:image:height\" content=\"761\" \/>\n\t<meta property=\"og:image:type\" content=\"image\/jpeg\" \/>\n<meta name=\"twitter:card\" content=\"summary_large_image\" \/>\n<meta name=\"twitter:label1\" content=\"Availability\" \/>\n\t<meta name=\"twitter:data1\" content=\"Out of stock\" \/>\n<script type=\"application\/ld+json\" class=\"yoast-schema-graph\">{\"@context\":\"https:\/\/schema.org\",\"@graph\":[{\"@type\":\"WebPage\",\"@id\":\"https:\/\/babylove.se\/no\/produkt\/vaningsseng-med-oppbevaringsskuff-uno\/\",\"url\":\"https:\/\/babylove.se\/no\/produkt\/vaningsseng-med-oppbevaringsskuff-uno\/\",\"name\":\"K\u00f8yeseng med oppbevaringsboks, Uno - Babylove Norska\",\"isPartOf\":{\"@id\":\"https:\/\/babylove.se\/no\/#website\"},\"primaryImageOfPage\":{\"@id\":\"https:\/\/babylove.se\/no\/produkt\/vaningsseng-med-oppbevaringsskuff-uno\/#primaryimage\"},\"image\":{\"@id\":\"https:\/\/babylove.se\/no\/produkt\/vaningsseng-med-oppbevaringsskuff-uno\/#primaryimage\"},\"thumbnailUrl\":\"https:\/\/babylove.se\/no\/wp-content\/uploads\/sites\/3\/2025\/07\/62a9cf6ddedac.jpeg\",\"datePublished\":\"2025-07-19T00:43:34+00:00\",\"dateModified\":\"2026-04-08T11:29:03+00:00\",\"breadcrumb\":{\"@id\":\"https:\/\/babylove.se\/no\/produkt\/vaningsseng-med-oppbevaringsskuff-uno\/#breadcrumb\"},\"inLanguage\":\"nb-NO\",\"potentialAction\":[{\"@type\":\"ReadAction\",\"target\":[\"https:\/\/babylove.se\/no\/produkt\/vaningsseng-med-oppbevaringsskuff-uno\/\"]}]},{\"@type\":\"ImageObject\",\"inLanguage\":\"nb-NO\",\"@id\":\"https:\/\/babylove.se\/no\/produkt\/vaningsseng-med-oppbevaringsskuff-uno\/#primaryimage\",\"url\":\"https:\/\/babylove.se\/no\/wp-content\/uploads\/sites\/3\/2025\/07\/62a9cf6ddedac.jpeg\",\"contentUrl\":\"https:\/\/babylove.se\/no\/wp-content\/uploads\/sites\/3\/2025\/07\/62a9cf6ddedac.jpeg\",\"width\":1013,\"height\":761},{\"@type\":\"BreadcrumbList\",\"@id\":\"https:\/\/babylove.se\/no\/produkt\/vaningsseng-med-oppbevaringsskuff-uno\/#breadcrumb\",\"itemListElement\":[{\"@type\":\"ListItem\",\"position\":1,\"name\":\"Hem\",\"item\":\"https:\/\/babylove.se\/no\/\"},{\"@type\":\"ListItem\",\"position\":2,\"name\":\"Butik\",\"item\":\"https:\/\/babylove.se\/no\/butik\/\"},{\"@type\":\"ListItem\",\"position\":3,\"name\":\"K\u00f8yeseng med oppbevaringsboks, Uno\"}]},{\"@type\":\"WebSite\",\"@id\":\"https:\/\/babylove.se\/no\/#website\",\"url\":\"https:\/\/babylove.se\/no\/\",\"name\":\"Babylove Norska\",\"description\":\"\",\"potentialAction\":[{\"@type\":\"SearchAction\",\"target\":{\"@type\":\"EntryPoint\",\"urlTemplate\":\"https:\/\/babylove.se\/no\/?s={search_term_string}\"},\"query-input\":{\"@type\":\"PropertyValueSpecification\",\"valueRequired\":true,\"valueName\":\"search_term_string\"}}],\"inLanguage\":\"nb-NO\"}]}<\/script>\n<meta property=\"og:availability\" content=\"out of stock\" \/>\n<meta property=\"product:availability\" content=\"out of stock\" \/>\n<meta property=\"product:retailer_item_id\" content=\"Uno-Natur-80x160\" \/>\n<meta property=\"product:condition\" content=\"new\" \/>\n<!-- \/ Yoast SEO Premium plugin. -->","yoast_head_json":{"title":"K\u00f8yeseng med oppbevaringsboks, Uno - Babylove Norska","robots":{"index":"noindex","follow":"follow","max-snippet":"max-snippet:-1","max-image-preview":"max-image-preview:large","max-video-preview":"max-video-preview:-1"},"og_locale":"nb_NO","og_type":"article","og_title":"K\u00f8yeseng med oppbevaringsboks, Uno","og_description":"En k\u00f8yeseng er praktisk enten for s\u00f8sken som deler rom, eller for barnet som vil ha venner som overnattar ofte. \u00c5 finne en som b\u00e5de er praktisk og pen er ikke enkelt, men her er svaret p\u00e5 det. Overdelen er utstyrt med h\u00f8ye ordentlige vernekanter hele veien rundt for ekstra sikkerhet, alt for ditt barns [&hellip;]","og_url":"https:\/\/babylove.se\/no\/produkt\/vaningsseng-med-oppbevaringsskuff-uno\/","og_site_name":"Babylove Norska","article_modified_time":"2026-04-08T11:29:03+00:00","og_image":[{"width":1013,"height":761,"url":"https:\/\/babylove.se\/no\/wp-content\/uploads\/sites\/3\/2025\/07\/62a9cf6ddedac.jpeg","type":"image\/jpeg"}],"twitter_card":"summary_large_image","twitter_misc":{"Availability":"Out of stock"},"schema":{"@context":"https:\/\/schema.org","@graph":[{"@type":"WebPage","@id":"https:\/\/babylove.se\/no\/produkt\/vaningsseng-med-oppbevaringsskuff-uno\/","url":"https:\/\/babylove.se\/no\/produkt\/vaningsseng-med-oppbevaringsskuff-uno\/","name":"K\u00f8yeseng med oppbevaringsboks, Uno - Babylove Norska","isPartOf":{"@id":"https:\/\/babylove.se\/no\/#website"},"primaryImageOfPage":{"@id":"https:\/\/babylove.se\/no\/produkt\/vaningsseng-med-oppbevaringsskuff-uno\/#primaryimage"},"image":{"@id":"https:\/\/babylove.se\/no\/produkt\/vaningsseng-med-oppbevaringsskuff-uno\/#primaryimage"},"thumbnailUrl":"https:\/\/babylove.se\/no\/wp-content\/uploads\/sites\/3\/2025\/07\/62a9cf6ddedac.jpeg","datePublished":"2025-07-19T00:43:34+00:00","dateModified":"2026-04-08T11:29:03+00:00","breadcrumb":{"@id":"https:\/\/babylove.se\/no\/produkt\/vaningsseng-med-oppbevaringsskuff-uno\/#breadcrumb"},"inLanguage":"nb-NO","potentialAction":[{"@type":"ReadAction","target":["https:\/\/babylove.se\/no\/produkt\/vaningsseng-med-oppbevaringsskuff-uno\/"]}]},{"@type":"ImageObject","inLanguage":"nb-NO","@id":"https:\/\/babylove.se\/no\/produkt\/vaningsseng-med-oppbevaringsskuff-uno\/#primaryimage","url":"https:\/\/babylove.se\/no\/wp-content\/uploads\/sites\/3\/2025\/07\/62a9cf6ddedac.jpeg","contentUrl":"https:\/\/babylove.se\/no\/wp-content\/uploads\/sites\/3\/2025\/07\/62a9cf6ddedac.jpeg","width":1013,"height":761},{"@type":"BreadcrumbList","@id":"https:\/\/babylove.se\/no\/produkt\/vaningsseng-med-oppbevaringsskuff-uno\/#breadcrumb","itemListElement":[{"@type":"ListItem","position":1,"name":"Hem","item":"https:\/\/babylove.se\/no\/"},{"@type":"ListItem","position":2,"name":"Butik","item":"https:\/\/babylove.se\/no\/butik\/"},{"@type":"ListItem","position":3,"name":"K\u00f8yeseng med oppbevaringsboks, Uno"}]},{"@type":"WebSite","@id":"https:\/\/babylove.se\/no\/#website","url":"https:\/\/babylove.se\/no\/","name":"Babylove Norska","description":"","potentialAction":[{"@type":"SearchAction","target":{"@type":"EntryPoint","urlTemplate":"https:\/\/babylove.se\/no\/?s={search_term_string}"},"query-input":{"@type":"PropertyValueSpecification","valueRequired":true,"valueName":"search_term_string"}}],"inLanguage":"nb-NO"}]},"og_availability":"out of stock","product_availability":"out of stock","product_retailer_item_id":"Uno-Natur-80x160","product_condition":"new"},"_links":{"self":[{"href":"https:\/\/babylove.se\/no\/wp-json\/wp\/v2\/product\/37855","targetHints":{"allow":["GET"]}}],"collection":[{"href":"https:\/\/babylove.se\/no\/wp-json\/wp\/v2\/product"}],"about":[{"href":"https:\/\/babylove.se\/no\/wp-json\/wp\/v2\/types\/product"}],"replies":[{"embeddable":true,"href":"https:\/\/babylove.se\/no\/wp-json\/wp\/v2\/comments?post=37855"}],"wp:featuredmedia":[{"embeddable":true,"href":"https:\/\/babylove.se\/no\/wp-json\/wp\/v2\/media\/37857"}],"wp:attachment":[{"href":"https:\/\/babylove.se\/no\/wp-json\/wp\/v2\/media?parent=37855"}],"wp:term":[{"taxonomy":"product_brand","embeddable":true,"href":"https:\/\/babylove.se\/no\/wp-json\/wp\/v2\/product_brand?post=37855"},{"taxonomy":"product_cat","embeddable":true,"href":"https:\/\/babylove.se\/no\/wp-json\/wp\/v2\/product_cat?post=37855"},{"taxonomy":"product_tag","embeddable":true,"href":"https:\/\/babylove.se\/no\/wp-json\/wp\/v2\/product_tag?post=37855"}],"curies":[{"name":"wp","href":"https:\/\/api.w.org\/{rel}","templated":true}]}}