{"id":37904,"date":"2025-07-19T01:44:13","date_gmt":"2025-07-19T00:44:13","guid":{"rendered":"https:\/\/babylove.se\/produkt\/liewood-tvattlappar-3-pack-sylvester-dragon-multi-mix\/"},"modified":"2026-04-08T12:29:25","modified_gmt":"2026-04-08T11:29:25","slug":"liewood-vaskekluter-3-pack-sylvester-dragon-multi-mix","status":"publish","type":"product","link":"https:\/\/babylove.se\/no\/produkt\/liewood-vaskekluter-3-pack-sylvester-dragon-multi-mix\/","title":{"rendered":"Liewood vaskeklude 3-pakk Sylvester, Dragon multi mix"},"content":{"rendered":"<p>Et produkt som du kommer til \u00e5 ha mye glede og nytte av. Det lekne utseendet gj\u00f8r at barnet ditt kommer til \u00e5 like det n\u00e5r du bruker dem, og dere kan gj\u00f8re badetiden til noe ekstra g\u00f8y. I hver pakning finner du 3 vaskekluter med forskjellige nyanser. Vaskeklutene er laget av 100% organisk bomullsfrott\u00e9. <\/p>\n<p><strong>M\u00e5l<\/strong>: 15&#215;21 cm <\/p>\n<p>Match gjerne med andre fine produkter fra samme kolleksjon. <\/p>\n<p>Vaskeinstruksjoner: Maskinvask 40 grader ? Ikke t\u00f8rk i t\u00f8rketrommel ? Ikke blek ? Stryk p\u00e5 lav varme ? Vask med lignende farger ? Maks krymping 5% <\/p>\n<p>Designer: <a href=\"https:\/\/babylove.se\/varumarken\/liewood\"><u>Liewood<\/u><\/a><\/p>\n","protected":false},"excerpt":{"rendered":"<p>Et produkt som du kommer til \u00e5 ha mye glede og nytte av. Det lekne utseendet gj\u00f8r at barnet ditt kommer til \u00e5 like det n\u00e5r du bruker dem, og dere kan gj\u00f8re badetiden til noe ekstra g\u00f8y. I hver pakning finner du 3 vaskekluter med forskjellige nyanser. Vaskeklutene er laget av 100% organisk bomullsfrott\u00e9. [&hellip;]<\/p>\n","protected":false},"featured_media":37906,"comment_status":"closed","ping_status":"closed","template":"","meta":{"_acf_changed":false},"product_brand":[282],"product_cat":[1777,70,283,294],"product_tag":[],"class_list":{"0":"post-37904","1":"product","2":"type-product","3":"status-publish","4":"has-post-thumbnail","6":"product_brand-liewood","7":"product_cat-ovrige-tekstiler","8":"product_cat-gaver","9":"product_cat-liewood","10":"product_cat-vaskekluter","12":"first","13":"instock","14":"taxable","15":"shipping-taxable","16":"purchasable","17":"product-type-simple"},"acf":[],"yoast_head":"<!-- This site is optimized with the Yoast SEO Premium plugin v25.8 (Yoast SEO v27.2) - https:\/\/yoast.com\/product\/yoast-seo-premium-wordpress\/ -->\n<title>Liewood vaskeklude 3-pakk Sylvester, Dragon multi mix - Babylove Norska<\/title>\n<meta name=\"robots\" content=\"noindex, follow, max-snippet:-1, max-image-preview:large, max-video-preview:-1\" \/>\n<meta property=\"og:locale\" content=\"nb_NO\" \/>\n<meta property=\"og:type\" content=\"article\" \/>\n<meta property=\"og:title\" content=\"Liewood vaskeklude 3-pakk Sylvester, Dragon multi mix\" \/>\n<meta property=\"og:description\" content=\"Et produkt som du kommer til \u00e5 ha mye glede og nytte av. Det lekne utseendet gj\u00f8r at barnet ditt kommer til \u00e5 like det n\u00e5r du bruker dem, og dere kan gj\u00f8re badetiden til noe ekstra g\u00f8y. I hver pakning finner du 3 vaskekluter med forskjellige nyanser. Vaskeklutene er laget av 100% organisk bomullsfrott\u00e9. [&hellip;]\" \/>\n<meta property=\"og:url\" content=\"https:\/\/babylove.se\/no\/produkt\/liewood-vaskekluter-3-pack-sylvester-dragon-multi-mix\/\" \/>\n<meta property=\"og:site_name\" content=\"Babylove Norska\" \/>\n<meta property=\"article:modified_time\" content=\"2026-04-08T11:29:25+00:00\" \/>\n<meta property=\"og:image\" content=\"https:\/\/babylove.se\/no\/wp-content\/uploads\/sites\/3\/2025\/07\/62bae788c5ffc.jpeg\" \/>\n\t<meta property=\"og:image:width\" content=\"1024\" \/>\n\t<meta property=\"og:image:height\" content=\"1024\" \/>\n\t<meta property=\"og:image:type\" content=\"image\/jpeg\" \/>\n<meta name=\"twitter:card\" content=\"summary_large_image\" \/>\n<meta name=\"twitter:label1\" content=\"Price\" \/>\n\t<meta name=\"twitter:data1\" content=\"299,00&nbsp;&#107;&#114;\" \/>\n\t<meta name=\"twitter:label2\" content=\"Availability\" \/>\n\t<meta name=\"twitter:data2\" content=\"In stock\" \/>\n<script type=\"application\/ld+json\" class=\"yoast-schema-graph\">{\"@context\":\"https:\/\/schema.org\",\"@graph\":[{\"@type\":\"WebPage\",\"@id\":\"https:\/\/babylove.se\/no\/produkt\/liewood-vaskekluter-3-pack-sylvester-dragon-multi-mix\/\",\"url\":\"https:\/\/babylove.se\/no\/produkt\/liewood-vaskekluter-3-pack-sylvester-dragon-multi-mix\/\",\"name\":\"Liewood vaskeklude 3-pakk Sylvester, Dragon multi mix - Babylove Norska\",\"isPartOf\":{\"@id\":\"https:\/\/babylove.se\/no\/#website\"},\"primaryImageOfPage\":{\"@id\":\"https:\/\/babylove.se\/no\/produkt\/liewood-vaskekluter-3-pack-sylvester-dragon-multi-mix\/#primaryimage\"},\"image\":{\"@id\":\"https:\/\/babylove.se\/no\/produkt\/liewood-vaskekluter-3-pack-sylvester-dragon-multi-mix\/#primaryimage\"},\"thumbnailUrl\":\"https:\/\/babylove.se\/no\/wp-content\/uploads\/sites\/3\/2025\/07\/62bae788c5ffc.jpeg\",\"datePublished\":\"2025-07-19T00:44:13+00:00\",\"dateModified\":\"2026-04-08T11:29:25+00:00\",\"breadcrumb\":{\"@id\":\"https:\/\/babylove.se\/no\/produkt\/liewood-vaskekluter-3-pack-sylvester-dragon-multi-mix\/#breadcrumb\"},\"inLanguage\":\"nb-NO\",\"potentialAction\":[{\"@type\":\"ReadAction\",\"target\":[\"https:\/\/babylove.se\/no\/produkt\/liewood-vaskekluter-3-pack-sylvester-dragon-multi-mix\/\"]}]},{\"@type\":\"ImageObject\",\"inLanguage\":\"nb-NO\",\"@id\":\"https:\/\/babylove.se\/no\/produkt\/liewood-vaskekluter-3-pack-sylvester-dragon-multi-mix\/#primaryimage\",\"url\":\"https:\/\/babylove.se\/no\/wp-content\/uploads\/sites\/3\/2025\/07\/62bae788c5ffc.jpeg\",\"contentUrl\":\"https:\/\/babylove.se\/no\/wp-content\/uploads\/sites\/3\/2025\/07\/62bae788c5ffc.jpeg\",\"width\":1024,\"height\":1024},{\"@type\":\"BreadcrumbList\",\"@id\":\"https:\/\/babylove.se\/no\/produkt\/liewood-vaskekluter-3-pack-sylvester-dragon-multi-mix\/#breadcrumb\",\"itemListElement\":[{\"@type\":\"ListItem\",\"position\":1,\"name\":\"Hem\",\"item\":\"https:\/\/babylove.se\/no\/\"},{\"@type\":\"ListItem\",\"position\":2,\"name\":\"Butik\",\"item\":\"https:\/\/babylove.se\/no\/butik\/\"},{\"@type\":\"ListItem\",\"position\":3,\"name\":\"Liewood vaskeklude 3-pakk Sylvester, Dragon multi mix\"}]},{\"@type\":\"WebSite\",\"@id\":\"https:\/\/babylove.se\/no\/#website\",\"url\":\"https:\/\/babylove.se\/no\/\",\"name\":\"Babylove Norska\",\"description\":\"\",\"potentialAction\":[{\"@type\":\"SearchAction\",\"target\":{\"@type\":\"EntryPoint\",\"urlTemplate\":\"https:\/\/babylove.se\/no\/?s={search_term_string}\"},\"query-input\":{\"@type\":\"PropertyValueSpecification\",\"valueRequired\":true,\"valueName\":\"search_term_string\"}}],\"inLanguage\":\"nb-NO\"}]}<\/script>\n<meta property=\"product:brand\" content=\"Liewood\" \/>\n<meta property=\"product:price:amount\" content=\"299.00\" \/>\n<meta property=\"product:price:currency\" content=\"SEK\" \/>\n<meta property=\"og:availability\" content=\"instock\" \/>\n<meta property=\"product:availability\" content=\"instock\" \/>\n<meta property=\"product:retailer_item_id\" content=\"LW149191226\" \/>\n<meta property=\"product:condition\" content=\"new\" \/>\n<!-- \/ Yoast SEO Premium plugin. -->","yoast_head_json":{"title":"Liewood vaskeklude 3-pakk Sylvester, Dragon multi mix - Babylove Norska","robots":{"index":"noindex","follow":"follow","max-snippet":"max-snippet:-1","max-image-preview":"max-image-preview:large","max-video-preview":"max-video-preview:-1"},"og_locale":"nb_NO","og_type":"article","og_title":"Liewood vaskeklude 3-pakk Sylvester, Dragon multi mix","og_description":"Et produkt som du kommer til \u00e5 ha mye glede og nytte av. Det lekne utseendet gj\u00f8r at barnet ditt kommer til \u00e5 like det n\u00e5r du bruker dem, og dere kan gj\u00f8re badetiden til noe ekstra g\u00f8y. I hver pakning finner du 3 vaskekluter med forskjellige nyanser. Vaskeklutene er laget av 100% organisk bomullsfrott\u00e9. [&hellip;]","og_url":"https:\/\/babylove.se\/no\/produkt\/liewood-vaskekluter-3-pack-sylvester-dragon-multi-mix\/","og_site_name":"Babylove Norska","article_modified_time":"2026-04-08T11:29:25+00:00","og_image":[{"width":1024,"height":1024,"url":"https:\/\/babylove.se\/no\/wp-content\/uploads\/sites\/3\/2025\/07\/62bae788c5ffc.jpeg","type":"image\/jpeg"}],"twitter_card":"summary_large_image","twitter_misc":{"Price":"299,00&nbsp;&#107;&#114;","Availability":"In stock"},"schema":{"@context":"https:\/\/schema.org","@graph":[{"@type":"WebPage","@id":"https:\/\/babylove.se\/no\/produkt\/liewood-vaskekluter-3-pack-sylvester-dragon-multi-mix\/","url":"https:\/\/babylove.se\/no\/produkt\/liewood-vaskekluter-3-pack-sylvester-dragon-multi-mix\/","name":"Liewood vaskeklude 3-pakk Sylvester, Dragon multi mix - Babylove Norska","isPartOf":{"@id":"https:\/\/babylove.se\/no\/#website"},"primaryImageOfPage":{"@id":"https:\/\/babylove.se\/no\/produkt\/liewood-vaskekluter-3-pack-sylvester-dragon-multi-mix\/#primaryimage"},"image":{"@id":"https:\/\/babylove.se\/no\/produkt\/liewood-vaskekluter-3-pack-sylvester-dragon-multi-mix\/#primaryimage"},"thumbnailUrl":"https:\/\/babylove.se\/no\/wp-content\/uploads\/sites\/3\/2025\/07\/62bae788c5ffc.jpeg","datePublished":"2025-07-19T00:44:13+00:00","dateModified":"2026-04-08T11:29:25+00:00","breadcrumb":{"@id":"https:\/\/babylove.se\/no\/produkt\/liewood-vaskekluter-3-pack-sylvester-dragon-multi-mix\/#breadcrumb"},"inLanguage":"nb-NO","potentialAction":[{"@type":"ReadAction","target":["https:\/\/babylove.se\/no\/produkt\/liewood-vaskekluter-3-pack-sylvester-dragon-multi-mix\/"]}]},{"@type":"ImageObject","inLanguage":"nb-NO","@id":"https:\/\/babylove.se\/no\/produkt\/liewood-vaskekluter-3-pack-sylvester-dragon-multi-mix\/#primaryimage","url":"https:\/\/babylove.se\/no\/wp-content\/uploads\/sites\/3\/2025\/07\/62bae788c5ffc.jpeg","contentUrl":"https:\/\/babylove.se\/no\/wp-content\/uploads\/sites\/3\/2025\/07\/62bae788c5ffc.jpeg","width":1024,"height":1024},{"@type":"BreadcrumbList","@id":"https:\/\/babylove.se\/no\/produkt\/liewood-vaskekluter-3-pack-sylvester-dragon-multi-mix\/#breadcrumb","itemListElement":[{"@type":"ListItem","position":1,"name":"Hem","item":"https:\/\/babylove.se\/no\/"},{"@type":"ListItem","position":2,"name":"Butik","item":"https:\/\/babylove.se\/no\/butik\/"},{"@type":"ListItem","position":3,"name":"Liewood vaskeklude 3-pakk Sylvester, Dragon multi mix"}]},{"@type":"WebSite","@id":"https:\/\/babylove.se\/no\/#website","url":"https:\/\/babylove.se\/no\/","name":"Babylove Norska","description":"","potentialAction":[{"@type":"SearchAction","target":{"@type":"EntryPoint","urlTemplate":"https:\/\/babylove.se\/no\/?s={search_term_string}"},"query-input":{"@type":"PropertyValueSpecification","valueRequired":true,"valueName":"search_term_string"}}],"inLanguage":"nb-NO"}]},"product_brand":"Liewood","product_price_amount":"299.00","product_price_currency":"SEK","og_availability":"instock","product_availability":"instock","product_retailer_item_id":"LW149191226","product_condition":"new"},"_links":{"self":[{"href":"https:\/\/babylove.se\/no\/wp-json\/wp\/v2\/product\/37904","targetHints":{"allow":["GET"]}}],"collection":[{"href":"https:\/\/babylove.se\/no\/wp-json\/wp\/v2\/product"}],"about":[{"href":"https:\/\/babylove.se\/no\/wp-json\/wp\/v2\/types\/product"}],"replies":[{"embeddable":true,"href":"https:\/\/babylove.se\/no\/wp-json\/wp\/v2\/comments?post=37904"}],"wp:featuredmedia":[{"embeddable":true,"href":"https:\/\/babylove.se\/no\/wp-json\/wp\/v2\/media\/37906"}],"wp:attachment":[{"href":"https:\/\/babylove.se\/no\/wp-json\/wp\/v2\/media?parent=37904"}],"wp:term":[{"taxonomy":"product_brand","embeddable":true,"href":"https:\/\/babylove.se\/no\/wp-json\/wp\/v2\/product_brand?post=37904"},{"taxonomy":"product_cat","embeddable":true,"href":"https:\/\/babylove.se\/no\/wp-json\/wp\/v2\/product_cat?post=37904"},{"taxonomy":"product_tag","embeddable":true,"href":"https:\/\/babylove.se\/no\/wp-json\/wp\/v2\/product_tag?post=37904"}],"curies":[{"name":"wp","href":"https:\/\/api.w.org\/{rel}","templated":true}]}}