{"id":37964,"date":"2025-07-19T01:44:31","date_gmt":"2025-07-19T00:44:31","guid":{"rendered":"https:\/\/babylove.se\/produkt\/charlotte-kista-forvaringsbank-till-barnrummet\/"},"modified":"2026-04-08T12:30:03","modified_gmt":"2026-04-08T11:30:03","slug":"charlotte-kista-oppbevaringsbank-til-barnerommet","status":"publish","type":"product","link":"https:\/\/babylove.se\/no\/produkt\/charlotte-kista-oppbevaringsbank-til-barnerommet\/","title":{"rendered":"Charlotte, Kista oppbevaringsbenk til barnerommet"},"content":{"rendered":"<p>En smart kombinasjon av oppbevaring og benk helt tilpasset barnerommet. En optimal m\u00f8bel \u00e5 innrede med!<span lang=\"en\"><span title=\"Charakteryzuje si? r\u00f3wnie? du?? odporno?ci? na ?cieranie. \"><br \/><\/span><\/span><\/p>\n<p>En riktig dr\u00f8m for barnerommet, det er oppbevaringsbenken Charlotte som er s\u00e5 vakker at den ogs\u00e5 passer inn i foreldrenes soverom. Kisten er helt bygget for h\u00e5nd av massiv furu og det inng\u00e5r masse sjarm og fine detaljer. Eller hva med de fine buede trebena <span>&nbsp;<\/span>og de vakre detaljene p\u00e5 forsiden.&nbsp;<\/p>\n<p><strong>M\u00e5l:<\/strong><\/p>\n<ul>\n<li>H\u00f8yde 53,5 cm<\/li>\n<li>Bredde 85 cm<\/li>\n<li>Dybde 48 cm&nbsp;<\/li>\n<\/ul>\n<p>Benken leveres ferdigbygget s\u00e5 den er klar for barnerommet direkte n\u00e5r den har kommet hjem.&nbsp;<\/p>\n<p>Da tre er et bevegelig materiale kan det forekomme minimale sprekker som snarere gj\u00f8r m\u00f8belet enda mer rustikt og bidrar til sjarmen ytterligere. Dette er det som skiller mot m\u00f8bler laget i MDF.<\/p>\n<p>Kisten finnes i seks klassiske farger \u2013 hvit, gr\u00e5, dusty blue, natur, lys rosa eller i dusty pink. Da benken kun lages p\u00e5 bestilling s\u00e5 kan de lages i andre farger ogs\u00e5 om man \u00f8nsker det. Samtlige farger som brukes er klassifisert som barnesikre, noe som skaper trygghet.<\/p>\n<p><u>Leveringstiden er 3-5 uker fra mottak av din bestilling. OBS Denne varen leveres kun med hjemlevering som inng\u00e5r i prisen<\/u><a href=\"https:\/\/babylove.se\/varumarken\/jabadabado\"><\/a><\/p>\n","protected":false},"excerpt":{"rendered":"<p>En smart kombinasjon av oppbevaring og benk helt tilpasset barnerommet. En optimal m\u00f8bel \u00e5 innrede med! En riktig dr\u00f8m for barnerommet, det er oppbevaringsbenken Charlotte som er s\u00e5 vakker at den ogs\u00e5 passer inn i foreldrenes soverom. Kisten er helt bygget for h\u00e5nd av massiv furu og det inng\u00e5r masse sjarm og fine detaljer. Eller [&hellip;]<\/p>\n","protected":false},"featured_media":37966,"comment_status":"closed","ping_status":"open","template":"","meta":{"_acf_changed":false},"product_brand":[366],"product_cat":[814,43],"product_tag":[],"class_list":{"0":"post-37964","1":"product","2":"type-product","3":"status-publish","4":"has-post-thumbnail","6":"product_brand-babyloff","7":"product_cat-oppbevaringsbenker","8":"product_cat-oppbevaringskurver","10":"first","11":"outofstock","12":"taxable","13":"shipping-taxable","14":"purchasable","15":"product-type-simple"},"acf":[],"yoast_head":"<!-- This site is optimized with the Yoast SEO Premium plugin v25.8 (Yoast SEO v27.2) - https:\/\/yoast.com\/product\/yoast-seo-premium-wordpress\/ -->\n<title>Charlotte, Kista oppbevaringsbenk til barnerommet - Babylove Norska<\/title>\n<meta name=\"robots\" content=\"noindex, follow, max-snippet:-1, max-image-preview:large, max-video-preview:-1\" \/>\n<meta property=\"og:locale\" content=\"nb_NO\" \/>\n<meta property=\"og:type\" content=\"article\" \/>\n<meta property=\"og:title\" content=\"Charlotte, Kista oppbevaringsbenk til barnerommet\" \/>\n<meta property=\"og:description\" content=\"En smart kombinasjon av oppbevaring og benk helt tilpasset barnerommet. En optimal m\u00f8bel \u00e5 innrede med! En riktig dr\u00f8m for barnerommet, det er oppbevaringsbenken Charlotte som er s\u00e5 vakker at den ogs\u00e5 passer inn i foreldrenes soverom. Kisten er helt bygget for h\u00e5nd av massiv furu og det inng\u00e5r masse sjarm og fine detaljer. Eller [&hellip;]\" \/>\n<meta property=\"og:url\" content=\"https:\/\/babylove.se\/no\/produkt\/charlotte-kista-oppbevaringsbank-til-barnerommet\/\" \/>\n<meta property=\"og:site_name\" content=\"Babylove Norska\" \/>\n<meta property=\"article:modified_time\" content=\"2026-04-08T11:30:03+00:00\" \/>\n<meta property=\"og:image\" content=\"https:\/\/babylove.se\/no\/wp-content\/uploads\/sites\/3\/2025\/07\/62bc1479c540d.jpeg\" \/>\n\t<meta property=\"og:image:width\" content=\"1365\" \/>\n\t<meta property=\"og:image:height\" content=\"2047\" \/>\n\t<meta property=\"og:image:type\" content=\"image\/jpeg\" \/>\n<meta name=\"twitter:card\" content=\"summary_large_image\" \/>\n<meta name=\"twitter:label1\" content=\"Price\" \/>\n\t<meta name=\"twitter:data1\" content=\"4 799,00&nbsp;&#107;&#114;\" \/>\n\t<meta name=\"twitter:label2\" content=\"Availability\" \/>\n\t<meta name=\"twitter:data2\" content=\"Out of stock\" \/>\n<script type=\"application\/ld+json\" class=\"yoast-schema-graph\">{\"@context\":\"https:\/\/schema.org\",\"@graph\":[{\"@type\":\"WebPage\",\"@id\":\"https:\/\/babylove.se\/no\/produkt\/charlotte-kista-oppbevaringsbank-til-barnerommet\/\",\"url\":\"https:\/\/babylove.se\/no\/produkt\/charlotte-kista-oppbevaringsbank-til-barnerommet\/\",\"name\":\"Charlotte, Kista oppbevaringsbenk til barnerommet - Babylove Norska\",\"isPartOf\":{\"@id\":\"https:\/\/babylove.se\/no\/#website\"},\"primaryImageOfPage\":{\"@id\":\"https:\/\/babylove.se\/no\/produkt\/charlotte-kista-oppbevaringsbank-til-barnerommet\/#primaryimage\"},\"image\":{\"@id\":\"https:\/\/babylove.se\/no\/produkt\/charlotte-kista-oppbevaringsbank-til-barnerommet\/#primaryimage\"},\"thumbnailUrl\":\"https:\/\/babylove.se\/no\/wp-content\/uploads\/sites\/3\/2025\/07\/62bc1479c540d.jpeg\",\"datePublished\":\"2025-07-19T00:44:31+00:00\",\"dateModified\":\"2026-04-08T11:30:03+00:00\",\"breadcrumb\":{\"@id\":\"https:\/\/babylove.se\/no\/produkt\/charlotte-kista-oppbevaringsbank-til-barnerommet\/#breadcrumb\"},\"inLanguage\":\"nb-NO\",\"potentialAction\":[{\"@type\":\"ReadAction\",\"target\":[\"https:\/\/babylove.se\/no\/produkt\/charlotte-kista-oppbevaringsbank-til-barnerommet\/\"]}]},{\"@type\":\"ImageObject\",\"inLanguage\":\"nb-NO\",\"@id\":\"https:\/\/babylove.se\/no\/produkt\/charlotte-kista-oppbevaringsbank-til-barnerommet\/#primaryimage\",\"url\":\"https:\/\/babylove.se\/no\/wp-content\/uploads\/sites\/3\/2025\/07\/62bc1479c540d.jpeg\",\"contentUrl\":\"https:\/\/babylove.se\/no\/wp-content\/uploads\/sites\/3\/2025\/07\/62bc1479c540d.jpeg\",\"width\":1365,\"height\":2047},{\"@type\":\"BreadcrumbList\",\"@id\":\"https:\/\/babylove.se\/no\/produkt\/charlotte-kista-oppbevaringsbank-til-barnerommet\/#breadcrumb\",\"itemListElement\":[{\"@type\":\"ListItem\",\"position\":1,\"name\":\"Hem\",\"item\":\"https:\/\/babylove.se\/no\/\"},{\"@type\":\"ListItem\",\"position\":2,\"name\":\"Butik\",\"item\":\"https:\/\/babylove.se\/no\/butik\/\"},{\"@type\":\"ListItem\",\"position\":3,\"name\":\"Charlotte, Kista oppbevaringsbenk til barnerommet\"}]},{\"@type\":\"WebSite\",\"@id\":\"https:\/\/babylove.se\/no\/#website\",\"url\":\"https:\/\/babylove.se\/no\/\",\"name\":\"Babylove Norska\",\"description\":\"\",\"potentialAction\":[{\"@type\":\"SearchAction\",\"target\":{\"@type\":\"EntryPoint\",\"urlTemplate\":\"https:\/\/babylove.se\/no\/?s={search_term_string}\"},\"query-input\":{\"@type\":\"PropertyValueSpecification\",\"valueRequired\":true,\"valueName\":\"search_term_string\"}}],\"inLanguage\":\"nb-NO\"}]}<\/script>\n<meta property=\"product:brand\" content=\"Babyloff\" \/>\n<meta property=\"product:price:amount\" content=\"4799.00\" \/>\n<meta property=\"product:price:currency\" content=\"SEK\" \/>\n<meta property=\"og:availability\" content=\"out of stock\" \/>\n<meta property=\"product:availability\" content=\"out of stock\" \/>\n<meta property=\"product:retailer_item_id\" content=\"CharlotteKista\" \/>\n<meta property=\"product:condition\" content=\"new\" \/>\n<!-- \/ Yoast SEO Premium plugin. -->","yoast_head_json":{"title":"Charlotte, Kista oppbevaringsbenk til barnerommet - Babylove Norska","robots":{"index":"noindex","follow":"follow","max-snippet":"max-snippet:-1","max-image-preview":"max-image-preview:large","max-video-preview":"max-video-preview:-1"},"og_locale":"nb_NO","og_type":"article","og_title":"Charlotte, Kista oppbevaringsbenk til barnerommet","og_description":"En smart kombinasjon av oppbevaring og benk helt tilpasset barnerommet. En optimal m\u00f8bel \u00e5 innrede med! En riktig dr\u00f8m for barnerommet, det er oppbevaringsbenken Charlotte som er s\u00e5 vakker at den ogs\u00e5 passer inn i foreldrenes soverom. Kisten er helt bygget for h\u00e5nd av massiv furu og det inng\u00e5r masse sjarm og fine detaljer. Eller [&hellip;]","og_url":"https:\/\/babylove.se\/no\/produkt\/charlotte-kista-oppbevaringsbank-til-barnerommet\/","og_site_name":"Babylove Norska","article_modified_time":"2026-04-08T11:30:03+00:00","og_image":[{"width":1365,"height":2047,"url":"https:\/\/babylove.se\/no\/wp-content\/uploads\/sites\/3\/2025\/07\/62bc1479c540d.jpeg","type":"image\/jpeg"}],"twitter_card":"summary_large_image","twitter_misc":{"Price":"4 799,00&nbsp;&#107;&#114;","Availability":"Out of stock"},"schema":{"@context":"https:\/\/schema.org","@graph":[{"@type":"WebPage","@id":"https:\/\/babylove.se\/no\/produkt\/charlotte-kista-oppbevaringsbank-til-barnerommet\/","url":"https:\/\/babylove.se\/no\/produkt\/charlotte-kista-oppbevaringsbank-til-barnerommet\/","name":"Charlotte, Kista oppbevaringsbenk til barnerommet - Babylove Norska","isPartOf":{"@id":"https:\/\/babylove.se\/no\/#website"},"primaryImageOfPage":{"@id":"https:\/\/babylove.se\/no\/produkt\/charlotte-kista-oppbevaringsbank-til-barnerommet\/#primaryimage"},"image":{"@id":"https:\/\/babylove.se\/no\/produkt\/charlotte-kista-oppbevaringsbank-til-barnerommet\/#primaryimage"},"thumbnailUrl":"https:\/\/babylove.se\/no\/wp-content\/uploads\/sites\/3\/2025\/07\/62bc1479c540d.jpeg","datePublished":"2025-07-19T00:44:31+00:00","dateModified":"2026-04-08T11:30:03+00:00","breadcrumb":{"@id":"https:\/\/babylove.se\/no\/produkt\/charlotte-kista-oppbevaringsbank-til-barnerommet\/#breadcrumb"},"inLanguage":"nb-NO","potentialAction":[{"@type":"ReadAction","target":["https:\/\/babylove.se\/no\/produkt\/charlotte-kista-oppbevaringsbank-til-barnerommet\/"]}]},{"@type":"ImageObject","inLanguage":"nb-NO","@id":"https:\/\/babylove.se\/no\/produkt\/charlotte-kista-oppbevaringsbank-til-barnerommet\/#primaryimage","url":"https:\/\/babylove.se\/no\/wp-content\/uploads\/sites\/3\/2025\/07\/62bc1479c540d.jpeg","contentUrl":"https:\/\/babylove.se\/no\/wp-content\/uploads\/sites\/3\/2025\/07\/62bc1479c540d.jpeg","width":1365,"height":2047},{"@type":"BreadcrumbList","@id":"https:\/\/babylove.se\/no\/produkt\/charlotte-kista-oppbevaringsbank-til-barnerommet\/#breadcrumb","itemListElement":[{"@type":"ListItem","position":1,"name":"Hem","item":"https:\/\/babylove.se\/no\/"},{"@type":"ListItem","position":2,"name":"Butik","item":"https:\/\/babylove.se\/no\/butik\/"},{"@type":"ListItem","position":3,"name":"Charlotte, Kista oppbevaringsbenk til barnerommet"}]},{"@type":"WebSite","@id":"https:\/\/babylove.se\/no\/#website","url":"https:\/\/babylove.se\/no\/","name":"Babylove Norska","description":"","potentialAction":[{"@type":"SearchAction","target":{"@type":"EntryPoint","urlTemplate":"https:\/\/babylove.se\/no\/?s={search_term_string}"},"query-input":{"@type":"PropertyValueSpecification","valueRequired":true,"valueName":"search_term_string"}}],"inLanguage":"nb-NO"}]},"product_brand":"Babyloff","product_price_amount":"4799.00","product_price_currency":"SEK","og_availability":"out of stock","product_availability":"out of stock","product_retailer_item_id":"CharlotteKista","product_condition":"new"},"_links":{"self":[{"href":"https:\/\/babylove.se\/no\/wp-json\/wp\/v2\/product\/37964","targetHints":{"allow":["GET"]}}],"collection":[{"href":"https:\/\/babylove.se\/no\/wp-json\/wp\/v2\/product"}],"about":[{"href":"https:\/\/babylove.se\/no\/wp-json\/wp\/v2\/types\/product"}],"replies":[{"embeddable":true,"href":"https:\/\/babylove.se\/no\/wp-json\/wp\/v2\/comments?post=37964"}],"wp:featuredmedia":[{"embeddable":true,"href":"https:\/\/babylove.se\/no\/wp-json\/wp\/v2\/media\/37966"}],"wp:attachment":[{"href":"https:\/\/babylove.se\/no\/wp-json\/wp\/v2\/media?parent=37964"}],"wp:term":[{"taxonomy":"product_brand","embeddable":true,"href":"https:\/\/babylove.se\/no\/wp-json\/wp\/v2\/product_brand?post=37964"},{"taxonomy":"product_cat","embeddable":true,"href":"https:\/\/babylove.se\/no\/wp-json\/wp\/v2\/product_cat?post=37964"},{"taxonomy":"product_tag","embeddable":true,"href":"https:\/\/babylove.se\/no\/wp-json\/wp\/v2\/product_tag?post=37964"}],"curies":[{"name":"wp","href":"https:\/\/api.w.org\/{rel}","templated":true}]}}