{"id":38007,"date":"2025-07-19T01:44:59","date_gmt":"2025-07-19T00:44:59","guid":{"rendered":"https:\/\/babylove.se\/produkt\/little-lights-nattlampa-till-barnrummet-rymdraket-blarodgul\/"},"modified":"2026-04-08T12:30:20","modified_gmt":"2026-04-08T11:30:20","slug":"sma-lys-nattlampe-til-barnerommet-romrakett-blarogul","status":"publish","type":"product","link":"https:\/\/babylove.se\/no\/produkt\/sma-lys-nattlampe-til-barnerommet-romrakett-blarogul\/","title":{"rendered":"Little Lights, Nattlampe til barnerommet, Romrakett bl\u00e5\/r\u00f8d\/gul"},"content":{"rendered":"<p>En fantastisk lampe til barnerommet i form av en romrakett som vil l\u00f8fte din innredning samtidig som den fungerer som en perfekt nattlampe for ditt barn. <\/p>\n<p>Laget av tre og h\u00e5ndmalt i barnesikre farger. Hver lampe lages for h\u00e5nd og p\u00e5 bestilling noe som gj\u00f8r hver lampe helt unik, samtidig som leveringstiden kan bli litt lengre. <\/p>\n<p>Belysningen i lampen best\u00e5r av sikre lysdioder som dessuten st\u00e5r for full holdbarhet og bruker lite energi. De er utvalgt med omhu for \u00e5 v\u00e6re milj\u00f8vennlige. Lampen drives av et vanlig str\u00f8muttak og kan stilles inn til \u00e5 sl\u00e5 seg av automatisk etter 30, 60 eller 90 minutter. Forberedt for \u00e5 henges p\u00e5 veggen. <\/p>\n<p>Alt tre som lampen er bygget av kommer fra n\u00f8ye utvalgte skogomr\u00e5der med b\u00e6rekraftig skogbruk. <\/p>\n<ul>\n<li>St\u00f8rrelse: 41 cm x 20 cm x 5,5 cm<\/li>\n<li>Materiale: massiv furu<\/li>\n<li>LED-lamper<\/li>\n<li>Timer (30, 60 og 90 minutter)<\/li>\n<li>Dimmer<\/li>\n<li>3,3W 230V AC EU PLUG<\/li>\n<li>Brenntid:. Ca. 100 000t<\/li>\n<li>Str\u00f8mforsyning: stikkontakt<\/li>\n<li>Bryter: omkopler p\u00e5 kabelen<\/li>\n<\/ul>\n<p>P\u00e5 alle Little Lights lamper gir vi 12 m\u00e5neders garanti p\u00e5 lampene. Etter det kan de trenge \u00e5 byttes og da m\u00e5 lampen \u00e5pnes forsiktig. Et sett med ekstralamper koster 159;- <\/p>\n<p>Designer: <a href=\"https:\/\/babylove.se\/varumarken\/little-lights-lampor\">Little Lights<\/a><\/p>\n","protected":false},"excerpt":{"rendered":"<p>En fantastisk lampe til barnerommet i form av en romrakett som vil l\u00f8fte din innredning samtidig som den fungerer som en perfekt nattlampe for ditt barn. Laget av tre og h\u00e5ndmalt i barnesikre farger. Hver lampe lages for h\u00e5nd og p\u00e5 bestilling noe som gj\u00f8r hver lampe helt unik, samtidig som leveringstiden kan bli litt [&hellip;]<\/p>\n","protected":false},"featured_media":38009,"comment_status":"closed","ping_status":"closed","template":"","meta":{"_acf_changed":false},"product_brand":[207],"product_cat":[26,25,31,208,179,238,37],"product_tag":[],"class_list":{"0":"post-38007","1":"product","2":"type-product","3":"status-publish","4":"has-post-thumbnail","6":"product_brand-little-lights","7":"product_cat-kjop-produkter-som-ikke-bare-er-for-gutter","8":"product_cat-ikke-bare-jenter","9":"product_cat-lamper","10":"product_cat-sma-lys-lamper","11":"product_cat-nattlamper","12":"product_cat-rommet","13":"product_cat-vegglamper","15":"first","16":"instock","17":"taxable","18":"shipping-taxable","19":"purchasable","20":"product-type-simple"},"acf":[],"yoast_head":"<!-- This site is optimized with the Yoast SEO Premium plugin v25.8 (Yoast SEO v27.2) - https:\/\/yoast.com\/product\/yoast-seo-premium-wordpress\/ -->\n<title>Little Lights, Nattlampe til barnerommet, Romrakett bl\u00e5\/r\u00f8d\/gul - Babylove Norska<\/title>\n<meta name=\"robots\" content=\"noindex, follow, max-snippet:-1, max-image-preview:large, max-video-preview:-1\" \/>\n<meta property=\"og:locale\" content=\"nb_NO\" \/>\n<meta property=\"og:type\" content=\"article\" \/>\n<meta property=\"og:title\" content=\"Little Lights, Nattlampe til barnerommet, Romrakett bl\u00e5\/r\u00f8d\/gul\" \/>\n<meta property=\"og:description\" content=\"En fantastisk lampe til barnerommet i form av en romrakett som vil l\u00f8fte din innredning samtidig som den fungerer som en perfekt nattlampe for ditt barn. Laget av tre og h\u00e5ndmalt i barnesikre farger. Hver lampe lages for h\u00e5nd og p\u00e5 bestilling noe som gj\u00f8r hver lampe helt unik, samtidig som leveringstiden kan bli litt [&hellip;]\" \/>\n<meta property=\"og:url\" content=\"https:\/\/babylove.se\/no\/produkt\/sma-lys-nattlampe-til-barnerommet-romrakett-blarogul\/\" \/>\n<meta property=\"og:site_name\" content=\"Babylove Norska\" \/>\n<meta property=\"article:modified_time\" content=\"2026-04-08T11:30:20+00:00\" \/>\n<meta property=\"og:image\" content=\"https:\/\/babylove.se\/no\/wp-content\/uploads\/sites\/3\/2025\/07\/16565838925c2dd4cee9cdb.jpeg\" \/>\n\t<meta property=\"og:image:width\" content=\"500\" \/>\n\t<meta property=\"og:image:height\" content=\"750\" \/>\n\t<meta property=\"og:image:type\" content=\"image\/jpeg\" \/>\n<meta name=\"twitter:card\" content=\"summary_large_image\" \/>\n<meta name=\"twitter:label1\" content=\"Price\" \/>\n\t<meta name=\"twitter:data1\" content=\"2 299,00&nbsp;&#107;&#114;\" \/>\n\t<meta name=\"twitter:label2\" content=\"Availability\" \/>\n\t<meta name=\"twitter:data2\" content=\"In stock\" \/>\n<script type=\"application\/ld+json\" class=\"yoast-schema-graph\">{\"@context\":\"https:\/\/schema.org\",\"@graph\":[{\"@type\":\"WebPage\",\"@id\":\"https:\/\/babylove.se\/no\/produkt\/sma-lys-nattlampe-til-barnerommet-romrakett-blarogul\/\",\"url\":\"https:\/\/babylove.se\/no\/produkt\/sma-lys-nattlampe-til-barnerommet-romrakett-blarogul\/\",\"name\":\"Little Lights, Nattlampe til barnerommet, Romrakett bl\u00e5\/r\u00f8d\/gul - Babylove Norska\",\"isPartOf\":{\"@id\":\"https:\/\/babylove.se\/no\/#website\"},\"primaryImageOfPage\":{\"@id\":\"https:\/\/babylove.se\/no\/produkt\/sma-lys-nattlampe-til-barnerommet-romrakett-blarogul\/#primaryimage\"},\"image\":{\"@id\":\"https:\/\/babylove.se\/no\/produkt\/sma-lys-nattlampe-til-barnerommet-romrakett-blarogul\/#primaryimage\"},\"thumbnailUrl\":\"https:\/\/babylove.se\/no\/wp-content\/uploads\/sites\/3\/2025\/07\/16565838925c2dd4cee9cdb.jpeg\",\"datePublished\":\"2025-07-19T00:44:59+00:00\",\"dateModified\":\"2026-04-08T11:30:20+00:00\",\"breadcrumb\":{\"@id\":\"https:\/\/babylove.se\/no\/produkt\/sma-lys-nattlampe-til-barnerommet-romrakett-blarogul\/#breadcrumb\"},\"inLanguage\":\"nb-NO\",\"potentialAction\":[{\"@type\":\"ReadAction\",\"target\":[\"https:\/\/babylove.se\/no\/produkt\/sma-lys-nattlampe-til-barnerommet-romrakett-blarogul\/\"]}]},{\"@type\":\"ImageObject\",\"inLanguage\":\"nb-NO\",\"@id\":\"https:\/\/babylove.se\/no\/produkt\/sma-lys-nattlampe-til-barnerommet-romrakett-blarogul\/#primaryimage\",\"url\":\"https:\/\/babylove.se\/no\/wp-content\/uploads\/sites\/3\/2025\/07\/16565838925c2dd4cee9cdb.jpeg\",\"contentUrl\":\"https:\/\/babylove.se\/no\/wp-content\/uploads\/sites\/3\/2025\/07\/16565838925c2dd4cee9cdb.jpeg\",\"width\":500,\"height\":750},{\"@type\":\"BreadcrumbList\",\"@id\":\"https:\/\/babylove.se\/no\/produkt\/sma-lys-nattlampe-til-barnerommet-romrakett-blarogul\/#breadcrumb\",\"itemListElement\":[{\"@type\":\"ListItem\",\"position\":1,\"name\":\"Hem\",\"item\":\"https:\/\/babylove.se\/no\/\"},{\"@type\":\"ListItem\",\"position\":2,\"name\":\"Butik\",\"item\":\"https:\/\/babylove.se\/no\/butik\/\"},{\"@type\":\"ListItem\",\"position\":3,\"name\":\"Little Lights, Nattlampe til barnerommet, Romrakett bl\u00e5\/r\u00f8d\/gul\"}]},{\"@type\":\"WebSite\",\"@id\":\"https:\/\/babylove.se\/no\/#website\",\"url\":\"https:\/\/babylove.se\/no\/\",\"name\":\"Babylove Norska\",\"description\":\"\",\"potentialAction\":[{\"@type\":\"SearchAction\",\"target\":{\"@type\":\"EntryPoint\",\"urlTemplate\":\"https:\/\/babylove.se\/no\/?s={search_term_string}\"},\"query-input\":{\"@type\":\"PropertyValueSpecification\",\"valueRequired\":true,\"valueName\":\"search_term_string\"}}],\"inLanguage\":\"nb-NO\"}]}<\/script>\n<meta property=\"product:brand\" content=\"Little Lights\" \/>\n<meta property=\"product:price:amount\" content=\"2299.00\" \/>\n<meta property=\"product:price:currency\" content=\"SEK\" \/>\n<meta property=\"og:availability\" content=\"instock\" \/>\n<meta property=\"product:availability\" content=\"instock\" \/>\n<meta property=\"product:retailer_item_id\" content=\"LL032-360\" \/>\n<meta property=\"product:condition\" content=\"new\" \/>\n<!-- \/ Yoast SEO Premium plugin. -->","yoast_head_json":{"title":"Little Lights, Nattlampe til barnerommet, Romrakett bl\u00e5\/r\u00f8d\/gul - Babylove Norska","robots":{"index":"noindex","follow":"follow","max-snippet":"max-snippet:-1","max-image-preview":"max-image-preview:large","max-video-preview":"max-video-preview:-1"},"og_locale":"nb_NO","og_type":"article","og_title":"Little Lights, Nattlampe til barnerommet, Romrakett bl\u00e5\/r\u00f8d\/gul","og_description":"En fantastisk lampe til barnerommet i form av en romrakett som vil l\u00f8fte din innredning samtidig som den fungerer som en perfekt nattlampe for ditt barn. Laget av tre og h\u00e5ndmalt i barnesikre farger. Hver lampe lages for h\u00e5nd og p\u00e5 bestilling noe som gj\u00f8r hver lampe helt unik, samtidig som leveringstiden kan bli litt [&hellip;]","og_url":"https:\/\/babylove.se\/no\/produkt\/sma-lys-nattlampe-til-barnerommet-romrakett-blarogul\/","og_site_name":"Babylove Norska","article_modified_time":"2026-04-08T11:30:20+00:00","og_image":[{"width":500,"height":750,"url":"https:\/\/babylove.se\/no\/wp-content\/uploads\/sites\/3\/2025\/07\/16565838925c2dd4cee9cdb.jpeg","type":"image\/jpeg"}],"twitter_card":"summary_large_image","twitter_misc":{"Price":"2 299,00&nbsp;&#107;&#114;","Availability":"In stock"},"schema":{"@context":"https:\/\/schema.org","@graph":[{"@type":"WebPage","@id":"https:\/\/babylove.se\/no\/produkt\/sma-lys-nattlampe-til-barnerommet-romrakett-blarogul\/","url":"https:\/\/babylove.se\/no\/produkt\/sma-lys-nattlampe-til-barnerommet-romrakett-blarogul\/","name":"Little Lights, Nattlampe til barnerommet, Romrakett bl\u00e5\/r\u00f8d\/gul - Babylove Norska","isPartOf":{"@id":"https:\/\/babylove.se\/no\/#website"},"primaryImageOfPage":{"@id":"https:\/\/babylove.se\/no\/produkt\/sma-lys-nattlampe-til-barnerommet-romrakett-blarogul\/#primaryimage"},"image":{"@id":"https:\/\/babylove.se\/no\/produkt\/sma-lys-nattlampe-til-barnerommet-romrakett-blarogul\/#primaryimage"},"thumbnailUrl":"https:\/\/babylove.se\/no\/wp-content\/uploads\/sites\/3\/2025\/07\/16565838925c2dd4cee9cdb.jpeg","datePublished":"2025-07-19T00:44:59+00:00","dateModified":"2026-04-08T11:30:20+00:00","breadcrumb":{"@id":"https:\/\/babylove.se\/no\/produkt\/sma-lys-nattlampe-til-barnerommet-romrakett-blarogul\/#breadcrumb"},"inLanguage":"nb-NO","potentialAction":[{"@type":"ReadAction","target":["https:\/\/babylove.se\/no\/produkt\/sma-lys-nattlampe-til-barnerommet-romrakett-blarogul\/"]}]},{"@type":"ImageObject","inLanguage":"nb-NO","@id":"https:\/\/babylove.se\/no\/produkt\/sma-lys-nattlampe-til-barnerommet-romrakett-blarogul\/#primaryimage","url":"https:\/\/babylove.se\/no\/wp-content\/uploads\/sites\/3\/2025\/07\/16565838925c2dd4cee9cdb.jpeg","contentUrl":"https:\/\/babylove.se\/no\/wp-content\/uploads\/sites\/3\/2025\/07\/16565838925c2dd4cee9cdb.jpeg","width":500,"height":750},{"@type":"BreadcrumbList","@id":"https:\/\/babylove.se\/no\/produkt\/sma-lys-nattlampe-til-barnerommet-romrakett-blarogul\/#breadcrumb","itemListElement":[{"@type":"ListItem","position":1,"name":"Hem","item":"https:\/\/babylove.se\/no\/"},{"@type":"ListItem","position":2,"name":"Butik","item":"https:\/\/babylove.se\/no\/butik\/"},{"@type":"ListItem","position":3,"name":"Little Lights, Nattlampe til barnerommet, Romrakett bl\u00e5\/r\u00f8d\/gul"}]},{"@type":"WebSite","@id":"https:\/\/babylove.se\/no\/#website","url":"https:\/\/babylove.se\/no\/","name":"Babylove Norska","description":"","potentialAction":[{"@type":"SearchAction","target":{"@type":"EntryPoint","urlTemplate":"https:\/\/babylove.se\/no\/?s={search_term_string}"},"query-input":{"@type":"PropertyValueSpecification","valueRequired":true,"valueName":"search_term_string"}}],"inLanguage":"nb-NO"}]},"product_brand":"Little Lights","product_price_amount":"2299.00","product_price_currency":"SEK","og_availability":"instock","product_availability":"instock","product_retailer_item_id":"LL032-360","product_condition":"new"},"_links":{"self":[{"href":"https:\/\/babylove.se\/no\/wp-json\/wp\/v2\/product\/38007","targetHints":{"allow":["GET"]}}],"collection":[{"href":"https:\/\/babylove.se\/no\/wp-json\/wp\/v2\/product"}],"about":[{"href":"https:\/\/babylove.se\/no\/wp-json\/wp\/v2\/types\/product"}],"replies":[{"embeddable":true,"href":"https:\/\/babylove.se\/no\/wp-json\/wp\/v2\/comments?post=38007"}],"wp:featuredmedia":[{"embeddable":true,"href":"https:\/\/babylove.se\/no\/wp-json\/wp\/v2\/media\/38009"}],"wp:attachment":[{"href":"https:\/\/babylove.se\/no\/wp-json\/wp\/v2\/media?parent=38007"}],"wp:term":[{"taxonomy":"product_brand","embeddable":true,"href":"https:\/\/babylove.se\/no\/wp-json\/wp\/v2\/product_brand?post=38007"},{"taxonomy":"product_cat","embeddable":true,"href":"https:\/\/babylove.se\/no\/wp-json\/wp\/v2\/product_cat?post=38007"},{"taxonomy":"product_tag","embeddable":true,"href":"https:\/\/babylove.se\/no\/wp-json\/wp\/v2\/product_tag?post=38007"}],"curies":[{"name":"wp","href":"https:\/\/api.w.org\/{rel}","templated":true}]}}