{"id":38160,"date":"2025-07-19T01:46:15","date_gmt":"2025-07-19T00:46:15","guid":{"rendered":"https:\/\/babylove.se\/produkt\/banwood-maxi-scooter-white-sparkcykel\/"},"modified":"2026-04-08T12:31:17","modified_gmt":"2026-04-08T11:31:17","slug":"banwood-maxi-scooter-white-sparkesykkel","status":"publish","type":"product","link":"https:\/\/babylove.se\/no\/produkt\/banwood-maxi-scooter-white-sparkesykkel\/","title":{"rendered":"Banwood, Maxi Scooter, white sparkesykkel"},"content":{"rendered":"<p>Maxi Scooter er en sikker og holdbar sparkesykkel for det eldre barnet. Designen er barnevennlig og du kan enkelt justere h\u00f8yden p\u00e5 styrstangen for \u00e5 optimalisere bruken. <\/p>\n<p>Sparkesykkelen er ogs\u00e5 en god m\u00e5te for barnet \u00e5 trene i utemilj\u00f8 og en god m\u00e5te for dere \u00e5 sammen ta dere til parken. Den avtakbare flettede kurven er perfekt for \u00e5 ta med det n\u00f8dvendigste til skolen eller lekestunden. <\/p>\n<p>Anbefales for barn fra 6 \u00e5r og oppover. <\/p>\n<p><strong>M\u00e5l<\/strong>: <\/p>\n<ul>\n<li><span lang=\"sv\">Aluminiumsramme<\/span><\/li>\n<li><span lang=\"sv\">Styret: justerbar i tre forskjellige h\u00f8yder (74,5-84,5 cm)<\/span><\/li>\n<li>To hjul med bakbrems<\/li>\n<li><span lang=\"sv\">Flettet kurv<\/span><\/li>\n<li>Sklisikring og gummih\u00e5ndtak<\/li>\n<li>Dekk: 45 x 11,5 cm<\/li>\n<li><span lang=\"sv\">Vekt: 3,35 kg<\/span><\/li>\n<li><span lang=\"sv\">Maks belastning: 100 kg<\/span><\/li>\n<li><span lang=\"sv\">CE-sertifisering.<\/span><\/li>\n<\/ul>\n<p>Designer: <a href=\"https:\/\/babylove.se\/varumarken\/banwood\"><u>Banwood<\/u><\/a><\/p>\n","protected":false},"excerpt":{"rendered":"<p>Maxi Scooter er en sikker og holdbar sparkesykkel for det eldre barnet. Designen er barnevennlig og du kan enkelt justere h\u00f8yden p\u00e5 styrstangen for \u00e5 optimalisere bruken. Sparkesykkelen er ogs\u00e5 en god m\u00e5te for barnet \u00e5 trene i utemilj\u00f8 og en god m\u00e5te for dere \u00e5 sammen ta dere til parken. Den avtakbare flettede kurven [&hellip;]<\/p>\n","protected":false},"featured_media":38162,"comment_status":"closed","ping_status":"closed","template":"","meta":{"_acf_changed":false},"product_brand":[338],"product_cat":[316,339,68,1775],"product_tag":[1689],"class_list":{"0":"post-38160","1":"product","2":"type-product","3":"status-publish","4":"has-post-thumbnail","6":"product_brand-banwood","7":"product_cat-balanssykler","8":"product_cat-banwood","9":"product_cat-leker","10":"product_cat-uteleker","11":"product_tag-bestillingsvaror","13":"first","14":"outofstock","15":"taxable","16":"shipping-taxable","17":"purchasable","18":"product-type-simple"},"acf":[],"yoast_head":"<!-- This site is optimized with the Yoast SEO Premium plugin v25.8 (Yoast SEO v27.2) - https:\/\/yoast.com\/product\/yoast-seo-premium-wordpress\/ -->\n<title>Banwood, Maxi Scooter, white sparkesykkel - Babylove Norska<\/title>\n<meta name=\"robots\" content=\"noindex, follow, max-snippet:-1, max-image-preview:large, max-video-preview:-1\" \/>\n<meta property=\"og:locale\" content=\"nb_NO\" \/>\n<meta property=\"og:type\" content=\"article\" \/>\n<meta property=\"og:title\" content=\"Banwood, Maxi Scooter, white sparkesykkel\" \/>\n<meta property=\"og:description\" content=\"Maxi Scooter er en sikker og holdbar sparkesykkel for det eldre barnet. Designen er barnevennlig og du kan enkelt justere h\u00f8yden p\u00e5 styrstangen for \u00e5 optimalisere bruken. Sparkesykkelen er ogs\u00e5 en god m\u00e5te for barnet \u00e5 trene i utemilj\u00f8 og en god m\u00e5te for dere \u00e5 sammen ta dere til parken. Den avtakbare flettede kurven [&hellip;]\" \/>\n<meta property=\"og:url\" content=\"https:\/\/babylove.se\/no\/produkt\/banwood-maxi-scooter-white-sparkesykkel\/\" \/>\n<meta property=\"og:site_name\" content=\"Babylove Norska\" \/>\n<meta property=\"article:modified_time\" content=\"2026-04-08T11:31:17+00:00\" \/>\n<meta property=\"og:image\" content=\"https:\/\/babylove.se\/no\/wp-content\/uploads\/sites\/3\/2025\/07\/62c2d20948e09.jpeg\" \/>\n\t<meta property=\"og:image:width\" content=\"1387\" \/>\n\t<meta property=\"og:image:height\" content=\"2048\" \/>\n\t<meta property=\"og:image:type\" content=\"image\/jpeg\" \/>\n<meta name=\"twitter:card\" content=\"summary_large_image\" \/>\n<meta name=\"twitter:label1\" content=\"Price\" \/>\n\t<meta name=\"twitter:data1\" content=\"1 599,00&nbsp;&#107;&#114;\" \/>\n\t<meta name=\"twitter:label2\" content=\"Availability\" \/>\n\t<meta name=\"twitter:data2\" content=\"Out of stock\" \/>\n<script type=\"application\/ld+json\" class=\"yoast-schema-graph\">{\"@context\":\"https:\/\/schema.org\",\"@graph\":[{\"@type\":\"WebPage\",\"@id\":\"https:\/\/babylove.se\/no\/produkt\/banwood-maxi-scooter-white-sparkesykkel\/\",\"url\":\"https:\/\/babylove.se\/no\/produkt\/banwood-maxi-scooter-white-sparkesykkel\/\",\"name\":\"Banwood, Maxi Scooter, white sparkesykkel - Babylove Norska\",\"isPartOf\":{\"@id\":\"https:\/\/babylove.se\/no\/#website\"},\"primaryImageOfPage\":{\"@id\":\"https:\/\/babylove.se\/no\/produkt\/banwood-maxi-scooter-white-sparkesykkel\/#primaryimage\"},\"image\":{\"@id\":\"https:\/\/babylove.se\/no\/produkt\/banwood-maxi-scooter-white-sparkesykkel\/#primaryimage\"},\"thumbnailUrl\":\"https:\/\/babylove.se\/no\/wp-content\/uploads\/sites\/3\/2025\/07\/62c2d20948e09.jpeg\",\"datePublished\":\"2025-07-19T00:46:15+00:00\",\"dateModified\":\"2026-04-08T11:31:17+00:00\",\"breadcrumb\":{\"@id\":\"https:\/\/babylove.se\/no\/produkt\/banwood-maxi-scooter-white-sparkesykkel\/#breadcrumb\"},\"inLanguage\":\"nb-NO\",\"potentialAction\":[{\"@type\":\"ReadAction\",\"target\":[\"https:\/\/babylove.se\/no\/produkt\/banwood-maxi-scooter-white-sparkesykkel\/\"]}]},{\"@type\":\"ImageObject\",\"inLanguage\":\"nb-NO\",\"@id\":\"https:\/\/babylove.se\/no\/produkt\/banwood-maxi-scooter-white-sparkesykkel\/#primaryimage\",\"url\":\"https:\/\/babylove.se\/no\/wp-content\/uploads\/sites\/3\/2025\/07\/62c2d20948e09.jpeg\",\"contentUrl\":\"https:\/\/babylove.se\/no\/wp-content\/uploads\/sites\/3\/2025\/07\/62c2d20948e09.jpeg\",\"width\":1387,\"height\":2048},{\"@type\":\"BreadcrumbList\",\"@id\":\"https:\/\/babylove.se\/no\/produkt\/banwood-maxi-scooter-white-sparkesykkel\/#breadcrumb\",\"itemListElement\":[{\"@type\":\"ListItem\",\"position\":1,\"name\":\"Hem\",\"item\":\"https:\/\/babylove.se\/no\/\"},{\"@type\":\"ListItem\",\"position\":2,\"name\":\"Butik\",\"item\":\"https:\/\/babylove.se\/no\/butik\/\"},{\"@type\":\"ListItem\",\"position\":3,\"name\":\"Banwood, Maxi Scooter, white sparkesykkel\"}]},{\"@type\":\"WebSite\",\"@id\":\"https:\/\/babylove.se\/no\/#website\",\"url\":\"https:\/\/babylove.se\/no\/\",\"name\":\"Babylove Norska\",\"description\":\"\",\"potentialAction\":[{\"@type\":\"SearchAction\",\"target\":{\"@type\":\"EntryPoint\",\"urlTemplate\":\"https:\/\/babylove.se\/no\/?s={search_term_string}\"},\"query-input\":{\"@type\":\"PropertyValueSpecification\",\"valueRequired\":true,\"valueName\":\"search_term_string\"}}],\"inLanguage\":\"nb-NO\"}]}<\/script>\n<meta property=\"product:brand\" content=\"Banwood\" \/>\n<meta property=\"product:price:amount\" content=\"1599.00\" \/>\n<meta property=\"product:price:currency\" content=\"SEK\" \/>\n<meta property=\"og:availability\" content=\"out of stock\" \/>\n<meta property=\"product:availability\" content=\"out of stock\" \/>\n<meta property=\"product:retailer_item_id\" content=\"MaxiScooterWhite\" \/>\n<meta property=\"product:condition\" content=\"new\" \/>\n<!-- \/ Yoast SEO Premium plugin. -->","yoast_head_json":{"title":"Banwood, Maxi Scooter, white sparkesykkel - Babylove Norska","robots":{"index":"noindex","follow":"follow","max-snippet":"max-snippet:-1","max-image-preview":"max-image-preview:large","max-video-preview":"max-video-preview:-1"},"og_locale":"nb_NO","og_type":"article","og_title":"Banwood, Maxi Scooter, white sparkesykkel","og_description":"Maxi Scooter er en sikker og holdbar sparkesykkel for det eldre barnet. Designen er barnevennlig og du kan enkelt justere h\u00f8yden p\u00e5 styrstangen for \u00e5 optimalisere bruken. Sparkesykkelen er ogs\u00e5 en god m\u00e5te for barnet \u00e5 trene i utemilj\u00f8 og en god m\u00e5te for dere \u00e5 sammen ta dere til parken. Den avtakbare flettede kurven [&hellip;]","og_url":"https:\/\/babylove.se\/no\/produkt\/banwood-maxi-scooter-white-sparkesykkel\/","og_site_name":"Babylove Norska","article_modified_time":"2026-04-08T11:31:17+00:00","og_image":[{"width":1387,"height":2048,"url":"https:\/\/babylove.se\/no\/wp-content\/uploads\/sites\/3\/2025\/07\/62c2d20948e09.jpeg","type":"image\/jpeg"}],"twitter_card":"summary_large_image","twitter_misc":{"Price":"1 599,00&nbsp;&#107;&#114;","Availability":"Out of stock"},"schema":{"@context":"https:\/\/schema.org","@graph":[{"@type":"WebPage","@id":"https:\/\/babylove.se\/no\/produkt\/banwood-maxi-scooter-white-sparkesykkel\/","url":"https:\/\/babylove.se\/no\/produkt\/banwood-maxi-scooter-white-sparkesykkel\/","name":"Banwood, Maxi Scooter, white sparkesykkel - Babylove Norska","isPartOf":{"@id":"https:\/\/babylove.se\/no\/#website"},"primaryImageOfPage":{"@id":"https:\/\/babylove.se\/no\/produkt\/banwood-maxi-scooter-white-sparkesykkel\/#primaryimage"},"image":{"@id":"https:\/\/babylove.se\/no\/produkt\/banwood-maxi-scooter-white-sparkesykkel\/#primaryimage"},"thumbnailUrl":"https:\/\/babylove.se\/no\/wp-content\/uploads\/sites\/3\/2025\/07\/62c2d20948e09.jpeg","datePublished":"2025-07-19T00:46:15+00:00","dateModified":"2026-04-08T11:31:17+00:00","breadcrumb":{"@id":"https:\/\/babylove.se\/no\/produkt\/banwood-maxi-scooter-white-sparkesykkel\/#breadcrumb"},"inLanguage":"nb-NO","potentialAction":[{"@type":"ReadAction","target":["https:\/\/babylove.se\/no\/produkt\/banwood-maxi-scooter-white-sparkesykkel\/"]}]},{"@type":"ImageObject","inLanguage":"nb-NO","@id":"https:\/\/babylove.se\/no\/produkt\/banwood-maxi-scooter-white-sparkesykkel\/#primaryimage","url":"https:\/\/babylove.se\/no\/wp-content\/uploads\/sites\/3\/2025\/07\/62c2d20948e09.jpeg","contentUrl":"https:\/\/babylove.se\/no\/wp-content\/uploads\/sites\/3\/2025\/07\/62c2d20948e09.jpeg","width":1387,"height":2048},{"@type":"BreadcrumbList","@id":"https:\/\/babylove.se\/no\/produkt\/banwood-maxi-scooter-white-sparkesykkel\/#breadcrumb","itemListElement":[{"@type":"ListItem","position":1,"name":"Hem","item":"https:\/\/babylove.se\/no\/"},{"@type":"ListItem","position":2,"name":"Butik","item":"https:\/\/babylove.se\/no\/butik\/"},{"@type":"ListItem","position":3,"name":"Banwood, Maxi Scooter, white sparkesykkel"}]},{"@type":"WebSite","@id":"https:\/\/babylove.se\/no\/#website","url":"https:\/\/babylove.se\/no\/","name":"Babylove Norska","description":"","potentialAction":[{"@type":"SearchAction","target":{"@type":"EntryPoint","urlTemplate":"https:\/\/babylove.se\/no\/?s={search_term_string}"},"query-input":{"@type":"PropertyValueSpecification","valueRequired":true,"valueName":"search_term_string"}}],"inLanguage":"nb-NO"}]},"product_brand":"Banwood","product_price_amount":"1599.00","product_price_currency":"SEK","og_availability":"out of stock","product_availability":"out of stock","product_retailer_item_id":"MaxiScooterWhite","product_condition":"new"},"_links":{"self":[{"href":"https:\/\/babylove.se\/no\/wp-json\/wp\/v2\/product\/38160","targetHints":{"allow":["GET"]}}],"collection":[{"href":"https:\/\/babylove.se\/no\/wp-json\/wp\/v2\/product"}],"about":[{"href":"https:\/\/babylove.se\/no\/wp-json\/wp\/v2\/types\/product"}],"replies":[{"embeddable":true,"href":"https:\/\/babylove.se\/no\/wp-json\/wp\/v2\/comments?post=38160"}],"wp:featuredmedia":[{"embeddable":true,"href":"https:\/\/babylove.se\/no\/wp-json\/wp\/v2\/media\/38162"}],"wp:attachment":[{"href":"https:\/\/babylove.se\/no\/wp-json\/wp\/v2\/media?parent=38160"}],"wp:term":[{"taxonomy":"product_brand","embeddable":true,"href":"https:\/\/babylove.se\/no\/wp-json\/wp\/v2\/product_brand?post=38160"},{"taxonomy":"product_cat","embeddable":true,"href":"https:\/\/babylove.se\/no\/wp-json\/wp\/v2\/product_cat?post=38160"},{"taxonomy":"product_tag","embeddable":true,"href":"https:\/\/babylove.se\/no\/wp-json\/wp\/v2\/product_tag?post=38160"}],"curies":[{"name":"wp","href":"https:\/\/api.w.org\/{rel}","templated":true}]}}