{"id":38171,"date":"2025-07-19T01:46:15","date_gmt":"2025-07-19T00:46:15","guid":{"rendered":"https:\/\/babylove.se\/produkt\/personlig-bokstav-med-figurer-moomin\/"},"modified":"2026-04-08T12:31:19","modified_gmt":"2026-04-08T11:31:19","slug":"personlig-bokstav-med-figurer-mummi","status":"publish","type":"product","link":"https:\/\/babylove.se\/no\/produkt\/personlig-bokstav-med-figurer-mummi\/","title":{"rendered":"Personlig bokstav med figurer &#8211; Moomin"},"content":{"rendered":"<p>En fin og personlig veggdekorasjon i form av en bokstav av tre med valgfritt navn. Passer perfekt p\u00e5 barnerommet eller som en d\u00e5psdekorasjon.&nbsp;<\/p>\n<p>Du har mulighet til \u00e5 skape et personlig og unikt verk da du selv velger figurer p\u00e5 bokstaven samt hvilke farger som bokstaven, navnet og Mummi-figurene males i. Navnet og figurene males i samme farge.&nbsp;<\/p>\n<p><span>Bokstaven produseres i Sverige og h<\/span>enges enkelt opp med f.eks. heftemasse eller dobbeltsidig tape.<\/p>\n<p><span><strong>M\u00e5l<\/strong>: H\u00f8yde 25 cm. Bredde varierer avhengig av bokstav.<\/span><\/p>\n<p>Finnes i fargene: aprikos, bl\u00e5 (lys), bl\u00e5 (m\u00f8rk), gammelrosa, gr\u00e5 (lys), gr\u00e5 (mellom), gr\u00e5 (m\u00f8rk), gr\u00f8nn (lys), gr\u00f8nn (m\u00f8rk), gul (lys), gul (m\u00f8rk), himmelsbl\u00e5, hot pink, jade, lilla (lys), lilla (m\u00f8rk), mullvarp, oransje, rosa (lys), rosa (m\u00f8rk), r\u00f8d, svart, hvit og natur (umalt tre).<\/p>\n<p><span><strong>Materiale<\/strong>: Tre<\/span><\/p>\n<p><span>Designer: Pyssl<\/span><\/p>\n<p><em>OBS! Kontroller stavem\u00e5ten p\u00e5 \u00f8nsket navn!<\/em><\/p>\n","protected":false},"excerpt":{"rendered":"<p>En fin og personlig veggdekorasjon i form av en bokstav av tre med valgfritt navn. Passer perfekt p\u00e5 barnerommet eller som en d\u00e5psdekorasjon.&nbsp; Du har mulighet til \u00e5 skape et personlig og unikt verk da du selv velger figurer p\u00e5 bokstaven samt hvilke farger som bokstaven, navnet og Mummi-figurene males i. Navnet og figurene males [&hellip;]<\/p>\n","protected":false},"featured_media":38173,"comment_status":"closed","ping_status":"open","template":"","meta":{"_acf_changed":false},"product_brand":[778],"product_cat":[75,74,779,29],"product_tag":[1689],"class_list":{"0":"post-38171","1":"product","2":"type-product","3":"status-publish","4":"has-post-thumbnail","6":"product_brand-varberg-laser","7":"product_cat-julklappar-med-gravering-broderi","8":"product_cat-personlige-dapsgaver","9":"product_cat-vl","10":"product_cat-veggdekorasjoner","11":"product_tag-bestillingsvaror","12":"pa_figur-filifjonkan","13":"pa_figur-hemulen","14":"pa_figur-lilla-my","15":"pa_figur-mumminmamman","16":"pa_figur-mumminpappan","17":"pa_figur-mummintrollet","18":"pa_figur-sniff","19":"pa_figur-snorkfroken","20":"pa_figur-snusmumriken","21":"pa_figur-stinky","22":"pa_figur-too-ticki","24":"first","25":"instock","26":"taxable","27":"shipping-taxable","28":"purchasable","29":"product-type-variable"},"acf":[],"yoast_head":"<!-- This site is optimized with the Yoast SEO Premium plugin v25.8 (Yoast SEO v27.2) - https:\/\/yoast.com\/product\/yoast-seo-premium-wordpress\/ -->\n<title>Personlig bokstav med figurer - Moomin - Babylove Norska<\/title>\n<meta name=\"robots\" content=\"noindex, follow, max-snippet:-1, max-image-preview:large, max-video-preview:-1\" \/>\n<meta property=\"og:locale\" content=\"nb_NO\" \/>\n<meta property=\"og:type\" content=\"article\" \/>\n<meta property=\"og:title\" content=\"Personlig bokstav med figurer - Moomin\" \/>\n<meta property=\"og:description\" content=\"En fin og personlig veggdekorasjon i form av en bokstav av tre med valgfritt navn. Passer perfekt p\u00e5 barnerommet eller som en d\u00e5psdekorasjon.&nbsp; Du har mulighet til \u00e5 skape et personlig og unikt verk da du selv velger figurer p\u00e5 bokstaven samt hvilke farger som bokstaven, navnet og Mummi-figurene males i. Navnet og figurene males [&hellip;]\" \/>\n<meta property=\"og:url\" content=\"https:\/\/babylove.se\/no\/produkt\/personlig-bokstav-med-figurer-mummi\/\" \/>\n<meta property=\"og:site_name\" content=\"Babylove Norska\" \/>\n<meta property=\"article:modified_time\" content=\"2026-04-08T11:31:19+00:00\" \/>\n<meta property=\"og:image\" content=\"https:\/\/babylove.se\/no\/wp-content\/uploads\/sites\/3\/2025\/07\/62c2d3624e77c.jpeg\" \/>\n\t<meta property=\"og:image:width\" content=\"1080\" \/>\n\t<meta property=\"og:image:height\" content=\"1080\" \/>\n\t<meta property=\"og:image:type\" content=\"image\/jpeg\" \/>\n<meta name=\"twitter:card\" content=\"summary_large_image\" \/>\n<meta name=\"twitter:label1\" content=\"Availability\" \/>\n\t<meta name=\"twitter:data1\" content=\"In stock\" \/>\n<script type=\"application\/ld+json\" class=\"yoast-schema-graph\">{\"@context\":\"https:\/\/schema.org\",\"@graph\":[{\"@type\":\"WebPage\",\"@id\":\"https:\/\/babylove.se\/no\/produkt\/personlig-bokstav-med-figurer-mummi\/\",\"url\":\"https:\/\/babylove.se\/no\/produkt\/personlig-bokstav-med-figurer-mummi\/\",\"name\":\"Personlig bokstav med figurer - Moomin - Babylove Norska\",\"isPartOf\":{\"@id\":\"https:\/\/babylove.se\/no\/#website\"},\"primaryImageOfPage\":{\"@id\":\"https:\/\/babylove.se\/no\/produkt\/personlig-bokstav-med-figurer-mummi\/#primaryimage\"},\"image\":{\"@id\":\"https:\/\/babylove.se\/no\/produkt\/personlig-bokstav-med-figurer-mummi\/#primaryimage\"},\"thumbnailUrl\":\"https:\/\/babylove.se\/no\/wp-content\/uploads\/sites\/3\/2025\/07\/62c2d3624e77c.jpeg\",\"datePublished\":\"2025-07-19T00:46:15+00:00\",\"dateModified\":\"2026-04-08T11:31:19+00:00\",\"breadcrumb\":{\"@id\":\"https:\/\/babylove.se\/no\/produkt\/personlig-bokstav-med-figurer-mummi\/#breadcrumb\"},\"inLanguage\":\"nb-NO\",\"potentialAction\":[{\"@type\":\"ReadAction\",\"target\":[\"https:\/\/babylove.se\/no\/produkt\/personlig-bokstav-med-figurer-mummi\/\"]}]},{\"@type\":\"ImageObject\",\"inLanguage\":\"nb-NO\",\"@id\":\"https:\/\/babylove.se\/no\/produkt\/personlig-bokstav-med-figurer-mummi\/#primaryimage\",\"url\":\"https:\/\/babylove.se\/no\/wp-content\/uploads\/sites\/3\/2025\/07\/62c2d3624e77c.jpeg\",\"contentUrl\":\"https:\/\/babylove.se\/no\/wp-content\/uploads\/sites\/3\/2025\/07\/62c2d3624e77c.jpeg\",\"width\":1080,\"height\":1080},{\"@type\":\"BreadcrumbList\",\"@id\":\"https:\/\/babylove.se\/no\/produkt\/personlig-bokstav-med-figurer-mummi\/#breadcrumb\",\"itemListElement\":[{\"@type\":\"ListItem\",\"position\":1,\"name\":\"Hem\",\"item\":\"https:\/\/babylove.se\/no\/\"},{\"@type\":\"ListItem\",\"position\":2,\"name\":\"Butik\",\"item\":\"https:\/\/babylove.se\/no\/butik\/\"},{\"@type\":\"ListItem\",\"position\":3,\"name\":\"Personlig bokstav med figurer &#8211; Moomin\"}]},{\"@type\":\"WebSite\",\"@id\":\"https:\/\/babylove.se\/no\/#website\",\"url\":\"https:\/\/babylove.se\/no\/\",\"name\":\"Babylove Norska\",\"description\":\"\",\"potentialAction\":[{\"@type\":\"SearchAction\",\"target\":{\"@type\":\"EntryPoint\",\"urlTemplate\":\"https:\/\/babylove.se\/no\/?s={search_term_string}\"},\"query-input\":{\"@type\":\"PropertyValueSpecification\",\"valueRequired\":true,\"valueName\":\"search_term_string\"}}],\"inLanguage\":\"nb-NO\"}]}<\/script>\n<meta property=\"product:brand\" content=\"Varberg Laser\" \/>\n<meta property=\"og:availability\" content=\"instock\" \/>\n<meta property=\"product:availability\" content=\"instock\" \/>\n<meta property=\"product:retailer_item_id\" content=\"Bokstav-Filifjonkan\" \/>\n<meta property=\"product:condition\" content=\"new\" \/>\n<!-- \/ Yoast SEO Premium plugin. -->","yoast_head_json":{"title":"Personlig bokstav med figurer - Moomin - Babylove Norska","robots":{"index":"noindex","follow":"follow","max-snippet":"max-snippet:-1","max-image-preview":"max-image-preview:large","max-video-preview":"max-video-preview:-1"},"og_locale":"nb_NO","og_type":"article","og_title":"Personlig bokstav med figurer - Moomin","og_description":"En fin og personlig veggdekorasjon i form av en bokstav av tre med valgfritt navn. Passer perfekt p\u00e5 barnerommet eller som en d\u00e5psdekorasjon.&nbsp; Du har mulighet til \u00e5 skape et personlig og unikt verk da du selv velger figurer p\u00e5 bokstaven samt hvilke farger som bokstaven, navnet og Mummi-figurene males i. Navnet og figurene males [&hellip;]","og_url":"https:\/\/babylove.se\/no\/produkt\/personlig-bokstav-med-figurer-mummi\/","og_site_name":"Babylove Norska","article_modified_time":"2026-04-08T11:31:19+00:00","og_image":[{"width":1080,"height":1080,"url":"https:\/\/babylove.se\/no\/wp-content\/uploads\/sites\/3\/2025\/07\/62c2d3624e77c.jpeg","type":"image\/jpeg"}],"twitter_card":"summary_large_image","twitter_misc":{"Availability":"In stock"},"schema":{"@context":"https:\/\/schema.org","@graph":[{"@type":"WebPage","@id":"https:\/\/babylove.se\/no\/produkt\/personlig-bokstav-med-figurer-mummi\/","url":"https:\/\/babylove.se\/no\/produkt\/personlig-bokstav-med-figurer-mummi\/","name":"Personlig bokstav med figurer - Moomin - Babylove Norska","isPartOf":{"@id":"https:\/\/babylove.se\/no\/#website"},"primaryImageOfPage":{"@id":"https:\/\/babylove.se\/no\/produkt\/personlig-bokstav-med-figurer-mummi\/#primaryimage"},"image":{"@id":"https:\/\/babylove.se\/no\/produkt\/personlig-bokstav-med-figurer-mummi\/#primaryimage"},"thumbnailUrl":"https:\/\/babylove.se\/no\/wp-content\/uploads\/sites\/3\/2025\/07\/62c2d3624e77c.jpeg","datePublished":"2025-07-19T00:46:15+00:00","dateModified":"2026-04-08T11:31:19+00:00","breadcrumb":{"@id":"https:\/\/babylove.se\/no\/produkt\/personlig-bokstav-med-figurer-mummi\/#breadcrumb"},"inLanguage":"nb-NO","potentialAction":[{"@type":"ReadAction","target":["https:\/\/babylove.se\/no\/produkt\/personlig-bokstav-med-figurer-mummi\/"]}]},{"@type":"ImageObject","inLanguage":"nb-NO","@id":"https:\/\/babylove.se\/no\/produkt\/personlig-bokstav-med-figurer-mummi\/#primaryimage","url":"https:\/\/babylove.se\/no\/wp-content\/uploads\/sites\/3\/2025\/07\/62c2d3624e77c.jpeg","contentUrl":"https:\/\/babylove.se\/no\/wp-content\/uploads\/sites\/3\/2025\/07\/62c2d3624e77c.jpeg","width":1080,"height":1080},{"@type":"BreadcrumbList","@id":"https:\/\/babylove.se\/no\/produkt\/personlig-bokstav-med-figurer-mummi\/#breadcrumb","itemListElement":[{"@type":"ListItem","position":1,"name":"Hem","item":"https:\/\/babylove.se\/no\/"},{"@type":"ListItem","position":2,"name":"Butik","item":"https:\/\/babylove.se\/no\/butik\/"},{"@type":"ListItem","position":3,"name":"Personlig bokstav med figurer &#8211; Moomin"}]},{"@type":"WebSite","@id":"https:\/\/babylove.se\/no\/#website","url":"https:\/\/babylove.se\/no\/","name":"Babylove Norska","description":"","potentialAction":[{"@type":"SearchAction","target":{"@type":"EntryPoint","urlTemplate":"https:\/\/babylove.se\/no\/?s={search_term_string}"},"query-input":{"@type":"PropertyValueSpecification","valueRequired":true,"valueName":"search_term_string"}}],"inLanguage":"nb-NO"}]},"product_brand":"Varberg Laser","og_availability":"instock","product_availability":"instock","product_retailer_item_id":"Bokstav-Filifjonkan","product_condition":"new"},"_links":{"self":[{"href":"https:\/\/babylove.se\/no\/wp-json\/wp\/v2\/product\/38171","targetHints":{"allow":["GET"]}}],"collection":[{"href":"https:\/\/babylove.se\/no\/wp-json\/wp\/v2\/product"}],"about":[{"href":"https:\/\/babylove.se\/no\/wp-json\/wp\/v2\/types\/product"}],"replies":[{"embeddable":true,"href":"https:\/\/babylove.se\/no\/wp-json\/wp\/v2\/comments?post=38171"}],"wp:featuredmedia":[{"embeddable":true,"href":"https:\/\/babylove.se\/no\/wp-json\/wp\/v2\/media\/38173"}],"wp:attachment":[{"href":"https:\/\/babylove.se\/no\/wp-json\/wp\/v2\/media?parent=38171"}],"wp:term":[{"taxonomy":"product_brand","embeddable":true,"href":"https:\/\/babylove.se\/no\/wp-json\/wp\/v2\/product_brand?post=38171"},{"taxonomy":"product_cat","embeddable":true,"href":"https:\/\/babylove.se\/no\/wp-json\/wp\/v2\/product_cat?post=38171"},{"taxonomy":"product_tag","embeddable":true,"href":"https:\/\/babylove.se\/no\/wp-json\/wp\/v2\/product_tag?post=38171"}],"curies":[{"name":"wp","href":"https:\/\/api.w.org\/{rel}","templated":true}]}}