{"id":38246,"date":"2025-07-19T01:47:48","date_gmt":"2025-07-19T00:47:48","guid":{"rendered":"https:\/\/babylove.se\/produkt\/liewood-arne-silikontallrik-med-fack-cat-dusty-raspberry-multi-mix\/"},"modified":"2026-04-08T12:31:46","modified_gmt":"2026-04-08T11:31:46","slug":"liewood-arne-silikontallrik-med-rom-cat-dusty-raspberry-multi-mix","status":"publish","type":"product","link":"https:\/\/babylove.se\/no\/produkt\/liewood-arne-silikontallrik-med-rom-cat-dusty-raspberry-multi-mix\/","title":{"rendered":"Liewood, Arne silikontallrik med rom, Cat dusty raspberry multi mix"},"content":{"rendered":"<p>En fin og milj\u00f8vennlig tallerken fra Liewood, med sine popul\u00e6re barneprodukter vil vel alle ha? <\/p>\n<p>Silikon er fri fra BPA og er et praktisk materialvalg. Disse smarte tallerkene med fire rom kommer til \u00e5 gj\u00f8re det lettere for barnet ditt \u00e5 spise etter tallerkmodellen. Barnet kommer ogs\u00e5 til \u00e5 s\u00f8le mindre og ha det g\u00f8y n\u00e5r det spiser, optimalt for et barns m\u00e5ltid. Rommene fungerer ogs\u00e5 separat som sm\u00e5 boller. <\/p>\n<p><strong>M\u00e5l<\/strong>: Tallerken: 23 x 21x 2,6 cm. Rom: 10 x 10 x 3,5 cm<br \/>\n<strong>Material<\/strong>: 100% silikon <\/p>\n<p>Egenskaper: T\u00e5ler oppvaskmaskin opp til 65 grader ? Kan brukes i ovn opp til 230 grader ? Kan brukes i mikrob\u00f8lgeovn ? Frysebestandig ned til -20 grader <\/p>\n<p>Designer: <a href=\"https:\/\/babylove.se\/varumarken\/liewood\"><u>Liewood<\/u><\/a><\/p>\n","protected":false},"excerpt":{"rendered":"<p>En fin og milj\u00f8vennlig tallerken fra Liewood, med sine popul\u00e6re barneprodukter vil vel alle ha? Silikon er fri fra BPA og er et praktisk materialvalg. Disse smarte tallerkene med fire rom kommer til \u00e5 gj\u00f8re det lettere for barnet ditt \u00e5 spise etter tallerkmodellen. Barnet kommer ogs\u00e5 til \u00e5 s\u00f8le mindre og ha det g\u00f8y [&hellip;]<\/p>\n","protected":false},"featured_media":38248,"comment_status":"closed","ping_status":"closed","template":"","meta":{"_acf_changed":false},"product_brand":[282],"product_cat":[92,110,70,283],"product_tag":[],"class_list":{"0":"post-38246","1":"product","2":"type-product","3":"status-publish","4":"has-post-thumbnail","6":"product_brand-liewood","7":"product_cat-barnbestikk-matsett","8":"product_cat-cyber-monday","9":"product_cat-gaver","10":"product_cat-liewood","12":"first","13":"outofstock","14":"taxable","15":"shipping-taxable","16":"purchasable","17":"product-type-simple"},"acf":[],"yoast_head":"<!-- This site is optimized with the Yoast SEO Premium plugin v25.8 (Yoast SEO v27.2) - https:\/\/yoast.com\/product\/yoast-seo-premium-wordpress\/ -->\n<title>Liewood, 2 - pack tallrikar f\u00f6r barn - K\u00f6p den h\u00e4r<\/title>\n<meta name=\"description\" content=\"Detta smarta set av 2 - tallrikar med vackra djurmotiv f\u00f6r barn kommer underl\u00e4tta matstunden. Skickas inom 24 timmar ! Fakturabetalning\" \/>\n<meta name=\"robots\" content=\"noindex, follow, max-snippet:-1, max-image-preview:large, max-video-preview:-1\" \/>\n<meta property=\"og:locale\" content=\"nb_NO\" \/>\n<meta property=\"og:type\" content=\"article\" \/>\n<meta property=\"og:title\" content=\"Liewood, Arne silikontallrik med rom, Cat dusty raspberry multi mix\" \/>\n<meta property=\"og:description\" content=\"Detta smarta set av 2 - tallrikar med vackra djurmotiv f\u00f6r barn kommer underl\u00e4tta matstunden. Skickas inom 24 timmar ! Fakturabetalning\" \/>\n<meta property=\"og:url\" content=\"https:\/\/babylove.se\/no\/produkt\/liewood-arne-silikontallrik-med-rom-cat-dusty-raspberry-multi-mix\/\" \/>\n<meta property=\"og:site_name\" content=\"Babylove Norska\" \/>\n<meta property=\"article:modified_time\" content=\"2026-04-08T11:31:46+00:00\" \/>\n<meta property=\"og:image\" content=\"https:\/\/babylove.se\/no\/wp-content\/uploads\/sites\/3\/2025\/07\/62c5536b3d208.jpeg\" \/>\n\t<meta property=\"og:image:width\" content=\"1024\" \/>\n\t<meta property=\"og:image:height\" content=\"1024\" \/>\n\t<meta property=\"og:image:type\" content=\"image\/jpeg\" \/>\n<meta name=\"twitter:card\" content=\"summary_large_image\" \/>\n<meta name=\"twitter:label1\" content=\"Price\" \/>\n\t<meta name=\"twitter:data1\" content=\"349,00&nbsp;&#107;&#114;\" \/>\n\t<meta name=\"twitter:label2\" content=\"Availability\" \/>\n\t<meta name=\"twitter:data2\" content=\"Out of stock\" \/>\n<script type=\"application\/ld+json\" class=\"yoast-schema-graph\">{\"@context\":\"https:\/\/schema.org\",\"@graph\":[{\"@type\":\"WebPage\",\"@id\":\"https:\/\/babylove.se\/no\/produkt\/liewood-arne-silikontallrik-med-rom-cat-dusty-raspberry-multi-mix\/\",\"url\":\"https:\/\/babylove.se\/no\/produkt\/liewood-arne-silikontallrik-med-rom-cat-dusty-raspberry-multi-mix\/\",\"name\":\"Liewood, 2 - pack tallrikar f\u00f6r barn - K\u00f6p den h\u00e4r\",\"isPartOf\":{\"@id\":\"https:\/\/babylove.se\/no\/#website\"},\"primaryImageOfPage\":{\"@id\":\"https:\/\/babylove.se\/no\/produkt\/liewood-arne-silikontallrik-med-rom-cat-dusty-raspberry-multi-mix\/#primaryimage\"},\"image\":{\"@id\":\"https:\/\/babylove.se\/no\/produkt\/liewood-arne-silikontallrik-med-rom-cat-dusty-raspberry-multi-mix\/#primaryimage\"},\"thumbnailUrl\":\"https:\/\/babylove.se\/no\/wp-content\/uploads\/sites\/3\/2025\/07\/62c5536b3d208.jpeg\",\"datePublished\":\"2025-07-19T00:47:48+00:00\",\"dateModified\":\"2026-04-08T11:31:46+00:00\",\"description\":\"Detta smarta set av 2 - tallrikar med vackra djurmotiv f\u00f6r barn kommer underl\u00e4tta matstunden. Skickas inom 24 timmar ! Fakturabetalning\",\"breadcrumb\":{\"@id\":\"https:\/\/babylove.se\/no\/produkt\/liewood-arne-silikontallrik-med-rom-cat-dusty-raspberry-multi-mix\/#breadcrumb\"},\"inLanguage\":\"nb-NO\",\"potentialAction\":[{\"@type\":\"ReadAction\",\"target\":[\"https:\/\/babylove.se\/no\/produkt\/liewood-arne-silikontallrik-med-rom-cat-dusty-raspberry-multi-mix\/\"]}]},{\"@type\":\"ImageObject\",\"inLanguage\":\"nb-NO\",\"@id\":\"https:\/\/babylove.se\/no\/produkt\/liewood-arne-silikontallrik-med-rom-cat-dusty-raspberry-multi-mix\/#primaryimage\",\"url\":\"https:\/\/babylove.se\/no\/wp-content\/uploads\/sites\/3\/2025\/07\/62c5536b3d208.jpeg\",\"contentUrl\":\"https:\/\/babylove.se\/no\/wp-content\/uploads\/sites\/3\/2025\/07\/62c5536b3d208.jpeg\",\"width\":1024,\"height\":1024},{\"@type\":\"BreadcrumbList\",\"@id\":\"https:\/\/babylove.se\/no\/produkt\/liewood-arne-silikontallrik-med-rom-cat-dusty-raspberry-multi-mix\/#breadcrumb\",\"itemListElement\":[{\"@type\":\"ListItem\",\"position\":1,\"name\":\"Hem\",\"item\":\"https:\/\/babylove.se\/no\/\"},{\"@type\":\"ListItem\",\"position\":2,\"name\":\"Butik\",\"item\":\"https:\/\/babylove.se\/no\/butik\/\"},{\"@type\":\"ListItem\",\"position\":3,\"name\":\"Liewood, Arne silikontallrik med rom, Cat dusty raspberry multi mix\"}]},{\"@type\":\"WebSite\",\"@id\":\"https:\/\/babylove.se\/no\/#website\",\"url\":\"https:\/\/babylove.se\/no\/\",\"name\":\"Babylove Norska\",\"description\":\"\",\"potentialAction\":[{\"@type\":\"SearchAction\",\"target\":{\"@type\":\"EntryPoint\",\"urlTemplate\":\"https:\/\/babylove.se\/no\/?s={search_term_string}\"},\"query-input\":{\"@type\":\"PropertyValueSpecification\",\"valueRequired\":true,\"valueName\":\"search_term_string\"}}],\"inLanguage\":\"nb-NO\"}]}<\/script>\n<meta property=\"product:brand\" content=\"Liewood\" \/>\n<meta property=\"product:price:amount\" content=\"349.00\" \/>\n<meta property=\"product:price:currency\" content=\"SEK\" \/>\n<meta property=\"og:availability\" content=\"out of stock\" \/>\n<meta property=\"product:availability\" content=\"out of stock\" \/>\n<meta property=\"product:retailer_item_id\" content=\"LW149811158\" \/>\n<meta property=\"product:condition\" content=\"new\" \/>\n<!-- \/ Yoast SEO Premium plugin. -->","yoast_head_json":{"title":"Liewood, 2 - pack tallrikar f\u00f6r barn - K\u00f6p den h\u00e4r","description":"Detta smarta set av 2 - tallrikar med vackra djurmotiv f\u00f6r barn kommer underl\u00e4tta matstunden. Skickas inom 24 timmar ! Fakturabetalning","robots":{"index":"noindex","follow":"follow","max-snippet":"max-snippet:-1","max-image-preview":"max-image-preview:large","max-video-preview":"max-video-preview:-1"},"og_locale":"nb_NO","og_type":"article","og_title":"Liewood, Arne silikontallrik med rom, Cat dusty raspberry multi mix","og_description":"Detta smarta set av 2 - tallrikar med vackra djurmotiv f\u00f6r barn kommer underl\u00e4tta matstunden. Skickas inom 24 timmar ! Fakturabetalning","og_url":"https:\/\/babylove.se\/no\/produkt\/liewood-arne-silikontallrik-med-rom-cat-dusty-raspberry-multi-mix\/","og_site_name":"Babylove Norska","article_modified_time":"2026-04-08T11:31:46+00:00","og_image":[{"width":1024,"height":1024,"url":"https:\/\/babylove.se\/no\/wp-content\/uploads\/sites\/3\/2025\/07\/62c5536b3d208.jpeg","type":"image\/jpeg"}],"twitter_card":"summary_large_image","twitter_misc":{"Price":"349,00&nbsp;&#107;&#114;","Availability":"Out of stock"},"schema":{"@context":"https:\/\/schema.org","@graph":[{"@type":"WebPage","@id":"https:\/\/babylove.se\/no\/produkt\/liewood-arne-silikontallrik-med-rom-cat-dusty-raspberry-multi-mix\/","url":"https:\/\/babylove.se\/no\/produkt\/liewood-arne-silikontallrik-med-rom-cat-dusty-raspberry-multi-mix\/","name":"Liewood, 2 - pack tallrikar f\u00f6r barn - K\u00f6p den h\u00e4r","isPartOf":{"@id":"https:\/\/babylove.se\/no\/#website"},"primaryImageOfPage":{"@id":"https:\/\/babylove.se\/no\/produkt\/liewood-arne-silikontallrik-med-rom-cat-dusty-raspberry-multi-mix\/#primaryimage"},"image":{"@id":"https:\/\/babylove.se\/no\/produkt\/liewood-arne-silikontallrik-med-rom-cat-dusty-raspberry-multi-mix\/#primaryimage"},"thumbnailUrl":"https:\/\/babylove.se\/no\/wp-content\/uploads\/sites\/3\/2025\/07\/62c5536b3d208.jpeg","datePublished":"2025-07-19T00:47:48+00:00","dateModified":"2026-04-08T11:31:46+00:00","description":"Detta smarta set av 2 - tallrikar med vackra djurmotiv f\u00f6r barn kommer underl\u00e4tta matstunden. Skickas inom 24 timmar ! Fakturabetalning","breadcrumb":{"@id":"https:\/\/babylove.se\/no\/produkt\/liewood-arne-silikontallrik-med-rom-cat-dusty-raspberry-multi-mix\/#breadcrumb"},"inLanguage":"nb-NO","potentialAction":[{"@type":"ReadAction","target":["https:\/\/babylove.se\/no\/produkt\/liewood-arne-silikontallrik-med-rom-cat-dusty-raspberry-multi-mix\/"]}]},{"@type":"ImageObject","inLanguage":"nb-NO","@id":"https:\/\/babylove.se\/no\/produkt\/liewood-arne-silikontallrik-med-rom-cat-dusty-raspberry-multi-mix\/#primaryimage","url":"https:\/\/babylove.se\/no\/wp-content\/uploads\/sites\/3\/2025\/07\/62c5536b3d208.jpeg","contentUrl":"https:\/\/babylove.se\/no\/wp-content\/uploads\/sites\/3\/2025\/07\/62c5536b3d208.jpeg","width":1024,"height":1024},{"@type":"BreadcrumbList","@id":"https:\/\/babylove.se\/no\/produkt\/liewood-arne-silikontallrik-med-rom-cat-dusty-raspberry-multi-mix\/#breadcrumb","itemListElement":[{"@type":"ListItem","position":1,"name":"Hem","item":"https:\/\/babylove.se\/no\/"},{"@type":"ListItem","position":2,"name":"Butik","item":"https:\/\/babylove.se\/no\/butik\/"},{"@type":"ListItem","position":3,"name":"Liewood, Arne silikontallrik med rom, Cat dusty raspberry multi mix"}]},{"@type":"WebSite","@id":"https:\/\/babylove.se\/no\/#website","url":"https:\/\/babylove.se\/no\/","name":"Babylove Norska","description":"","potentialAction":[{"@type":"SearchAction","target":{"@type":"EntryPoint","urlTemplate":"https:\/\/babylove.se\/no\/?s={search_term_string}"},"query-input":{"@type":"PropertyValueSpecification","valueRequired":true,"valueName":"search_term_string"}}],"inLanguage":"nb-NO"}]},"product_brand":"Liewood","product_price_amount":"349.00","product_price_currency":"SEK","og_availability":"out of stock","product_availability":"out of stock","product_retailer_item_id":"LW149811158","product_condition":"new"},"_links":{"self":[{"href":"https:\/\/babylove.se\/no\/wp-json\/wp\/v2\/product\/38246","targetHints":{"allow":["GET"]}}],"collection":[{"href":"https:\/\/babylove.se\/no\/wp-json\/wp\/v2\/product"}],"about":[{"href":"https:\/\/babylove.se\/no\/wp-json\/wp\/v2\/types\/product"}],"replies":[{"embeddable":true,"href":"https:\/\/babylove.se\/no\/wp-json\/wp\/v2\/comments?post=38246"}],"wp:featuredmedia":[{"embeddable":true,"href":"https:\/\/babylove.se\/no\/wp-json\/wp\/v2\/media\/38248"}],"wp:attachment":[{"href":"https:\/\/babylove.se\/no\/wp-json\/wp\/v2\/media?parent=38246"}],"wp:term":[{"taxonomy":"product_brand","embeddable":true,"href":"https:\/\/babylove.se\/no\/wp-json\/wp\/v2\/product_brand?post=38246"},{"taxonomy":"product_cat","embeddable":true,"href":"https:\/\/babylove.se\/no\/wp-json\/wp\/v2\/product_cat?post=38246"},{"taxonomy":"product_tag","embeddable":true,"href":"https:\/\/babylove.se\/no\/wp-json\/wp\/v2\/product_tag?post=38246"}],"curies":[{"name":"wp","href":"https:\/\/api.w.org\/{rel}","templated":true}]}}