{"id":38277,"date":"2025-07-19T01:48:23","date_gmt":"2025-07-19T00:48:23","guid":{"rendered":"https:\/\/babylove.se\/produkt\/liewood-kali-babyset-matset-i-silikon-3-delar-sea-blue-multi-mix\/"},"modified":"2026-05-11T13:01:08","modified_gmt":"2026-05-11T12:01:08","slug":"liewood-kali-babysett-matsett-i-silikon-3-deler-sea-blue-multi-mix","status":"publish","type":"product","link":"https:\/\/babylove.se\/no\/produkt\/liewood-kali-babysett-matsett-i-silikon-3-deler-sea-blue-multi-mix\/","title":{"rendered":"Liewood, Kali babysett matsett i silikon 3 deler, Sea blue multi mix"},"content":{"rendered":"<p>Et vakkert, slitesterkt og nyttig matsett fra danske Liewood i tre deler. <\/p>\n<p>Silikon er fri for BPA og er et praktisk materialvalg. Dette babysettet inneholder alt m\u00e5ltidstilbeh\u00f8r som babyen din trenger. Med den fine Peony sk\u00e5len med sugepropp, Liva skjeen og Cameron koppen kommer du og barnet ditt til \u00e5 forene nytte med glede. Liewoods velkjente kattemotiv er designet for matsettet og finnes p\u00e5 alle deler. <\/p>\n<p><strong>M\u00e5l<\/strong>: Sk\u00e5l \u00d8 16 cm H 5,3 cm. Skje L 12,5 cm. Kopp \u00d87,5 H9 cm. Suger\u00f8r \u00d811,5 cm; H 9,5 cm.<br \/>\n<strong>Material<\/strong>: 100% silikon <\/p>\n<p>Oppvaskmaskin opp til 65 grader ? Bruk gjerne uparfymert oppvaskmiddel <\/p>\n<p>Designer: <a href=\"https:\/\/babylove.se\/varumarken\/liewood\"><u>Liewood<\/u><\/a><\/p>\n","protected":false},"excerpt":{"rendered":"<p>Et vakkert, slitesterkt og nyttig matsett fra danske Liewood i tre deler. Silikon er fri for BPA og er et praktisk materialvalg. Dette babysettet inneholder alt m\u00e5ltidstilbeh\u00f8r som babyen din trenger. Med den fine Peony sk\u00e5len med sugepropp, Liva skjeen og Cameron koppen kommer du og barnet ditt til \u00e5 forene nytte med glede. Liewoods [&hellip;]<\/p>\n","protected":false},"featured_media":38279,"comment_status":"closed","ping_status":"closed","template":"","meta":{"_acf_changed":false},"product_brand":[282],"product_cat":[92,70,283],"product_tag":[],"class_list":{"0":"post-38277","1":"product","2":"type-product","3":"status-publish","4":"has-post-thumbnail","6":"product_brand-liewood","7":"product_cat-barnbestikk-matsett","8":"product_cat-gaver","9":"product_cat-liewood","11":"first","12":"outofstock","13":"taxable","14":"shipping-taxable","15":"purchasable","16":"product-type-simple"},"acf":[],"yoast_head":"<!-- This site is optimized with the Yoast SEO Premium plugin v25.8 (Yoast SEO v27.2) - https:\/\/yoast.com\/product\/yoast-seo-premium-wordpress\/ -->\n<title>Liewood, Kali babysett matsett i silikon 3 deler, Sea blue multi mix - Babylove Norska<\/title>\n<meta name=\"robots\" content=\"noindex, follow, max-snippet:-1, max-image-preview:large, max-video-preview:-1\" \/>\n<meta property=\"og:locale\" content=\"nb_NO\" \/>\n<meta property=\"og:type\" content=\"article\" \/>\n<meta property=\"og:title\" content=\"Liewood, Kali babysett matsett i silikon 3 deler, Sea blue multi mix\" \/>\n<meta property=\"og:description\" content=\"Et vakkert, slitesterkt og nyttig matsett fra danske Liewood i tre deler. Silikon er fri for BPA og er et praktisk materialvalg. Dette babysettet inneholder alt m\u00e5ltidstilbeh\u00f8r som babyen din trenger. Med den fine Peony sk\u00e5len med sugepropp, Liva skjeen og Cameron koppen kommer du og barnet ditt til \u00e5 forene nytte med glede. Liewoods [&hellip;]\" \/>\n<meta property=\"og:url\" content=\"https:\/\/babylove.se\/no\/produkt\/liewood-kali-babysett-matsett-i-silikon-3-deler-sea-blue-multi-mix\/\" \/>\n<meta property=\"og:site_name\" content=\"Babylove Norska\" \/>\n<meta property=\"article:modified_time\" content=\"2026-05-11T12:01:08+00:00\" \/>\n<meta property=\"og:image\" content=\"https:\/\/babylove.se\/no\/wp-content\/uploads\/sites\/3\/2025\/07\/62c560dcba4a3.jpeg\" \/>\n\t<meta property=\"og:image:width\" content=\"1024\" \/>\n\t<meta property=\"og:image:height\" content=\"1024\" \/>\n\t<meta property=\"og:image:type\" content=\"image\/jpeg\" \/>\n<meta name=\"twitter:card\" content=\"summary_large_image\" \/>\n<meta name=\"twitter:label1\" content=\"Price\" \/>\n\t<meta name=\"twitter:data1\" content=\"559,00&nbsp;&#107;&#114;\" \/>\n\t<meta name=\"twitter:label2\" content=\"Availability\" \/>\n\t<meta name=\"twitter:data2\" content=\"Out of stock\" \/>\n<script type=\"application\/ld+json\" class=\"yoast-schema-graph\">{\"@context\":\"https:\/\/schema.org\",\"@graph\":[{\"@type\":\"WebPage\",\"@id\":\"https:\/\/babylove.se\/no\/produkt\/liewood-kali-babysett-matsett-i-silikon-3-deler-sea-blue-multi-mix\/\",\"url\":\"https:\/\/babylove.se\/no\/produkt\/liewood-kali-babysett-matsett-i-silikon-3-deler-sea-blue-multi-mix\/\",\"name\":\"Liewood, Kali babysett matsett i silikon 3 deler, Sea blue multi mix - Babylove Norska\",\"isPartOf\":{\"@id\":\"https:\/\/babylove.se\/no\/#website\"},\"primaryImageOfPage\":{\"@id\":\"https:\/\/babylove.se\/no\/produkt\/liewood-kali-babysett-matsett-i-silikon-3-deler-sea-blue-multi-mix\/#primaryimage\"},\"image\":{\"@id\":\"https:\/\/babylove.se\/no\/produkt\/liewood-kali-babysett-matsett-i-silikon-3-deler-sea-blue-multi-mix\/#primaryimage\"},\"thumbnailUrl\":\"https:\/\/babylove.se\/no\/wp-content\/uploads\/sites\/3\/2025\/07\/62c560dcba4a3.jpeg\",\"datePublished\":\"2025-07-19T00:48:23+00:00\",\"dateModified\":\"2026-05-11T12:01:08+00:00\",\"breadcrumb\":{\"@id\":\"https:\/\/babylove.se\/no\/produkt\/liewood-kali-babysett-matsett-i-silikon-3-deler-sea-blue-multi-mix\/#breadcrumb\"},\"inLanguage\":\"nb-NO\",\"potentialAction\":[{\"@type\":\"ReadAction\",\"target\":[\"https:\/\/babylove.se\/no\/produkt\/liewood-kali-babysett-matsett-i-silikon-3-deler-sea-blue-multi-mix\/\"]}]},{\"@type\":\"ImageObject\",\"inLanguage\":\"nb-NO\",\"@id\":\"https:\/\/babylove.se\/no\/produkt\/liewood-kali-babysett-matsett-i-silikon-3-deler-sea-blue-multi-mix\/#primaryimage\",\"url\":\"https:\/\/babylove.se\/no\/wp-content\/uploads\/sites\/3\/2025\/07\/62c560dcba4a3.jpeg\",\"contentUrl\":\"https:\/\/babylove.se\/no\/wp-content\/uploads\/sites\/3\/2025\/07\/62c560dcba4a3.jpeg\",\"width\":1024,\"height\":1024},{\"@type\":\"BreadcrumbList\",\"@id\":\"https:\/\/babylove.se\/no\/produkt\/liewood-kali-babysett-matsett-i-silikon-3-deler-sea-blue-multi-mix\/#breadcrumb\",\"itemListElement\":[{\"@type\":\"ListItem\",\"position\":1,\"name\":\"Hem\",\"item\":\"https:\/\/babylove.se\/no\/\"},{\"@type\":\"ListItem\",\"position\":2,\"name\":\"Butik\",\"item\":\"https:\/\/babylove.se\/no\/butik\/\"},{\"@type\":\"ListItem\",\"position\":3,\"name\":\"Liewood, Kali babysett matsett i silikon 3 deler, Sea blue multi mix\"}]},{\"@type\":\"WebSite\",\"@id\":\"https:\/\/babylove.se\/no\/#website\",\"url\":\"https:\/\/babylove.se\/no\/\",\"name\":\"Babylove Norska\",\"description\":\"\",\"potentialAction\":[{\"@type\":\"SearchAction\",\"target\":{\"@type\":\"EntryPoint\",\"urlTemplate\":\"https:\/\/babylove.se\/no\/?s={search_term_string}\"},\"query-input\":{\"@type\":\"PropertyValueSpecification\",\"valueRequired\":true,\"valueName\":\"search_term_string\"}}],\"inLanguage\":\"nb-NO\"}]}<\/script>\n<meta property=\"product:brand\" content=\"Liewood\" \/>\n<meta property=\"product:price:amount\" content=\"559.00\" \/>\n<meta property=\"product:price:currency\" content=\"NOK\" \/>\n<meta property=\"og:availability\" content=\"out of stock\" \/>\n<meta property=\"product:availability\" content=\"out of stock\" \/>\n<meta property=\"product:retailer_item_id\" content=\"LW150619751\" \/>\n<meta property=\"product:condition\" content=\"new\" \/>\n<!-- \/ Yoast SEO Premium plugin. -->","yoast_head_json":{"title":"Liewood, Kali babysett matsett i silikon 3 deler, Sea blue multi mix - Babylove Norska","robots":{"index":"noindex","follow":"follow","max-snippet":"max-snippet:-1","max-image-preview":"max-image-preview:large","max-video-preview":"max-video-preview:-1"},"og_locale":"nb_NO","og_type":"article","og_title":"Liewood, Kali babysett matsett i silikon 3 deler, Sea blue multi mix","og_description":"Et vakkert, slitesterkt og nyttig matsett fra danske Liewood i tre deler. Silikon er fri for BPA og er et praktisk materialvalg. Dette babysettet inneholder alt m\u00e5ltidstilbeh\u00f8r som babyen din trenger. Med den fine Peony sk\u00e5len med sugepropp, Liva skjeen og Cameron koppen kommer du og barnet ditt til \u00e5 forene nytte med glede. Liewoods [&hellip;]","og_url":"https:\/\/babylove.se\/no\/produkt\/liewood-kali-babysett-matsett-i-silikon-3-deler-sea-blue-multi-mix\/","og_site_name":"Babylove Norska","article_modified_time":"2026-05-11T12:01:08+00:00","og_image":[{"width":1024,"height":1024,"url":"https:\/\/babylove.se\/no\/wp-content\/uploads\/sites\/3\/2025\/07\/62c560dcba4a3.jpeg","type":"image\/jpeg"}],"twitter_card":"summary_large_image","twitter_misc":{"Price":"559,00&nbsp;&#107;&#114;","Availability":"Out of stock"},"schema":{"@context":"https:\/\/schema.org","@graph":[{"@type":"WebPage","@id":"https:\/\/babylove.se\/no\/produkt\/liewood-kali-babysett-matsett-i-silikon-3-deler-sea-blue-multi-mix\/","url":"https:\/\/babylove.se\/no\/produkt\/liewood-kali-babysett-matsett-i-silikon-3-deler-sea-blue-multi-mix\/","name":"Liewood, Kali babysett matsett i silikon 3 deler, Sea blue multi mix - Babylove Norska","isPartOf":{"@id":"https:\/\/babylove.se\/no\/#website"},"primaryImageOfPage":{"@id":"https:\/\/babylove.se\/no\/produkt\/liewood-kali-babysett-matsett-i-silikon-3-deler-sea-blue-multi-mix\/#primaryimage"},"image":{"@id":"https:\/\/babylove.se\/no\/produkt\/liewood-kali-babysett-matsett-i-silikon-3-deler-sea-blue-multi-mix\/#primaryimage"},"thumbnailUrl":"https:\/\/babylove.se\/no\/wp-content\/uploads\/sites\/3\/2025\/07\/62c560dcba4a3.jpeg","datePublished":"2025-07-19T00:48:23+00:00","dateModified":"2026-05-11T12:01:08+00:00","breadcrumb":{"@id":"https:\/\/babylove.se\/no\/produkt\/liewood-kali-babysett-matsett-i-silikon-3-deler-sea-blue-multi-mix\/#breadcrumb"},"inLanguage":"nb-NO","potentialAction":[{"@type":"ReadAction","target":["https:\/\/babylove.se\/no\/produkt\/liewood-kali-babysett-matsett-i-silikon-3-deler-sea-blue-multi-mix\/"]}]},{"@type":"ImageObject","inLanguage":"nb-NO","@id":"https:\/\/babylove.se\/no\/produkt\/liewood-kali-babysett-matsett-i-silikon-3-deler-sea-blue-multi-mix\/#primaryimage","url":"https:\/\/babylove.se\/no\/wp-content\/uploads\/sites\/3\/2025\/07\/62c560dcba4a3.jpeg","contentUrl":"https:\/\/babylove.se\/no\/wp-content\/uploads\/sites\/3\/2025\/07\/62c560dcba4a3.jpeg","width":1024,"height":1024},{"@type":"BreadcrumbList","@id":"https:\/\/babylove.se\/no\/produkt\/liewood-kali-babysett-matsett-i-silikon-3-deler-sea-blue-multi-mix\/#breadcrumb","itemListElement":[{"@type":"ListItem","position":1,"name":"Hem","item":"https:\/\/babylove.se\/no\/"},{"@type":"ListItem","position":2,"name":"Butik","item":"https:\/\/babylove.se\/no\/butik\/"},{"@type":"ListItem","position":3,"name":"Liewood, Kali babysett matsett i silikon 3 deler, Sea blue multi mix"}]},{"@type":"WebSite","@id":"https:\/\/babylove.se\/no\/#website","url":"https:\/\/babylove.se\/no\/","name":"Babylove Norska","description":"","potentialAction":[{"@type":"SearchAction","target":{"@type":"EntryPoint","urlTemplate":"https:\/\/babylove.se\/no\/?s={search_term_string}"},"query-input":{"@type":"PropertyValueSpecification","valueRequired":true,"valueName":"search_term_string"}}],"inLanguage":"nb-NO"}]},"product_brand":"Liewood","product_price_amount":"559.00","product_price_currency":"NOK","og_availability":"out of stock","product_availability":"out of stock","product_retailer_item_id":"LW150619751","product_condition":"new"},"_links":{"self":[{"href":"https:\/\/babylove.se\/no\/wp-json\/wp\/v2\/product\/38277","targetHints":{"allow":["GET"]}}],"collection":[{"href":"https:\/\/babylove.se\/no\/wp-json\/wp\/v2\/product"}],"about":[{"href":"https:\/\/babylove.se\/no\/wp-json\/wp\/v2\/types\/product"}],"replies":[{"embeddable":true,"href":"https:\/\/babylove.se\/no\/wp-json\/wp\/v2\/comments?post=38277"}],"wp:featuredmedia":[{"embeddable":true,"href":"https:\/\/babylove.se\/no\/wp-json\/wp\/v2\/media\/38279"}],"wp:attachment":[{"href":"https:\/\/babylove.se\/no\/wp-json\/wp\/v2\/media?parent=38277"}],"wp:term":[{"taxonomy":"product_brand","embeddable":true,"href":"https:\/\/babylove.se\/no\/wp-json\/wp\/v2\/product_brand?post=38277"},{"taxonomy":"product_cat","embeddable":true,"href":"https:\/\/babylove.se\/no\/wp-json\/wp\/v2\/product_cat?post=38277"},{"taxonomy":"product_tag","embeddable":true,"href":"https:\/\/babylove.se\/no\/wp-json\/wp\/v2\/product_tag?post=38277"}],"curies":[{"name":"wp","href":"https:\/\/api.w.org\/{rel}","templated":true}]}}