{"id":38281,"date":"2025-07-19T01:48:23","date_gmt":"2025-07-19T00:48:23","guid":{"rendered":"https:\/\/babylove.se\/produkt\/liewood-iben-vaggkorg-i-rotting-natur\/"},"modified":"2026-04-08T12:32:11","modified_gmt":"2026-04-08T11:32:11","slug":"liewood-iben-veggkurv-i-rotting-natur","status":"publish","type":"product","link":"https:\/\/babylove.se\/no\/produkt\/liewood-iben-veggkurv-i-rotting-natur\/","title":{"rendered":"Liewood, Iben veggkurv i rotting, natur"},"content":{"rendered":"<p>En superfin og samtidig praktisk veggkurv med \u00f8rer fra danske Liewood. <\/p>\n<p>Kurven er helt laget av n\u00f8ye utvalgt rotting og vil tilf\u00f8re barnerommets innredning en unik dimensjon. Smart oppbevaring for leker eller favoritt kosedyrene. Slitesterk og stilren produkt som vil passe i de aller fleste typer barnerom. <\/p>\n<p>Henges enkelt opp p\u00e5 veggen hvilket forvandler kurven ogs\u00e5 til en underbar veggdekorasjon. <\/p>\n<p><strong>M\u00e5l<\/strong>:  34 x 27 x 9.5 cm <\/p>\n<p><strong>Materiale<\/strong>: 100 % rotting. <\/p>\n<p>Designer: <a href=\"https:\/\/babylove.se\/varumarken\/liewood\"><u>Liewood<\/u><\/a><\/p>\n","protected":false},"excerpt":{"rendered":"<p>En superfin og samtidig praktisk veggkurv med \u00f8rer fra danske Liewood. Kurven er helt laget av n\u00f8ye utvalgt rotting og vil tilf\u00f8re barnerommets innredning en unik dimensjon. Smart oppbevaring for leker eller favoritt kosedyrene. Slitesterk og stilren produkt som vil passe i de aller fleste typer barnerom. Henges enkelt opp p\u00e5 veggen hvilket forvandler kurven [&hellip;]<\/p>\n","protected":false},"featured_media":38283,"comment_status":"closed","ping_status":"closed","template":"","meta":{"_acf_changed":false},"product_brand":[282],"product_cat":[283,43,29],"product_tag":[],"class_list":{"0":"post-38281","1":"product","2":"type-product","3":"status-publish","4":"has-post-thumbnail","6":"product_brand-liewood","7":"product_cat-liewood","8":"product_cat-oppbevaringskurver","9":"product_cat-veggdekorasjoner","11":"first","12":"outofstock","13":"taxable","14":"shipping-taxable","15":"purchasable","16":"product-type-simple"},"acf":[],"yoast_head":"<!-- This site is optimized with the Yoast SEO Premium plugin v25.8 (Yoast SEO v27.2) - https:\/\/yoast.com\/product\/yoast-seo-premium-wordpress\/ -->\n<title>Liewood, Iben veggkurv i rotting, natur - Babylove Norska<\/title>\n<meta name=\"robots\" content=\"noindex, follow, max-snippet:-1, max-image-preview:large, max-video-preview:-1\" \/>\n<meta property=\"og:locale\" content=\"nb_NO\" \/>\n<meta property=\"og:type\" content=\"article\" \/>\n<meta property=\"og:title\" content=\"Liewood, Iben veggkurv i rotting, natur\" \/>\n<meta property=\"og:description\" content=\"En superfin og samtidig praktisk veggkurv med \u00f8rer fra danske Liewood. Kurven er helt laget av n\u00f8ye utvalgt rotting og vil tilf\u00f8re barnerommets innredning en unik dimensjon. Smart oppbevaring for leker eller favoritt kosedyrene. Slitesterk og stilren produkt som vil passe i de aller fleste typer barnerom. Henges enkelt opp p\u00e5 veggen hvilket forvandler kurven [&hellip;]\" \/>\n<meta property=\"og:url\" content=\"https:\/\/babylove.se\/no\/produkt\/liewood-iben-veggkurv-i-rotting-natur\/\" \/>\n<meta property=\"og:site_name\" content=\"Babylove Norska\" \/>\n<meta property=\"article:modified_time\" content=\"2026-04-08T11:32:11+00:00\" \/>\n<meta property=\"og:image\" content=\"https:\/\/babylove.se\/no\/wp-content\/uploads\/sites\/3\/2025\/07\/62c5629a09a10.jpeg\" \/>\n\t<meta property=\"og:image:width\" content=\"922\" \/>\n\t<meta property=\"og:image:height\" content=\"922\" \/>\n\t<meta property=\"og:image:type\" content=\"image\/jpeg\" \/>\n<meta name=\"twitter:card\" content=\"summary_large_image\" \/>\n<meta name=\"twitter:label1\" content=\"Price\" \/>\n\t<meta name=\"twitter:data1\" content=\"349,00&nbsp;&#107;&#114;\" \/>\n\t<meta name=\"twitter:label2\" content=\"Availability\" \/>\n\t<meta name=\"twitter:data2\" content=\"Out of stock\" \/>\n<script type=\"application\/ld+json\" class=\"yoast-schema-graph\">{\"@context\":\"https:\/\/schema.org\",\"@graph\":[{\"@type\":\"WebPage\",\"@id\":\"https:\/\/babylove.se\/no\/produkt\/liewood-iben-veggkurv-i-rotting-natur\/\",\"url\":\"https:\/\/babylove.se\/no\/produkt\/liewood-iben-veggkurv-i-rotting-natur\/\",\"name\":\"Liewood, Iben veggkurv i rotting, natur - Babylove Norska\",\"isPartOf\":{\"@id\":\"https:\/\/babylove.se\/no\/#website\"},\"primaryImageOfPage\":{\"@id\":\"https:\/\/babylove.se\/no\/produkt\/liewood-iben-veggkurv-i-rotting-natur\/#primaryimage\"},\"image\":{\"@id\":\"https:\/\/babylove.se\/no\/produkt\/liewood-iben-veggkurv-i-rotting-natur\/#primaryimage\"},\"thumbnailUrl\":\"https:\/\/babylove.se\/no\/wp-content\/uploads\/sites\/3\/2025\/07\/62c5629a09a10.jpeg\",\"datePublished\":\"2025-07-19T00:48:23+00:00\",\"dateModified\":\"2026-04-08T11:32:11+00:00\",\"breadcrumb\":{\"@id\":\"https:\/\/babylove.se\/no\/produkt\/liewood-iben-veggkurv-i-rotting-natur\/#breadcrumb\"},\"inLanguage\":\"nb-NO\",\"potentialAction\":[{\"@type\":\"ReadAction\",\"target\":[\"https:\/\/babylove.se\/no\/produkt\/liewood-iben-veggkurv-i-rotting-natur\/\"]}]},{\"@type\":\"ImageObject\",\"inLanguage\":\"nb-NO\",\"@id\":\"https:\/\/babylove.se\/no\/produkt\/liewood-iben-veggkurv-i-rotting-natur\/#primaryimage\",\"url\":\"https:\/\/babylove.se\/no\/wp-content\/uploads\/sites\/3\/2025\/07\/62c5629a09a10.jpeg\",\"contentUrl\":\"https:\/\/babylove.se\/no\/wp-content\/uploads\/sites\/3\/2025\/07\/62c5629a09a10.jpeg\",\"width\":922,\"height\":922},{\"@type\":\"BreadcrumbList\",\"@id\":\"https:\/\/babylove.se\/no\/produkt\/liewood-iben-veggkurv-i-rotting-natur\/#breadcrumb\",\"itemListElement\":[{\"@type\":\"ListItem\",\"position\":1,\"name\":\"Hem\",\"item\":\"https:\/\/babylove.se\/no\/\"},{\"@type\":\"ListItem\",\"position\":2,\"name\":\"Butik\",\"item\":\"https:\/\/babylove.se\/no\/butik\/\"},{\"@type\":\"ListItem\",\"position\":3,\"name\":\"Liewood, Iben veggkurv i rotting, natur\"}]},{\"@type\":\"WebSite\",\"@id\":\"https:\/\/babylove.se\/no\/#website\",\"url\":\"https:\/\/babylove.se\/no\/\",\"name\":\"Babylove Norska\",\"description\":\"\",\"potentialAction\":[{\"@type\":\"SearchAction\",\"target\":{\"@type\":\"EntryPoint\",\"urlTemplate\":\"https:\/\/babylove.se\/no\/?s={search_term_string}\"},\"query-input\":{\"@type\":\"PropertyValueSpecification\",\"valueRequired\":true,\"valueName\":\"search_term_string\"}}],\"inLanguage\":\"nb-NO\"}]}<\/script>\n<meta property=\"product:brand\" content=\"Liewood\" \/>\n<meta property=\"product:price:amount\" content=\"349.00\" \/>\n<meta property=\"product:price:currency\" content=\"SEK\" \/>\n<meta property=\"og:availability\" content=\"out of stock\" \/>\n<meta property=\"product:availability\" content=\"out of stock\" \/>\n<meta property=\"product:retailer_item_id\" content=\"LW148216000\" \/>\n<meta property=\"product:condition\" content=\"new\" \/>\n<!-- \/ Yoast SEO Premium plugin. -->","yoast_head_json":{"title":"Liewood, Iben veggkurv i rotting, natur - Babylove Norska","robots":{"index":"noindex","follow":"follow","max-snippet":"max-snippet:-1","max-image-preview":"max-image-preview:large","max-video-preview":"max-video-preview:-1"},"og_locale":"nb_NO","og_type":"article","og_title":"Liewood, Iben veggkurv i rotting, natur","og_description":"En superfin og samtidig praktisk veggkurv med \u00f8rer fra danske Liewood. Kurven er helt laget av n\u00f8ye utvalgt rotting og vil tilf\u00f8re barnerommets innredning en unik dimensjon. Smart oppbevaring for leker eller favoritt kosedyrene. Slitesterk og stilren produkt som vil passe i de aller fleste typer barnerom. Henges enkelt opp p\u00e5 veggen hvilket forvandler kurven [&hellip;]","og_url":"https:\/\/babylove.se\/no\/produkt\/liewood-iben-veggkurv-i-rotting-natur\/","og_site_name":"Babylove Norska","article_modified_time":"2026-04-08T11:32:11+00:00","og_image":[{"width":922,"height":922,"url":"https:\/\/babylove.se\/no\/wp-content\/uploads\/sites\/3\/2025\/07\/62c5629a09a10.jpeg","type":"image\/jpeg"}],"twitter_card":"summary_large_image","twitter_misc":{"Price":"349,00&nbsp;&#107;&#114;","Availability":"Out of stock"},"schema":{"@context":"https:\/\/schema.org","@graph":[{"@type":"WebPage","@id":"https:\/\/babylove.se\/no\/produkt\/liewood-iben-veggkurv-i-rotting-natur\/","url":"https:\/\/babylove.se\/no\/produkt\/liewood-iben-veggkurv-i-rotting-natur\/","name":"Liewood, Iben veggkurv i rotting, natur - Babylove Norska","isPartOf":{"@id":"https:\/\/babylove.se\/no\/#website"},"primaryImageOfPage":{"@id":"https:\/\/babylove.se\/no\/produkt\/liewood-iben-veggkurv-i-rotting-natur\/#primaryimage"},"image":{"@id":"https:\/\/babylove.se\/no\/produkt\/liewood-iben-veggkurv-i-rotting-natur\/#primaryimage"},"thumbnailUrl":"https:\/\/babylove.se\/no\/wp-content\/uploads\/sites\/3\/2025\/07\/62c5629a09a10.jpeg","datePublished":"2025-07-19T00:48:23+00:00","dateModified":"2026-04-08T11:32:11+00:00","breadcrumb":{"@id":"https:\/\/babylove.se\/no\/produkt\/liewood-iben-veggkurv-i-rotting-natur\/#breadcrumb"},"inLanguage":"nb-NO","potentialAction":[{"@type":"ReadAction","target":["https:\/\/babylove.se\/no\/produkt\/liewood-iben-veggkurv-i-rotting-natur\/"]}]},{"@type":"ImageObject","inLanguage":"nb-NO","@id":"https:\/\/babylove.se\/no\/produkt\/liewood-iben-veggkurv-i-rotting-natur\/#primaryimage","url":"https:\/\/babylove.se\/no\/wp-content\/uploads\/sites\/3\/2025\/07\/62c5629a09a10.jpeg","contentUrl":"https:\/\/babylove.se\/no\/wp-content\/uploads\/sites\/3\/2025\/07\/62c5629a09a10.jpeg","width":922,"height":922},{"@type":"BreadcrumbList","@id":"https:\/\/babylove.se\/no\/produkt\/liewood-iben-veggkurv-i-rotting-natur\/#breadcrumb","itemListElement":[{"@type":"ListItem","position":1,"name":"Hem","item":"https:\/\/babylove.se\/no\/"},{"@type":"ListItem","position":2,"name":"Butik","item":"https:\/\/babylove.se\/no\/butik\/"},{"@type":"ListItem","position":3,"name":"Liewood, Iben veggkurv i rotting, natur"}]},{"@type":"WebSite","@id":"https:\/\/babylove.se\/no\/#website","url":"https:\/\/babylove.se\/no\/","name":"Babylove Norska","description":"","potentialAction":[{"@type":"SearchAction","target":{"@type":"EntryPoint","urlTemplate":"https:\/\/babylove.se\/no\/?s={search_term_string}"},"query-input":{"@type":"PropertyValueSpecification","valueRequired":true,"valueName":"search_term_string"}}],"inLanguage":"nb-NO"}]},"product_brand":"Liewood","product_price_amount":"349.00","product_price_currency":"SEK","og_availability":"out of stock","product_availability":"out of stock","product_retailer_item_id":"LW148216000","product_condition":"new"},"_links":{"self":[{"href":"https:\/\/babylove.se\/no\/wp-json\/wp\/v2\/product\/38281","targetHints":{"allow":["GET"]}}],"collection":[{"href":"https:\/\/babylove.se\/no\/wp-json\/wp\/v2\/product"}],"about":[{"href":"https:\/\/babylove.se\/no\/wp-json\/wp\/v2\/types\/product"}],"replies":[{"embeddable":true,"href":"https:\/\/babylove.se\/no\/wp-json\/wp\/v2\/comments?post=38281"}],"wp:featuredmedia":[{"embeddable":true,"href":"https:\/\/babylove.se\/no\/wp-json\/wp\/v2\/media\/38283"}],"wp:attachment":[{"href":"https:\/\/babylove.se\/no\/wp-json\/wp\/v2\/media?parent=38281"}],"wp:term":[{"taxonomy":"product_brand","embeddable":true,"href":"https:\/\/babylove.se\/no\/wp-json\/wp\/v2\/product_brand?post=38281"},{"taxonomy":"product_cat","embeddable":true,"href":"https:\/\/babylove.se\/no\/wp-json\/wp\/v2\/product_cat?post=38281"},{"taxonomy":"product_tag","embeddable":true,"href":"https:\/\/babylove.se\/no\/wp-json\/wp\/v2\/product_tag?post=38281"}],"curies":[{"name":"wp","href":"https:\/\/api.w.org\/{rel}","templated":true}]}}