{"id":38316,"date":"2025-07-19T01:48:48","date_gmt":"2025-07-19T00:48:48","guid":{"rendered":"https:\/\/babylove.se\/produkt\/liewood-lia-quiltad-forvaringskorg-sandy\/"},"modified":"2026-04-08T12:32:31","modified_gmt":"2026-04-08T11:32:31","slug":"liewood-lia-quiltet-oppbevaringskurv-sandy","status":"publish","type":"product","link":"https:\/\/babylove.se\/no\/produkt\/liewood-lia-quiltet-oppbevaringskurv-sandy\/","title":{"rendered":"Liewood, Lia quiltet oppbevaringskurv, Sandy"},"content":{"rendered":"<p>Denne s\u00f8te og praktiske oppbevaringskorgen fra danske Liewood vil hjelpe deg \u00e5 holde orden samtidig som du skaper en vakker barnerominnredning. <\/p>\n<p>Har to praktiske h\u00e5ndtak p\u00e5 siden slik at du enkelt kan flytte p\u00e5 den. <\/p>\n<p><strong>M\u00e5l<\/strong>: Diameter: 40 cm. H\u00f8yde 46 cm. <\/p>\n<p><strong>Materiale<\/strong>: 100 % \u00f8kologisk bomull. <\/p>\n<p>Designer: <a href=\"https:\/\/babylove.se\/varumarken\/liewood\"><u>Liewood<\/u><\/a><\/p>\n","protected":false},"excerpt":{"rendered":"<p>Denne s\u00f8te og praktiske oppbevaringskorgen fra danske Liewood vil hjelpe deg \u00e5 holde orden samtidig som du skaper en vakker barnerominnredning. Har to praktiske h\u00e5ndtak p\u00e5 siden slik at du enkelt kan flytte p\u00e5 den. M\u00e5l: Diameter: 40 cm. H\u00f8yde 46 cm. Materiale: 100 % \u00f8kologisk bomull. Designer: Liewood<\/p>\n","protected":false},"featured_media":38318,"comment_status":"closed","ping_status":"closed","template":"","meta":{"_acf_changed":false},"product_brand":[282],"product_cat":[110,283,43],"product_tag":[],"class_list":{"0":"post-38316","1":"product","2":"type-product","3":"status-publish","4":"has-post-thumbnail","6":"product_brand-liewood","7":"product_cat-cyber-monday","8":"product_cat-liewood","9":"product_cat-oppbevaringskurver","11":"first","12":"outofstock","13":"taxable","14":"shipping-taxable","15":"purchasable","16":"product-type-simple"},"acf":[],"yoast_head":"<!-- This site is optimized with the Yoast SEO Premium plugin v25.8 (Yoast SEO v27.2) - https:\/\/yoast.com\/product\/yoast-seo-premium-wordpress\/ -->\n<title>Liewood, Lia quiltet oppbevaringskurv, Sandy - Babylove Norska<\/title>\n<meta name=\"robots\" content=\"noindex, follow, max-snippet:-1, max-image-preview:large, max-video-preview:-1\" \/>\n<meta property=\"og:locale\" content=\"nb_NO\" \/>\n<meta property=\"og:type\" content=\"article\" \/>\n<meta property=\"og:title\" content=\"Liewood, Lia quiltet oppbevaringskurv, Sandy\" \/>\n<meta property=\"og:description\" content=\"Denne s\u00f8te og praktiske oppbevaringskorgen fra danske Liewood vil hjelpe deg \u00e5 holde orden samtidig som du skaper en vakker barnerominnredning. Har to praktiske h\u00e5ndtak p\u00e5 siden slik at du enkelt kan flytte p\u00e5 den. M\u00e5l: Diameter: 40 cm. H\u00f8yde 46 cm. Materiale: 100 % \u00f8kologisk bomull. Designer: Liewood\" \/>\n<meta property=\"og:url\" content=\"https:\/\/babylove.se\/no\/produkt\/liewood-lia-quiltet-oppbevaringskurv-sandy\/\" \/>\n<meta property=\"og:site_name\" content=\"Babylove Norska\" \/>\n<meta property=\"article:modified_time\" content=\"2026-04-08T11:32:31+00:00\" \/>\n<meta property=\"og:image\" content=\"https:\/\/babylove.se\/no\/wp-content\/uploads\/sites\/3\/2025\/07\/62c5700daa057.jpeg\" \/>\n\t<meta property=\"og:image:width\" content=\"1024\" \/>\n\t<meta property=\"og:image:height\" content=\"1024\" \/>\n\t<meta property=\"og:image:type\" content=\"image\/jpeg\" \/>\n<meta name=\"twitter:card\" content=\"summary_large_image\" \/>\n<meta name=\"twitter:label1\" content=\"Price\" \/>\n\t<meta name=\"twitter:data1\" content=\"699,00&nbsp;&#107;&#114;\" \/>\n\t<meta name=\"twitter:label2\" content=\"Availability\" \/>\n\t<meta name=\"twitter:data2\" content=\"Out of stock\" \/>\n<script type=\"application\/ld+json\" class=\"yoast-schema-graph\">{\"@context\":\"https:\/\/schema.org\",\"@graph\":[{\"@type\":\"WebPage\",\"@id\":\"https:\/\/babylove.se\/no\/produkt\/liewood-lia-quiltet-oppbevaringskurv-sandy\/\",\"url\":\"https:\/\/babylove.se\/no\/produkt\/liewood-lia-quiltet-oppbevaringskurv-sandy\/\",\"name\":\"Liewood, Lia quiltet oppbevaringskurv, Sandy - Babylove Norska\",\"isPartOf\":{\"@id\":\"https:\/\/babylove.se\/no\/#website\"},\"primaryImageOfPage\":{\"@id\":\"https:\/\/babylove.se\/no\/produkt\/liewood-lia-quiltet-oppbevaringskurv-sandy\/#primaryimage\"},\"image\":{\"@id\":\"https:\/\/babylove.se\/no\/produkt\/liewood-lia-quiltet-oppbevaringskurv-sandy\/#primaryimage\"},\"thumbnailUrl\":\"https:\/\/babylove.se\/no\/wp-content\/uploads\/sites\/3\/2025\/07\/62c5700daa057.jpeg\",\"datePublished\":\"2025-07-19T00:48:48+00:00\",\"dateModified\":\"2026-04-08T11:32:31+00:00\",\"breadcrumb\":{\"@id\":\"https:\/\/babylove.se\/no\/produkt\/liewood-lia-quiltet-oppbevaringskurv-sandy\/#breadcrumb\"},\"inLanguage\":\"nb-NO\",\"potentialAction\":[{\"@type\":\"ReadAction\",\"target\":[\"https:\/\/babylove.se\/no\/produkt\/liewood-lia-quiltet-oppbevaringskurv-sandy\/\"]}]},{\"@type\":\"ImageObject\",\"inLanguage\":\"nb-NO\",\"@id\":\"https:\/\/babylove.se\/no\/produkt\/liewood-lia-quiltet-oppbevaringskurv-sandy\/#primaryimage\",\"url\":\"https:\/\/babylove.se\/no\/wp-content\/uploads\/sites\/3\/2025\/07\/62c5700daa057.jpeg\",\"contentUrl\":\"https:\/\/babylove.se\/no\/wp-content\/uploads\/sites\/3\/2025\/07\/62c5700daa057.jpeg\",\"width\":1024,\"height\":1024},{\"@type\":\"BreadcrumbList\",\"@id\":\"https:\/\/babylove.se\/no\/produkt\/liewood-lia-quiltet-oppbevaringskurv-sandy\/#breadcrumb\",\"itemListElement\":[{\"@type\":\"ListItem\",\"position\":1,\"name\":\"Hem\",\"item\":\"https:\/\/babylove.se\/no\/\"},{\"@type\":\"ListItem\",\"position\":2,\"name\":\"Butik\",\"item\":\"https:\/\/babylove.se\/no\/butik\/\"},{\"@type\":\"ListItem\",\"position\":3,\"name\":\"Liewood, Lia quiltet oppbevaringskurv, Sandy\"}]},{\"@type\":\"WebSite\",\"@id\":\"https:\/\/babylove.se\/no\/#website\",\"url\":\"https:\/\/babylove.se\/no\/\",\"name\":\"Babylove Norska\",\"description\":\"\",\"potentialAction\":[{\"@type\":\"SearchAction\",\"target\":{\"@type\":\"EntryPoint\",\"urlTemplate\":\"https:\/\/babylove.se\/no\/?s={search_term_string}\"},\"query-input\":{\"@type\":\"PropertyValueSpecification\",\"valueRequired\":true,\"valueName\":\"search_term_string\"}}],\"inLanguage\":\"nb-NO\"}]}<\/script>\n<meta property=\"product:brand\" content=\"Liewood\" \/>\n<meta property=\"product:price:amount\" content=\"699.00\" \/>\n<meta property=\"product:price:currency\" content=\"SEK\" \/>\n<meta property=\"og:availability\" content=\"out of stock\" \/>\n<meta property=\"product:availability\" content=\"out of stock\" \/>\n<meta property=\"product:retailer_item_id\" content=\"LW144745060\" \/>\n<meta property=\"product:condition\" content=\"new\" \/>\n<!-- \/ Yoast SEO Premium plugin. -->","yoast_head_json":{"title":"Liewood, Lia quiltet oppbevaringskurv, Sandy - Babylove Norska","robots":{"index":"noindex","follow":"follow","max-snippet":"max-snippet:-1","max-image-preview":"max-image-preview:large","max-video-preview":"max-video-preview:-1"},"og_locale":"nb_NO","og_type":"article","og_title":"Liewood, Lia quiltet oppbevaringskurv, Sandy","og_description":"Denne s\u00f8te og praktiske oppbevaringskorgen fra danske Liewood vil hjelpe deg \u00e5 holde orden samtidig som du skaper en vakker barnerominnredning. Har to praktiske h\u00e5ndtak p\u00e5 siden slik at du enkelt kan flytte p\u00e5 den. M\u00e5l: Diameter: 40 cm. H\u00f8yde 46 cm. Materiale: 100 % \u00f8kologisk bomull. Designer: Liewood","og_url":"https:\/\/babylove.se\/no\/produkt\/liewood-lia-quiltet-oppbevaringskurv-sandy\/","og_site_name":"Babylove Norska","article_modified_time":"2026-04-08T11:32:31+00:00","og_image":[{"width":1024,"height":1024,"url":"https:\/\/babylove.se\/no\/wp-content\/uploads\/sites\/3\/2025\/07\/62c5700daa057.jpeg","type":"image\/jpeg"}],"twitter_card":"summary_large_image","twitter_misc":{"Price":"699,00&nbsp;&#107;&#114;","Availability":"Out of stock"},"schema":{"@context":"https:\/\/schema.org","@graph":[{"@type":"WebPage","@id":"https:\/\/babylove.se\/no\/produkt\/liewood-lia-quiltet-oppbevaringskurv-sandy\/","url":"https:\/\/babylove.se\/no\/produkt\/liewood-lia-quiltet-oppbevaringskurv-sandy\/","name":"Liewood, Lia quiltet oppbevaringskurv, Sandy - Babylove Norska","isPartOf":{"@id":"https:\/\/babylove.se\/no\/#website"},"primaryImageOfPage":{"@id":"https:\/\/babylove.se\/no\/produkt\/liewood-lia-quiltet-oppbevaringskurv-sandy\/#primaryimage"},"image":{"@id":"https:\/\/babylove.se\/no\/produkt\/liewood-lia-quiltet-oppbevaringskurv-sandy\/#primaryimage"},"thumbnailUrl":"https:\/\/babylove.se\/no\/wp-content\/uploads\/sites\/3\/2025\/07\/62c5700daa057.jpeg","datePublished":"2025-07-19T00:48:48+00:00","dateModified":"2026-04-08T11:32:31+00:00","breadcrumb":{"@id":"https:\/\/babylove.se\/no\/produkt\/liewood-lia-quiltet-oppbevaringskurv-sandy\/#breadcrumb"},"inLanguage":"nb-NO","potentialAction":[{"@type":"ReadAction","target":["https:\/\/babylove.se\/no\/produkt\/liewood-lia-quiltet-oppbevaringskurv-sandy\/"]}]},{"@type":"ImageObject","inLanguage":"nb-NO","@id":"https:\/\/babylove.se\/no\/produkt\/liewood-lia-quiltet-oppbevaringskurv-sandy\/#primaryimage","url":"https:\/\/babylove.se\/no\/wp-content\/uploads\/sites\/3\/2025\/07\/62c5700daa057.jpeg","contentUrl":"https:\/\/babylove.se\/no\/wp-content\/uploads\/sites\/3\/2025\/07\/62c5700daa057.jpeg","width":1024,"height":1024},{"@type":"BreadcrumbList","@id":"https:\/\/babylove.se\/no\/produkt\/liewood-lia-quiltet-oppbevaringskurv-sandy\/#breadcrumb","itemListElement":[{"@type":"ListItem","position":1,"name":"Hem","item":"https:\/\/babylove.se\/no\/"},{"@type":"ListItem","position":2,"name":"Butik","item":"https:\/\/babylove.se\/no\/butik\/"},{"@type":"ListItem","position":3,"name":"Liewood, Lia quiltet oppbevaringskurv, Sandy"}]},{"@type":"WebSite","@id":"https:\/\/babylove.se\/no\/#website","url":"https:\/\/babylove.se\/no\/","name":"Babylove Norska","description":"","potentialAction":[{"@type":"SearchAction","target":{"@type":"EntryPoint","urlTemplate":"https:\/\/babylove.se\/no\/?s={search_term_string}"},"query-input":{"@type":"PropertyValueSpecification","valueRequired":true,"valueName":"search_term_string"}}],"inLanguage":"nb-NO"}]},"product_brand":"Liewood","product_price_amount":"699.00","product_price_currency":"SEK","og_availability":"out of stock","product_availability":"out of stock","product_retailer_item_id":"LW144745060","product_condition":"new"},"_links":{"self":[{"href":"https:\/\/babylove.se\/no\/wp-json\/wp\/v2\/product\/38316","targetHints":{"allow":["GET"]}}],"collection":[{"href":"https:\/\/babylove.se\/no\/wp-json\/wp\/v2\/product"}],"about":[{"href":"https:\/\/babylove.se\/no\/wp-json\/wp\/v2\/types\/product"}],"replies":[{"embeddable":true,"href":"https:\/\/babylove.se\/no\/wp-json\/wp\/v2\/comments?post=38316"}],"wp:featuredmedia":[{"embeddable":true,"href":"https:\/\/babylove.se\/no\/wp-json\/wp\/v2\/media\/38318"}],"wp:attachment":[{"href":"https:\/\/babylove.se\/no\/wp-json\/wp\/v2\/media?parent=38316"}],"wp:term":[{"taxonomy":"product_brand","embeddable":true,"href":"https:\/\/babylove.se\/no\/wp-json\/wp\/v2\/product_brand?post=38316"},{"taxonomy":"product_cat","embeddable":true,"href":"https:\/\/babylove.se\/no\/wp-json\/wp\/v2\/product_cat?post=38316"},{"taxonomy":"product_tag","embeddable":true,"href":"https:\/\/babylove.se\/no\/wp-json\/wp\/v2\/product_tag?post=38316"}],"curies":[{"name":"wp","href":"https:\/\/api.w.org\/{rel}","templated":true}]}}