{"id":38347,"date":"2025-07-19T01:48:48","date_gmt":"2025-07-19T00:48:48","guid":{"rendered":"https:\/\/babylove.se\/produkt\/cotton-sweets-stor-kanin-bubi-ecru\/"},"modified":"2026-04-08T12:32:49","modified_gmt":"2026-04-08T11:32:49","slug":"bomull-sotsaker-stor-kanin-bubi-ecru","status":"publish","type":"product","link":"https:\/\/babylove.se\/no\/produkt\/bomull-sotsaker-stor-kanin-bubi-ecru\/","title":{"rendered":"Cotton &#038; Sweets, Stor kanin Bubi, ecru"},"content":{"rendered":"<p>En av de mest popul\u00e6re dukkene i Sverige akkurat n\u00e5, en kanindukke med lange \u00f8rer.&nbsp;<\/p>\n<p>En utrolig s\u00f8t stor kanin som er en perfekt gave til en nyf\u00f8dt, d\u00e5psgave eller hvorfor ikke som en julegave. Kanindukken er perfekt for b\u00e5de \u00e5 kose seg med og som dekorasjon. Den har vunnet ikke bare barnenes hjerte, men ogs\u00e5 mange foreldres.&nbsp;<\/p>\n<p><strong>M\u00e5l<\/strong>:<span>&nbsp;<\/span>65 cm +\/- 2 cm inkl \u00f8rer.<\/p>\n<p><strong>Materiale<\/strong>: 100 % OEKO-TEX bambus. Kan vaskes p\u00e5 30 grader.<\/p>\n<p>Dukken er CE-merket, noe som betyr at den oppfyller kravene for helse, sikkerhet og milj\u00f8.&nbsp;<\/p>\n<p>Designer: <a href=\"https:\/\/babylove.se\/varumarken\/cottonsweets\"><u>Cotton &amp; Sweets<\/u><\/a><\/p>\n","protected":false},"excerpt":{"rendered":"<p>En av de mest popul\u00e6re dukkene i Sverige akkurat n\u00e5, en kanindukke med lange \u00f8rer.&nbsp; En utrolig s\u00f8t stor kanin som er en perfekt gave til en nyf\u00f8dt, d\u00e5psgave eller hvorfor ikke som en julegave. Kanindukken er perfekt for b\u00e5de \u00e5 kose seg med og som dekorasjon. Den har vunnet ikke bare barnenes hjerte, men [&hellip;]<\/p>\n","protected":false},"featured_media":38349,"comment_status":"closed","ping_status":"open","template":"","meta":{"_acf_changed":false},"product_brand":[143],"product_cat":[69,144,70,90],"product_tag":[1689],"class_list":{"0":"post-38347","1":"product","2":"type-product","3":"status-publish","4":"has-post-thumbnail","6":"product_brand-cotton-sweets","7":"product_cat-dukker-tilbehoer","8":"product_cat-cottonsweets","9":"product_cat-gaver","10":"product_cat-dyr","11":"product_tag-bestillingsvaror","13":"first","14":"instock","15":"taxable","16":"shipping-taxable","17":"purchasable","18":"product-type-simple"},"acf":[],"yoast_head":"<!-- This site is optimized with the Yoast SEO Premium plugin v25.8 (Yoast SEO v27.2) - https:\/\/yoast.com\/product\/yoast-seo-premium-wordpress\/ -->\n<title>Cotton &amp; Sweets, Stor kanin Bubi, ecru - Babylove Norska<\/title>\n<meta name=\"robots\" content=\"noindex, follow, max-snippet:-1, max-image-preview:large, max-video-preview:-1\" \/>\n<meta property=\"og:locale\" content=\"nb_NO\" \/>\n<meta property=\"og:type\" content=\"article\" \/>\n<meta property=\"og:title\" content=\"Cotton &amp; Sweets, Stor kanin Bubi, ecru\" \/>\n<meta property=\"og:description\" content=\"En av de mest popul\u00e6re dukkene i Sverige akkurat n\u00e5, en kanindukke med lange \u00f8rer.&nbsp; En utrolig s\u00f8t stor kanin som er en perfekt gave til en nyf\u00f8dt, d\u00e5psgave eller hvorfor ikke som en julegave. Kanindukken er perfekt for b\u00e5de \u00e5 kose seg med og som dekorasjon. Den har vunnet ikke bare barnenes hjerte, men [&hellip;]\" \/>\n<meta property=\"og:url\" content=\"https:\/\/babylove.se\/no\/produkt\/bomull-sotsaker-stor-kanin-bubi-ecru\/\" \/>\n<meta property=\"og:site_name\" content=\"Babylove Norska\" \/>\n<meta property=\"article:modified_time\" content=\"2026-04-08T11:32:49+00:00\" \/>\n<meta property=\"og:image\" content=\"https:\/\/babylove.se\/no\/wp-content\/uploads\/sites\/3\/2025\/07\/62c80a3caa1bf.jpeg\" \/>\n\t<meta property=\"og:image:width\" content=\"1000\" \/>\n\t<meta property=\"og:image:height\" content=\"1000\" \/>\n\t<meta property=\"og:image:type\" content=\"image\/jpeg\" \/>\n<meta name=\"twitter:card\" content=\"summary_large_image\" \/>\n<meta name=\"twitter:label1\" content=\"Price\" \/>\n\t<meta name=\"twitter:data1\" content=\"499,00&nbsp;&#107;&#114;\" \/>\n\t<meta name=\"twitter:label2\" content=\"Availability\" \/>\n\t<meta name=\"twitter:data2\" content=\"In stock\" \/>\n<script type=\"application\/ld+json\" class=\"yoast-schema-graph\">{\"@context\":\"https:\/\/schema.org\",\"@graph\":[{\"@type\":\"WebPage\",\"@id\":\"https:\/\/babylove.se\/no\/produkt\/bomull-sotsaker-stor-kanin-bubi-ecru\/\",\"url\":\"https:\/\/babylove.se\/no\/produkt\/bomull-sotsaker-stor-kanin-bubi-ecru\/\",\"name\":\"Cotton & Sweets, Stor kanin Bubi, ecru - Babylove Norska\",\"isPartOf\":{\"@id\":\"https:\/\/babylove.se\/no\/#website\"},\"primaryImageOfPage\":{\"@id\":\"https:\/\/babylove.se\/no\/produkt\/bomull-sotsaker-stor-kanin-bubi-ecru\/#primaryimage\"},\"image\":{\"@id\":\"https:\/\/babylove.se\/no\/produkt\/bomull-sotsaker-stor-kanin-bubi-ecru\/#primaryimage\"},\"thumbnailUrl\":\"https:\/\/babylove.se\/no\/wp-content\/uploads\/sites\/3\/2025\/07\/62c80a3caa1bf.jpeg\",\"datePublished\":\"2025-07-19T00:48:48+00:00\",\"dateModified\":\"2026-04-08T11:32:49+00:00\",\"breadcrumb\":{\"@id\":\"https:\/\/babylove.se\/no\/produkt\/bomull-sotsaker-stor-kanin-bubi-ecru\/#breadcrumb\"},\"inLanguage\":\"nb-NO\",\"potentialAction\":[{\"@type\":\"ReadAction\",\"target\":[\"https:\/\/babylove.se\/no\/produkt\/bomull-sotsaker-stor-kanin-bubi-ecru\/\"]}]},{\"@type\":\"ImageObject\",\"inLanguage\":\"nb-NO\",\"@id\":\"https:\/\/babylove.se\/no\/produkt\/bomull-sotsaker-stor-kanin-bubi-ecru\/#primaryimage\",\"url\":\"https:\/\/babylove.se\/no\/wp-content\/uploads\/sites\/3\/2025\/07\/62c80a3caa1bf.jpeg\",\"contentUrl\":\"https:\/\/babylove.se\/no\/wp-content\/uploads\/sites\/3\/2025\/07\/62c80a3caa1bf.jpeg\",\"width\":1000,\"height\":1000},{\"@type\":\"BreadcrumbList\",\"@id\":\"https:\/\/babylove.se\/no\/produkt\/bomull-sotsaker-stor-kanin-bubi-ecru\/#breadcrumb\",\"itemListElement\":[{\"@type\":\"ListItem\",\"position\":1,\"name\":\"Hem\",\"item\":\"https:\/\/babylove.se\/no\/\"},{\"@type\":\"ListItem\",\"position\":2,\"name\":\"Butik\",\"item\":\"https:\/\/babylove.se\/no\/butik\/\"},{\"@type\":\"ListItem\",\"position\":3,\"name\":\"Cotton &#038; Sweets, Stor kanin Bubi, ecru\"}]},{\"@type\":\"WebSite\",\"@id\":\"https:\/\/babylove.se\/no\/#website\",\"url\":\"https:\/\/babylove.se\/no\/\",\"name\":\"Babylove Norska\",\"description\":\"\",\"potentialAction\":[{\"@type\":\"SearchAction\",\"target\":{\"@type\":\"EntryPoint\",\"urlTemplate\":\"https:\/\/babylove.se\/no\/?s={search_term_string}\"},\"query-input\":{\"@type\":\"PropertyValueSpecification\",\"valueRequired\":true,\"valueName\":\"search_term_string\"}}],\"inLanguage\":\"nb-NO\"}]}<\/script>\n<meta property=\"product:brand\" content=\"Cotton &amp; Sweets\" \/>\n<meta property=\"product:price:amount\" content=\"499.00\" \/>\n<meta property=\"product:price:currency\" content=\"SEK\" \/>\n<meta property=\"og:availability\" content=\"instock\" \/>\n<meta property=\"product:availability\" content=\"instock\" \/>\n<meta property=\"product:retailer_item_id\" content=\"BO21101\" \/>\n<meta property=\"product:condition\" content=\"new\" \/>\n<!-- \/ Yoast SEO Premium plugin. -->","yoast_head_json":{"title":"Cotton & Sweets, Stor kanin Bubi, ecru - Babylove Norska","robots":{"index":"noindex","follow":"follow","max-snippet":"max-snippet:-1","max-image-preview":"max-image-preview:large","max-video-preview":"max-video-preview:-1"},"og_locale":"nb_NO","og_type":"article","og_title":"Cotton & Sweets, Stor kanin Bubi, ecru","og_description":"En av de mest popul\u00e6re dukkene i Sverige akkurat n\u00e5, en kanindukke med lange \u00f8rer.&nbsp; En utrolig s\u00f8t stor kanin som er en perfekt gave til en nyf\u00f8dt, d\u00e5psgave eller hvorfor ikke som en julegave. Kanindukken er perfekt for b\u00e5de \u00e5 kose seg med og som dekorasjon. Den har vunnet ikke bare barnenes hjerte, men [&hellip;]","og_url":"https:\/\/babylove.se\/no\/produkt\/bomull-sotsaker-stor-kanin-bubi-ecru\/","og_site_name":"Babylove Norska","article_modified_time":"2026-04-08T11:32:49+00:00","og_image":[{"width":1000,"height":1000,"url":"https:\/\/babylove.se\/no\/wp-content\/uploads\/sites\/3\/2025\/07\/62c80a3caa1bf.jpeg","type":"image\/jpeg"}],"twitter_card":"summary_large_image","twitter_misc":{"Price":"499,00&nbsp;&#107;&#114;","Availability":"In stock"},"schema":{"@context":"https:\/\/schema.org","@graph":[{"@type":"WebPage","@id":"https:\/\/babylove.se\/no\/produkt\/bomull-sotsaker-stor-kanin-bubi-ecru\/","url":"https:\/\/babylove.se\/no\/produkt\/bomull-sotsaker-stor-kanin-bubi-ecru\/","name":"Cotton & Sweets, Stor kanin Bubi, ecru - Babylove Norska","isPartOf":{"@id":"https:\/\/babylove.se\/no\/#website"},"primaryImageOfPage":{"@id":"https:\/\/babylove.se\/no\/produkt\/bomull-sotsaker-stor-kanin-bubi-ecru\/#primaryimage"},"image":{"@id":"https:\/\/babylove.se\/no\/produkt\/bomull-sotsaker-stor-kanin-bubi-ecru\/#primaryimage"},"thumbnailUrl":"https:\/\/babylove.se\/no\/wp-content\/uploads\/sites\/3\/2025\/07\/62c80a3caa1bf.jpeg","datePublished":"2025-07-19T00:48:48+00:00","dateModified":"2026-04-08T11:32:49+00:00","breadcrumb":{"@id":"https:\/\/babylove.se\/no\/produkt\/bomull-sotsaker-stor-kanin-bubi-ecru\/#breadcrumb"},"inLanguage":"nb-NO","potentialAction":[{"@type":"ReadAction","target":["https:\/\/babylove.se\/no\/produkt\/bomull-sotsaker-stor-kanin-bubi-ecru\/"]}]},{"@type":"ImageObject","inLanguage":"nb-NO","@id":"https:\/\/babylove.se\/no\/produkt\/bomull-sotsaker-stor-kanin-bubi-ecru\/#primaryimage","url":"https:\/\/babylove.se\/no\/wp-content\/uploads\/sites\/3\/2025\/07\/62c80a3caa1bf.jpeg","contentUrl":"https:\/\/babylove.se\/no\/wp-content\/uploads\/sites\/3\/2025\/07\/62c80a3caa1bf.jpeg","width":1000,"height":1000},{"@type":"BreadcrumbList","@id":"https:\/\/babylove.se\/no\/produkt\/bomull-sotsaker-stor-kanin-bubi-ecru\/#breadcrumb","itemListElement":[{"@type":"ListItem","position":1,"name":"Hem","item":"https:\/\/babylove.se\/no\/"},{"@type":"ListItem","position":2,"name":"Butik","item":"https:\/\/babylove.se\/no\/butik\/"},{"@type":"ListItem","position":3,"name":"Cotton &#038; Sweets, Stor kanin Bubi, ecru"}]},{"@type":"WebSite","@id":"https:\/\/babylove.se\/no\/#website","url":"https:\/\/babylove.se\/no\/","name":"Babylove Norska","description":"","potentialAction":[{"@type":"SearchAction","target":{"@type":"EntryPoint","urlTemplate":"https:\/\/babylove.se\/no\/?s={search_term_string}"},"query-input":{"@type":"PropertyValueSpecification","valueRequired":true,"valueName":"search_term_string"}}],"inLanguage":"nb-NO"}]},"product_brand":"Cotton &amp; Sweets","product_price_amount":"499.00","product_price_currency":"SEK","og_availability":"instock","product_availability":"instock","product_retailer_item_id":"BO21101","product_condition":"new"},"_links":{"self":[{"href":"https:\/\/babylove.se\/no\/wp-json\/wp\/v2\/product\/38347","targetHints":{"allow":["GET"]}}],"collection":[{"href":"https:\/\/babylove.se\/no\/wp-json\/wp\/v2\/product"}],"about":[{"href":"https:\/\/babylove.se\/no\/wp-json\/wp\/v2\/types\/product"}],"replies":[{"embeddable":true,"href":"https:\/\/babylove.se\/no\/wp-json\/wp\/v2\/comments?post=38347"}],"wp:featuredmedia":[{"embeddable":true,"href":"https:\/\/babylove.se\/no\/wp-json\/wp\/v2\/media\/38349"}],"wp:attachment":[{"href":"https:\/\/babylove.se\/no\/wp-json\/wp\/v2\/media?parent=38347"}],"wp:term":[{"taxonomy":"product_brand","embeddable":true,"href":"https:\/\/babylove.se\/no\/wp-json\/wp\/v2\/product_brand?post=38347"},{"taxonomy":"product_cat","embeddable":true,"href":"https:\/\/babylove.se\/no\/wp-json\/wp\/v2\/product_cat?post=38347"},{"taxonomy":"product_tag","embeddable":true,"href":"https:\/\/babylove.se\/no\/wp-json\/wp\/v2\/product_tag?post=38347"}],"curies":[{"name":"wp","href":"https:\/\/api.w.org\/{rel}","templated":true}]}}