{"id":38396,"date":"2025-07-19T01:49:40","date_gmt":"2025-07-19T00:49:40","guid":{"rendered":"https:\/\/babylove.se\/produkt\/liewood-juan-matta-till-barnrummet-cat-apple-blossom-mix\/"},"modified":"2026-04-08T12:33:09","modified_gmt":"2026-04-08T11:33:09","slug":"liewood-juan-teppe-til-barnerommet-cat-apple-blossom-mix","status":"publish","type":"product","link":"https:\/\/babylove.se\/no\/produkt\/liewood-juan-teppe-til-barnerommet-cat-apple-blossom-mix\/","title":{"rendered":"Liewood, Juan teppe til barnerommet, Cat apple blossom mix"},"content":{"rendered":"<p>Dette er en myk og s\u00f8t ullmatte til barnerommet, med formen av en katt og en deilig rosa farge. \\n \\nFra popul\u00e6re danske Liewood, som har et enormt stort og popul\u00e6rt utvalg av fine barneprodukter til nettopp ditt barnerom. Disse mattene er underbart deilige for barnet \u00e5 leke p\u00e5, men skaper samtidig en fin atmosf\u00e6re og bidrar til det vakre i rommet. Sikker for barnas lek takket v\u00e6re anti-skli p\u00e5 undersiden. \\n \\n<strong>Materiale<\/strong>: 90 % ull, 10 % bomull. \\n \\n<strong>M\u00e5l<\/strong>: ca 78 x 90 cm. \\n \\nDesigner: <a href=\"https:\/\/babylove.se\/varumarken\/liewood\">Liewood<\/a><\/p>\n","protected":false},"excerpt":{"rendered":"<p>Dette er en myk og s\u00f8t ullmatte til barnerommet, med formen av en katt og en deilig rosa farge. \\n \\nFra popul\u00e6re danske Liewood, som har et enormt stort og popul\u00e6rt utvalg av fine barneprodukter til nettopp ditt barnerom. Disse mattene er underbart deilige for barnet \u00e5 leke p\u00e5, men skaper samtidig en fin atmosf\u00e6re [&hellip;]<\/p>\n","protected":false},"featured_media":38398,"comment_status":"closed","ping_status":"closed","template":"","meta":{"_acf_changed":false},"product_brand":[282],"product_cat":[110,283,135],"product_tag":[],"class_list":{"0":"post-38396","1":"product","2":"type-product","3":"status-publish","4":"has-post-thumbnail","6":"product_brand-liewood","7":"product_cat-cyber-monday","8":"product_cat-liewood","9":"product_cat-tepper","11":"first","12":"instock","13":"taxable","14":"shipping-taxable","15":"purchasable","16":"product-type-simple"},"acf":[],"yoast_head":"<!-- This site is optimized with the Yoast SEO Premium plugin v25.8 (Yoast SEO v27.2) - https:\/\/yoast.com\/product\/yoast-seo-premium-wordpress\/ -->\n<title>Liewood, Juan teppe til barnerommet, Cat apple blossom mix - Babylove Norska<\/title>\n<meta name=\"robots\" content=\"noindex, follow, max-snippet:-1, max-image-preview:large, max-video-preview:-1\" \/>\n<meta property=\"og:locale\" content=\"nb_NO\" \/>\n<meta property=\"og:type\" content=\"article\" \/>\n<meta property=\"og:title\" content=\"Liewood, Juan teppe til barnerommet, Cat apple blossom mix\" \/>\n<meta property=\"og:description\" content=\"Dette er en myk og s\u00f8t ullmatte til barnerommet, med formen av en katt og en deilig rosa farge. n nFra popul\u00e6re danske Liewood, som har et enormt stort og popul\u00e6rt utvalg av fine barneprodukter til nettopp ditt barnerom. Disse mattene er underbart deilige for barnet \u00e5 leke p\u00e5, men skaper samtidig en fin atmosf\u00e6re [&hellip;]\" \/>\n<meta property=\"og:url\" content=\"https:\/\/babylove.se\/no\/produkt\/liewood-juan-teppe-til-barnerommet-cat-apple-blossom-mix\/\" \/>\n<meta property=\"og:site_name\" content=\"Babylove Norska\" \/>\n<meta property=\"article:modified_time\" content=\"2026-04-08T11:33:09+00:00\" \/>\n<meta property=\"og:image\" content=\"https:\/\/babylove.se\/no\/wp-content\/uploads\/sites\/3\/2025\/07\/62d7f56624f8d.jpeg\" \/>\n\t<meta property=\"og:image:width\" content=\"1300\" \/>\n\t<meta property=\"og:image:height\" content=\"1300\" \/>\n\t<meta property=\"og:image:type\" content=\"image\/jpeg\" \/>\n<meta name=\"twitter:card\" content=\"summary_large_image\" \/>\n<meta name=\"twitter:label1\" content=\"Price\" \/>\n\t<meta name=\"twitter:data1\" content=\"1 199,00&nbsp;&#107;&#114;\" \/>\n\t<meta name=\"twitter:label2\" content=\"Availability\" \/>\n\t<meta name=\"twitter:data2\" content=\"In stock\" \/>\n<script type=\"application\/ld+json\" class=\"yoast-schema-graph\">{\"@context\":\"https:\/\/schema.org\",\"@graph\":[{\"@type\":\"WebPage\",\"@id\":\"https:\/\/babylove.se\/no\/produkt\/liewood-juan-teppe-til-barnerommet-cat-apple-blossom-mix\/\",\"url\":\"https:\/\/babylove.se\/no\/produkt\/liewood-juan-teppe-til-barnerommet-cat-apple-blossom-mix\/\",\"name\":\"Liewood, Juan teppe til barnerommet, Cat apple blossom mix - Babylove Norska\",\"isPartOf\":{\"@id\":\"https:\/\/babylove.se\/no\/#website\"},\"primaryImageOfPage\":{\"@id\":\"https:\/\/babylove.se\/no\/produkt\/liewood-juan-teppe-til-barnerommet-cat-apple-blossom-mix\/#primaryimage\"},\"image\":{\"@id\":\"https:\/\/babylove.se\/no\/produkt\/liewood-juan-teppe-til-barnerommet-cat-apple-blossom-mix\/#primaryimage\"},\"thumbnailUrl\":\"https:\/\/babylove.se\/no\/wp-content\/uploads\/sites\/3\/2025\/07\/62d7f56624f8d.jpeg\",\"datePublished\":\"2025-07-19T00:49:40+00:00\",\"dateModified\":\"2026-04-08T11:33:09+00:00\",\"breadcrumb\":{\"@id\":\"https:\/\/babylove.se\/no\/produkt\/liewood-juan-teppe-til-barnerommet-cat-apple-blossom-mix\/#breadcrumb\"},\"inLanguage\":\"nb-NO\",\"potentialAction\":[{\"@type\":\"ReadAction\",\"target\":[\"https:\/\/babylove.se\/no\/produkt\/liewood-juan-teppe-til-barnerommet-cat-apple-blossom-mix\/\"]}]},{\"@type\":\"ImageObject\",\"inLanguage\":\"nb-NO\",\"@id\":\"https:\/\/babylove.se\/no\/produkt\/liewood-juan-teppe-til-barnerommet-cat-apple-blossom-mix\/#primaryimage\",\"url\":\"https:\/\/babylove.se\/no\/wp-content\/uploads\/sites\/3\/2025\/07\/62d7f56624f8d.jpeg\",\"contentUrl\":\"https:\/\/babylove.se\/no\/wp-content\/uploads\/sites\/3\/2025\/07\/62d7f56624f8d.jpeg\",\"width\":1300,\"height\":1300},{\"@type\":\"BreadcrumbList\",\"@id\":\"https:\/\/babylove.se\/no\/produkt\/liewood-juan-teppe-til-barnerommet-cat-apple-blossom-mix\/#breadcrumb\",\"itemListElement\":[{\"@type\":\"ListItem\",\"position\":1,\"name\":\"Hem\",\"item\":\"https:\/\/babylove.se\/no\/\"},{\"@type\":\"ListItem\",\"position\":2,\"name\":\"Butik\",\"item\":\"https:\/\/babylove.se\/no\/butik\/\"},{\"@type\":\"ListItem\",\"position\":3,\"name\":\"Liewood, Juan teppe til barnerommet, Cat apple blossom mix\"}]},{\"@type\":\"WebSite\",\"@id\":\"https:\/\/babylove.se\/no\/#website\",\"url\":\"https:\/\/babylove.se\/no\/\",\"name\":\"Babylove Norska\",\"description\":\"\",\"potentialAction\":[{\"@type\":\"SearchAction\",\"target\":{\"@type\":\"EntryPoint\",\"urlTemplate\":\"https:\/\/babylove.se\/no\/?s={search_term_string}\"},\"query-input\":{\"@type\":\"PropertyValueSpecification\",\"valueRequired\":true,\"valueName\":\"search_term_string\"}}],\"inLanguage\":\"nb-NO\"}]}<\/script>\n<meta property=\"product:brand\" content=\"Liewood\" \/>\n<meta property=\"product:price:amount\" content=\"1199.00\" \/>\n<meta property=\"product:price:currency\" content=\"SEK\" \/>\n<meta property=\"og:availability\" content=\"instock\" \/>\n<meta property=\"product:availability\" content=\"instock\" \/>\n<meta property=\"product:retailer_item_id\" content=\"LW150581157\" \/>\n<meta property=\"product:condition\" content=\"new\" \/>\n<!-- \/ Yoast SEO Premium plugin. -->","yoast_head_json":{"title":"Liewood, Juan teppe til barnerommet, Cat apple blossom mix - Babylove Norska","robots":{"index":"noindex","follow":"follow","max-snippet":"max-snippet:-1","max-image-preview":"max-image-preview:large","max-video-preview":"max-video-preview:-1"},"og_locale":"nb_NO","og_type":"article","og_title":"Liewood, Juan teppe til barnerommet, Cat apple blossom mix","og_description":"Dette er en myk og s\u00f8t ullmatte til barnerommet, med formen av en katt og en deilig rosa farge. n nFra popul\u00e6re danske Liewood, som har et enormt stort og popul\u00e6rt utvalg av fine barneprodukter til nettopp ditt barnerom. Disse mattene er underbart deilige for barnet \u00e5 leke p\u00e5, men skaper samtidig en fin atmosf\u00e6re [&hellip;]","og_url":"https:\/\/babylove.se\/no\/produkt\/liewood-juan-teppe-til-barnerommet-cat-apple-blossom-mix\/","og_site_name":"Babylove Norska","article_modified_time":"2026-04-08T11:33:09+00:00","og_image":[{"width":1300,"height":1300,"url":"https:\/\/babylove.se\/no\/wp-content\/uploads\/sites\/3\/2025\/07\/62d7f56624f8d.jpeg","type":"image\/jpeg"}],"twitter_card":"summary_large_image","twitter_misc":{"Price":"1 199,00&nbsp;&#107;&#114;","Availability":"In stock"},"schema":{"@context":"https:\/\/schema.org","@graph":[{"@type":"WebPage","@id":"https:\/\/babylove.se\/no\/produkt\/liewood-juan-teppe-til-barnerommet-cat-apple-blossom-mix\/","url":"https:\/\/babylove.se\/no\/produkt\/liewood-juan-teppe-til-barnerommet-cat-apple-blossom-mix\/","name":"Liewood, Juan teppe til barnerommet, Cat apple blossom mix - Babylove Norska","isPartOf":{"@id":"https:\/\/babylove.se\/no\/#website"},"primaryImageOfPage":{"@id":"https:\/\/babylove.se\/no\/produkt\/liewood-juan-teppe-til-barnerommet-cat-apple-blossom-mix\/#primaryimage"},"image":{"@id":"https:\/\/babylove.se\/no\/produkt\/liewood-juan-teppe-til-barnerommet-cat-apple-blossom-mix\/#primaryimage"},"thumbnailUrl":"https:\/\/babylove.se\/no\/wp-content\/uploads\/sites\/3\/2025\/07\/62d7f56624f8d.jpeg","datePublished":"2025-07-19T00:49:40+00:00","dateModified":"2026-04-08T11:33:09+00:00","breadcrumb":{"@id":"https:\/\/babylove.se\/no\/produkt\/liewood-juan-teppe-til-barnerommet-cat-apple-blossom-mix\/#breadcrumb"},"inLanguage":"nb-NO","potentialAction":[{"@type":"ReadAction","target":["https:\/\/babylove.se\/no\/produkt\/liewood-juan-teppe-til-barnerommet-cat-apple-blossom-mix\/"]}]},{"@type":"ImageObject","inLanguage":"nb-NO","@id":"https:\/\/babylove.se\/no\/produkt\/liewood-juan-teppe-til-barnerommet-cat-apple-blossom-mix\/#primaryimage","url":"https:\/\/babylove.se\/no\/wp-content\/uploads\/sites\/3\/2025\/07\/62d7f56624f8d.jpeg","contentUrl":"https:\/\/babylove.se\/no\/wp-content\/uploads\/sites\/3\/2025\/07\/62d7f56624f8d.jpeg","width":1300,"height":1300},{"@type":"BreadcrumbList","@id":"https:\/\/babylove.se\/no\/produkt\/liewood-juan-teppe-til-barnerommet-cat-apple-blossom-mix\/#breadcrumb","itemListElement":[{"@type":"ListItem","position":1,"name":"Hem","item":"https:\/\/babylove.se\/no\/"},{"@type":"ListItem","position":2,"name":"Butik","item":"https:\/\/babylove.se\/no\/butik\/"},{"@type":"ListItem","position":3,"name":"Liewood, Juan teppe til barnerommet, Cat apple blossom mix"}]},{"@type":"WebSite","@id":"https:\/\/babylove.se\/no\/#website","url":"https:\/\/babylove.se\/no\/","name":"Babylove Norska","description":"","potentialAction":[{"@type":"SearchAction","target":{"@type":"EntryPoint","urlTemplate":"https:\/\/babylove.se\/no\/?s={search_term_string}"},"query-input":{"@type":"PropertyValueSpecification","valueRequired":true,"valueName":"search_term_string"}}],"inLanguage":"nb-NO"}]},"product_brand":"Liewood","product_price_amount":"1199.00","product_price_currency":"SEK","og_availability":"instock","product_availability":"instock","product_retailer_item_id":"LW150581157","product_condition":"new"},"_links":{"self":[{"href":"https:\/\/babylove.se\/no\/wp-json\/wp\/v2\/product\/38396","targetHints":{"allow":["GET"]}}],"collection":[{"href":"https:\/\/babylove.se\/no\/wp-json\/wp\/v2\/product"}],"about":[{"href":"https:\/\/babylove.se\/no\/wp-json\/wp\/v2\/types\/product"}],"replies":[{"embeddable":true,"href":"https:\/\/babylove.se\/no\/wp-json\/wp\/v2\/comments?post=38396"}],"wp:featuredmedia":[{"embeddable":true,"href":"https:\/\/babylove.se\/no\/wp-json\/wp\/v2\/media\/38398"}],"wp:attachment":[{"href":"https:\/\/babylove.se\/no\/wp-json\/wp\/v2\/media?parent=38396"}],"wp:term":[{"taxonomy":"product_brand","embeddable":true,"href":"https:\/\/babylove.se\/no\/wp-json\/wp\/v2\/product_brand?post=38396"},{"taxonomy":"product_cat","embeddable":true,"href":"https:\/\/babylove.se\/no\/wp-json\/wp\/v2\/product_cat?post=38396"},{"taxonomy":"product_tag","embeddable":true,"href":"https:\/\/babylove.se\/no\/wp-json\/wp\/v2\/product_tag?post=38396"}],"curies":[{"name":"wp","href":"https:\/\/api.w.org\/{rel}","templated":true}]}}