{"id":3848,"date":"2025-07-18T20:18:28","date_gmt":"2025-07-18T19:18:28","guid":{"rendered":"https:\/\/babylove.se\/produkt\/done-by-deer-skotbadd-baloon-gra\/"},"modified":"2026-04-08T08:02:45","modified_gmt":"2026-04-08T07:02:45","slug":"laget-av-hjort-skuddpute-ballong-gra","status":"publish","type":"product","link":"https:\/\/babylove.se\/no\/produkt\/laget-av-hjort-skuddpute-ballong-gra\/","title":{"rendered":"Done by Deer stellematte ballong gr\u00e5"},"content":{"rendered":"<p><strong>Done by Deer stellematte baloon gr\u00e5- sendes innen 24 timer !&nbsp;<\/strong><\/p>\n<p>Denne fantastiske stellematten fra Done By Deers nye kolleksjon \u00abbaloon\u00bb er endelig p\u00e5 lager hos oss. Et herlig motiv og ditt barn vil ligge meget trygt p\u00e5 denne. I tillegg en flott innredningsdetalj til barnerommet.<\/p>\n<p>Denne stellematten passer til de aller fleste stellebord som har standardm\u00e5l. Denne stellematten er laget med et belegg i akryl som ikke bare gj\u00f8r den t\u00e5lig mot fuktighet og vann, men er dessuten meget enkel \u00e5 holde ren. T\u00f8rk bare av den med en v\u00e5t klut eller hvis den er skikkelig tilsmusset, vask den ut og inn i opptil 30 grader.<\/p>\n<p>Stellematten er fylt med mykt barnevennlig skumgummi som gj\u00f8r at ditt barn alltid ligger komfortabelt og godt, den former seg etter kroppen.<\/p>\n<p><strong>M\u00e5l<\/strong>: 50 cm x 65 cm x 10 cm<\/p>\n<p>Designer: <a href=\"https:\/\/babylove.se\/varumarken\/done-by-deer\">Done by Deer<\/a><\/p>\n","protected":false},"excerpt":{"rendered":"<p>Done by Deer stellematte baloon gr\u00e5- sendes innen 24 timer !&nbsp; Denne fantastiske stellematten fra Done By Deers nye kolleksjon \u00abbaloon\u00bb er endelig p\u00e5 lager hos oss. Et herlig motiv og ditt barn vil ligge meget trygt p\u00e5 denne. I tillegg en flott innredningsdetalj til barnerommet. Denne stellematten passer til de aller fleste stellebord som [&hellip;]<\/p>\n","protected":false},"featured_media":3850,"comment_status":"closed","ping_status":"open","template":"","meta":{"_acf_changed":false},"product_brand":[54],"product_cat":[41,55,25,57],"product_tag":[1689],"class_list":{"0":"post-3848","1":"product","2":"type-product","3":"status-publish","4":"has-post-thumbnail","6":"product_brand-done-by-deer","7":"product_cat-babytilbehor","8":"product_cat-done-by-deer","9":"product_cat-ikke-bare-jenter","10":"product_cat-skobadder","11":"product_tag-bestillingsvaror","13":"first","14":"outofstock","15":"taxable","16":"shipping-taxable","17":"purchasable","18":"product-type-simple"},"acf":[],"yoast_head":"<!-- This site is optimized with the Yoast SEO Premium plugin v25.8 (Yoast SEO v27.2) - https:\/\/yoast.com\/product\/yoast-seo-premium-wordpress\/ -->\n<title>Done by Deer stellematte ballong gr\u00e5 - Babylove Norska<\/title>\n<meta name=\"robots\" content=\"noindex, follow, max-snippet:-1, max-image-preview:large, max-video-preview:-1\" \/>\n<meta property=\"og:locale\" content=\"nb_NO\" \/>\n<meta property=\"og:type\" content=\"article\" \/>\n<meta property=\"og:title\" content=\"Done by Deer stellematte ballong gr\u00e5\" \/>\n<meta property=\"og:description\" content=\"Done by Deer stellematte baloon gr\u00e5- sendes innen 24 timer !&nbsp; Denne fantastiske stellematten fra Done By Deers nye kolleksjon \u00abbaloon\u00bb er endelig p\u00e5 lager hos oss. Et herlig motiv og ditt barn vil ligge meget trygt p\u00e5 denne. I tillegg en flott innredningsdetalj til barnerommet. Denne stellematten passer til de aller fleste stellebord som [&hellip;]\" \/>\n<meta property=\"og:url\" content=\"https:\/\/babylove.se\/no\/produkt\/laget-av-hjort-skuddpute-ballong-gra\/\" \/>\n<meta property=\"og:site_name\" content=\"Babylove Norska\" \/>\n<meta property=\"article:modified_time\" content=\"2026-04-08T07:02:45+00:00\" \/>\n<meta property=\"og:image\" content=\"https:\/\/babylove.se\/no\/wp-content\/uploads\/sites\/3\/2025\/07\/5a71b6105225b.jpeg\" \/>\n\t<meta property=\"og:image:width\" content=\"750\" \/>\n\t<meta property=\"og:image:height\" content=\"750\" \/>\n\t<meta property=\"og:image:type\" content=\"image\/jpeg\" \/>\n<meta name=\"twitter:card\" content=\"summary_large_image\" \/>\n<meta name=\"twitter:label1\" content=\"Price\" \/>\n\t<meta name=\"twitter:data1\" content=\"499,00&nbsp;&#107;&#114;\" \/>\n\t<meta name=\"twitter:label2\" content=\"Availability\" \/>\n\t<meta name=\"twitter:data2\" content=\"Out of stock\" \/>\n<script type=\"application\/ld+json\" class=\"yoast-schema-graph\">{\"@context\":\"https:\/\/schema.org\",\"@graph\":[{\"@type\":\"WebPage\",\"@id\":\"https:\/\/babylove.se\/no\/produkt\/laget-av-hjort-skuddpute-ballong-gra\/\",\"url\":\"https:\/\/babylove.se\/no\/produkt\/laget-av-hjort-skuddpute-ballong-gra\/\",\"name\":\"Done by Deer stellematte ballong gr\u00e5 - Babylove Norska\",\"isPartOf\":{\"@id\":\"https:\/\/babylove.se\/no\/#website\"},\"primaryImageOfPage\":{\"@id\":\"https:\/\/babylove.se\/no\/produkt\/laget-av-hjort-skuddpute-ballong-gra\/#primaryimage\"},\"image\":{\"@id\":\"https:\/\/babylove.se\/no\/produkt\/laget-av-hjort-skuddpute-ballong-gra\/#primaryimage\"},\"thumbnailUrl\":\"https:\/\/babylove.se\/no\/wp-content\/uploads\/sites\/3\/2025\/07\/5a71b6105225b.jpeg\",\"datePublished\":\"2025-07-18T19:18:28+00:00\",\"dateModified\":\"2026-04-08T07:02:45+00:00\",\"breadcrumb\":{\"@id\":\"https:\/\/babylove.se\/no\/produkt\/laget-av-hjort-skuddpute-ballong-gra\/#breadcrumb\"},\"inLanguage\":\"nb-NO\",\"potentialAction\":[{\"@type\":\"ReadAction\",\"target\":[\"https:\/\/babylove.se\/no\/produkt\/laget-av-hjort-skuddpute-ballong-gra\/\"]}]},{\"@type\":\"ImageObject\",\"inLanguage\":\"nb-NO\",\"@id\":\"https:\/\/babylove.se\/no\/produkt\/laget-av-hjort-skuddpute-ballong-gra\/#primaryimage\",\"url\":\"https:\/\/babylove.se\/no\/wp-content\/uploads\/sites\/3\/2025\/07\/5a71b6105225b.jpeg\",\"contentUrl\":\"https:\/\/babylove.se\/no\/wp-content\/uploads\/sites\/3\/2025\/07\/5a71b6105225b.jpeg\",\"width\":750,\"height\":750},{\"@type\":\"BreadcrumbList\",\"@id\":\"https:\/\/babylove.se\/no\/produkt\/laget-av-hjort-skuddpute-ballong-gra\/#breadcrumb\",\"itemListElement\":[{\"@type\":\"ListItem\",\"position\":1,\"name\":\"Hem\",\"item\":\"https:\/\/babylove.se\/no\/\"},{\"@type\":\"ListItem\",\"position\":2,\"name\":\"Butik\",\"item\":\"https:\/\/babylove.se\/no\/butik\/\"},{\"@type\":\"ListItem\",\"position\":3,\"name\":\"Done by Deer stellematte ballong gr\u00e5\"}]},{\"@type\":\"WebSite\",\"@id\":\"https:\/\/babylove.se\/no\/#website\",\"url\":\"https:\/\/babylove.se\/no\/\",\"name\":\"Babylove Norska\",\"description\":\"\",\"potentialAction\":[{\"@type\":\"SearchAction\",\"target\":{\"@type\":\"EntryPoint\",\"urlTemplate\":\"https:\/\/babylove.se\/no\/?s={search_term_string}\"},\"query-input\":{\"@type\":\"PropertyValueSpecification\",\"valueRequired\":true,\"valueName\":\"search_term_string\"}}],\"inLanguage\":\"nb-NO\"}]}<\/script>\n<meta property=\"product:brand\" content=\"Done by Deer\" \/>\n<meta property=\"product:price:amount\" content=\"499.00\" \/>\n<meta property=\"product:price:currency\" content=\"SEK\" \/>\n<meta property=\"og:availability\" content=\"out of stock\" \/>\n<meta property=\"product:availability\" content=\"out of stock\" \/>\n<meta property=\"product:retailer_item_id\" content=\"1281\" \/>\n<meta property=\"product:condition\" content=\"new\" \/>\n<!-- \/ Yoast SEO Premium plugin. -->","yoast_head_json":{"title":"Done by Deer stellematte ballong gr\u00e5 - Babylove Norska","robots":{"index":"noindex","follow":"follow","max-snippet":"max-snippet:-1","max-image-preview":"max-image-preview:large","max-video-preview":"max-video-preview:-1"},"og_locale":"nb_NO","og_type":"article","og_title":"Done by Deer stellematte ballong gr\u00e5","og_description":"Done by Deer stellematte baloon gr\u00e5- sendes innen 24 timer !&nbsp; Denne fantastiske stellematten fra Done By Deers nye kolleksjon \u00abbaloon\u00bb er endelig p\u00e5 lager hos oss. Et herlig motiv og ditt barn vil ligge meget trygt p\u00e5 denne. I tillegg en flott innredningsdetalj til barnerommet. Denne stellematten passer til de aller fleste stellebord som [&hellip;]","og_url":"https:\/\/babylove.se\/no\/produkt\/laget-av-hjort-skuddpute-ballong-gra\/","og_site_name":"Babylove Norska","article_modified_time":"2026-04-08T07:02:45+00:00","og_image":[{"width":750,"height":750,"url":"https:\/\/babylove.se\/no\/wp-content\/uploads\/sites\/3\/2025\/07\/5a71b6105225b.jpeg","type":"image\/jpeg"}],"twitter_card":"summary_large_image","twitter_misc":{"Price":"499,00&nbsp;&#107;&#114;","Availability":"Out of stock"},"schema":{"@context":"https:\/\/schema.org","@graph":[{"@type":"WebPage","@id":"https:\/\/babylove.se\/no\/produkt\/laget-av-hjort-skuddpute-ballong-gra\/","url":"https:\/\/babylove.se\/no\/produkt\/laget-av-hjort-skuddpute-ballong-gra\/","name":"Done by Deer stellematte ballong gr\u00e5 - Babylove Norska","isPartOf":{"@id":"https:\/\/babylove.se\/no\/#website"},"primaryImageOfPage":{"@id":"https:\/\/babylove.se\/no\/produkt\/laget-av-hjort-skuddpute-ballong-gra\/#primaryimage"},"image":{"@id":"https:\/\/babylove.se\/no\/produkt\/laget-av-hjort-skuddpute-ballong-gra\/#primaryimage"},"thumbnailUrl":"https:\/\/babylove.se\/no\/wp-content\/uploads\/sites\/3\/2025\/07\/5a71b6105225b.jpeg","datePublished":"2025-07-18T19:18:28+00:00","dateModified":"2026-04-08T07:02:45+00:00","breadcrumb":{"@id":"https:\/\/babylove.se\/no\/produkt\/laget-av-hjort-skuddpute-ballong-gra\/#breadcrumb"},"inLanguage":"nb-NO","potentialAction":[{"@type":"ReadAction","target":["https:\/\/babylove.se\/no\/produkt\/laget-av-hjort-skuddpute-ballong-gra\/"]}]},{"@type":"ImageObject","inLanguage":"nb-NO","@id":"https:\/\/babylove.se\/no\/produkt\/laget-av-hjort-skuddpute-ballong-gra\/#primaryimage","url":"https:\/\/babylove.se\/no\/wp-content\/uploads\/sites\/3\/2025\/07\/5a71b6105225b.jpeg","contentUrl":"https:\/\/babylove.se\/no\/wp-content\/uploads\/sites\/3\/2025\/07\/5a71b6105225b.jpeg","width":750,"height":750},{"@type":"BreadcrumbList","@id":"https:\/\/babylove.se\/no\/produkt\/laget-av-hjort-skuddpute-ballong-gra\/#breadcrumb","itemListElement":[{"@type":"ListItem","position":1,"name":"Hem","item":"https:\/\/babylove.se\/no\/"},{"@type":"ListItem","position":2,"name":"Butik","item":"https:\/\/babylove.se\/no\/butik\/"},{"@type":"ListItem","position":3,"name":"Done by Deer stellematte ballong gr\u00e5"}]},{"@type":"WebSite","@id":"https:\/\/babylove.se\/no\/#website","url":"https:\/\/babylove.se\/no\/","name":"Babylove Norska","description":"","potentialAction":[{"@type":"SearchAction","target":{"@type":"EntryPoint","urlTemplate":"https:\/\/babylove.se\/no\/?s={search_term_string}"},"query-input":{"@type":"PropertyValueSpecification","valueRequired":true,"valueName":"search_term_string"}}],"inLanguage":"nb-NO"}]},"product_brand":"Done by Deer","product_price_amount":"499.00","product_price_currency":"SEK","og_availability":"out of stock","product_availability":"out of stock","product_retailer_item_id":"1281","product_condition":"new"},"_links":{"self":[{"href":"https:\/\/babylove.se\/no\/wp-json\/wp\/v2\/product\/3848","targetHints":{"allow":["GET"]}}],"collection":[{"href":"https:\/\/babylove.se\/no\/wp-json\/wp\/v2\/product"}],"about":[{"href":"https:\/\/babylove.se\/no\/wp-json\/wp\/v2\/types\/product"}],"replies":[{"embeddable":true,"href":"https:\/\/babylove.se\/no\/wp-json\/wp\/v2\/comments?post=3848"}],"wp:featuredmedia":[{"embeddable":true,"href":"https:\/\/babylove.se\/no\/wp-json\/wp\/v2\/media\/3850"}],"wp:attachment":[{"href":"https:\/\/babylove.se\/no\/wp-json\/wp\/v2\/media?parent=3848"}],"wp:term":[{"taxonomy":"product_brand","embeddable":true,"href":"https:\/\/babylove.se\/no\/wp-json\/wp\/v2\/product_brand?post=3848"},{"taxonomy":"product_cat","embeddable":true,"href":"https:\/\/babylove.se\/no\/wp-json\/wp\/v2\/product_cat?post=3848"},{"taxonomy":"product_tag","embeddable":true,"href":"https:\/\/babylove.se\/no\/wp-json\/wp\/v2\/product_tag?post=3848"}],"curies":[{"name":"wp","href":"https:\/\/api.w.org\/{rel}","templated":true}]}}