{"id":38541,"date":"2025-07-19T01:51:09","date_gmt":"2025-07-19T00:51:09","guid":{"rendered":"https:\/\/babylove.se\/produkt\/juniorsang-med-forvaringslada-henri-gra\/"},"modified":"2026-04-08T12:34:11","modified_gmt":"2026-04-08T11:34:11","slug":"juniorseng-med-oppbevaringsskuff-henri-gra","status":"publish","type":"product","link":"https:\/\/babylove.se\/no\/produkt\/juniorseng-med-oppbevaringsskuff-henri-gra\/","title":{"rendered":"Juniorseng med oppbevaringsboks Henri, gr\u00e5"},"content":{"rendered":"<p>Her er den ultimate juniorsengen!&nbsp;<\/p>\n<p><span style=\"background-color: initial; text-align: initial;\">En stabil og solid seng i tidl\u00f8s design, som ikke bare er en koselig soveplass, men ogs\u00e5 en flott interi\u00f8rdetalj i barnerommet!&nbsp;<\/span><\/p>\n<p>Sengen har smarte st\u00f8ttebrett p\u00e5 begge sider som beskytter barnet mot \u00e5 rulle ut av sengen.<span>&nbsp;<\/span>I tillegg f\u00f8lger det med en praktisk og romslig oppbevaringskasse som kan brukes til \u00e5 oppbevare barnets alle leker og senget\u00f8y. Kassen har hjul samt et deksel som hindrer st\u00f8v og skitt fra \u00e5 samle seg inne i kassen.&nbsp;<\/p>\n<p>Sengen er laget av h\u00f8ykvalitets furutre og malt med kjemikaliefri maling. Sertifisert i henhold til EU-standard.<\/p>\n<p>En seng i skandinavisk stilren stil som passer overalt og i alle typer rom. Du kan enkelt dekorere den med fine vimpler eller lysslynger for \u00e5 f\u00e5 mer effekt.&nbsp;<\/p>\n<p><strong>M\u00e5l<\/strong>:&nbsp;<\/p>\n<ul>\n<li>Sengekl\u00e6r: 80&#215;160 cm (madrassst\u00f8rrelse)&nbsp;<\/li>\n<li>Totalt m\u00e5l: 87,5 cm (bredde) x 164 cm (lengde) x 50 cm (h\u00f8yde)<\/li>\n<li>Maks vekt 80 kg<\/li>\n<\/ul>\n<p><strong>Material<\/strong>: Furutre. St\u00f8ttebrett i MDF.<\/p>\n<p><em>OBS! Madrass f\u00f8lger ikke med. Gj\u00f8r sengen komplett med en passende skummadrass fra v\u00e5rt store sortiment.<\/em><\/p>\n<p><em><em><em><em>Sengen leveres umontert og b\u00f8r settes sammen i rommet den skal brukes i.<\/em><\/em><\/em><\/em><\/p>\n","protected":false},"excerpt":{"rendered":"<p>Her er den ultimate juniorsengen!&nbsp; En stabil og solid seng i tidl\u00f8s design, som ikke bare er en koselig soveplass, men ogs\u00e5 en flott interi\u00f8rdetalj i barnerommet!&nbsp; Sengen har smarte st\u00f8ttebrett p\u00e5 begge sider som beskytter barnet mot \u00e5 rulle ut av sengen.&nbsp;I tillegg f\u00f8lger det med en praktisk og romslig oppbevaringskasse som kan brukes [&hellip;]<\/p>\n","protected":false},"featured_media":38543,"comment_status":"closed","ping_status":"closed","template":"","meta":{"_acf_changed":false},"product_brand":[755],"product_cat":[756,372,269,1704,40],"product_tag":[1689],"class_list":{"0":"post-38541","1":"product","2":"type-product","3":"status-publish","4":"has-post-thumbnail","6":"product_brand-dipino","7":"product_cat-dp","8":"product_cat-barnesenger","9":"product_cat-juniorsenger","10":"product_cat-reasangar","11":"product_cat-soverom-barn","12":"product_tag-bestillingsvaror","14":"first","15":"instock","16":"taxable","17":"shipping-taxable","18":"purchasable","19":"product-type-simple"},"acf":[],"yoast_head":"<!-- This site is optimized with the Yoast SEO Premium plugin v25.8 (Yoast SEO v27.2) - https:\/\/yoast.com\/product\/yoast-seo-premium-wordpress\/ -->\n<title>Juniorseng med oppbevaringsboks Henri, gr\u00e5 - Babylove Norska<\/title>\n<meta name=\"robots\" content=\"noindex, follow, max-snippet:-1, max-image-preview:large, max-video-preview:-1\" \/>\n<meta property=\"og:locale\" content=\"nb_NO\" \/>\n<meta property=\"og:type\" content=\"article\" \/>\n<meta property=\"og:title\" content=\"Juniorseng med oppbevaringsboks Henri, gr\u00e5\" \/>\n<meta property=\"og:description\" content=\"Her er den ultimate juniorsengen!&nbsp; En stabil og solid seng i tidl\u00f8s design, som ikke bare er en koselig soveplass, men ogs\u00e5 en flott interi\u00f8rdetalj i barnerommet!&nbsp; Sengen har smarte st\u00f8ttebrett p\u00e5 begge sider som beskytter barnet mot \u00e5 rulle ut av sengen.&nbsp;I tillegg f\u00f8lger det med en praktisk og romslig oppbevaringskasse som kan brukes [&hellip;]\" \/>\n<meta property=\"og:url\" content=\"https:\/\/babylove.se\/no\/produkt\/juniorseng-med-oppbevaringsskuff-henri-gra\/\" \/>\n<meta property=\"og:site_name\" content=\"Babylove Norska\" \/>\n<meta property=\"article:modified_time\" content=\"2026-04-08T11:34:11+00:00\" \/>\n<meta property=\"og:image\" content=\"https:\/\/babylove.se\/no\/wp-content\/uploads\/sites\/3\/2025\/07\/62e2ee953d7bc.jpeg\" \/>\n\t<meta property=\"og:image:width\" content=\"800\" \/>\n\t<meta property=\"og:image:height\" content=\"800\" \/>\n\t<meta property=\"og:image:type\" content=\"image\/jpeg\" \/>\n<meta name=\"twitter:card\" content=\"summary_large_image\" \/>\n<meta name=\"twitter:label1\" content=\"Price\" \/>\n\t<meta name=\"twitter:data1\" content=\"4 499,00&nbsp;&#107;&#114;\" \/>\n\t<meta name=\"twitter:label2\" content=\"Availability\" \/>\n\t<meta name=\"twitter:data2\" content=\"In stock\" \/>\n<script type=\"application\/ld+json\" class=\"yoast-schema-graph\">{\"@context\":\"https:\/\/schema.org\",\"@graph\":[{\"@type\":\"WebPage\",\"@id\":\"https:\/\/babylove.se\/no\/produkt\/juniorseng-med-oppbevaringsskuff-henri-gra\/\",\"url\":\"https:\/\/babylove.se\/no\/produkt\/juniorseng-med-oppbevaringsskuff-henri-gra\/\",\"name\":\"Juniorseng med oppbevaringsboks Henri, gr\u00e5 - Babylove Norska\",\"isPartOf\":{\"@id\":\"https:\/\/babylove.se\/no\/#website\"},\"primaryImageOfPage\":{\"@id\":\"https:\/\/babylove.se\/no\/produkt\/juniorseng-med-oppbevaringsskuff-henri-gra\/#primaryimage\"},\"image\":{\"@id\":\"https:\/\/babylove.se\/no\/produkt\/juniorseng-med-oppbevaringsskuff-henri-gra\/#primaryimage\"},\"thumbnailUrl\":\"https:\/\/babylove.se\/no\/wp-content\/uploads\/sites\/3\/2025\/07\/62e2ee953d7bc.jpeg\",\"datePublished\":\"2025-07-19T00:51:09+00:00\",\"dateModified\":\"2026-04-08T11:34:11+00:00\",\"breadcrumb\":{\"@id\":\"https:\/\/babylove.se\/no\/produkt\/juniorseng-med-oppbevaringsskuff-henri-gra\/#breadcrumb\"},\"inLanguage\":\"nb-NO\",\"potentialAction\":[{\"@type\":\"ReadAction\",\"target\":[\"https:\/\/babylove.se\/no\/produkt\/juniorseng-med-oppbevaringsskuff-henri-gra\/\"]}]},{\"@type\":\"ImageObject\",\"inLanguage\":\"nb-NO\",\"@id\":\"https:\/\/babylove.se\/no\/produkt\/juniorseng-med-oppbevaringsskuff-henri-gra\/#primaryimage\",\"url\":\"https:\/\/babylove.se\/no\/wp-content\/uploads\/sites\/3\/2025\/07\/62e2ee953d7bc.jpeg\",\"contentUrl\":\"https:\/\/babylove.se\/no\/wp-content\/uploads\/sites\/3\/2025\/07\/62e2ee953d7bc.jpeg\",\"width\":800,\"height\":800},{\"@type\":\"BreadcrumbList\",\"@id\":\"https:\/\/babylove.se\/no\/produkt\/juniorseng-med-oppbevaringsskuff-henri-gra\/#breadcrumb\",\"itemListElement\":[{\"@type\":\"ListItem\",\"position\":1,\"name\":\"Hem\",\"item\":\"https:\/\/babylove.se\/no\/\"},{\"@type\":\"ListItem\",\"position\":2,\"name\":\"Butik\",\"item\":\"https:\/\/babylove.se\/no\/butik\/\"},{\"@type\":\"ListItem\",\"position\":3,\"name\":\"Juniorseng med oppbevaringsboks Henri, gr\u00e5\"}]},{\"@type\":\"WebSite\",\"@id\":\"https:\/\/babylove.se\/no\/#website\",\"url\":\"https:\/\/babylove.se\/no\/\",\"name\":\"Babylove Norska\",\"description\":\"\",\"potentialAction\":[{\"@type\":\"SearchAction\",\"target\":{\"@type\":\"EntryPoint\",\"urlTemplate\":\"https:\/\/babylove.se\/no\/?s={search_term_string}\"},\"query-input\":{\"@type\":\"PropertyValueSpecification\",\"valueRequired\":true,\"valueName\":\"search_term_string\"}}],\"inLanguage\":\"nb-NO\"}]}<\/script>\n<meta property=\"product:brand\" content=\"DIPINO\" \/>\n<meta property=\"product:price:amount\" content=\"4499.00\" \/>\n<meta property=\"product:price:currency\" content=\"SEK\" \/>\n<meta property=\"og:availability\" content=\"instock\" \/>\n<meta property=\"product:availability\" content=\"instock\" \/>\n<meta property=\"product:retailer_item_id\" content=\"Henri-80x160cm-gra\" \/>\n<meta property=\"product:condition\" content=\"new\" \/>\n<!-- \/ Yoast SEO Premium plugin. -->","yoast_head_json":{"title":"Juniorseng med oppbevaringsboks Henri, gr\u00e5 - Babylove Norska","robots":{"index":"noindex","follow":"follow","max-snippet":"max-snippet:-1","max-image-preview":"max-image-preview:large","max-video-preview":"max-video-preview:-1"},"og_locale":"nb_NO","og_type":"article","og_title":"Juniorseng med oppbevaringsboks Henri, gr\u00e5","og_description":"Her er den ultimate juniorsengen!&nbsp; En stabil og solid seng i tidl\u00f8s design, som ikke bare er en koselig soveplass, men ogs\u00e5 en flott interi\u00f8rdetalj i barnerommet!&nbsp; Sengen har smarte st\u00f8ttebrett p\u00e5 begge sider som beskytter barnet mot \u00e5 rulle ut av sengen.&nbsp;I tillegg f\u00f8lger det med en praktisk og romslig oppbevaringskasse som kan brukes [&hellip;]","og_url":"https:\/\/babylove.se\/no\/produkt\/juniorseng-med-oppbevaringsskuff-henri-gra\/","og_site_name":"Babylove Norska","article_modified_time":"2026-04-08T11:34:11+00:00","og_image":[{"width":800,"height":800,"url":"https:\/\/babylove.se\/no\/wp-content\/uploads\/sites\/3\/2025\/07\/62e2ee953d7bc.jpeg","type":"image\/jpeg"}],"twitter_card":"summary_large_image","twitter_misc":{"Price":"4 499,00&nbsp;&#107;&#114;","Availability":"In stock"},"schema":{"@context":"https:\/\/schema.org","@graph":[{"@type":"WebPage","@id":"https:\/\/babylove.se\/no\/produkt\/juniorseng-med-oppbevaringsskuff-henri-gra\/","url":"https:\/\/babylove.se\/no\/produkt\/juniorseng-med-oppbevaringsskuff-henri-gra\/","name":"Juniorseng med oppbevaringsboks Henri, gr\u00e5 - Babylove Norska","isPartOf":{"@id":"https:\/\/babylove.se\/no\/#website"},"primaryImageOfPage":{"@id":"https:\/\/babylove.se\/no\/produkt\/juniorseng-med-oppbevaringsskuff-henri-gra\/#primaryimage"},"image":{"@id":"https:\/\/babylove.se\/no\/produkt\/juniorseng-med-oppbevaringsskuff-henri-gra\/#primaryimage"},"thumbnailUrl":"https:\/\/babylove.se\/no\/wp-content\/uploads\/sites\/3\/2025\/07\/62e2ee953d7bc.jpeg","datePublished":"2025-07-19T00:51:09+00:00","dateModified":"2026-04-08T11:34:11+00:00","breadcrumb":{"@id":"https:\/\/babylove.se\/no\/produkt\/juniorseng-med-oppbevaringsskuff-henri-gra\/#breadcrumb"},"inLanguage":"nb-NO","potentialAction":[{"@type":"ReadAction","target":["https:\/\/babylove.se\/no\/produkt\/juniorseng-med-oppbevaringsskuff-henri-gra\/"]}]},{"@type":"ImageObject","inLanguage":"nb-NO","@id":"https:\/\/babylove.se\/no\/produkt\/juniorseng-med-oppbevaringsskuff-henri-gra\/#primaryimage","url":"https:\/\/babylove.se\/no\/wp-content\/uploads\/sites\/3\/2025\/07\/62e2ee953d7bc.jpeg","contentUrl":"https:\/\/babylove.se\/no\/wp-content\/uploads\/sites\/3\/2025\/07\/62e2ee953d7bc.jpeg","width":800,"height":800},{"@type":"BreadcrumbList","@id":"https:\/\/babylove.se\/no\/produkt\/juniorseng-med-oppbevaringsskuff-henri-gra\/#breadcrumb","itemListElement":[{"@type":"ListItem","position":1,"name":"Hem","item":"https:\/\/babylove.se\/no\/"},{"@type":"ListItem","position":2,"name":"Butik","item":"https:\/\/babylove.se\/no\/butik\/"},{"@type":"ListItem","position":3,"name":"Juniorseng med oppbevaringsboks Henri, gr\u00e5"}]},{"@type":"WebSite","@id":"https:\/\/babylove.se\/no\/#website","url":"https:\/\/babylove.se\/no\/","name":"Babylove Norska","description":"","potentialAction":[{"@type":"SearchAction","target":{"@type":"EntryPoint","urlTemplate":"https:\/\/babylove.se\/no\/?s={search_term_string}"},"query-input":{"@type":"PropertyValueSpecification","valueRequired":true,"valueName":"search_term_string"}}],"inLanguage":"nb-NO"}]},"product_brand":"DIPINO","product_price_amount":"4499.00","product_price_currency":"SEK","og_availability":"instock","product_availability":"instock","product_retailer_item_id":"Henri-80x160cm-gra","product_condition":"new"},"_links":{"self":[{"href":"https:\/\/babylove.se\/no\/wp-json\/wp\/v2\/product\/38541","targetHints":{"allow":["GET"]}}],"collection":[{"href":"https:\/\/babylove.se\/no\/wp-json\/wp\/v2\/product"}],"about":[{"href":"https:\/\/babylove.se\/no\/wp-json\/wp\/v2\/types\/product"}],"replies":[{"embeddable":true,"href":"https:\/\/babylove.se\/no\/wp-json\/wp\/v2\/comments?post=38541"}],"wp:featuredmedia":[{"embeddable":true,"href":"https:\/\/babylove.se\/no\/wp-json\/wp\/v2\/media\/38543"}],"wp:attachment":[{"href":"https:\/\/babylove.se\/no\/wp-json\/wp\/v2\/media?parent=38541"}],"wp:term":[{"taxonomy":"product_brand","embeddable":true,"href":"https:\/\/babylove.se\/no\/wp-json\/wp\/v2\/product_brand?post=38541"},{"taxonomy":"product_cat","embeddable":true,"href":"https:\/\/babylove.se\/no\/wp-json\/wp\/v2\/product_cat?post=38541"},{"taxonomy":"product_tag","embeddable":true,"href":"https:\/\/babylove.se\/no\/wp-json\/wp\/v2\/product_tag?post=38541"}],"curies":[{"name":"wp","href":"https:\/\/api.w.org\/{rel}","templated":true}]}}