{"id":38621,"date":"2025-07-19T01:51:28","date_gmt":"2025-07-19T00:51:28","guid":{"rendered":"https:\/\/babylove.se\/produkt\/numero-74-sanghimmel-med-ljusslinga-sunflower-yellow\/"},"modified":"2026-04-08T12:34:57","modified_gmt":"2026-04-08T11:34:57","slug":"numero-74-sanghimmel-med-lysslynge-sunflower-yellow","status":"publish","type":"product","link":"https:\/\/babylove.se\/no\/produkt\/numero-74-sanghimmel-med-lysslynge-sunflower-yellow\/","title":{"rendered":"Numero 74, sengehimmel med lysslynge, Sunflower yellow"},"content":{"rendered":"<p>En meget sjarmerende og vakker sengbaldakin i organisk bomull. I alle rom som denne brukes vil det spre seg en eventyrf\u00f8lelse. Perfekt for \u00e5 innrede barnerommet<strong> <\/strong>p\u00e5 en god m\u00e5te. For \u00e5 montere sengbaldakinen trenger man bare en liten krok som man fester i taket og s\u00e5 henger opp sengbaldakinen p\u00e5 den. Sengbaldakinens struktur holdes p\u00e5 plass med en metallring som er avtakbar. <\/p>\n<p>Alle tekstiler fra det spanske Numero 74 er vasket med en deilig skyllemiddel med en subtil duft som forsvinner etter f\u00f8rste vask. <\/p>\n<p>Sengbaldakinen er GOTS-sertifisert som sikrer at produktet er \u00f8kologisk, b\u00e6rekraftig og produsert under gode arbeidsforhold. Siden sengbaldakinen er h\u00e5ndlaget kan mindre variasjoner i farge og form forekomme. <\/p>\n<p>Til alle v\u00e5re sengbaldakiner sender vi med en fin lysslynge inkludert i prisen. Dette for at du skal kunne gj\u00f8re din barnekrok enda mer koselig og sjarmerende. Lysslyngen drives av to A batterier. <\/p>\n<p><strong>M\u00e5l<\/strong>: Lengde 244 cm. Diameter 50 cm. <\/p>\n<p><strong>Materiale<\/strong>: 100 % organisk GOTS-sertifisert bomull. <\/p>\n<p>Designer: <a href=\"https:\/\/babylove.se\/varumarken\/numero-74\">Numero 74<\/a><\/p>\n","protected":false},"excerpt":{"rendered":"<p>En meget sjarmerende og vakker sengbaldakin i organisk bomull. I alle rom som denne brukes vil det spre seg en eventyrf\u00f8lelse. Perfekt for \u00e5 innrede barnerommet p\u00e5 en god m\u00e5te. For \u00e5 montere sengbaldakinen trenger man bare en liten krok som man fester i taket og s\u00e5 henger opp sengbaldakinen p\u00e5 den. Sengbaldakinens struktur holdes [&hellip;]<\/p>\n","protected":false},"featured_media":38623,"comment_status":"open","ping_status":"closed","template":"","meta":{"_acf_changed":false},"product_brand":[1313],"product_cat":[1314,120],"product_tag":[],"class_list":{"0":"post-38621","1":"product","2":"type-product","3":"status-publish","4":"has-post-thumbnail","6":"product_brand-numero-74","7":"product_cat-numero-74","8":"product_cat-sanghimmel","10":"first","11":"instock","12":"taxable","13":"shipping-taxable","14":"purchasable","15":"product-type-simple"},"acf":[],"yoast_head":"<!-- This site is optimized with the Yoast SEO Premium plugin v25.8 (Yoast SEO v27.2) - https:\/\/yoast.com\/product\/yoast-seo-premium-wordpress\/ -->\n<title>Numero 74, sengehimmel med lysslynge, Sunflower yellow - Babylove Norska<\/title>\n<meta name=\"robots\" content=\"noindex, follow, max-snippet:-1, max-image-preview:large, max-video-preview:-1\" \/>\n<meta property=\"og:locale\" content=\"nb_NO\" \/>\n<meta property=\"og:type\" content=\"article\" \/>\n<meta property=\"og:title\" content=\"Numero 74, sengehimmel med lysslynge, Sunflower yellow\" \/>\n<meta property=\"og:description\" content=\"En meget sjarmerende og vakker sengbaldakin i organisk bomull. I alle rom som denne brukes vil det spre seg en eventyrf\u00f8lelse. Perfekt for \u00e5 innrede barnerommet p\u00e5 en god m\u00e5te. For \u00e5 montere sengbaldakinen trenger man bare en liten krok som man fester i taket og s\u00e5 henger opp sengbaldakinen p\u00e5 den. Sengbaldakinens struktur holdes [&hellip;]\" \/>\n<meta property=\"og:url\" content=\"https:\/\/babylove.se\/no\/produkt\/numero-74-sanghimmel-med-lysslynge-sunflower-yellow\/\" \/>\n<meta property=\"og:site_name\" content=\"Babylove Norska\" \/>\n<meta property=\"article:modified_time\" content=\"2026-04-08T11:34:57+00:00\" \/>\n<meta property=\"og:image\" content=\"https:\/\/babylove.se\/no\/wp-content\/uploads\/sites\/3\/2025\/07\/62e917913b87d.jpeg\" \/>\n\t<meta property=\"og:image:width\" content=\"534\" \/>\n\t<meta property=\"og:image:height\" content=\"534\" \/>\n\t<meta property=\"og:image:type\" content=\"image\/jpeg\" \/>\n<meta name=\"twitter:card\" content=\"summary_large_image\" \/>\n<meta name=\"twitter:label1\" content=\"Price\" \/>\n\t<meta name=\"twitter:data1\" content=\"1 099,00&nbsp;&#107;&#114;\" \/>\n\t<meta name=\"twitter:label2\" content=\"Availability\" \/>\n\t<meta name=\"twitter:data2\" content=\"In stock\" \/>\n<script type=\"application\/ld+json\" class=\"yoast-schema-graph\">{\"@context\":\"https:\/\/schema.org\",\"@graph\":[{\"@type\":\"WebPage\",\"@id\":\"https:\/\/babylove.se\/no\/produkt\/numero-74-sanghimmel-med-lysslynge-sunflower-yellow\/\",\"url\":\"https:\/\/babylove.se\/no\/produkt\/numero-74-sanghimmel-med-lysslynge-sunflower-yellow\/\",\"name\":\"Numero 74, sengehimmel med lysslynge, Sunflower yellow - Babylove Norska\",\"isPartOf\":{\"@id\":\"https:\/\/babylove.se\/no\/#website\"},\"primaryImageOfPage\":{\"@id\":\"https:\/\/babylove.se\/no\/produkt\/numero-74-sanghimmel-med-lysslynge-sunflower-yellow\/#primaryimage\"},\"image\":{\"@id\":\"https:\/\/babylove.se\/no\/produkt\/numero-74-sanghimmel-med-lysslynge-sunflower-yellow\/#primaryimage\"},\"thumbnailUrl\":\"https:\/\/babylove.se\/no\/wp-content\/uploads\/sites\/3\/2025\/07\/62e917913b87d.jpeg\",\"datePublished\":\"2025-07-19T00:51:28+00:00\",\"dateModified\":\"2026-04-08T11:34:57+00:00\",\"breadcrumb\":{\"@id\":\"https:\/\/babylove.se\/no\/produkt\/numero-74-sanghimmel-med-lysslynge-sunflower-yellow\/#breadcrumb\"},\"inLanguage\":\"nb-NO\",\"potentialAction\":[{\"@type\":\"ReadAction\",\"target\":[\"https:\/\/babylove.se\/no\/produkt\/numero-74-sanghimmel-med-lysslynge-sunflower-yellow\/\"]}]},{\"@type\":\"ImageObject\",\"inLanguage\":\"nb-NO\",\"@id\":\"https:\/\/babylove.se\/no\/produkt\/numero-74-sanghimmel-med-lysslynge-sunflower-yellow\/#primaryimage\",\"url\":\"https:\/\/babylove.se\/no\/wp-content\/uploads\/sites\/3\/2025\/07\/62e917913b87d.jpeg\",\"contentUrl\":\"https:\/\/babylove.se\/no\/wp-content\/uploads\/sites\/3\/2025\/07\/62e917913b87d.jpeg\",\"width\":534,\"height\":534},{\"@type\":\"BreadcrumbList\",\"@id\":\"https:\/\/babylove.se\/no\/produkt\/numero-74-sanghimmel-med-lysslynge-sunflower-yellow\/#breadcrumb\",\"itemListElement\":[{\"@type\":\"ListItem\",\"position\":1,\"name\":\"Hem\",\"item\":\"https:\/\/babylove.se\/no\/\"},{\"@type\":\"ListItem\",\"position\":2,\"name\":\"Butik\",\"item\":\"https:\/\/babylove.se\/no\/butik\/\"},{\"@type\":\"ListItem\",\"position\":3,\"name\":\"Numero 74, sengehimmel med lysslynge, Sunflower yellow\"}]},{\"@type\":\"WebSite\",\"@id\":\"https:\/\/babylove.se\/no\/#website\",\"url\":\"https:\/\/babylove.se\/no\/\",\"name\":\"Babylove Norska\",\"description\":\"\",\"potentialAction\":[{\"@type\":\"SearchAction\",\"target\":{\"@type\":\"EntryPoint\",\"urlTemplate\":\"https:\/\/babylove.se\/no\/?s={search_term_string}\"},\"query-input\":{\"@type\":\"PropertyValueSpecification\",\"valueRequired\":true,\"valueName\":\"search_term_string\"}}],\"inLanguage\":\"nb-NO\"}]}<\/script>\n<meta property=\"product:brand\" content=\"Numero 74\" \/>\n<meta property=\"product:price:amount\" content=\"1099.00\" \/>\n<meta property=\"product:price:currency\" content=\"SEK\" \/>\n<meta property=\"og:availability\" content=\"instock\" \/>\n<meta property=\"product:availability\" content=\"instock\" \/>\n<meta property=\"product:retailer_item_id\" content=\"7400000061200\" \/>\n<meta property=\"product:condition\" content=\"new\" \/>\n<!-- \/ Yoast SEO Premium plugin. -->","yoast_head_json":{"title":"Numero 74, sengehimmel med lysslynge, Sunflower yellow - Babylove Norska","robots":{"index":"noindex","follow":"follow","max-snippet":"max-snippet:-1","max-image-preview":"max-image-preview:large","max-video-preview":"max-video-preview:-1"},"og_locale":"nb_NO","og_type":"article","og_title":"Numero 74, sengehimmel med lysslynge, Sunflower yellow","og_description":"En meget sjarmerende og vakker sengbaldakin i organisk bomull. I alle rom som denne brukes vil det spre seg en eventyrf\u00f8lelse. Perfekt for \u00e5 innrede barnerommet p\u00e5 en god m\u00e5te. For \u00e5 montere sengbaldakinen trenger man bare en liten krok som man fester i taket og s\u00e5 henger opp sengbaldakinen p\u00e5 den. Sengbaldakinens struktur holdes [&hellip;]","og_url":"https:\/\/babylove.se\/no\/produkt\/numero-74-sanghimmel-med-lysslynge-sunflower-yellow\/","og_site_name":"Babylove Norska","article_modified_time":"2026-04-08T11:34:57+00:00","og_image":[{"width":534,"height":534,"url":"https:\/\/babylove.se\/no\/wp-content\/uploads\/sites\/3\/2025\/07\/62e917913b87d.jpeg","type":"image\/jpeg"}],"twitter_card":"summary_large_image","twitter_misc":{"Price":"1 099,00&nbsp;&#107;&#114;","Availability":"In stock"},"schema":{"@context":"https:\/\/schema.org","@graph":[{"@type":"WebPage","@id":"https:\/\/babylove.se\/no\/produkt\/numero-74-sanghimmel-med-lysslynge-sunflower-yellow\/","url":"https:\/\/babylove.se\/no\/produkt\/numero-74-sanghimmel-med-lysslynge-sunflower-yellow\/","name":"Numero 74, sengehimmel med lysslynge, Sunflower yellow - Babylove Norska","isPartOf":{"@id":"https:\/\/babylove.se\/no\/#website"},"primaryImageOfPage":{"@id":"https:\/\/babylove.se\/no\/produkt\/numero-74-sanghimmel-med-lysslynge-sunflower-yellow\/#primaryimage"},"image":{"@id":"https:\/\/babylove.se\/no\/produkt\/numero-74-sanghimmel-med-lysslynge-sunflower-yellow\/#primaryimage"},"thumbnailUrl":"https:\/\/babylove.se\/no\/wp-content\/uploads\/sites\/3\/2025\/07\/62e917913b87d.jpeg","datePublished":"2025-07-19T00:51:28+00:00","dateModified":"2026-04-08T11:34:57+00:00","breadcrumb":{"@id":"https:\/\/babylove.se\/no\/produkt\/numero-74-sanghimmel-med-lysslynge-sunflower-yellow\/#breadcrumb"},"inLanguage":"nb-NO","potentialAction":[{"@type":"ReadAction","target":["https:\/\/babylove.se\/no\/produkt\/numero-74-sanghimmel-med-lysslynge-sunflower-yellow\/"]}]},{"@type":"ImageObject","inLanguage":"nb-NO","@id":"https:\/\/babylove.se\/no\/produkt\/numero-74-sanghimmel-med-lysslynge-sunflower-yellow\/#primaryimage","url":"https:\/\/babylove.se\/no\/wp-content\/uploads\/sites\/3\/2025\/07\/62e917913b87d.jpeg","contentUrl":"https:\/\/babylove.se\/no\/wp-content\/uploads\/sites\/3\/2025\/07\/62e917913b87d.jpeg","width":534,"height":534},{"@type":"BreadcrumbList","@id":"https:\/\/babylove.se\/no\/produkt\/numero-74-sanghimmel-med-lysslynge-sunflower-yellow\/#breadcrumb","itemListElement":[{"@type":"ListItem","position":1,"name":"Hem","item":"https:\/\/babylove.se\/no\/"},{"@type":"ListItem","position":2,"name":"Butik","item":"https:\/\/babylove.se\/no\/butik\/"},{"@type":"ListItem","position":3,"name":"Numero 74, sengehimmel med lysslynge, Sunflower yellow"}]},{"@type":"WebSite","@id":"https:\/\/babylove.se\/no\/#website","url":"https:\/\/babylove.se\/no\/","name":"Babylove Norska","description":"","potentialAction":[{"@type":"SearchAction","target":{"@type":"EntryPoint","urlTemplate":"https:\/\/babylove.se\/no\/?s={search_term_string}"},"query-input":{"@type":"PropertyValueSpecification","valueRequired":true,"valueName":"search_term_string"}}],"inLanguage":"nb-NO"}]},"product_brand":"Numero 74","product_price_amount":"1099.00","product_price_currency":"SEK","og_availability":"instock","product_availability":"instock","product_retailer_item_id":"7400000061200","product_condition":"new"},"_links":{"self":[{"href":"https:\/\/babylove.se\/no\/wp-json\/wp\/v2\/product\/38621","targetHints":{"allow":["GET"]}}],"collection":[{"href":"https:\/\/babylove.se\/no\/wp-json\/wp\/v2\/product"}],"about":[{"href":"https:\/\/babylove.se\/no\/wp-json\/wp\/v2\/types\/product"}],"replies":[{"embeddable":true,"href":"https:\/\/babylove.se\/no\/wp-json\/wp\/v2\/comments?post=38621"}],"wp:featuredmedia":[{"embeddable":true,"href":"https:\/\/babylove.se\/no\/wp-json\/wp\/v2\/media\/38623"}],"wp:attachment":[{"href":"https:\/\/babylove.se\/no\/wp-json\/wp\/v2\/media?parent=38621"}],"wp:term":[{"taxonomy":"product_brand","embeddable":true,"href":"https:\/\/babylove.se\/no\/wp-json\/wp\/v2\/product_brand?post=38621"},{"taxonomy":"product_cat","embeddable":true,"href":"https:\/\/babylove.se\/no\/wp-json\/wp\/v2\/product_cat?post=38621"},{"taxonomy":"product_tag","embeddable":true,"href":"https:\/\/babylove.se\/no\/wp-json\/wp\/v2\/product_tag?post=38621"}],"curies":[{"name":"wp","href":"https:\/\/api.w.org\/{rel}","templated":true}]}}