{"id":38702,"date":"2025-07-19T01:52:57","date_gmt":"2025-07-19T00:52:57","guid":{"rendered":"https:\/\/babylove.se\/produkt\/numero-74-tara-boho-sanghimmel-med-ljusslinga-yellow-mellow\/"},"modified":"2026-04-08T12:35:36","modified_gmt":"2026-04-08T11:35:36","slug":"nummer-74-tara-boho-sengehimmel-med-lysslynge-yellow-mellow","status":"publish","type":"product","link":"https:\/\/babylove.se\/no\/produkt\/nummer-74-tara-boho-sengehimmel-med-lysslynge-yellow-mellow\/","title":{"rendered":"Numero 74, Tara boho sengehimmel med lysslynge, Yellow mellow"},"content":{"rendered":"<p>En meget sjarmerende og vakker boho sengehimmel med h\u00e5ndvirket overdel. I ethvert rom som denne brukes vil en bohemsk f\u00f8lelse spre seg. Perfekt for \u00e5 innrede barnerommet<strong>&nbsp;<\/strong>p\u00e5 en god m\u00e5te. For \u00e5 montere sengehimmelen trenger man bare en liten krok som man fester i taket og s\u00e5 henger opp sengehimmelen p\u00e5 den. Sengehimmelens struktur holdes p\u00e5 plass med en metallring som er avtagbar.&nbsp;<\/p>\n<p>Alle tekstiler fra det spanske Numero 74 er vasket med et deilig skyllemiddel med en subtil duft som forsvinner etter den f\u00f8rste vasken.&nbsp;<\/p>\n<p>Sengehimmelen er GOTS-sertifisert som sikrer at produktet er \u00f8kologisk, b\u00e6rekraftig og produsert under gode arbeidsforhold. Siden sengehimmelen er h\u00e5ndlaget kan mindre variasjoner i farge og form forekomme.<\/p>\n<p>Til alle v\u00e5re sengehimler sender vi med en fin lysslynge inkludert i prisen. Dette for at du skal kunne gj\u00f8re barnekroken din enda mer koselig og sjarmerende. Lysslyngen drives av to AA batterier.<\/p>\n<p><strong>M\u00e5l<\/strong>: Lengde 255 cm. Diameter 50 cm.&nbsp;<\/p>\n<p><strong>Materiale<\/strong>: 100 % organisk GOTS-sertifisert bomull &amp; 100% viskose.&nbsp;<\/p>\n<p>Designer: <a href=\"https:\/\/babylove.se\/varumarken\/numero-74\">Numero 74<\/a><\/p>\n","protected":false},"excerpt":{"rendered":"<p>En meget sjarmerende og vakker boho sengehimmel med h\u00e5ndvirket overdel. I ethvert rom som denne brukes vil en bohemsk f\u00f8lelse spre seg. Perfekt for \u00e5 innrede barnerommet&nbsp;p\u00e5 en god m\u00e5te. For \u00e5 montere sengehimmelen trenger man bare en liten krok som man fester i taket og s\u00e5 henger opp sengehimmelen p\u00e5 den. Sengehimmelens struktur holdes [&hellip;]<\/p>\n","protected":false},"featured_media":38704,"comment_status":"closed","ping_status":"open","template":"","meta":{"_acf_changed":false},"product_brand":[1313],"product_cat":[125,1314,120],"product_tag":[],"class_list":{"0":"post-38702","1":"product","2":"type-product","3":"status-publish","4":"has-post-thumbnail","6":"product_brand-numero-74","7":"product_cat-boho","8":"product_cat-numero-74","9":"product_cat-sanghimmel","11":"first","12":"outofstock","13":"taxable","14":"shipping-taxable","15":"purchasable","16":"product-type-simple"},"acf":[],"yoast_head":"<!-- This site is optimized with the Yoast SEO Premium plugin v25.8 (Yoast SEO v27.2) - https:\/\/yoast.com\/product\/yoast-seo-premium-wordpress\/ -->\n<title>Numero 74, Tara boho sengehimmel med lysslynge, Yellow mellow - Babylove Norska<\/title>\n<meta name=\"robots\" content=\"noindex, follow, max-snippet:-1, max-image-preview:large, max-video-preview:-1\" \/>\n<meta property=\"og:locale\" content=\"nb_NO\" \/>\n<meta property=\"og:type\" content=\"article\" \/>\n<meta property=\"og:title\" content=\"Numero 74, Tara boho sengehimmel med lysslynge, Yellow mellow\" \/>\n<meta property=\"og:description\" content=\"En meget sjarmerende og vakker boho sengehimmel med h\u00e5ndvirket overdel. I ethvert rom som denne brukes vil en bohemsk f\u00f8lelse spre seg. Perfekt for \u00e5 innrede barnerommet&nbsp;p\u00e5 en god m\u00e5te. For \u00e5 montere sengehimmelen trenger man bare en liten krok som man fester i taket og s\u00e5 henger opp sengehimmelen p\u00e5 den. Sengehimmelens struktur holdes [&hellip;]\" \/>\n<meta property=\"og:url\" content=\"https:\/\/babylove.se\/no\/produkt\/nummer-74-tara-boho-sengehimmel-med-lysslynge-yellow-mellow\/\" \/>\n<meta property=\"og:site_name\" content=\"Babylove Norska\" \/>\n<meta property=\"article:modified_time\" content=\"2026-04-08T11:35:36+00:00\" \/>\n<meta property=\"og:image\" content=\"https:\/\/babylove.se\/no\/wp-content\/uploads\/sites\/3\/2025\/07\/62e918ff4d29d.jpeg\" \/>\n\t<meta property=\"og:image:width\" content=\"1482\" \/>\n\t<meta property=\"og:image:height\" content=\"1482\" \/>\n\t<meta property=\"og:image:type\" content=\"image\/jpeg\" \/>\n<meta name=\"twitter:card\" content=\"summary_large_image\" \/>\n<meta name=\"twitter:label1\" content=\"Price\" \/>\n\t<meta name=\"twitter:data1\" content=\"1 599,00&nbsp;&#107;&#114;\" \/>\n\t<meta name=\"twitter:label2\" content=\"Availability\" \/>\n\t<meta name=\"twitter:data2\" content=\"Out of stock\" \/>\n<script type=\"application\/ld+json\" class=\"yoast-schema-graph\">{\"@context\":\"https:\/\/schema.org\",\"@graph\":[{\"@type\":\"WebPage\",\"@id\":\"https:\/\/babylove.se\/no\/produkt\/nummer-74-tara-boho-sengehimmel-med-lysslynge-yellow-mellow\/\",\"url\":\"https:\/\/babylove.se\/no\/produkt\/nummer-74-tara-boho-sengehimmel-med-lysslynge-yellow-mellow\/\",\"name\":\"Numero 74, Tara boho sengehimmel med lysslynge, Yellow mellow - Babylove Norska\",\"isPartOf\":{\"@id\":\"https:\/\/babylove.se\/no\/#website\"},\"primaryImageOfPage\":{\"@id\":\"https:\/\/babylove.se\/no\/produkt\/nummer-74-tara-boho-sengehimmel-med-lysslynge-yellow-mellow\/#primaryimage\"},\"image\":{\"@id\":\"https:\/\/babylove.se\/no\/produkt\/nummer-74-tara-boho-sengehimmel-med-lysslynge-yellow-mellow\/#primaryimage\"},\"thumbnailUrl\":\"https:\/\/babylove.se\/no\/wp-content\/uploads\/sites\/3\/2025\/07\/62e918ff4d29d.jpeg\",\"datePublished\":\"2025-07-19T00:52:57+00:00\",\"dateModified\":\"2026-04-08T11:35:36+00:00\",\"breadcrumb\":{\"@id\":\"https:\/\/babylove.se\/no\/produkt\/nummer-74-tara-boho-sengehimmel-med-lysslynge-yellow-mellow\/#breadcrumb\"},\"inLanguage\":\"nb-NO\",\"potentialAction\":[{\"@type\":\"ReadAction\",\"target\":[\"https:\/\/babylove.se\/no\/produkt\/nummer-74-tara-boho-sengehimmel-med-lysslynge-yellow-mellow\/\"]}]},{\"@type\":\"ImageObject\",\"inLanguage\":\"nb-NO\",\"@id\":\"https:\/\/babylove.se\/no\/produkt\/nummer-74-tara-boho-sengehimmel-med-lysslynge-yellow-mellow\/#primaryimage\",\"url\":\"https:\/\/babylove.se\/no\/wp-content\/uploads\/sites\/3\/2025\/07\/62e918ff4d29d.jpeg\",\"contentUrl\":\"https:\/\/babylove.se\/no\/wp-content\/uploads\/sites\/3\/2025\/07\/62e918ff4d29d.jpeg\",\"width\":1482,\"height\":1482},{\"@type\":\"BreadcrumbList\",\"@id\":\"https:\/\/babylove.se\/no\/produkt\/nummer-74-tara-boho-sengehimmel-med-lysslynge-yellow-mellow\/#breadcrumb\",\"itemListElement\":[{\"@type\":\"ListItem\",\"position\":1,\"name\":\"Hem\",\"item\":\"https:\/\/babylove.se\/no\/\"},{\"@type\":\"ListItem\",\"position\":2,\"name\":\"Butik\",\"item\":\"https:\/\/babylove.se\/no\/butik\/\"},{\"@type\":\"ListItem\",\"position\":3,\"name\":\"Numero 74, Tara boho sengehimmel med lysslynge, Yellow mellow\"}]},{\"@type\":\"WebSite\",\"@id\":\"https:\/\/babylove.se\/no\/#website\",\"url\":\"https:\/\/babylove.se\/no\/\",\"name\":\"Babylove Norska\",\"description\":\"\",\"potentialAction\":[{\"@type\":\"SearchAction\",\"target\":{\"@type\":\"EntryPoint\",\"urlTemplate\":\"https:\/\/babylove.se\/no\/?s={search_term_string}\"},\"query-input\":{\"@type\":\"PropertyValueSpecification\",\"valueRequired\":true,\"valueName\":\"search_term_string\"}}],\"inLanguage\":\"nb-NO\"}]}<\/script>\n<meta property=\"product:brand\" content=\"Numero 74\" \/>\n<meta property=\"product:price:amount\" content=\"1599.00\" \/>\n<meta property=\"product:price:currency\" content=\"SEK\" \/>\n<meta property=\"og:availability\" content=\"out of stock\" \/>\n<meta property=\"product:availability\" content=\"out of stock\" \/>\n<meta property=\"product:retailer_item_id\" content=\"7400000132657\" \/>\n<meta property=\"product:condition\" content=\"new\" \/>\n<!-- \/ Yoast SEO Premium plugin. -->","yoast_head_json":{"title":"Numero 74, Tara boho sengehimmel med lysslynge, Yellow mellow - Babylove Norska","robots":{"index":"noindex","follow":"follow","max-snippet":"max-snippet:-1","max-image-preview":"max-image-preview:large","max-video-preview":"max-video-preview:-1"},"og_locale":"nb_NO","og_type":"article","og_title":"Numero 74, Tara boho sengehimmel med lysslynge, Yellow mellow","og_description":"En meget sjarmerende og vakker boho sengehimmel med h\u00e5ndvirket overdel. I ethvert rom som denne brukes vil en bohemsk f\u00f8lelse spre seg. Perfekt for \u00e5 innrede barnerommet&nbsp;p\u00e5 en god m\u00e5te. For \u00e5 montere sengehimmelen trenger man bare en liten krok som man fester i taket og s\u00e5 henger opp sengehimmelen p\u00e5 den. Sengehimmelens struktur holdes [&hellip;]","og_url":"https:\/\/babylove.se\/no\/produkt\/nummer-74-tara-boho-sengehimmel-med-lysslynge-yellow-mellow\/","og_site_name":"Babylove Norska","article_modified_time":"2026-04-08T11:35:36+00:00","og_image":[{"width":1482,"height":1482,"url":"https:\/\/babylove.se\/no\/wp-content\/uploads\/sites\/3\/2025\/07\/62e918ff4d29d.jpeg","type":"image\/jpeg"}],"twitter_card":"summary_large_image","twitter_misc":{"Price":"1 599,00&nbsp;&#107;&#114;","Availability":"Out of stock"},"schema":{"@context":"https:\/\/schema.org","@graph":[{"@type":"WebPage","@id":"https:\/\/babylove.se\/no\/produkt\/nummer-74-tara-boho-sengehimmel-med-lysslynge-yellow-mellow\/","url":"https:\/\/babylove.se\/no\/produkt\/nummer-74-tara-boho-sengehimmel-med-lysslynge-yellow-mellow\/","name":"Numero 74, Tara boho sengehimmel med lysslynge, Yellow mellow - Babylove Norska","isPartOf":{"@id":"https:\/\/babylove.se\/no\/#website"},"primaryImageOfPage":{"@id":"https:\/\/babylove.se\/no\/produkt\/nummer-74-tara-boho-sengehimmel-med-lysslynge-yellow-mellow\/#primaryimage"},"image":{"@id":"https:\/\/babylove.se\/no\/produkt\/nummer-74-tara-boho-sengehimmel-med-lysslynge-yellow-mellow\/#primaryimage"},"thumbnailUrl":"https:\/\/babylove.se\/no\/wp-content\/uploads\/sites\/3\/2025\/07\/62e918ff4d29d.jpeg","datePublished":"2025-07-19T00:52:57+00:00","dateModified":"2026-04-08T11:35:36+00:00","breadcrumb":{"@id":"https:\/\/babylove.se\/no\/produkt\/nummer-74-tara-boho-sengehimmel-med-lysslynge-yellow-mellow\/#breadcrumb"},"inLanguage":"nb-NO","potentialAction":[{"@type":"ReadAction","target":["https:\/\/babylove.se\/no\/produkt\/nummer-74-tara-boho-sengehimmel-med-lysslynge-yellow-mellow\/"]}]},{"@type":"ImageObject","inLanguage":"nb-NO","@id":"https:\/\/babylove.se\/no\/produkt\/nummer-74-tara-boho-sengehimmel-med-lysslynge-yellow-mellow\/#primaryimage","url":"https:\/\/babylove.se\/no\/wp-content\/uploads\/sites\/3\/2025\/07\/62e918ff4d29d.jpeg","contentUrl":"https:\/\/babylove.se\/no\/wp-content\/uploads\/sites\/3\/2025\/07\/62e918ff4d29d.jpeg","width":1482,"height":1482},{"@type":"BreadcrumbList","@id":"https:\/\/babylove.se\/no\/produkt\/nummer-74-tara-boho-sengehimmel-med-lysslynge-yellow-mellow\/#breadcrumb","itemListElement":[{"@type":"ListItem","position":1,"name":"Hem","item":"https:\/\/babylove.se\/no\/"},{"@type":"ListItem","position":2,"name":"Butik","item":"https:\/\/babylove.se\/no\/butik\/"},{"@type":"ListItem","position":3,"name":"Numero 74, Tara boho sengehimmel med lysslynge, Yellow mellow"}]},{"@type":"WebSite","@id":"https:\/\/babylove.se\/no\/#website","url":"https:\/\/babylove.se\/no\/","name":"Babylove Norska","description":"","potentialAction":[{"@type":"SearchAction","target":{"@type":"EntryPoint","urlTemplate":"https:\/\/babylove.se\/no\/?s={search_term_string}"},"query-input":{"@type":"PropertyValueSpecification","valueRequired":true,"valueName":"search_term_string"}}],"inLanguage":"nb-NO"}]},"product_brand":"Numero 74","product_price_amount":"1599.00","product_price_currency":"SEK","og_availability":"out of stock","product_availability":"out of stock","product_retailer_item_id":"7400000132657","product_condition":"new"},"_links":{"self":[{"href":"https:\/\/babylove.se\/no\/wp-json\/wp\/v2\/product\/38702","targetHints":{"allow":["GET"]}}],"collection":[{"href":"https:\/\/babylove.se\/no\/wp-json\/wp\/v2\/product"}],"about":[{"href":"https:\/\/babylove.se\/no\/wp-json\/wp\/v2\/types\/product"}],"replies":[{"embeddable":true,"href":"https:\/\/babylove.se\/no\/wp-json\/wp\/v2\/comments?post=38702"}],"wp:featuredmedia":[{"embeddable":true,"href":"https:\/\/babylove.se\/no\/wp-json\/wp\/v2\/media\/38704"}],"wp:attachment":[{"href":"https:\/\/babylove.se\/no\/wp-json\/wp\/v2\/media?parent=38702"}],"wp:term":[{"taxonomy":"product_brand","embeddable":true,"href":"https:\/\/babylove.se\/no\/wp-json\/wp\/v2\/product_brand?post=38702"},{"taxonomy":"product_cat","embeddable":true,"href":"https:\/\/babylove.se\/no\/wp-json\/wp\/v2\/product_cat?post=38702"},{"taxonomy":"product_tag","embeddable":true,"href":"https:\/\/babylove.se\/no\/wp-json\/wp\/v2\/product_tag?post=38702"}],"curies":[{"name":"wp","href":"https:\/\/api.w.org\/{rel}","templated":true}]}}