{"id":38738,"date":"2025-07-19T01:52:57","date_gmt":"2025-07-19T00:52:57","guid":{"rendered":"https:\/\/babylove.se\/produkt\/numero-74-bed-drape-sanghimmel-natur\/"},"modified":"2026-04-08T12:35:50","modified_gmt":"2026-04-08T11:35:50","slug":"nummer-74-seng-drape-sengehimmel-natur","status":"publish","type":"product","link":"https:\/\/babylove.se\/no\/produkt\/nummer-74-seng-drape-sengehimmel-natur\/","title":{"rendered":"Numero 74, Bed drape sengehimmel, Natur"},"content":{"rendered":"<p>Fantastisk sengehimmel med vakre draperinger i organisk bomull. I hvert rom som denne brukes vil en eventyrf\u00f8lelse spres.<\/p>\n<p>Monteres enkelt p\u00e5 en himmelseng eller henges opp i taket ved hjelp av s\u00f8te knyteb\u00e5nd. Se det siste bildet for mer informasjon. For \u00e5 henge opp sengehimmelen trenger man kroker som man fester i taket.<\/p>\n<p>Alle tekstiler fra det spanske Numero 74 er vasket med en herlig skyllemiddel med en subtil duft som forsvinner etter f\u00f8rste vask.&nbsp;<\/p>\n<p>Sengehimmelen er GOTS-sertifisert som sikrer at produktet er \u00f8kologisk, b\u00e6rekraftig og produsert under gode arbeidsforhold. Siden sengehimmelen er h\u00e5ndlaget kan mindre variasjoner i farge og form forekomme.<\/p>\n<p><strong>M\u00e5l<\/strong>: Finnes i to st\u00f8rrelser:&nbsp;<\/p>\n<ul>\n<li>Single: H 200 x L 200 x B 100 cm. Passer til enkeltenger med bredde opp til 90 cm.&nbsp;<\/li>\n<li>Double: H 200 x L 200 x B 200 cm. Passer til dobbeltsenger med bredde opp til 200 cm.&nbsp;<\/li>\n<\/ul>\n<p><strong>Materiale<\/strong>: 100 % organisk GOTS-sertifisert bomull.&nbsp;<\/p>\n<p>T\u00e5ler maskinvask opp til 30 grader.&nbsp;<\/p>\n<p>Designer: <a href=\"https:\/\/babylove.se\/varumarken\/numero-74\">Numero 74<\/a><\/p>\n","protected":false},"excerpt":{"rendered":"<p>Fantastisk sengehimmel med vakre draperinger i organisk bomull. I hvert rom som denne brukes vil en eventyrf\u00f8lelse spres. Monteres enkelt p\u00e5 en himmelseng eller henges opp i taket ved hjelp av s\u00f8te knyteb\u00e5nd. Se det siste bildet for mer informasjon. For \u00e5 henge opp sengehimmelen trenger man kroker som man fester i taket. Alle tekstiler [&hellip;]<\/p>\n","protected":false},"featured_media":38740,"comment_status":"closed","ping_status":"open","template":"","meta":{"_acf_changed":false},"product_brand":[1313],"product_cat":[1314,120],"product_tag":[],"class_list":{"0":"post-38738","1":"product","2":"type-product","3":"status-publish","4":"has-post-thumbnail","6":"product_brand-numero-74","7":"product_cat-numero-74","8":"product_cat-sanghimmel","9":"pa_storlek-double-h-200-x-l-200-x-b-200-cm","10":"pa_storlek-single-h-200-x-l-200-x-b-100-cm","12":"first","13":"outofstock","14":"taxable","15":"shipping-taxable","16":"purchasable","17":"product-type-variable"},"acf":[],"yoast_head":"<!-- This site is optimized with the Yoast SEO Premium plugin v25.8 (Yoast SEO v27.2) - https:\/\/yoast.com\/product\/yoast-seo-premium-wordpress\/ -->\n<title>Numero 74, Bed drape sengehimmel, Natur - Babylove Norska<\/title>\n<meta name=\"robots\" content=\"noindex, follow, max-snippet:-1, max-image-preview:large, max-video-preview:-1\" \/>\n<meta property=\"og:locale\" content=\"nb_NO\" \/>\n<meta property=\"og:type\" content=\"article\" \/>\n<meta property=\"og:title\" content=\"Numero 74, Bed drape sengehimmel, Natur\" \/>\n<meta property=\"og:description\" content=\"Fantastisk sengehimmel med vakre draperinger i organisk bomull. I hvert rom som denne brukes vil en eventyrf\u00f8lelse spres. Monteres enkelt p\u00e5 en himmelseng eller henges opp i taket ved hjelp av s\u00f8te knyteb\u00e5nd. Se det siste bildet for mer informasjon. For \u00e5 henge opp sengehimmelen trenger man kroker som man fester i taket. Alle tekstiler [&hellip;]\" \/>\n<meta property=\"og:url\" content=\"https:\/\/babylove.se\/no\/produkt\/nummer-74-seng-drape-sengehimmel-natur\/\" \/>\n<meta property=\"og:site_name\" content=\"Babylove Norska\" \/>\n<meta property=\"article:modified_time\" content=\"2026-04-08T11:35:50+00:00\" \/>\n<meta property=\"og:image\" content=\"https:\/\/babylove.se\/no\/wp-content\/uploads\/sites\/3\/2025\/07\/62ea4258ef5ca.jpeg\" \/>\n\t<meta property=\"og:image:width\" content=\"640\" \/>\n\t<meta property=\"og:image:height\" content=\"640\" \/>\n\t<meta property=\"og:image:type\" content=\"image\/jpeg\" \/>\n<meta name=\"twitter:card\" content=\"summary_large_image\" \/>\n<meta name=\"twitter:label1\" content=\"Availability\" \/>\n\t<meta name=\"twitter:data1\" content=\"Out of stock\" \/>\n<script type=\"application\/ld+json\" class=\"yoast-schema-graph\">{\"@context\":\"https:\/\/schema.org\",\"@graph\":[{\"@type\":\"WebPage\",\"@id\":\"https:\/\/babylove.se\/no\/produkt\/nummer-74-seng-drape-sengehimmel-natur\/\",\"url\":\"https:\/\/babylove.se\/no\/produkt\/nummer-74-seng-drape-sengehimmel-natur\/\",\"name\":\"Numero 74, Bed drape sengehimmel, Natur - Babylove Norska\",\"isPartOf\":{\"@id\":\"https:\/\/babylove.se\/no\/#website\"},\"primaryImageOfPage\":{\"@id\":\"https:\/\/babylove.se\/no\/produkt\/nummer-74-seng-drape-sengehimmel-natur\/#primaryimage\"},\"image\":{\"@id\":\"https:\/\/babylove.se\/no\/produkt\/nummer-74-seng-drape-sengehimmel-natur\/#primaryimage\"},\"thumbnailUrl\":\"https:\/\/babylove.se\/no\/wp-content\/uploads\/sites\/3\/2025\/07\/62ea4258ef5ca.jpeg\",\"datePublished\":\"2025-07-19T00:52:57+00:00\",\"dateModified\":\"2026-04-08T11:35:50+00:00\",\"breadcrumb\":{\"@id\":\"https:\/\/babylove.se\/no\/produkt\/nummer-74-seng-drape-sengehimmel-natur\/#breadcrumb\"},\"inLanguage\":\"nb-NO\",\"potentialAction\":[{\"@type\":\"ReadAction\",\"target\":[\"https:\/\/babylove.se\/no\/produkt\/nummer-74-seng-drape-sengehimmel-natur\/\"]}]},{\"@type\":\"ImageObject\",\"inLanguage\":\"nb-NO\",\"@id\":\"https:\/\/babylove.se\/no\/produkt\/nummer-74-seng-drape-sengehimmel-natur\/#primaryimage\",\"url\":\"https:\/\/babylove.se\/no\/wp-content\/uploads\/sites\/3\/2025\/07\/62ea4258ef5ca.jpeg\",\"contentUrl\":\"https:\/\/babylove.se\/no\/wp-content\/uploads\/sites\/3\/2025\/07\/62ea4258ef5ca.jpeg\",\"width\":640,\"height\":640},{\"@type\":\"BreadcrumbList\",\"@id\":\"https:\/\/babylove.se\/no\/produkt\/nummer-74-seng-drape-sengehimmel-natur\/#breadcrumb\",\"itemListElement\":[{\"@type\":\"ListItem\",\"position\":1,\"name\":\"Hem\",\"item\":\"https:\/\/babylove.se\/no\/\"},{\"@type\":\"ListItem\",\"position\":2,\"name\":\"Butik\",\"item\":\"https:\/\/babylove.se\/no\/butik\/\"},{\"@type\":\"ListItem\",\"position\":3,\"name\":\"Numero 74, Bed drape sengehimmel, Natur\"}]},{\"@type\":\"WebSite\",\"@id\":\"https:\/\/babylove.se\/no\/#website\",\"url\":\"https:\/\/babylove.se\/no\/\",\"name\":\"Babylove Norska\",\"description\":\"\",\"potentialAction\":[{\"@type\":\"SearchAction\",\"target\":{\"@type\":\"EntryPoint\",\"urlTemplate\":\"https:\/\/babylove.se\/no\/?s={search_term_string}\"},\"query-input\":{\"@type\":\"PropertyValueSpecification\",\"valueRequired\":true,\"valueName\":\"search_term_string\"}}],\"inLanguage\":\"nb-NO\"}]}<\/script>\n<meta property=\"product:brand\" content=\"Numero 74\" \/>\n<meta property=\"og:availability\" content=\"out of stock\" \/>\n<meta property=\"product:availability\" content=\"out of stock\" \/>\n<meta property=\"product:retailer_item_id\" content=\"7400000101463\" \/>\n<meta property=\"product:condition\" content=\"new\" \/>\n<!-- \/ Yoast SEO Premium plugin. -->","yoast_head_json":{"title":"Numero 74, Bed drape sengehimmel, Natur - Babylove Norska","robots":{"index":"noindex","follow":"follow","max-snippet":"max-snippet:-1","max-image-preview":"max-image-preview:large","max-video-preview":"max-video-preview:-1"},"og_locale":"nb_NO","og_type":"article","og_title":"Numero 74, Bed drape sengehimmel, Natur","og_description":"Fantastisk sengehimmel med vakre draperinger i organisk bomull. I hvert rom som denne brukes vil en eventyrf\u00f8lelse spres. Monteres enkelt p\u00e5 en himmelseng eller henges opp i taket ved hjelp av s\u00f8te knyteb\u00e5nd. Se det siste bildet for mer informasjon. For \u00e5 henge opp sengehimmelen trenger man kroker som man fester i taket. Alle tekstiler [&hellip;]","og_url":"https:\/\/babylove.se\/no\/produkt\/nummer-74-seng-drape-sengehimmel-natur\/","og_site_name":"Babylove Norska","article_modified_time":"2026-04-08T11:35:50+00:00","og_image":[{"width":640,"height":640,"url":"https:\/\/babylove.se\/no\/wp-content\/uploads\/sites\/3\/2025\/07\/62ea4258ef5ca.jpeg","type":"image\/jpeg"}],"twitter_card":"summary_large_image","twitter_misc":{"Availability":"Out of stock"},"schema":{"@context":"https:\/\/schema.org","@graph":[{"@type":"WebPage","@id":"https:\/\/babylove.se\/no\/produkt\/nummer-74-seng-drape-sengehimmel-natur\/","url":"https:\/\/babylove.se\/no\/produkt\/nummer-74-seng-drape-sengehimmel-natur\/","name":"Numero 74, Bed drape sengehimmel, Natur - Babylove Norska","isPartOf":{"@id":"https:\/\/babylove.se\/no\/#website"},"primaryImageOfPage":{"@id":"https:\/\/babylove.se\/no\/produkt\/nummer-74-seng-drape-sengehimmel-natur\/#primaryimage"},"image":{"@id":"https:\/\/babylove.se\/no\/produkt\/nummer-74-seng-drape-sengehimmel-natur\/#primaryimage"},"thumbnailUrl":"https:\/\/babylove.se\/no\/wp-content\/uploads\/sites\/3\/2025\/07\/62ea4258ef5ca.jpeg","datePublished":"2025-07-19T00:52:57+00:00","dateModified":"2026-04-08T11:35:50+00:00","breadcrumb":{"@id":"https:\/\/babylove.se\/no\/produkt\/nummer-74-seng-drape-sengehimmel-natur\/#breadcrumb"},"inLanguage":"nb-NO","potentialAction":[{"@type":"ReadAction","target":["https:\/\/babylove.se\/no\/produkt\/nummer-74-seng-drape-sengehimmel-natur\/"]}]},{"@type":"ImageObject","inLanguage":"nb-NO","@id":"https:\/\/babylove.se\/no\/produkt\/nummer-74-seng-drape-sengehimmel-natur\/#primaryimage","url":"https:\/\/babylove.se\/no\/wp-content\/uploads\/sites\/3\/2025\/07\/62ea4258ef5ca.jpeg","contentUrl":"https:\/\/babylove.se\/no\/wp-content\/uploads\/sites\/3\/2025\/07\/62ea4258ef5ca.jpeg","width":640,"height":640},{"@type":"BreadcrumbList","@id":"https:\/\/babylove.se\/no\/produkt\/nummer-74-seng-drape-sengehimmel-natur\/#breadcrumb","itemListElement":[{"@type":"ListItem","position":1,"name":"Hem","item":"https:\/\/babylove.se\/no\/"},{"@type":"ListItem","position":2,"name":"Butik","item":"https:\/\/babylove.se\/no\/butik\/"},{"@type":"ListItem","position":3,"name":"Numero 74, Bed drape sengehimmel, Natur"}]},{"@type":"WebSite","@id":"https:\/\/babylove.se\/no\/#website","url":"https:\/\/babylove.se\/no\/","name":"Babylove Norska","description":"","potentialAction":[{"@type":"SearchAction","target":{"@type":"EntryPoint","urlTemplate":"https:\/\/babylove.se\/no\/?s={search_term_string}"},"query-input":{"@type":"PropertyValueSpecification","valueRequired":true,"valueName":"search_term_string"}}],"inLanguage":"nb-NO"}]},"product_brand":"Numero 74","og_availability":"out of stock","product_availability":"out of stock","product_retailer_item_id":"7400000101463","product_condition":"new"},"_links":{"self":[{"href":"https:\/\/babylove.se\/no\/wp-json\/wp\/v2\/product\/38738","targetHints":{"allow":["GET"]}}],"collection":[{"href":"https:\/\/babylove.se\/no\/wp-json\/wp\/v2\/product"}],"about":[{"href":"https:\/\/babylove.se\/no\/wp-json\/wp\/v2\/types\/product"}],"replies":[{"embeddable":true,"href":"https:\/\/babylove.se\/no\/wp-json\/wp\/v2\/comments?post=38738"}],"wp:featuredmedia":[{"embeddable":true,"href":"https:\/\/babylove.se\/no\/wp-json\/wp\/v2\/media\/38740"}],"wp:attachment":[{"href":"https:\/\/babylove.se\/no\/wp-json\/wp\/v2\/media?parent=38738"}],"wp:term":[{"taxonomy":"product_brand","embeddable":true,"href":"https:\/\/babylove.se\/no\/wp-json\/wp\/v2\/product_brand?post=38738"},{"taxonomy":"product_cat","embeddable":true,"href":"https:\/\/babylove.se\/no\/wp-json\/wp\/v2\/product_cat?post=38738"},{"taxonomy":"product_tag","embeddable":true,"href":"https:\/\/babylove.se\/no\/wp-json\/wp\/v2\/product_tag?post=38738"}],"curies":[{"name":"wp","href":"https:\/\/api.w.org\/{rel}","templated":true}]}}