{"id":38762,"date":"2025-07-19T01:53:44","date_gmt":"2025-07-19T00:53:44","guid":{"rendered":"https:\/\/babylove.se\/produkt\/numero-74-bed-drape-sanghimmel-powder\/"},"modified":"2026-04-08T12:35:56","modified_gmt":"2026-04-08T11:35:56","slug":"numero-74-seng-draperi-sengehimmel-pudder","status":"publish","type":"product","link":"https:\/\/babylove.se\/no\/produkt\/numero-74-seng-draperi-sengehimmel-pudder\/","title":{"rendered":"Numero 74, Bed drape sengehimmel, Powder"},"content":{"rendered":"<p>Fantastisk sengehimmel med vakre draperinger i organisk bomull. I hvert rom som denne brukes vil en eventyrf\u00f8lelse spre seg.<\/p>\n<p>Monteres enkelt p\u00e5 en himmelseng eller henges opp i taket ved hjelp av s\u00f8te knyteb\u00e5nd. Se det siste bildet for mer informasjon. For \u00e5 henge opp sengehimmelen trenger man kroker som man fester i taket.<\/p>\n<p>Alle tekstiler fra det spanske Numero 74 er vasket med en deilig skyllemiddel med en subtil duft som forsvinner etter den f\u00f8rste vasken.&nbsp;<\/p>\n<p>Sengehimmelen er GOTS-sertifisert som sikrer at produktet er \u00f8kologisk, b\u00e6rekraftig og produsert under gode arbeidsforhold. Siden sengehimmelen er h\u00e5ndlaget kan mindre variasjoner i farge og form forekomme.<\/p>\n<p><strong>M\u00e5l<\/strong>: Finnes i to st\u00f8rrelser:&nbsp;<\/p>\n<ul>\n<li>Single: H 200 x L 200 x B 100 cm. Passer til enkelsenger med bredde opp til 90 cm.&nbsp;<\/li>\n<li>Double: H 200 x L 200 x B 200 cm. Passer til dobbeltsenger med bredde opp til 200 cm.&nbsp;<\/li>\n<\/ul>\n<p><strong>Materiale<\/strong>: 100 % organisk GOTS-sertifisert bomull.&nbsp;<\/p>\n<p>T\u00e5ler maskinvask opp til 30 grader.&nbsp;<\/p>\n<p>Designer: <a href=\"https:\/\/babylove.se\/varumarken\/numero-74\">Numero 74<\/a><\/p>\n","protected":false},"excerpt":{"rendered":"<p>Fantastisk sengehimmel med vakre draperinger i organisk bomull. I hvert rom som denne brukes vil en eventyrf\u00f8lelse spre seg. Monteres enkelt p\u00e5 en himmelseng eller henges opp i taket ved hjelp av s\u00f8te knyteb\u00e5nd. Se det siste bildet for mer informasjon. For \u00e5 henge opp sengehimmelen trenger man kroker som man fester i taket. Alle [&hellip;]<\/p>\n","protected":false},"featured_media":38764,"comment_status":"closed","ping_status":"open","template":"","meta":{"_acf_changed":false},"product_brand":[1313],"product_cat":[1314,120],"product_tag":[],"class_list":{"0":"post-38762","1":"product","2":"type-product","3":"status-publish","4":"has-post-thumbnail","6":"product_brand-numero-74","7":"product_cat-numero-74","8":"product_cat-sanghimmel","9":"pa_storlek-double-h-200-x-l-200-x-b-200-cm","10":"pa_storlek-single-h-200-x-l-200-x-b-100-cm","12":"first","13":"outofstock","14":"taxable","15":"shipping-taxable","16":"purchasable","17":"product-type-variable"},"acf":[],"yoast_head":"<!-- This site is optimized with the Yoast SEO Premium plugin v25.8 (Yoast SEO v27.2) - https:\/\/yoast.com\/product\/yoast-seo-premium-wordpress\/ -->\n<title>Numero 74, Bed drape sengehimmel, Powder - Babylove Norska<\/title>\n<meta name=\"robots\" content=\"noindex, follow, max-snippet:-1, max-image-preview:large, max-video-preview:-1\" \/>\n<meta property=\"og:locale\" content=\"nb_NO\" \/>\n<meta property=\"og:type\" content=\"article\" \/>\n<meta property=\"og:title\" content=\"Numero 74, Bed drape sengehimmel, Powder\" \/>\n<meta property=\"og:description\" content=\"Fantastisk sengehimmel med vakre draperinger i organisk bomull. I hvert rom som denne brukes vil en eventyrf\u00f8lelse spre seg. Monteres enkelt p\u00e5 en himmelseng eller henges opp i taket ved hjelp av s\u00f8te knyteb\u00e5nd. Se det siste bildet for mer informasjon. For \u00e5 henge opp sengehimmelen trenger man kroker som man fester i taket. Alle [&hellip;]\" \/>\n<meta property=\"og:url\" content=\"https:\/\/babylove.se\/no\/produkt\/numero-74-seng-draperi-sengehimmel-pudder\/\" \/>\n<meta property=\"og:site_name\" content=\"Babylove Norska\" \/>\n<meta property=\"article:modified_time\" content=\"2026-04-08T11:35:56+00:00\" \/>\n<meta property=\"og:image\" content=\"https:\/\/babylove.se\/no\/wp-content\/uploads\/sites\/3\/2025\/07\/62ea5ed2c0df3.jpeg\" \/>\n\t<meta property=\"og:image:width\" content=\"640\" \/>\n\t<meta property=\"og:image:height\" content=\"640\" \/>\n\t<meta property=\"og:image:type\" content=\"image\/jpeg\" \/>\n<meta name=\"twitter:card\" content=\"summary_large_image\" \/>\n<meta name=\"twitter:label1\" content=\"Availability\" \/>\n\t<meta name=\"twitter:data1\" content=\"Out of stock\" \/>\n<script type=\"application\/ld+json\" class=\"yoast-schema-graph\">{\"@context\":\"https:\/\/schema.org\",\"@graph\":[{\"@type\":\"WebPage\",\"@id\":\"https:\/\/babylove.se\/no\/produkt\/numero-74-seng-draperi-sengehimmel-pudder\/\",\"url\":\"https:\/\/babylove.se\/no\/produkt\/numero-74-seng-draperi-sengehimmel-pudder\/\",\"name\":\"Numero 74, Bed drape sengehimmel, Powder - Babylove Norska\",\"isPartOf\":{\"@id\":\"https:\/\/babylove.se\/no\/#website\"},\"primaryImageOfPage\":{\"@id\":\"https:\/\/babylove.se\/no\/produkt\/numero-74-seng-draperi-sengehimmel-pudder\/#primaryimage\"},\"image\":{\"@id\":\"https:\/\/babylove.se\/no\/produkt\/numero-74-seng-draperi-sengehimmel-pudder\/#primaryimage\"},\"thumbnailUrl\":\"https:\/\/babylove.se\/no\/wp-content\/uploads\/sites\/3\/2025\/07\/62ea5ed2c0df3.jpeg\",\"datePublished\":\"2025-07-19T00:53:44+00:00\",\"dateModified\":\"2026-04-08T11:35:56+00:00\",\"breadcrumb\":{\"@id\":\"https:\/\/babylove.se\/no\/produkt\/numero-74-seng-draperi-sengehimmel-pudder\/#breadcrumb\"},\"inLanguage\":\"nb-NO\",\"potentialAction\":[{\"@type\":\"ReadAction\",\"target\":[\"https:\/\/babylove.se\/no\/produkt\/numero-74-seng-draperi-sengehimmel-pudder\/\"]}]},{\"@type\":\"ImageObject\",\"inLanguage\":\"nb-NO\",\"@id\":\"https:\/\/babylove.se\/no\/produkt\/numero-74-seng-draperi-sengehimmel-pudder\/#primaryimage\",\"url\":\"https:\/\/babylove.se\/no\/wp-content\/uploads\/sites\/3\/2025\/07\/62ea5ed2c0df3.jpeg\",\"contentUrl\":\"https:\/\/babylove.se\/no\/wp-content\/uploads\/sites\/3\/2025\/07\/62ea5ed2c0df3.jpeg\",\"width\":640,\"height\":640},{\"@type\":\"BreadcrumbList\",\"@id\":\"https:\/\/babylove.se\/no\/produkt\/numero-74-seng-draperi-sengehimmel-pudder\/#breadcrumb\",\"itemListElement\":[{\"@type\":\"ListItem\",\"position\":1,\"name\":\"Hem\",\"item\":\"https:\/\/babylove.se\/no\/\"},{\"@type\":\"ListItem\",\"position\":2,\"name\":\"Butik\",\"item\":\"https:\/\/babylove.se\/no\/butik\/\"},{\"@type\":\"ListItem\",\"position\":3,\"name\":\"Numero 74, Bed drape sengehimmel, Powder\"}]},{\"@type\":\"WebSite\",\"@id\":\"https:\/\/babylove.se\/no\/#website\",\"url\":\"https:\/\/babylove.se\/no\/\",\"name\":\"Babylove Norska\",\"description\":\"\",\"potentialAction\":[{\"@type\":\"SearchAction\",\"target\":{\"@type\":\"EntryPoint\",\"urlTemplate\":\"https:\/\/babylove.se\/no\/?s={search_term_string}\"},\"query-input\":{\"@type\":\"PropertyValueSpecification\",\"valueRequired\":true,\"valueName\":\"search_term_string\"}}],\"inLanguage\":\"nb-NO\"}]}<\/script>\n<meta property=\"product:brand\" content=\"Numero 74\" \/>\n<meta property=\"og:availability\" content=\"out of stock\" \/>\n<meta property=\"product:availability\" content=\"out of stock\" \/>\n<meta property=\"product:retailer_item_id\" content=\"7400000101494\" \/>\n<meta property=\"product:condition\" content=\"new\" \/>\n<!-- \/ Yoast SEO Premium plugin. -->","yoast_head_json":{"title":"Numero 74, Bed drape sengehimmel, Powder - Babylove Norska","robots":{"index":"noindex","follow":"follow","max-snippet":"max-snippet:-1","max-image-preview":"max-image-preview:large","max-video-preview":"max-video-preview:-1"},"og_locale":"nb_NO","og_type":"article","og_title":"Numero 74, Bed drape sengehimmel, Powder","og_description":"Fantastisk sengehimmel med vakre draperinger i organisk bomull. I hvert rom som denne brukes vil en eventyrf\u00f8lelse spre seg. Monteres enkelt p\u00e5 en himmelseng eller henges opp i taket ved hjelp av s\u00f8te knyteb\u00e5nd. Se det siste bildet for mer informasjon. For \u00e5 henge opp sengehimmelen trenger man kroker som man fester i taket. Alle [&hellip;]","og_url":"https:\/\/babylove.se\/no\/produkt\/numero-74-seng-draperi-sengehimmel-pudder\/","og_site_name":"Babylove Norska","article_modified_time":"2026-04-08T11:35:56+00:00","og_image":[{"width":640,"height":640,"url":"https:\/\/babylove.se\/no\/wp-content\/uploads\/sites\/3\/2025\/07\/62ea5ed2c0df3.jpeg","type":"image\/jpeg"}],"twitter_card":"summary_large_image","twitter_misc":{"Availability":"Out of stock"},"schema":{"@context":"https:\/\/schema.org","@graph":[{"@type":"WebPage","@id":"https:\/\/babylove.se\/no\/produkt\/numero-74-seng-draperi-sengehimmel-pudder\/","url":"https:\/\/babylove.se\/no\/produkt\/numero-74-seng-draperi-sengehimmel-pudder\/","name":"Numero 74, Bed drape sengehimmel, Powder - Babylove Norska","isPartOf":{"@id":"https:\/\/babylove.se\/no\/#website"},"primaryImageOfPage":{"@id":"https:\/\/babylove.se\/no\/produkt\/numero-74-seng-draperi-sengehimmel-pudder\/#primaryimage"},"image":{"@id":"https:\/\/babylove.se\/no\/produkt\/numero-74-seng-draperi-sengehimmel-pudder\/#primaryimage"},"thumbnailUrl":"https:\/\/babylove.se\/no\/wp-content\/uploads\/sites\/3\/2025\/07\/62ea5ed2c0df3.jpeg","datePublished":"2025-07-19T00:53:44+00:00","dateModified":"2026-04-08T11:35:56+00:00","breadcrumb":{"@id":"https:\/\/babylove.se\/no\/produkt\/numero-74-seng-draperi-sengehimmel-pudder\/#breadcrumb"},"inLanguage":"nb-NO","potentialAction":[{"@type":"ReadAction","target":["https:\/\/babylove.se\/no\/produkt\/numero-74-seng-draperi-sengehimmel-pudder\/"]}]},{"@type":"ImageObject","inLanguage":"nb-NO","@id":"https:\/\/babylove.se\/no\/produkt\/numero-74-seng-draperi-sengehimmel-pudder\/#primaryimage","url":"https:\/\/babylove.se\/no\/wp-content\/uploads\/sites\/3\/2025\/07\/62ea5ed2c0df3.jpeg","contentUrl":"https:\/\/babylove.se\/no\/wp-content\/uploads\/sites\/3\/2025\/07\/62ea5ed2c0df3.jpeg","width":640,"height":640},{"@type":"BreadcrumbList","@id":"https:\/\/babylove.se\/no\/produkt\/numero-74-seng-draperi-sengehimmel-pudder\/#breadcrumb","itemListElement":[{"@type":"ListItem","position":1,"name":"Hem","item":"https:\/\/babylove.se\/no\/"},{"@type":"ListItem","position":2,"name":"Butik","item":"https:\/\/babylove.se\/no\/butik\/"},{"@type":"ListItem","position":3,"name":"Numero 74, Bed drape sengehimmel, Powder"}]},{"@type":"WebSite","@id":"https:\/\/babylove.se\/no\/#website","url":"https:\/\/babylove.se\/no\/","name":"Babylove Norska","description":"","potentialAction":[{"@type":"SearchAction","target":{"@type":"EntryPoint","urlTemplate":"https:\/\/babylove.se\/no\/?s={search_term_string}"},"query-input":{"@type":"PropertyValueSpecification","valueRequired":true,"valueName":"search_term_string"}}],"inLanguage":"nb-NO"}]},"product_brand":"Numero 74","og_availability":"out of stock","product_availability":"out of stock","product_retailer_item_id":"7400000101494","product_condition":"new"},"_links":{"self":[{"href":"https:\/\/babylove.se\/no\/wp-json\/wp\/v2\/product\/38762","targetHints":{"allow":["GET"]}}],"collection":[{"href":"https:\/\/babylove.se\/no\/wp-json\/wp\/v2\/product"}],"about":[{"href":"https:\/\/babylove.se\/no\/wp-json\/wp\/v2\/types\/product"}],"replies":[{"embeddable":true,"href":"https:\/\/babylove.se\/no\/wp-json\/wp\/v2\/comments?post=38762"}],"wp:featuredmedia":[{"embeddable":true,"href":"https:\/\/babylove.se\/no\/wp-json\/wp\/v2\/media\/38764"}],"wp:attachment":[{"href":"https:\/\/babylove.se\/no\/wp-json\/wp\/v2\/media?parent=38762"}],"wp:term":[{"taxonomy":"product_brand","embeddable":true,"href":"https:\/\/babylove.se\/no\/wp-json\/wp\/v2\/product_brand?post=38762"},{"taxonomy":"product_cat","embeddable":true,"href":"https:\/\/babylove.se\/no\/wp-json\/wp\/v2\/product_cat?post=38762"},{"taxonomy":"product_tag","embeddable":true,"href":"https:\/\/babylove.se\/no\/wp-json\/wp\/v2\/product_tag?post=38762"}],"curies":[{"name":"wp","href":"https:\/\/api.w.org\/{rel}","templated":true}]}}