{"id":38816,"date":"2025-07-19T01:53:44","date_gmt":"2025-07-19T00:53:44","guid":{"rendered":"https:\/\/babylove.se\/produkt\/liewood-lewis-snuttefilt-2-pack-miauw-apple-blossom-mix\/"},"modified":"2026-04-08T12:36:13","modified_gmt":"2026-04-08T11:36:13","slug":"liewood-lewis-snutefilt-2-pack-miauw-apple-blossom-mix","status":"publish","type":"product","link":"https:\/\/babylove.se\/no\/produkt\/liewood-lewis-snutefilt-2-pack-miauw-apple-blossom-mix\/","title":{"rendered":"Liewood, Lewis koseklut 2-pack, Miauw apple blossom mix"},"content":{"rendered":"<p>Et mykt og s\u00f8tt lite teppe fra det danske selskapet Liewood som du vil kunne bruke til de fleste situasjoner. Bruk det som snuteklut, eller hvorfor ikke p\u00e5 skulderen din n\u00e5r du skal f\u00e5 babyen til \u00e5 rape etter maten. Kommer i 2-pakk, s\u00e5 du har alltid ett tilgjengelig. Et meget popul\u00e6rt og verdsatt snuteklut som er sk\u00e5nsomt mot sensitiv hud. <\/p>\n<p><strong>M\u00e5l:<\/strong> 65 x 65 cm <\/p>\n<p><strong>Materiale<\/strong>: 100 % organisk bomull. <\/p>\n<p>Vaskeinstruksjoner: Maskinvask 40 grader ? Ikke t\u00f8rk i t\u00f8rketrommel ? Ikke blek ? Stryk p\u00e5 lav varme ?Vask med lignende farger ? Maks krymping 5% <\/p>\n<p>Designer: <a href=\"https:\/\/babylove.se\/varumarken\/liewood\"><u>Liewood<\/u><\/a><\/p>\n","protected":false},"excerpt":{"rendered":"<p>Et mykt og s\u00f8tt lite teppe fra det danske selskapet Liewood som du vil kunne bruke til de fleste situasjoner. Bruk det som snuteklut, eller hvorfor ikke p\u00e5 skulderen din n\u00e5r du skal f\u00e5 babyen til \u00e5 rape etter maten. Kommer i 2-pakk, s\u00e5 du har alltid ett tilgjengelig. Et meget popul\u00e6rt og verdsatt snuteklut [&hellip;]<\/p>\n","protected":false},"featured_media":38818,"comment_status":"closed","ping_status":"closed","template":"","meta":{"_acf_changed":false},"product_brand":[282],"product_cat":[90,283,49],"product_tag":[],"class_list":{"0":"post-38816","1":"product","2":"type-product","3":"status-publish","4":"has-post-thumbnail","6":"product_brand-liewood","7":"product_cat-dyr","8":"product_cat-liewood","9":"product_cat-snutetepper","11":"first","12":"outofstock","13":"taxable","14":"shipping-taxable","15":"purchasable","16":"product-type-simple"},"acf":[],"yoast_head":"<!-- This site is optimized with the Yoast SEO Premium plugin v25.8 (Yoast SEO v27.2) - https:\/\/yoast.com\/product\/yoast-seo-premium-wordpress\/ -->\n<title>Liewood, Lewis koseklut 2-pack, Miauw apple blossom mix - Babylove Norska<\/title>\n<meta name=\"robots\" content=\"noindex, follow, max-snippet:-1, max-image-preview:large, max-video-preview:-1\" \/>\n<meta property=\"og:locale\" content=\"nb_NO\" \/>\n<meta property=\"og:type\" content=\"article\" \/>\n<meta property=\"og:title\" content=\"Liewood, Lewis koseklut 2-pack, Miauw apple blossom mix\" \/>\n<meta property=\"og:description\" content=\"Et mykt og s\u00f8tt lite teppe fra det danske selskapet Liewood som du vil kunne bruke til de fleste situasjoner. Bruk det som snuteklut, eller hvorfor ikke p\u00e5 skulderen din n\u00e5r du skal f\u00e5 babyen til \u00e5 rape etter maten. Kommer i 2-pakk, s\u00e5 du har alltid ett tilgjengelig. Et meget popul\u00e6rt og verdsatt snuteklut [&hellip;]\" \/>\n<meta property=\"og:url\" content=\"https:\/\/babylove.se\/no\/produkt\/liewood-lewis-snutefilt-2-pack-miauw-apple-blossom-mix\/\" \/>\n<meta property=\"og:site_name\" content=\"Babylove Norska\" \/>\n<meta property=\"article:modified_time\" content=\"2026-04-08T11:36:13+00:00\" \/>\n<meta property=\"og:image\" content=\"https:\/\/babylove.se\/no\/wp-content\/uploads\/sites\/3\/2025\/07\/62ea6c8990a5d.jpeg\" \/>\n\t<meta property=\"og:image:width\" content=\"1005\" \/>\n\t<meta property=\"og:image:height\" content=\"809\" \/>\n\t<meta property=\"og:image:type\" content=\"image\/jpeg\" \/>\n<meta name=\"twitter:card\" content=\"summary_large_image\" \/>\n<meta name=\"twitter:label1\" content=\"Price\" \/>\n\t<meta name=\"twitter:data1\" content=\"175,00&nbsp;&#107;&#114;\" \/>\n\t<meta name=\"twitter:label2\" content=\"Availability\" \/>\n\t<meta name=\"twitter:data2\" content=\"Out of stock\" \/>\n<script type=\"application\/ld+json\" class=\"yoast-schema-graph\">{\"@context\":\"https:\/\/schema.org\",\"@graph\":[{\"@type\":\"WebPage\",\"@id\":\"https:\/\/babylove.se\/no\/produkt\/liewood-lewis-snutefilt-2-pack-miauw-apple-blossom-mix\/\",\"url\":\"https:\/\/babylove.se\/no\/produkt\/liewood-lewis-snutefilt-2-pack-miauw-apple-blossom-mix\/\",\"name\":\"Liewood, Lewis koseklut 2-pack, Miauw apple blossom mix - Babylove Norska\",\"isPartOf\":{\"@id\":\"https:\/\/babylove.se\/no\/#website\"},\"primaryImageOfPage\":{\"@id\":\"https:\/\/babylove.se\/no\/produkt\/liewood-lewis-snutefilt-2-pack-miauw-apple-blossom-mix\/#primaryimage\"},\"image\":{\"@id\":\"https:\/\/babylove.se\/no\/produkt\/liewood-lewis-snutefilt-2-pack-miauw-apple-blossom-mix\/#primaryimage\"},\"thumbnailUrl\":\"https:\/\/babylove.se\/no\/wp-content\/uploads\/sites\/3\/2025\/07\/62ea6c8990a5d.jpeg\",\"datePublished\":\"2025-07-19T00:53:44+00:00\",\"dateModified\":\"2026-04-08T11:36:13+00:00\",\"breadcrumb\":{\"@id\":\"https:\/\/babylove.se\/no\/produkt\/liewood-lewis-snutefilt-2-pack-miauw-apple-blossom-mix\/#breadcrumb\"},\"inLanguage\":\"nb-NO\",\"potentialAction\":[{\"@type\":\"ReadAction\",\"target\":[\"https:\/\/babylove.se\/no\/produkt\/liewood-lewis-snutefilt-2-pack-miauw-apple-blossom-mix\/\"]}]},{\"@type\":\"ImageObject\",\"inLanguage\":\"nb-NO\",\"@id\":\"https:\/\/babylove.se\/no\/produkt\/liewood-lewis-snutefilt-2-pack-miauw-apple-blossom-mix\/#primaryimage\",\"url\":\"https:\/\/babylove.se\/no\/wp-content\/uploads\/sites\/3\/2025\/07\/62ea6c8990a5d.jpeg\",\"contentUrl\":\"https:\/\/babylove.se\/no\/wp-content\/uploads\/sites\/3\/2025\/07\/62ea6c8990a5d.jpeg\",\"width\":1005,\"height\":809},{\"@type\":\"BreadcrumbList\",\"@id\":\"https:\/\/babylove.se\/no\/produkt\/liewood-lewis-snutefilt-2-pack-miauw-apple-blossom-mix\/#breadcrumb\",\"itemListElement\":[{\"@type\":\"ListItem\",\"position\":1,\"name\":\"Hem\",\"item\":\"https:\/\/babylove.se\/no\/\"},{\"@type\":\"ListItem\",\"position\":2,\"name\":\"Butik\",\"item\":\"https:\/\/babylove.se\/no\/butik\/\"},{\"@type\":\"ListItem\",\"position\":3,\"name\":\"Liewood, Lewis koseklut 2-pack, Miauw apple blossom mix\"}]},{\"@type\":\"WebSite\",\"@id\":\"https:\/\/babylove.se\/no\/#website\",\"url\":\"https:\/\/babylove.se\/no\/\",\"name\":\"Babylove Norska\",\"description\":\"\",\"potentialAction\":[{\"@type\":\"SearchAction\",\"target\":{\"@type\":\"EntryPoint\",\"urlTemplate\":\"https:\/\/babylove.se\/no\/?s={search_term_string}\"},\"query-input\":{\"@type\":\"PropertyValueSpecification\",\"valueRequired\":true,\"valueName\":\"search_term_string\"}}],\"inLanguage\":\"nb-NO\"}]}<\/script>\n<meta property=\"product:brand\" content=\"Liewood\" \/>\n<meta property=\"product:price:amount\" content=\"175.00\" \/>\n<meta property=\"product:price:currency\" content=\"SEK\" \/>\n<meta property=\"og:availability\" content=\"out of stock\" \/>\n<meta property=\"product:availability\" content=\"out of stock\" \/>\n<meta property=\"product:retailer_item_id\" content=\"LW149070099\" \/>\n<meta property=\"product:condition\" content=\"new\" \/>\n<!-- \/ Yoast SEO Premium plugin. -->","yoast_head_json":{"title":"Liewood, Lewis koseklut 2-pack, Miauw apple blossom mix - Babylove Norska","robots":{"index":"noindex","follow":"follow","max-snippet":"max-snippet:-1","max-image-preview":"max-image-preview:large","max-video-preview":"max-video-preview:-1"},"og_locale":"nb_NO","og_type":"article","og_title":"Liewood, Lewis koseklut 2-pack, Miauw apple blossom mix","og_description":"Et mykt og s\u00f8tt lite teppe fra det danske selskapet Liewood som du vil kunne bruke til de fleste situasjoner. Bruk det som snuteklut, eller hvorfor ikke p\u00e5 skulderen din n\u00e5r du skal f\u00e5 babyen til \u00e5 rape etter maten. Kommer i 2-pakk, s\u00e5 du har alltid ett tilgjengelig. Et meget popul\u00e6rt og verdsatt snuteklut [&hellip;]","og_url":"https:\/\/babylove.se\/no\/produkt\/liewood-lewis-snutefilt-2-pack-miauw-apple-blossom-mix\/","og_site_name":"Babylove Norska","article_modified_time":"2026-04-08T11:36:13+00:00","og_image":[{"width":1005,"height":809,"url":"https:\/\/babylove.se\/no\/wp-content\/uploads\/sites\/3\/2025\/07\/62ea6c8990a5d.jpeg","type":"image\/jpeg"}],"twitter_card":"summary_large_image","twitter_misc":{"Price":"175,00&nbsp;&#107;&#114;","Availability":"Out of stock"},"schema":{"@context":"https:\/\/schema.org","@graph":[{"@type":"WebPage","@id":"https:\/\/babylove.se\/no\/produkt\/liewood-lewis-snutefilt-2-pack-miauw-apple-blossom-mix\/","url":"https:\/\/babylove.se\/no\/produkt\/liewood-lewis-snutefilt-2-pack-miauw-apple-blossom-mix\/","name":"Liewood, Lewis koseklut 2-pack, Miauw apple blossom mix - Babylove Norska","isPartOf":{"@id":"https:\/\/babylove.se\/no\/#website"},"primaryImageOfPage":{"@id":"https:\/\/babylove.se\/no\/produkt\/liewood-lewis-snutefilt-2-pack-miauw-apple-blossom-mix\/#primaryimage"},"image":{"@id":"https:\/\/babylove.se\/no\/produkt\/liewood-lewis-snutefilt-2-pack-miauw-apple-blossom-mix\/#primaryimage"},"thumbnailUrl":"https:\/\/babylove.se\/no\/wp-content\/uploads\/sites\/3\/2025\/07\/62ea6c8990a5d.jpeg","datePublished":"2025-07-19T00:53:44+00:00","dateModified":"2026-04-08T11:36:13+00:00","breadcrumb":{"@id":"https:\/\/babylove.se\/no\/produkt\/liewood-lewis-snutefilt-2-pack-miauw-apple-blossom-mix\/#breadcrumb"},"inLanguage":"nb-NO","potentialAction":[{"@type":"ReadAction","target":["https:\/\/babylove.se\/no\/produkt\/liewood-lewis-snutefilt-2-pack-miauw-apple-blossom-mix\/"]}]},{"@type":"ImageObject","inLanguage":"nb-NO","@id":"https:\/\/babylove.se\/no\/produkt\/liewood-lewis-snutefilt-2-pack-miauw-apple-blossom-mix\/#primaryimage","url":"https:\/\/babylove.se\/no\/wp-content\/uploads\/sites\/3\/2025\/07\/62ea6c8990a5d.jpeg","contentUrl":"https:\/\/babylove.se\/no\/wp-content\/uploads\/sites\/3\/2025\/07\/62ea6c8990a5d.jpeg","width":1005,"height":809},{"@type":"BreadcrumbList","@id":"https:\/\/babylove.se\/no\/produkt\/liewood-lewis-snutefilt-2-pack-miauw-apple-blossom-mix\/#breadcrumb","itemListElement":[{"@type":"ListItem","position":1,"name":"Hem","item":"https:\/\/babylove.se\/no\/"},{"@type":"ListItem","position":2,"name":"Butik","item":"https:\/\/babylove.se\/no\/butik\/"},{"@type":"ListItem","position":3,"name":"Liewood, Lewis koseklut 2-pack, Miauw apple blossom mix"}]},{"@type":"WebSite","@id":"https:\/\/babylove.se\/no\/#website","url":"https:\/\/babylove.se\/no\/","name":"Babylove Norska","description":"","potentialAction":[{"@type":"SearchAction","target":{"@type":"EntryPoint","urlTemplate":"https:\/\/babylove.se\/no\/?s={search_term_string}"},"query-input":{"@type":"PropertyValueSpecification","valueRequired":true,"valueName":"search_term_string"}}],"inLanguage":"nb-NO"}]},"product_brand":"Liewood","product_price_amount":"175.00","product_price_currency":"SEK","og_availability":"out of stock","product_availability":"out of stock","product_retailer_item_id":"LW149070099","product_condition":"new"},"_links":{"self":[{"href":"https:\/\/babylove.se\/no\/wp-json\/wp\/v2\/product\/38816","targetHints":{"allow":["GET"]}}],"collection":[{"href":"https:\/\/babylove.se\/no\/wp-json\/wp\/v2\/product"}],"about":[{"href":"https:\/\/babylove.se\/no\/wp-json\/wp\/v2\/types\/product"}],"replies":[{"embeddable":true,"href":"https:\/\/babylove.se\/no\/wp-json\/wp\/v2\/comments?post=38816"}],"wp:featuredmedia":[{"embeddable":true,"href":"https:\/\/babylove.se\/no\/wp-json\/wp\/v2\/media\/38818"}],"wp:attachment":[{"href":"https:\/\/babylove.se\/no\/wp-json\/wp\/v2\/media?parent=38816"}],"wp:term":[{"taxonomy":"product_brand","embeddable":true,"href":"https:\/\/babylove.se\/no\/wp-json\/wp\/v2\/product_brand?post=38816"},{"taxonomy":"product_cat","embeddable":true,"href":"https:\/\/babylove.se\/no\/wp-json\/wp\/v2\/product_cat?post=38816"},{"taxonomy":"product_tag","embeddable":true,"href":"https:\/\/babylove.se\/no\/wp-json\/wp\/v2\/product_tag?post=38816"}],"curies":[{"name":"wp","href":"https:\/\/api.w.org\/{rel}","templated":true}]}}