{"id":3883,"date":"2025-07-18T20:18:41","date_gmt":"2025-07-18T19:18:41","guid":{"rendered":"https:\/\/babylove.se\/produkt\/yummy-mug-contour-goldpowder-done-by-deer\/"},"modified":"2026-04-08T08:03:04","modified_gmt":"2026-04-08T07:03:04","slug":"deilig-krus-kontur-gullpulver-laget-av-hjort","status":"publish","type":"product","link":"https:\/\/babylove.se\/no\/produkt\/deilig-krus-kontur-gullpulver-laget-av-hjort\/","title":{"rendered":"Yummy kopp, Contour, gull\/pudder, Done By Deer"},"content":{"rendered":"<p><strong>Yummy mug, Contour, gold\/powder, Done By Deer&nbsp;<\/strong><\/p>\n<p>En smart og praktisk kopp til barn laget i 100% slitesterk melamin. Koppen er vakkert designet med et motiv av en gullfarget elefant med flere venner. Koppen er fin og barnet ditt kommer til \u00e5 elske b\u00e5de hvordan den ser ut, og hvor smidig den er \u00e5 drikke av.&nbsp;<\/p>\n<p><strong>M\u00e5l<\/strong>: 7,5 cm diameter, h\u00f8yde 8,5 cm og koppen rommer 160 ml.<\/p>\n<p><strong>Farge<\/strong>: gold\/grey (finnes ogs\u00e5 i gold\/grey)&nbsp;<\/p>\n<p>Obs! Koppen kan vaskes i oppvaskmaskin men skal ikke brukes i mikrob\u00f8lgeovn.<\/p>\n<p>Designer: <a href=\"https:\/\/babylove.se\/varumarken\/done-by-deer\"><u>Done by Deer<\/u><\/a><\/p>\n","protected":false},"excerpt":{"rendered":"<p>Yummy mug, Contour, gold\/powder, Done By Deer&nbsp; En smart og praktisk kopp til barn laget i 100% slitesterk melamin. Koppen er vakkert designet med et motiv av en gullfarget elefant med flere venner. Koppen er fin og barnet ditt kommer til \u00e5 elske b\u00e5de hvordan den ser ut, og hvor smidig den er \u00e5 drikke [&hellip;]<\/p>\n","protected":false},"featured_media":3885,"comment_status":"closed","ping_status":"open","template":"","meta":{"_acf_changed":false},"product_brand":[54],"product_cat":[92,55,25],"product_tag":[1689],"class_list":{"0":"post-3883","1":"product","2":"type-product","3":"status-publish","4":"has-post-thumbnail","6":"product_brand-done-by-deer","7":"product_cat-barnbestikk-matsett","8":"product_cat-done-by-deer","9":"product_cat-ikke-bare-jenter","10":"product_tag-bestillingsvaror","12":"first","13":"outofstock","14":"taxable","15":"shipping-taxable","16":"purchasable","17":"product-type-simple"},"acf":[],"yoast_head":"<!-- This site is optimized with the Yoast SEO Premium plugin v25.8 (Yoast SEO v27.2) - https:\/\/yoast.com\/product\/yoast-seo-premium-wordpress\/ -->\n<title>Yummy mug powder, Contour, Done By Deer - K\u00f6p direkt online<\/title>\n<meta name=\"description\" content=\"En smart och praktisk mugg till barn gjord i 100% t\u00e5lig melamin. Muggen \u00e4r vackert designad och \u00e4r smidig att anv\u00e4nda-14 dagars \u00f6ppet k\u00f6p - skickas inom 24h\" \/>\n<meta name=\"robots\" content=\"noindex, follow, max-snippet:-1, max-image-preview:large, max-video-preview:-1\" \/>\n<meta property=\"og:locale\" content=\"nb_NO\" \/>\n<meta property=\"og:type\" content=\"article\" \/>\n<meta property=\"og:title\" content=\"Yummy kopp, Contour, gull\/pudder, Done By Deer\" \/>\n<meta property=\"og:description\" content=\"En smart och praktisk mugg till barn gjord i 100% t\u00e5lig melamin. Muggen \u00e4r vackert designad och \u00e4r smidig att anv\u00e4nda-14 dagars \u00f6ppet k\u00f6p - skickas inom 24h\" \/>\n<meta property=\"og:url\" content=\"https:\/\/babylove.se\/no\/produkt\/deilig-krus-kontur-gullpulver-laget-av-hjort\/\" \/>\n<meta property=\"og:site_name\" content=\"Babylove Norska\" \/>\n<meta property=\"article:modified_time\" content=\"2026-04-08T07:03:04+00:00\" \/>\n<meta property=\"og:image\" content=\"https:\/\/babylove.se\/no\/wp-content\/uploads\/sites\/3\/2025\/07\/552-150089932257.jpeg\" \/>\n\t<meta property=\"og:image:width\" content=\"750\" \/>\n\t<meta property=\"og:image:height\" content=\"750\" \/>\n\t<meta property=\"og:image:type\" content=\"image\/jpeg\" \/>\n<meta name=\"twitter:card\" content=\"summary_large_image\" \/>\n<meta name=\"twitter:label1\" content=\"Price\" \/>\n\t<meta name=\"twitter:data1\" content=\"59,00&nbsp;&#107;&#114;\" \/>\n\t<meta name=\"twitter:label2\" content=\"Availability\" \/>\n\t<meta name=\"twitter:data2\" content=\"Out of stock\" \/>\n<script type=\"application\/ld+json\" class=\"yoast-schema-graph\">{\"@context\":\"https:\/\/schema.org\",\"@graph\":[{\"@type\":\"WebPage\",\"@id\":\"https:\/\/babylove.se\/no\/produkt\/deilig-krus-kontur-gullpulver-laget-av-hjort\/\",\"url\":\"https:\/\/babylove.se\/no\/produkt\/deilig-krus-kontur-gullpulver-laget-av-hjort\/\",\"name\":\"Yummy mug powder, Contour, Done By Deer - K\u00f6p direkt online\",\"isPartOf\":{\"@id\":\"https:\/\/babylove.se\/no\/#website\"},\"primaryImageOfPage\":{\"@id\":\"https:\/\/babylove.se\/no\/produkt\/deilig-krus-kontur-gullpulver-laget-av-hjort\/#primaryimage\"},\"image\":{\"@id\":\"https:\/\/babylove.se\/no\/produkt\/deilig-krus-kontur-gullpulver-laget-av-hjort\/#primaryimage\"},\"thumbnailUrl\":\"https:\/\/babylove.se\/no\/wp-content\/uploads\/sites\/3\/2025\/07\/552-150089932257.jpeg\",\"datePublished\":\"2025-07-18T19:18:41+00:00\",\"dateModified\":\"2026-04-08T07:03:04+00:00\",\"description\":\"En smart och praktisk mugg till barn gjord i 100% t\u00e5lig melamin. Muggen \u00e4r vackert designad och \u00e4r smidig att anv\u00e4nda-14 dagars \u00f6ppet k\u00f6p - skickas inom 24h\",\"breadcrumb\":{\"@id\":\"https:\/\/babylove.se\/no\/produkt\/deilig-krus-kontur-gullpulver-laget-av-hjort\/#breadcrumb\"},\"inLanguage\":\"nb-NO\",\"potentialAction\":[{\"@type\":\"ReadAction\",\"target\":[\"https:\/\/babylove.se\/no\/produkt\/deilig-krus-kontur-gullpulver-laget-av-hjort\/\"]}]},{\"@type\":\"ImageObject\",\"inLanguage\":\"nb-NO\",\"@id\":\"https:\/\/babylove.se\/no\/produkt\/deilig-krus-kontur-gullpulver-laget-av-hjort\/#primaryimage\",\"url\":\"https:\/\/babylove.se\/no\/wp-content\/uploads\/sites\/3\/2025\/07\/552-150089932257.jpeg\",\"contentUrl\":\"https:\/\/babylove.se\/no\/wp-content\/uploads\/sites\/3\/2025\/07\/552-150089932257.jpeg\",\"width\":750,\"height\":750},{\"@type\":\"BreadcrumbList\",\"@id\":\"https:\/\/babylove.se\/no\/produkt\/deilig-krus-kontur-gullpulver-laget-av-hjort\/#breadcrumb\",\"itemListElement\":[{\"@type\":\"ListItem\",\"position\":1,\"name\":\"Hem\",\"item\":\"https:\/\/babylove.se\/no\/\"},{\"@type\":\"ListItem\",\"position\":2,\"name\":\"Butik\",\"item\":\"https:\/\/babylove.se\/no\/butik\/\"},{\"@type\":\"ListItem\",\"position\":3,\"name\":\"Yummy kopp, Contour, gull\/pudder, Done By Deer\"}]},{\"@type\":\"WebSite\",\"@id\":\"https:\/\/babylove.se\/no\/#website\",\"url\":\"https:\/\/babylove.se\/no\/\",\"name\":\"Babylove Norska\",\"description\":\"\",\"potentialAction\":[{\"@type\":\"SearchAction\",\"target\":{\"@type\":\"EntryPoint\",\"urlTemplate\":\"https:\/\/babylove.se\/no\/?s={search_term_string}\"},\"query-input\":{\"@type\":\"PropertyValueSpecification\",\"valueRequired\":true,\"valueName\":\"search_term_string\"}}],\"inLanguage\":\"nb-NO\"}]}<\/script>\n<meta property=\"product:brand\" content=\"Done by Deer\" \/>\n<meta property=\"product:price:amount\" content=\"59.00\" \/>\n<meta property=\"product:price:currency\" content=\"SEK\" \/>\n<meta property=\"og:availability\" content=\"out of stock\" \/>\n<meta property=\"product:availability\" content=\"out of stock\" \/>\n<meta property=\"product:retailer_item_id\" content=\"1288\" \/>\n<meta property=\"product:condition\" content=\"new\" \/>\n<!-- \/ Yoast SEO Premium plugin. -->","yoast_head_json":{"title":"Yummy mug powder, Contour, Done By Deer - K\u00f6p direkt online","description":"En smart och praktisk mugg till barn gjord i 100% t\u00e5lig melamin. Muggen \u00e4r vackert designad och \u00e4r smidig att anv\u00e4nda-14 dagars \u00f6ppet k\u00f6p - skickas inom 24h","robots":{"index":"noindex","follow":"follow","max-snippet":"max-snippet:-1","max-image-preview":"max-image-preview:large","max-video-preview":"max-video-preview:-1"},"og_locale":"nb_NO","og_type":"article","og_title":"Yummy kopp, Contour, gull\/pudder, Done By Deer","og_description":"En smart och praktisk mugg till barn gjord i 100% t\u00e5lig melamin. Muggen \u00e4r vackert designad och \u00e4r smidig att anv\u00e4nda-14 dagars \u00f6ppet k\u00f6p - skickas inom 24h","og_url":"https:\/\/babylove.se\/no\/produkt\/deilig-krus-kontur-gullpulver-laget-av-hjort\/","og_site_name":"Babylove Norska","article_modified_time":"2026-04-08T07:03:04+00:00","og_image":[{"width":750,"height":750,"url":"https:\/\/babylove.se\/no\/wp-content\/uploads\/sites\/3\/2025\/07\/552-150089932257.jpeg","type":"image\/jpeg"}],"twitter_card":"summary_large_image","twitter_misc":{"Price":"59,00&nbsp;&#107;&#114;","Availability":"Out of stock"},"schema":{"@context":"https:\/\/schema.org","@graph":[{"@type":"WebPage","@id":"https:\/\/babylove.se\/no\/produkt\/deilig-krus-kontur-gullpulver-laget-av-hjort\/","url":"https:\/\/babylove.se\/no\/produkt\/deilig-krus-kontur-gullpulver-laget-av-hjort\/","name":"Yummy mug powder, Contour, Done By Deer - K\u00f6p direkt online","isPartOf":{"@id":"https:\/\/babylove.se\/no\/#website"},"primaryImageOfPage":{"@id":"https:\/\/babylove.se\/no\/produkt\/deilig-krus-kontur-gullpulver-laget-av-hjort\/#primaryimage"},"image":{"@id":"https:\/\/babylove.se\/no\/produkt\/deilig-krus-kontur-gullpulver-laget-av-hjort\/#primaryimage"},"thumbnailUrl":"https:\/\/babylove.se\/no\/wp-content\/uploads\/sites\/3\/2025\/07\/552-150089932257.jpeg","datePublished":"2025-07-18T19:18:41+00:00","dateModified":"2026-04-08T07:03:04+00:00","description":"En smart och praktisk mugg till barn gjord i 100% t\u00e5lig melamin. Muggen \u00e4r vackert designad och \u00e4r smidig att anv\u00e4nda-14 dagars \u00f6ppet k\u00f6p - skickas inom 24h","breadcrumb":{"@id":"https:\/\/babylove.se\/no\/produkt\/deilig-krus-kontur-gullpulver-laget-av-hjort\/#breadcrumb"},"inLanguage":"nb-NO","potentialAction":[{"@type":"ReadAction","target":["https:\/\/babylove.se\/no\/produkt\/deilig-krus-kontur-gullpulver-laget-av-hjort\/"]}]},{"@type":"ImageObject","inLanguage":"nb-NO","@id":"https:\/\/babylove.se\/no\/produkt\/deilig-krus-kontur-gullpulver-laget-av-hjort\/#primaryimage","url":"https:\/\/babylove.se\/no\/wp-content\/uploads\/sites\/3\/2025\/07\/552-150089932257.jpeg","contentUrl":"https:\/\/babylove.se\/no\/wp-content\/uploads\/sites\/3\/2025\/07\/552-150089932257.jpeg","width":750,"height":750},{"@type":"BreadcrumbList","@id":"https:\/\/babylove.se\/no\/produkt\/deilig-krus-kontur-gullpulver-laget-av-hjort\/#breadcrumb","itemListElement":[{"@type":"ListItem","position":1,"name":"Hem","item":"https:\/\/babylove.se\/no\/"},{"@type":"ListItem","position":2,"name":"Butik","item":"https:\/\/babylove.se\/no\/butik\/"},{"@type":"ListItem","position":3,"name":"Yummy kopp, Contour, gull\/pudder, Done By Deer"}]},{"@type":"WebSite","@id":"https:\/\/babylove.se\/no\/#website","url":"https:\/\/babylove.se\/no\/","name":"Babylove Norska","description":"","potentialAction":[{"@type":"SearchAction","target":{"@type":"EntryPoint","urlTemplate":"https:\/\/babylove.se\/no\/?s={search_term_string}"},"query-input":{"@type":"PropertyValueSpecification","valueRequired":true,"valueName":"search_term_string"}}],"inLanguage":"nb-NO"}]},"product_brand":"Done by Deer","product_price_amount":"59.00","product_price_currency":"SEK","og_availability":"out of stock","product_availability":"out of stock","product_retailer_item_id":"1288","product_condition":"new"},"_links":{"self":[{"href":"https:\/\/babylove.se\/no\/wp-json\/wp\/v2\/product\/3883","targetHints":{"allow":["GET"]}}],"collection":[{"href":"https:\/\/babylove.se\/no\/wp-json\/wp\/v2\/product"}],"about":[{"href":"https:\/\/babylove.se\/no\/wp-json\/wp\/v2\/types\/product"}],"replies":[{"embeddable":true,"href":"https:\/\/babylove.se\/no\/wp-json\/wp\/v2\/comments?post=3883"}],"wp:featuredmedia":[{"embeddable":true,"href":"https:\/\/babylove.se\/no\/wp-json\/wp\/v2\/media\/3885"}],"wp:attachment":[{"href":"https:\/\/babylove.se\/no\/wp-json\/wp\/v2\/media?parent=3883"}],"wp:term":[{"taxonomy":"product_brand","embeddable":true,"href":"https:\/\/babylove.se\/no\/wp-json\/wp\/v2\/product_brand?post=3883"},{"taxonomy":"product_cat","embeddable":true,"href":"https:\/\/babylove.se\/no\/wp-json\/wp\/v2\/product_cat?post=3883"},{"taxonomy":"product_tag","embeddable":true,"href":"https:\/\/babylove.se\/no\/wp-json\/wp\/v2\/product_tag?post=3883"}],"curies":[{"name":"wp","href":"https:\/\/api.w.org\/{rel}","templated":true}]}}